{"id":20087,"date":"2026-03-12T04:24:34","date_gmt":"2026-03-12T04:24:34","guid":{"rendered":"https:\/\/stage.jrfer.com\/product\/bang-king-triple-100k-3-az-1-ben-100-000-fujas-harmas-izu-ujratoltheto-hosszan-tarto-eldobhato-vape\/"},"modified":"2026-04-07T09:35:42","modified_gmt":"2026-04-07T09:35:42","slug":"bang-king-triple-100k-3-in-1-100000-puffs-triple-flavor-rechargeable-long-lasting-disposable-vape","status":"publish","type":"product","link":"https:\/\/ricovape.com\/hu\/termek\/bang-king-triple-100k-3-in-1-100000-puffs-triple-flavor-rechargeable-long-lasting-disposable-vape\/","title":{"rendered":"Bang King Triple 100K | 3 az 1-ben 100 000 f\u00faj\u00e1s, h\u00e1rmas \u00edz\u0171, \u00fajrat\u00f6lthet\u0151, hosszan tart\u00f3 eldobhat\u00f3 vape"},"content":{"rendered":"<p>A <\/p>\n<p><strong>Bang King Triple 100000 puffad\u00e1s\u00fa eldobhat\u00f3 vape<\/strong> olyan g\u0151z\u00f6l\u0151k sz\u00e1m\u00e1ra k\u00e9sz\u00fclt, akik nagyobb teljes\u00edtm\u00e9nyre, t\u00f6bb \u00edzre \u00e9s \u00e9rt\u00e9kre v\u00e1gynak. A h\u00e1rom be\u00e9p\u00edtett aromatart\u00e1llyal, a forg\u00f3 \u00edzv\u00e1laszt\u00f3val \u00e9s az ultramagas puffad\u00e1ssz\u00e1mmal rendelkez\u0151 pr\u00e9mium kateg\u00f3ri\u00e1s eldobhat\u00f3 k\u00e9sz\u00fcl\u00e9k rugalmas \u00e9s izgalmas g\u0151z\u00f6l\u00e9si \u00e9lm\u00e9nyt ny\u00fajt mind a lakoss\u00e1gi, mind a nagykereskedelmi v\u00e1s\u00e1rl\u00f3k sz\u00e1m\u00e1ra.<\/p>\n<h2>Mi\u00e9rt v\u00e1lassza a Bang King Triple 100K-t?<\/h2>\n<ul>\n<li>\ud83d\udca8 Ak\u00e1r <strong>100000 f\u00faj\u00e1s<\/strong> az extra hossz\u00fa haszn\u00e1lat \u00e9rdek\u00e9ben<\/li>\n<li>\ud83c\udfa1 <strong>3 az 1-ben forg\u00f3 \u00edzrendszer<\/strong> \u2013 b\u00e1rmikor v\u00e1lthat \u00edzeket<\/li>\n<li>\ud83c\udf6c <strong>Triple mesh tekercsek<\/strong> a sima g\u0151z\u00e9rt \u00e9s mer\u00e9sz \u00edz\u00e9rt<\/li>\n<li>\ud83d\udd0b <strong>650 mAh \u00fajrat\u00f6lthet\u0151 akkumul\u00e1tor<\/strong> az eg\u00e9sz napos stabil energiaell\u00e1t\u00e1s\u00e9rt<\/li>\n<li>\u26a1 <strong>Type-C fast charging<\/strong> for quick and easy recharge<\/li>\n<li>\ud83e\uddc3 <strong>54 ml-es e-folyad\u00e9k kapacit\u00e1s<\/strong> (3 \u00d7 18 ml-es tart\u00e1lyok)<\/li>\n<li>\ud83d\udce6 Ide\u00e1lis <strong>vape boltokhoz, forgalmaz\u00f3khoz \u00e9s nagykereskedelmi rendel\u00e9sekhez<\/strong><\/li>\n<\/ul>\n<h2>Bang King Triple 100K m\u0171szaki adatok<\/h2>\n<\/p>\n<tbody>\n<tr>\n<td>Puff Count<\/td>\n<td>Ak\u00e1r 100 000 sz\u00edv\u00e1s<\/td>\n<\/tr>\n<tr>\n<td>E-folyad\u00e9k kapacit\u00e1s<\/td>\n<td>54 ml (3 \u00d7 18 ml)<\/td>\n<\/tr>\n<tr>\n<td>Nikotin er\u0151ss\u00e9ge<\/td>\n<td>2% \/ 3% \/ 5%<\/td>\n<\/tr>\n<tr>\n<td>Akkumul\u00e1torkapacit\u00e1s<\/td>\n<td>650 mAh \u00fajrat\u00f6lthet\u0151<\/td>\n<\/tr>\n<tr>\n<td>Tekercs t\u00edpusa<\/td>\n<td>H\u00e1rom 1,0 \u03a9-os h\u00e1l\u00f3tekercs<\/td>\n<\/tr>\n<tr>\n<td>T\u00f6lt\u0151port<\/td>\n<td>C t\u00edpus\u00fa gyorst\u00f6lt\u00e9s<\/td>\n<\/tr>\n<tr>\n<td>\u00cdzrendszer<\/td>\n<td>3 az 1-ben forg\u00f3 \u00edzv\u00e1laszt\u00f3<\/td>\n<\/tr>\n<tr>\n<td>\u00cdzlehet\u0151s\u00e9gek<\/td>\n<td>10 h\u00e1rmas \u00edz\u0171 kever\u00e9k<\/td>\n<\/tr>\n<tr>\n<td>Csomagol\u00e1s<\/td>\n<td>10 darab kijelz\u0151 dobozonk\u00e9nt<\/td>\n<\/tr>\n<\/tbody>\n<\/table>\n<h2>Bang King Triple 100 000 \u00edzek<\/h2>\n<ul>\n<li>\ud83c\udf49 G\u00f6r\u00f6gdinnye + Red Bull + eper kiwi \u2013 \u00e9des, energikus \u00e9s gy\u00fcm\u00f6lcs\u00f6s<\/li>\n<li>\ud83c\udf4b Citrom M\u00e9sz + eper g\u00f6r\u00f6gdinnye + \u00e1fony\u00e1s j\u00e9g \u2013 friss, jeges lenyomattal<\/li>\n<li>\ud83c\udf53 Eper ban\u00e1n + m\u00e1lna g\u00f6r\u00f6gdinnye + citrom M\u00e9sz \u2013 kr\u00e9mes \u00e9s cs\u00edp\u0151s kever\u00e9k<\/li>\n<li>\ud83e\udd6d Epres kiwi + savany\u00fa mang\u00f3 anan\u00e1sz + Red Bull \u2013 mer\u00e9sz tr\u00f3pusi be\u00fct\u00e9s<\/li>\n<li>\ud83c\udf34 Tr\u00f3pusi gy\u00fcm\u00f6lcs + eper g\u00f6r\u00f6gdinnye + citrom \u0151szibarack \u2013 sima \u00e9s l\u00e9d\u00fas kever\u00e9k<\/li>\n<li>\ud83c\udf4d Anan\u00e1sz k\u00f3kusz + eper ban\u00e1n + K\u00e9k Razz \u2013 szigetszer\u0171 \u00e9dess\u00e9g<\/li>\n<li>\ud83c\udf52 Eper m\u00e1lna + h\u00e1rmas dinnye + savany\u00fa mang\u00f3 anan\u00e1sz \u2013 gazdag gy\u00fcm\u00f6lcsr\u00e9tegek<\/li>\n<li>\ud83c\udf51 M\u00e1lna g\u00f6r\u00f6gdinnye + mang\u00f3 \u0151szibarack + eper kiwi \u2013 kiegyens\u00falyozott gy\u00fcm\u00f6lcs\u00f6s kever\u00e9k<\/li>\n<li>\ud83e\udd64 Eper van\u00edlia k\u00f3la + \u00e1fony\u00e1s m\u00e1lna + citrom M\u00e9sz \u2013 \u00e9des sz\u00f3da hangulat<\/li>\n<li>\ud83c\udf66 G\u00f6r\u00f6gdinnye + eper fagylalt + h\u00e1rmas dinnye \u2013 kr\u00e9mes \u00e9s friss\u00edt\u0151<\/li>\n<\/ul>\n<h2>Kinek j\u00f3 a Bang King Triple 100K?<\/h2>\n<p>A Bang King Triple 100K eldobhat\u00f3 vape t\u00f6k\u00e9letes a <strong>neh\u00e9z felhaszn\u00e1l\u00f3knak<\/strong>, akik hosszan tart\u00f3 teljes\u00edtm\u00e9nyre v\u00e1gynak, az <strong>\u00edzkeres\u0151knek<\/strong>, akik szeretik a v\u00e1ltakoz\u00f3 \u00edzl\u00e9st, \u00e9s a <strong>vape boltok<\/strong> sz\u00e1m\u00e1ra, akik pr\u00e9mium, nagy kereslet\u0171 term\u00e9ket keresnek. Er\u0151s m\u00e1rkajelz\u00e9s\u00e9nek, t\u00f6megbar\u00e1t csomagol\u00e1s\u00e1nak \u00e9s sz\u00e9les \u00edzvil\u00e1g\u00e1nak k\u00f6sz\u00f6nhet\u0151en kiv\u00e1l\u00f3 v\u00e1laszt\u00e1s a <strong>nagykereskedelmi terjeszt\u00e9shez<\/strong> is.<\/p>\n<h2>Bang King Triple 100K GYIK<\/h2>\n<p><strong>K: V\u00e1ltoztathatok az \u00edzek k\u00f6z\u00f6tt g\u0151z\u00f6l\u00e9s k\u00f6zben?<\/strong><br \/>\nIgen \ud83d\udc4d Egyszer\u0171en forgassa el a sz\u00e1jr\u00e9szt, hogy v\u00e1ltson a h\u00e1rom be\u00e9p\u00edtett \u00edz k\u00f6z\u00f6tt.<\/p>\n<p><strong>K: Az eszk\u00f6z \u00fajrat\u00f6lthet\u0151?<\/strong><br \/>\nIgen \ud83d\udd0b 650 mAh-s \u00fajrat\u00f6lthet\u0151 akkumul\u00e1torral \u00e9s Type-C gyorst\u00f6lt\u00e9ssel rendelkezik.<\/p>\n<p><strong>K: Ez kezd\u0151knek megfelel\u0151?<\/strong><br \/>\nTeljesen \ud83d\ude0a A t\u00f6bbf\u00e9le nikotin er\u0151ss\u00e9gnek k\u00f6sz\u00f6nhet\u0151en az \u00faj \u00e9s a tapasztalt felhaszn\u00e1l\u00f3k is \u00e9lvezhetik.<\/p>\n<p><strong>K: Ez a term\u00e9k alkalmas nagykereskedelmi forgalomba?<\/strong><br \/>\nIgen \ud83d\udce6 Minden kijelz\u0151doboz 10 darabot tartalmaz, \u00edgy ide\u00e1lis kiskeresked\u0151k \u00e9s forgalmaz\u00f3k sz\u00e1m\u00e1ra.<\/p>\n<p><strong>A Bang King Triple 100 000 puffant\u00e1sos eldobhat\u00f3 vape<\/strong> teljes\u00edtm\u00e9nyt, \u00edzek v\u00e1ltozatoss\u00e1g\u00e1t \u00e9s pr\u00e9mium min\u0151s\u00e9g\u00e9t egyetlen eszk\u00f6zben biztos\u00edtja.<\/p>\n","protected":false},"excerpt":{"rendered":"<p>A Bang King Triple 100000 puffad\u00e1s\u00fa eldobhat\u00f3 vape olyan g\u0151z\u00f6l\u0151k sz\u00e1m\u00e1ra k\u00e9sz\u00fclt, akik nagyobb teljes\u00edtm\u00e9nyre, t\u00f6bb \u00edzre \u00e9s \u00e9rt\u00e9kre v\u00e1gynak. A h\u00e1rom be\u00e9p\u00edtett aromatart\u00e1llyal, a forg\u00f3 \u00edzv\u00e1laszt\u00f3val \u00e9s az ultramagas puffad\u00e1ssz\u00e1mmal rendelkez\u0151 pr\u00e9mium kateg\u00f3ri\u00e1s eldobhat\u00f3 k\u00e9sz\u00fcl\u00e9k rugalmas \u00e9s izgalmas g\u0151z\u00f6l\u00e9si \u00e9lm\u00e9nyt ny\u00fajt mind a lakoss\u00e1gi, mind a nagykereskedelmi v\u00e1s\u00e1rl\u00f3k sz\u00e1m\u00e1ra. Mi\u00e9rt v\u00e1lassza a Bang King [&hellip;]<\/p>\n","protected":false},"featured_media":6905,"comment_status":"open","ping_status":"closed","template":"","meta":[],"product_brand":[],"product_cat":[759,346],"product_tag":[1624,1058,1657,1239,615],"class_list":{"0":"post-20087","1":"product","2":"type-product","3":"status-publish","4":"has-post-thumbnail","6":"product_cat-100k-puffs-eldobhato-vape","7":"product_cat-bang","8":"product_tag-100k-puff-vape","9":"product_tag-eldobhato-vape","10":"product_tag-omlesztett-vape-nagykereskedelem","11":"product_tag-tripla-izu-eldobhato-vape","12":"product_tag-ujratoltheto-eldobhato-vape","14":"first","15":"instock","16":"shipping-taxable","17":"purchasable","18":"product-type-variable","19":"has-default-attributes"},"jetpack_sharing_enabled":true,"tiered_pricing_type":"fixed","tiered_pricing_fixed_rules":{"30":8.1699999999999999289457264239899814128875732421875,"50":6.61000000000000031974423109204508364200592041015625,"100":6.089999999999999857891452847979962825775146484375,"200":5.70000000000000017763568394002504646778106689453125,"400":5.12000000000000010658141036401502788066864013671875},"tiered_pricing_product_settings":{"layout":"default","base_unit_name":{"singular":null,"plural":null},"default_variation":null},"tiered_pricing_minimum_quantity":10,"tiered_pricing_roles_data":[],"tiered_pricing_percentage_rules":[],"tiered_pricing_maximum_quantity":null,"tiered_pricing_quantity_step":"10","_links":{"self":[{"href":"https:\/\/ricovape.com\/hu\/wp-json\/wp\/v2\/product\/20087","targetHints":{"allow":["GET"]}}],"collection":[{"href":"https:\/\/ricovape.com\/hu\/wp-json\/wp\/v2\/product"}],"about":[{"href":"https:\/\/ricovape.com\/hu\/wp-json\/wp\/v2\/types\/product"}],"replies":[{"embeddable":true,"href":"https:\/\/ricovape.com\/hu\/wp-json\/wp\/v2\/comments?post=20087"}],"wp:featuredmedia":[{"embeddable":true,"href":"https:\/\/ricovape.com\/hu\/wp-json\/wp\/v2\/media\/6905"}],"wp:attachment":[{"href":"https:\/\/ricovape.com\/hu\/wp-json\/wp\/v2\/media?parent=20087"}],"wp:term":[{"taxonomy":"product_brand","embeddable":true,"href":"https:\/\/ricovape.com\/hu\/wp-json\/wp\/v2\/product_brand?post=20087"},{"taxonomy":"product_cat","embeddable":true,"href":"https:\/\/ricovape.com\/hu\/wp-json\/wp\/v2\/product_cat?post=20087"},{"taxonomy":"product_tag","embeddable":true,"href":"https:\/\/ricovape.com\/hu\/wp-json\/wp\/v2\/product_tag?post=20087"}],"curies":[{"name":"wp","href":"https:\/\/api.w.org\/{rel}","templated":true}]}}