{"id":19354,"date":"2026-03-12T04:24:34","date_gmt":"2026-03-12T04:24:34","guid":{"rendered":"https:\/\/stage.jrfer.com\/product\/poco-sc30000-30000-felfujas-30-ml-nagy-kapacitasu-ujratoltheto-omlesztett-eldobhato-vape\/"},"modified":"2026-04-07T09:33:01","modified_gmt":"2026-04-07T09:33:01","slug":"poco-sc30000-30000-puffs-30ml-high-capacity-rechargeable-bulk-disposable-vape","status":"publish","type":"product","link":"https:\/\/ricovape.com\/hu\/termek\/poco-sc30000-30000-puffs-30ml-high-capacity-rechargeable-bulk-disposable-vape\/","title":{"rendered":"POCO SC30000 | 30000 felf\u00faj\u00e1s, 30 ml, nagy kapacit\u00e1s\u00fa, \u00fajrat\u00f6lthet\u0151, \u00f6mlesztett eldobhat\u00f3 vape"},"content":{"rendered":"<h2>POCO SC30000 eldobhat\u00f3 vape akci\u00f3s<\/h2>\n<p>A POCO SC30000 eldobhat\u00f3 vape olyan g\u0151z\u00f6l\u0151k sz\u00e1m\u00e1ra k\u00e9sz\u00fclt, akik <strong>maxim\u00e1lis puffad\u00e1sra, gazdag \u00edzre \u00e9s megb\u00edzhat\u00f3 teljes\u00edtm\u00e9nyre v\u00e1gynak<\/strong>. Ak\u00e1r <strong>30 000 bef\u00faj\u00e1ssal<\/strong> \u00e9s <strong>nagy, 30 ml-es e-liquid kapacit\u00e1ssal<\/strong> ez az eszk\u00f6z t\u00f6k\u00e9letes mind a neh\u00e9z felhaszn\u00e1l\u00f3k, mind a nagy kereslet\u0171 term\u00e9ket keres\u0151 vape boltok sz\u00e1m\u00e1ra.<br \/>\nK\u00f6zvetlen\u00fcl az <strong>EU helyi rakt\u00e1r\u00e1b\u00f3l<\/strong> sz\u00e1ll\u00edtva gyors sz\u00e1ll\u00edt\u00e1st (3\u20135 munkanap) biztos\u00edt a legt\u00f6bb EU-orsz\u00e1gban.<\/p>\n<h3>Mi\u00e9rt v\u00e1lassza a POCO SC30000-t?<\/h3>\n<ul>\n<li>\ud83d\udd25 Ak\u00e1r 30 000 f\u00faj\u00e1s az ultrahossz\u00fa haszn\u00e1lathoz<\/li>\n<li>\ud83d\udca7 Nagy, 30 ml-es e-folyad\u00e9ktart\u00e1ly a kevesebb csere\u00e9rt<\/li>\n<li>\ud83d\udd0b \u00dajrat\u00f6lthet\u0151 akkumul\u00e1tor a teljes e-folyad\u00e9k felhaszn\u00e1l\u00e1shoz<\/li>\n<li>\ud83c\udf08 15 n\u00e9pszer\u0171 \u00edz a k\u00fcl\u00f6nb\u00f6z\u0151 \u00edzl\u00e9si preferenci\u00e1k kiel\u00e9g\u00edt\u00e9s\u00e9re<\/li>\n<li>\ud83d\udc41\ufe0f L\u00e1that\u00f3 e-liquid kialak\u00edt\u00e1s az egyszer\u0171 szintellen\u0151rz\u00e9s \u00e9rdek\u00e9ben<\/li>\n<li>\ud83d\udce6 T\u00f6megbar\u00e1t csomagol\u00e1s a vape boltok \u00e9s forgalmaz\u00f3k sz\u00e1m\u00e1ra<\/li>\n<li>\ud83d\ude9a EU rakt\u00e1ri sz\u00e1ll\u00edt\u00e1s gyors, 3-5 napos sz\u00e1ll\u00edt\u00e1ssal<\/li>\n<\/ul>\n<h3>POCO SC30000 specifik\u00e1ci\u00f3i<\/h3>\n<\/p>\n<tbody>\n<tr>\n<td>Modell<\/td>\n<td>POCO SC30000<\/td>\n<\/tr>\n<tr>\n<td>Puff Count<\/td>\n<td>Ak\u00e1r 30 000 f\u00faj\u00e1s<\/td>\n<\/tr>\n<tr>\n<td>E-folyad\u00e9k kapacit\u00e1s<\/td>\n<td>30 ml<\/td>\n<\/tr>\n<tr>\n<td>Nikotin er\u0151ss\u00e9ge<\/td>\n<td>5%<\/td>\n<\/tr>\n<tr>\n<td>Akkumul\u00e1tor<\/td>\n<td>\u00dajrat\u00f6lthet\u0151<\/td>\n<\/tr>\n<tr>\n<td>\u00cdzek<\/td>\n<td>15 el\u00e9rhet\u0151 opci\u00f3<\/td>\n<\/tr>\n<tr>\n<td>M\u00e9ret<\/td>\n<td>23,3 \u00d7 131,3 mm<\/td>\n<\/tr>\n<tr>\n<td>OEM-t\u00e1mogat\u00e1s<\/td>\n<td>Igen<\/td>\n<\/tr>\n<tr>\n<td>Csomagol\u00e1s<\/td>\n<td>1 db\/csomag, 10 db\/kijelz\u0151 doboz<\/td>\n<\/tr>\n<\/tbody>\n<\/table>\n<h3>POCO SC30K kaphat\u00f3 \u00edzek \ud83c\udf53\ud83c\udf49\ud83c\udf4d<\/h3>\n<ul>\n<li><strong>Alo\u00e9 sz\u0151l\u0151<\/strong> \u2013 Sima sz\u0151l\u0151 friss aloe bevonattal<\/li>\n<li><strong>Epres g\u00f6r\u00f6gdinnye<\/strong> \u2013 \u00e9des \u00e9s l\u00e9d\u00fas ny\u00e1ri kever\u00e9k<\/li>\n<li><strong>Savany\u00fa alma<\/strong> \u2013 cs\u00edp\u0151s alma ropog\u00f3s harap\u00e1ssal<\/li>\n<li><strong>Tripla dinnye<\/strong> \u2013 Vegyes dinnye \u00edzek, h\u0171v\u00f6s \u00e9s friss\u00edt\u0151<\/li>\n<li><strong>Anan\u00e1szos k\u00f3kusz<\/strong> \u2013 Tr\u00f3pusi \u00e9s kr\u00e9mes sziget \u00edz<\/li>\n<li><strong>Epres m\u00e1lna kiwi<\/strong> \u2013 Kiegyens\u00falyozott \u00e9des-savany\u00fa gy\u00fcm\u00f6lcskever\u00e9k<\/li>\n<li><strong>H\u0171v\u00f6s menta<\/strong> \u2013 Tiszta, jeges \u00e9s friss\u00edt\u0151<\/li>\n<li><strong>\u00c1fonya m\u00e1lna citrom<\/strong> \u2013 Bogy\u00f3 \u00e9dess\u00e9g citrusos \u00fct\u00e9ssel<\/li>\n<li><strong>Cseresznye K\u00f3la<\/strong> \u2013 klasszikus sz\u00f3da ihlette \u00edz<\/li>\n<li><strong>Ban\u00e1ntej<\/strong> \u2013 sima \u00e9s kr\u00e9mes desszert vape<\/li>\n<li><strong>G\u00f6r\u00f6gdinnye r\u00e1g\u00f3gumi<\/strong> \u2013 \u00e9des, cukorka st\u00edlus\u00fa g\u00f6r\u00f6gdinnye<\/li>\n<li><strong>Cseresznyebarack limon\u00e1d\u00e9<\/strong> \u2013 Gy\u00fcm\u00f6lcs\u00f6s limon\u00e1d\u00e9kever\u00e9k<\/li>\n<li><strong>\u00c1fonya S\u00e1rk\u00e1nygy\u00fcm\u00f6lcs<\/strong> \u2013 egzotikus gy\u00fcm\u00f6lcs f\u00fazi\u00f3<\/li>\n<li><strong>Fekete J\u00e9g S\u00e1rk\u00e1ny Gy\u00fcm\u00f6lcs Eper<\/strong> \u2013 Jeges gy\u00fcm\u00f6lcsrobban\u00e1s<\/li>\n<li><strong>Epres m\u00e1lnacseresznye<\/strong> \u2013 h\u00e1rmas bogy\u00f3s \u00e9dess\u00e9g<\/li>\n<\/ul>\n<h3>T\u00f6k\u00e9letes felhaszn\u00e1l\u00f3k \u00e9s nagykereskedelmi v\u00e1s\u00e1rl\u00f3k sz\u00e1m\u00e1ra<\/h3>\n<p>A POCO SC30000 kiv\u00e1l\u00f3 v\u00e1laszt\u00e1s a <strong>neh\u00e9z g\u0151z\u00f6l\u0151knek<\/strong>, akik hosszan tart\u00f3 teljes\u00edtm\u00e9nyre v\u00e1gynak, az <strong>\u00edzkeres\u0151knek<\/strong>, akik szeretik a v\u00e1ltozatoss\u00e1got, \u00e9s a <strong>vape boltok vagy forgalmaz\u00f3k<\/strong> sz\u00e1m\u00e1ra, akik megb\u00edzhat\u00f3 t\u00f6meges eldobhat\u00f3 vape-ot keresnek. Minden t\u00e9tel <strong>10 azonos \u00edz\u0171 darabot tartalmaz<\/strong>, \u00edgy a k\u00e9szletkezel\u00e9s egyszer\u0171 \u00e9s hat\u00e9kony a nagykereskedelmi forgalmaz\u00e1sban.<\/p>\n<h3>POCO SC30000 GYIK \u2753<\/h3>\n<ul>\n<li><strong>H\u00e1ny eszk\u00f6zt tartalmaz egy t\u00e9tel?<\/strong><br \/>\nEgy t\u00e9tel 10 azonos \u00edz\u0171 \u00e9s sz\u00edn\u0171 darabot tartalmaz.<\/li>\n<li><strong>Keverhetek \u00edzeket egy t\u00e9telben?<\/strong><br \/>\nNem. Egy t\u00e9tel csak egy \u00edzt v\u00e1laszthat. T\u00f6bb t\u00e9tel rendel\u00e9se lehet\u0151v\u00e9 teszi t\u00f6bb \u00edz kiv\u00e1laszt\u00e1s\u00e1t.<\/li>\n<li><strong>Mely orsz\u00e1gok t\u00e1mogatj\u00e1k az EU rakt\u00e1ri sz\u00e1ll\u00edt\u00e1s\u00e1t?<\/strong><br \/>\nIngyenes vagy gyors sz\u00e1ll\u00edt\u00e1s el\u00e9rhet\u0151 a legt\u00f6bb EU-orsz\u00e1gba, bele\u00e9rtve N\u00e9metorsz\u00e1got, Franciaorsz\u00e1got, Olaszorsz\u00e1got, Spanyolorsz\u00e1got, Hollandi\u00e1t, Lengyelorsz\u00e1got, Sv\u00e9dorsz\u00e1got \u00e9s sok m\u00e1st.<\/li>\n<li><strong>Mennyi a sz\u00e1ll\u00edt\u00e1si id\u0151?<\/strong><br \/>\nA helyi EU rakt\u00e1rb\u00f3l t\u00f6rt\u00e9n\u0151 kisz\u00e1ll\u00edt\u00e1s k\u00f6r\u00fclbel\u00fcl 3\u20135 munkanapot vesz ig\u00e9nybe.<\/li>\n<li><strong>T\u00e1mogatott az OEM vagy a m\u00e1rka\u00e9p\u00edt\u00e9s?<\/strong><br \/>\nIgen, az OEM-szolg\u00e1ltat\u00e1sok t\u00f6meges \u00e9s nagykereskedelmi megrendel\u00e9sekhez is el\u00e9rhet\u0151k.<\/li>\n<\/ul>\n","protected":false},"excerpt":{"rendered":"<p>POCO SC30000 eldobhat\u00f3 vape akci\u00f3s A POCO SC30000 eldobhat\u00f3 vape olyan g\u0151z\u00f6l\u0151k sz\u00e1m\u00e1ra k\u00e9sz\u00fclt, akik maxim\u00e1lis puffad\u00e1sra, gazdag \u00edzre \u00e9s megb\u00edzhat\u00f3 teljes\u00edtm\u00e9nyre v\u00e1gynak. Ak\u00e1r 30 000 bef\u00faj\u00e1ssal \u00e9s nagy, 30 ml-es e-liquid kapacit\u00e1ssal ez az eszk\u00f6z t\u00f6k\u00e9letes mind a neh\u00e9z felhaszn\u00e1l\u00f3k, mind a nagy kereslet\u0171 term\u00e9ket keres\u0151 vape boltok sz\u00e1m\u00e1ra. K\u00f6zvetlen\u00fcl az EU helyi rakt\u00e1r\u00e1b\u00f3l [&hellip;]<\/p>\n","protected":false},"featured_media":6920,"comment_status":"open","ping_status":"closed","template":"","meta":[],"product_brand":[],"product_cat":[566,1737],"product_tag":[1692,620,654,697,615],"class_list":{"0":"post-19354","1":"product","2":"type-product","3":"status-publish","4":"has-post-thumbnail","6":"product_cat-30000-puff-eldobhato-vape","7":"product_cat-poco","8":"product_tag-30000-fujas-vape","9":"product_tag-eldobhato-vape-omlesztett","10":"product_tag-eu-raktari-vape","11":"product_tag-nagykereskedelmi-vape-toll","12":"product_tag-ujratoltheto-eldobhato-vape","14":"first","15":"instock","16":"shipping-taxable","17":"purchasable","18":"product-type-variable","19":"has-default-attributes"},"jetpack_sharing_enabled":true,"tiered_pricing_type":"fixed","tiered_pricing_fixed_rules":{"100":8.42999999999999971578290569595992565155029296875,"200":8.28999999999999914734871708787977695465087890625,"500":7.78000000000000024868995751603506505489349365234375},"tiered_pricing_product_settings":{"layout":"default","base_unit_name":{"singular":null,"plural":null},"default_variation":null},"tiered_pricing_minimum_quantity":50,"tiered_pricing_roles_data":[],"tiered_pricing_percentage_rules":[],"tiered_pricing_maximum_quantity":null,"tiered_pricing_quantity_step":"10","_links":{"self":[{"href":"https:\/\/ricovape.com\/hu\/wp-json\/wp\/v2\/product\/19354","targetHints":{"allow":["GET"]}}],"collection":[{"href":"https:\/\/ricovape.com\/hu\/wp-json\/wp\/v2\/product"}],"about":[{"href":"https:\/\/ricovape.com\/hu\/wp-json\/wp\/v2\/types\/product"}],"replies":[{"embeddable":true,"href":"https:\/\/ricovape.com\/hu\/wp-json\/wp\/v2\/comments?post=19354"}],"wp:featuredmedia":[{"embeddable":true,"href":"https:\/\/ricovape.com\/hu\/wp-json\/wp\/v2\/media\/6920"}],"wp:attachment":[{"href":"https:\/\/ricovape.com\/hu\/wp-json\/wp\/v2\/media?parent=19354"}],"wp:term":[{"taxonomy":"product_brand","embeddable":true,"href":"https:\/\/ricovape.com\/hu\/wp-json\/wp\/v2\/product_brand?post=19354"},{"taxonomy":"product_cat","embeddable":true,"href":"https:\/\/ricovape.com\/hu\/wp-json\/wp\/v2\/product_cat?post=19354"},{"taxonomy":"product_tag","embeddable":true,"href":"https:\/\/ricovape.com\/hu\/wp-json\/wp\/v2\/product_tag?post=19354"}],"curies":[{"name":"wp","href":"https:\/\/api.w.org\/{rel}","templated":true}]}}