{"id":19170,"date":"2025-07-07T09:20:26","date_gmt":"2025-07-07T09:20:26","guid":{"rendered":"https:\/\/stage.jrfer.com\/product\/poco-sl-15000-puffs-25-ml-es-allithato-legaramlasu-omlesztett-eldobhato-vape\/"},"modified":"2026-04-07T13:51:50","modified_gmt":"2026-04-07T13:51:50","slug":"poco-sl-15000-puffs","status":"publish","type":"product","link":"https:\/\/ricovape.com\/hu\/termek\/poco-sl-15000-puffs\/","title":{"rendered":"Poco SL 15000 Puffs | 25 ml-es, \u00e1ll\u00edthat\u00f3 l\u00e9g\u00e1raml\u00e1s\u00fa, \u00f6mlesztett eldobhat\u00f3 vape"},"content":{"rendered":"<h2>Mi\u00e9rt v\u00e1lassza a Poco SL 15000-et?<\/h2>\n<ul>\n<li><strong>T\u00f6meges bef\u00faj\u00e1s:<\/strong> \u00c9lvezze az ak\u00e1r 15 000 f\u00faj\u00e1st hosszabb ideig tart\u00f3 haszn\u00e1lathoz \ud83d\udd25<\/li>\n<li><strong>Nagy l\u00e9tart\u00e1ly:<\/strong> 25 ml-es e-folyad\u00e9k kapacit\u00e1s a kevesebb ut\u00e1nt\u00f6lt\u00e9s\u00e9rt \ud83d\udca7<\/li>\n<li><strong>Testreszabhat\u00f3 l\u00e9g\u00e1raml\u00e1s:<\/strong> \u00c1ll\u00edtsa be a k\u00edv\u00e1nt rajzol\u00e1si st\u00edlushoz \ud83c\udf2c\ufe0f<\/li>\n<li><strong>Nikotin opci\u00f3k:<\/strong> 0%, 2%, 3% \u00e9s 5%-os v\u00e1ltozatban, minden \u00edzl\u00e9snek megfelel\u0151en \u2705<\/li>\n<li><strong>Gyors \u00fajrat\u00f6lt\u00e9s:<\/strong> 650 mAh-s akkumul\u00e1tor Type-C t\u00f6lt\u00e9ssel, \u00edgy tov\u00e1bb g\u0151z\u00f6l\u00f6ghet \ud83d\udd0b<\/li>\n<li><strong>Hordozhat\u00f3 \u00e9s er\u0151s:<\/strong> Kompakt kialak\u00edt\u00e1s az \u00fatk\u00f6zbeni k\u00e9nyelem\u00e9rt \ud83d\ude80<\/li>\n<li><strong>Nagykereskedelmi k\u00e9sz:<\/strong> Ide\u00e1lis v\u00e1laszt\u00e1s kiskeresked\u0151k \u00e9s forgalmaz\u00f3k sz\u00e1m\u00e1ra \ud83d\udce6<\/li>\n<\/ul>\n<h3>M\u0171szaki adatok<\/h3>\n<tbody>\n<tr>\n<td><strong>Puffok sz\u00e1ma:<\/strong><\/td>\n<td>Ak\u00e1r 15 000 f\u00faj\u00e1s<\/td>\n<\/tr>\n<tr>\n<td><strong>E-folyad\u00e9k kapacit\u00e1sa:<\/strong><\/td>\n<td>25 ml<\/td>\n<\/tr>\n<tr>\n<td><strong>Akkumul\u00e1tor:<\/strong><\/td>\n<td>650 mAh \u00fajrat\u00f6lthet\u0151<\/td>\n<\/tr>\n<tr>\n<td><strong>T\u00f6lt\u00e9s:<\/strong><\/td>\n<td>C t\u00edpus\u00fa gyorst\u00f6lt\u00e9s<\/td>\n<\/tr>\n<tr>\n<td><strong>Nikotin opci\u00f3k:<\/strong><\/td>\n<td>0%, 2%, 3%, 5%<\/td>\n<\/tr>\n<tr>\n<td><strong>L\u00e9g\u00e1raml\u00e1s:<\/strong><\/td>\n<td>\u00c1ll\u00edthat\u00f3 a szem\u00e9lyre szabott g\u0151z\u00f6l\u00e9shez<\/td>\n<\/tr>\n<\/tbody>\n<\/table>\n<h3>\u00cdzv\u00e1laszt\u00e1s<\/h3>\n<p>A Poco SL 15000 <strong>12 izgalmas \u00edzben<\/strong> kaphat\u00f3, hogy minden hangulathoz \u00e9s \u00edzl\u00e9shez illeszkedjen \ud83c\udf08:<\/p>\n<ul>\n<li><strong>Alo\u00e9 sz\u0151l\u0151:<\/strong> Sima sz\u0151l\u0151 friss\u00edt\u0151 aloe csavarral \ud83c\udf47\ud83c\udf3f<\/li>\n<li><strong>\u00c1fony\u00e1s m\u00e1ln\u00e1s limon\u00e1d\u00e9:<\/strong> \u00c9des bogy\u00f3k cs\u00edp\u0151s limon\u00e1d\u00e9val \ud83e\uded0\ud83c\udf4b<\/li>\n<li><strong>Epres g\u00f6r\u00f6gdinnye:<\/strong> Zamatos ny\u00e1ri kever\u00e9k \ud83c\udf53\ud83c\udf49<\/li>\n<li><strong>Fekete J\u00e9g S\u00e1rk\u00e1ny Gy\u00fcm\u00f6lcs Eper:<\/strong> Egzotikus \u00e9s jeges tr\u00f3pusi kever\u00e9k \ud83d\udc09\u2744\ufe0f\ud83c\udf53<\/li>\n<li><strong>Energiaital:<\/strong> Mer\u00e9sz \u00e9s friss\u00edt\u0151 hat\u00e1s \u26a1\ud83e\udd64<\/li>\n<li><strong>Epres m\u00e1lna Kiwi:<\/strong> Gy\u00fcm\u00f6lcs\u00f6s tri\u00f3 \u00e9des-fanyar egyens\u00falyban \ud83c\udf53\ud83c\udf47\ud83e\udd5d<\/li>\n<li><strong>Anan\u00e1szalma:<\/strong> Ropog\u00f3s \u00e9s tr\u00f3pusi p\u00e1ros \ud83c\udf4d\ud83c\udf4f<\/li>\n<li><strong>Anan\u00e1szos eper ban\u00e1n:<\/strong> kr\u00e9mes tr\u00f3pusi gy\u00fcm\u00f6lcs\u00f6s kever\u00e9k \ud83c\udf4d\ud83c\udf53\ud83c\udf4c<\/li>\n<li><strong>G\u00f6r\u00f6gdinnye licsi:<\/strong> friss\u00edt\u0151 dinnye vir\u00e1gos \u00e9dess\u00e9ggel \ud83c\udf49\ud83e\udd6d<\/li>\n<li><strong>Epres cseresznye:<\/strong> klasszikus piros gy\u00fcm\u00f6lcs kombin\u00e1ci\u00f3 \ud83c\udf53\ud83c\udf52<\/li>\n<li><strong>Szeder \u00e1fonya:<\/strong> fanyar \u00e9s l\u00e9d\u00fas bogy\u00f3s puncs \ud83c\udf47\ud83e\uded0<\/li>\n<li><strong>Sz\u0151l\u0151 \u00e1fonya \u0151szibarack:<\/strong> sima, cs\u00edp\u0151s \u00e9s \u00e9des f\u00fazi\u00f3 \ud83c\udf47\ud83c\udf51<\/li>\n<\/ul>\n<h3>T\u00f6k\u00e9letes neh\u00e9z felhaszn\u00e1l\u00f3k \u00e9s nagykeresked\u00e9sek sz\u00e1m\u00e1ra<\/h3>\n<p>A <strong>Poco SL 15000<\/strong> a <strong>neh\u00e9z g\u0151z\u00f6l\u0151knek, \u00edzkeres\u0151knek \u00e9s vape boltok tulajdonosainak<\/strong> k\u00e9sz\u00fclt. Magas puffad\u00e1si sz\u00e1m\u00e1val, nagy tart\u00e1ly\u00e1val, rugalmas nikotinszintj\u00e9vel \u00e9s sz\u00e9les \u00edzv\u00e1laszt\u00e9k\u00e1val kiv\u00e1l\u00f3 v\u00e1laszt\u00e1s szem\u00e9lyes haszn\u00e1latra \u00e9s t\u00f6meges forgalmaz\u00e1sra egyar\u00e1nt.<\/p>\n<h3>GYIK<\/h3>\n<ul>\n<li><strong>H\u00e1ny bef\u00faj\u00e1s eszk\u00f6z\u00f6nk\u00e9nt?<\/strong><br \/>\nEgys\u00e9genk\u00e9nt legfeljebb 15 000 f\u00faj\u00e1s.<\/li>\n<li><strong>\u00dajrat\u00f6lthet\u0151?<\/strong><br \/>\nIgen, 650 mAh-s \u00fajrat\u00f6lthet\u0151 akkumul\u00e1torral rendelkezik Type-C porttal.<\/li>\n<li><strong>Milyen er\u0151ss\u00e9g\u0171 nikotin \u00e9rhet\u0151 el?<\/strong><br \/>\nV\u00e1lasszon a 0%, 2%, 3% vagy 5% nikotin opci\u00f3k k\u00f6z\u00fcl.<\/li>\n<li><strong>\u00c1ll\u00edthat\u00f3 a l\u00e9g\u00e1raml\u00e1s?<\/strong><br \/>\nIgen, testreszabhatja a l\u00e9g\u00e1raml\u00e1st az ide\u00e1lis vape-hoz.<\/li>\n<li><strong>Kinek a legjobb?<\/strong><br \/>\nKiv\u00e1l\u00f3an alkalmas <strong>az \u00edzek kedvel\u0151inek, er\u0151s fogyaszt\u00f3knak, vape boltoknak \u00e9s nagy mennyis\u00e9gben v\u00e1s\u00e1rl\u00f3knak<\/strong>.<\/li>\n<\/ul>\n","protected":false},"excerpt":{"rendered":"<p>A <strong>Poco SL 15000<\/strong> \ud83d\udca8 <strong>15 000 f\u00faj\u00e1st<\/strong>, massz\u00edv <strong>25 ml-es e-folyad\u00e9ktart\u00e1lyt<\/strong> \u00e9s <strong>\u00e1ll\u00edthat\u00f3 l\u00e9g\u00e1raml\u00e1st<\/strong> biztos\u00edt a pr\u00e9mium g\u0151z\u00f6l\u00e9s \u00e9lm\u00e9ny\u00e9\u00e9rt. T\u00f6k\u00e9letes a vape szerelmeseinek, \u00fczleteknek \u00e9s nagykereskedelmi forgalmaz\u00f3knak.<\/p>\n","protected":false},"featured_media":1206,"comment_status":"open","ping_status":"closed","template":"","meta":[],"product_brand":[],"product_cat":[415,862,1013,826,1261,1294,1225,1327,1471,1545,1406,1365,1509,1439,2176,1598,1674,1636,400,1737,1046,900],"product_tag":[],"class_list":{"0":"post-19170","1":"product","2":"type-product","3":"status-publish","4":"has-post-thumbnail","6":"product_cat-15000-puff-eldobhato-vape","7":"product_cat-big-puffs-vapes","8":"product_cat-digitalis-doboz-vapes","9":"product_cat-eldobhato-vape-tipusok","10":"product_cat-eldobhato-vapes-ausztriaban","11":"product_cat-eldobhato-vapes-belgiumban","12":"product_cat-eldobhato-vapes-europaban","13":"product_cat-eldobhato-vapes-franciaorszagban","14":"product_cat-eldobhato-vapes-hollandiaban","15":"product_cat-eldobhato-vapes-lengyelorszagban","16":"product_cat-eldobhato-vapes-magyarorszagon","17":"product_cat-eldobhato-vapes-nemetorszagban","18":"product_cat-eldobhato-vapes-norvegiaban","19":"product_cat-eldobhato-vapes-olaszorszagban","20":"product_cat-eldobhato-vapes-portugaliaban","21":"product_cat-eldobhato-vapes-spanyolorszagban","22":"product_cat-eldobhato-vapes-svajcban","23":"product_cat-eldobhato-vapes-svedorszagban","24":"product_cat-kulonbozo-puffadasu-eldobhato-gozok","25":"product_cat-poco","26":"product_cat-smart-screen-vapes","27":"product_cat-ujratoltheto-vapes","29":"first","30":"instock","31":"shipping-taxable","32":"purchasable","33":"product-type-variable","34":"has-default-attributes"},"jetpack_sharing_enabled":true,"tiered_pricing_type":"fixed","tiered_pricing_fixed_rules":{"100":7.88999999999999968025576890795491635799407958984375,"400":7.4900000000000002131628207280300557613372802734375,"1000":7.29000000000000003552713678800500929355621337890625},"tiered_pricing_product_settings":{"layout":"default","base_unit_name":{"singular":null,"plural":null},"default_variation":null},"tiered_pricing_minimum_quantity":50,"tiered_pricing_roles_data":[],"tiered_pricing_percentage_rules":[],"tiered_pricing_maximum_quantity":null,"tiered_pricing_quantity_step":"10","_links":{"self":[{"href":"https:\/\/ricovape.com\/hu\/wp-json\/wp\/v2\/product\/19170","targetHints":{"allow":["GET"]}}],"collection":[{"href":"https:\/\/ricovape.com\/hu\/wp-json\/wp\/v2\/product"}],"about":[{"href":"https:\/\/ricovape.com\/hu\/wp-json\/wp\/v2\/types\/product"}],"replies":[{"embeddable":true,"href":"https:\/\/ricovape.com\/hu\/wp-json\/wp\/v2\/comments?post=19170"}],"wp:featuredmedia":[{"embeddable":true,"href":"https:\/\/ricovape.com\/hu\/wp-json\/wp\/v2\/media\/1206"}],"wp:attachment":[{"href":"https:\/\/ricovape.com\/hu\/wp-json\/wp\/v2\/media?parent=19170"}],"wp:term":[{"taxonomy":"product_brand","embeddable":true,"href":"https:\/\/ricovape.com\/hu\/wp-json\/wp\/v2\/product_brand?post=19170"},{"taxonomy":"product_cat","embeddable":true,"href":"https:\/\/ricovape.com\/hu\/wp-json\/wp\/v2\/product_cat?post=19170"},{"taxonomy":"product_tag","embeddable":true,"href":"https:\/\/ricovape.com\/hu\/wp-json\/wp\/v2\/product_tag?post=19170"}],"curies":[{"name":"wp","href":"https:\/\/api.w.org\/{rel}","templated":true}]}}