{"id":19115,"date":"2026-03-12T04:24:32","date_gmt":"2026-03-12T04:24:32","guid":{"rendered":"https:\/\/stage.jrfer.com\/product\/bang-leader-stoll-100k-4-az-1-ben-100-000-befujas-34-ml-ujratoltheto-omlesztett-eldobhato-vape\/"},"modified":"2026-04-07T10:11:53","modified_gmt":"2026-04-07T10:11:53","slug":"bang-leader-stoll-100k-4-in-1-100000-puffs-34ml-rechargeable-bulk-disposable-vape","status":"publish","type":"product","link":"https:\/\/ricovape.com\/hu\/termek\/bang-leader-stoll-100k-4-in-1-100000-puffs-34ml-rechargeable-bulk-disposable-vape\/","title":{"rendered":"BANG LEADER STOLL 100K | 4 az 1-ben 100 000 bef\u00faj\u00e1s, 34 ml, \u00fajrat\u00f6lthet\u0151, \u00f6mlesztett eldobhat\u00f3 vape"},"content":{"rendered":"<h2>\ud83d\udd25 Mi\u00e9rt v\u00e1lassza a BANG LEADER STOLL 100K-t?<\/h2>\n<p>Olyan vape-t keres, amely \u00f6r\u00f6kk\u00e9 tart, \u00e9s v\u00e1ltozatoss\u00e1got k\u00edn\u00e1l egyetlen k\u00e9sz\u00fcl\u00e9kben? A <strong>BANG LEADER STOLL 100K<\/strong> egy j\u00e1t\u00e9kv\u00e1lt\u00f3 a vape boltok \u00e9s forgalmaz\u00f3k sz\u00e1m\u00e1ra. Egyes\u00edti a nagy teljes\u00edtm\u00e9nyt az \u00edzek azonnali v\u00e1lt\u00e1s\u00e1nak m\u00f3k\u00e1val.<\/p>\n<ul>\n<li><strong>\ud83e\udd2f Hatalmas 100 000 puffan\u00e1s:<\/strong> Mondjon b\u00facs\u00fat a folyamatos cser\u00e9knek! Ez a vad\u00e1llat ak\u00e1r 100 000 puffad\u00e1st is k\u00edn\u00e1l, \u00edgy az egyik leghosszabb \u00e9lettartam\u00fa eldobhat\u00f3 eszk\u00f6z a piacon. T\u00f6k\u00e9letes azoknak az \u00fcgyfeleknek, akik \u00e9rt\u00e9kre v\u00e1gynak.<\/li>\n<li><strong>\ud83d\udd04 4 az 1-ben \u00edzrendszer:<\/strong> Mi\u00e9rt el\u00e9gedj\u00fcnk meg egy \u00edzzel? Ez az eszk\u00f6z <strong>4 k\u00fcl\u00f6nb\u00f6z\u0151 \u00edzt<\/strong> tartalmaz egyetlen egys\u00e9gben. K\u00f6nnyed\u00e9n v\u00e1lthat k\u00f6z\u00f6tt\u00fck, hogy izgalomban tartsa a sz\u00e1j\u00edz\u00e9t.<\/li>\n<li><strong>\ud83d\udd0b Er\u0151teljes \u00e9s gyors t\u00f6lt\u00e9s:<\/strong> A robusztus <strong>850 mAh-s akkumul\u00e1torral<\/strong> \u00e9s a Type-C gyorst\u00f6lt\u0151 porttal felszerelve mind\u00f6ssze 30 perc alatt teljes teljes\u00edtm\u00e9nyt kaphat.<\/li>\n<li><strong>\ud83e\udde0 Intelligens digit\u00e1lis kijelz\u0151:<\/strong> Nincs t\u00f6bb tal\u00e1lgat\u00e1s! A be\u00e9p\u00edtett k\u00e9perny\u0151 vil\u00e1gosan megjelen\u00edti az akkumul\u00e1tor \u00e9lettartam\u00e1t \u00e9s az e-liquid szintj\u00e9t, val\u00f3s id\u0151ben.<\/li>\n<li><strong>\u2601\ufe0f Quad Mesh Coil technol\u00f3gia:<\/strong> Az 1,0 \u03a9-os h\u00e1l\u00f3s tekercs biztos\u00edtja, hogy minden f\u00faj\u00e1s sima, d\u00fas \u00e9s egyenletes legyen az els\u0151 \u00fct\u00e9st\u0151l az utols\u00f3ig.<\/li>\n<li><strong>\ud83d\udcbc Nagykereskedelmi k\u00e9szenl\u00e9t:<\/strong> T\u00e1mogatjuk az OEM\/ODM m\u00e1rka\u00e9p\u00edt\u00e9st. Ez az eszk\u00f6z k\u00f6nny\u0171 (148 g) \u00e9s egym\u00e1sra rakhat\u00f3, \u00edgy t\u00f6k\u00e9letes t\u00f6meges sz\u00e1ll\u00edt\u00e1shoz \u00e9s kiskereskedelmi megjelen\u00edt\u00e9shez.<\/li>\n<\/ul>\n<h2>\ud83d\udee0\ufe0f A BANG LEADER STOLL 100K specifik\u00e1ci\u00f3i<\/h2>\n<tbody>\n<tr>\n<td width=\"30%\"><strong>Puff sz\u00e1ml\u00e1l\u00e1s<\/strong><\/td>\n<td>100 000 f\u00faj\u00e1s (kb.)<\/td>\n<\/tr>\n<tr>\n<td><strong>\u00cdzbe\u00e1ll\u00edt\u00e1s<\/strong><\/td>\n<td>4 \u00edz egy eszk\u00f6zben (kapcsolhat\u00f3)<\/td>\n<\/tr>\n<tr>\n<td><strong>Akkumul\u00e1torkapacit\u00e1s<\/strong><\/td>\n<td>850 mAh (\u00fajrat\u00f6lthet\u0151)<\/td>\n<\/tr>\n<tr>\n<td><strong>T\u00f6lt\u0151port<\/strong><\/td>\n<td>C t\u00edpus\u00fa (gyors t\u00f6lt\u00e9s)<\/td>\n<\/tr>\n<tr>\n<td><strong>Tekercs t\u00edpusa<\/strong><\/td>\n<td>1,0\u03a9 mesh tekercs (n\u00e9gymagos)<\/td>\n<\/tr>\n<tr>\n<td><strong>Nikotin opci\u00f3k<\/strong><\/td>\n<td>0%, 2%, 3%, 5%<\/td>\n<\/tr>\n<tr>\n<td><strong>Jellemz\u0151k<\/strong><\/td>\n<td>Intelligens k\u00e9perny\u0151s kijelz\u0151, l\u00e9g\u00e1raml\u00e1s-szab\u00e1lyoz\u00e1s<\/td>\n<\/tr>\n<tr>\n<td><strong>S\u00faly<\/strong><\/td>\n<td>148 g<\/td>\n<\/tr>\n<\/tbody>\n<\/table>\n<h2>\ud83c\udf49 BANG LEADER STOLL 100K \u00edzlehet\u0151s\u00e9gek (4 az 1-ben komb\u00f3k)<\/h2>\n<p>A BANG LEADER STOLL 100K izgalmas kombin\u00e1ci\u00f3kat k\u00edn\u00e1l. Mindegyik k\u00e9sz\u00fcl\u00e9k 4 pr\u00e9mium \u00edzzel \u00e9rkezik. \u00cdme a t\u00f6meges megrendel\u00e9sre el\u00e9rhet\u0151 n\u00e9pszer\u0171 kever\u00e9kek:<\/p>\n<ul>\n<li><strong>A kombin\u00e1ci\u00f3:<\/strong> citromos lime, g\u00f6r\u00f6gdinnye j\u00e9g, fekete s\u00e1rk\u00e1nyj\u00e9g, s\u00e1rk\u00e1nygy\u00fcm\u00f6lcs<\/li>\n<li><strong>B kombin\u00e1ci\u00f3:<\/strong> eper, Love 666, van\u00edlia k\u00f3la, citrombarack<\/li>\n<li><strong>C kombin\u00e1ci\u00f3:<\/strong> eper m\u00e1lna, cseresznyefagylalt, sz\u0151l\u0151j\u00e9g, sz\u0151l\u0151bogy\u00f3<\/li>\n<li><strong>D kombin\u00e1ci\u00f3:<\/strong> licsi j\u00e9g, \u0151szibarack bogy\u00f3, kivi, passua gy\u00fcm\u00f6lcs guava<\/li>\n<li><strong>E kombin\u00e1ci\u00f3:<\/strong> g\u00f6r\u00f6gdinnye j\u00e9g, epres mang\u00f3, \u00e1fony\u00e1s j\u00e9g, sz\u00e9nsavas cseresznye<\/li>\n<li><strong>F kombin\u00e1ci\u00f3:<\/strong> epres g\u00f6r\u00f6gdinnye, cseresznye k\u00f3la, l\u00e9d\u00fas barackj\u00e9g, grapefruit friss\u00edt\u0151<\/li>\n<li><strong>G kombin\u00e1ci\u00f3:<\/strong> citromos lime, eperj\u00e9g, m\u00e1ln\u00e1s g\u00f6r\u00f6gdinnye, sz\u00e9nsavas cseresznye<\/li>\n<li><strong>H kombin\u00e1ci\u00f3:<\/strong> r\u00f3zsasz\u00edn limon\u00e1d\u00e9, kiwi maracuja-guava, \u0151szibarack bogy\u00f3, eper ban\u00e1n<\/li>\n<li><strong>I. kombin\u00e1ci\u00f3:<\/strong> epres mang\u00f3, Blue Razz limon\u00e1d\u00e9, van\u00edliafagylalt, savany\u00fa h\u00e1rmas bogy\u00f3<\/li>\n<li><strong>J kombin\u00e1ci\u00f3:<\/strong> vegyes bogy\u00f3, cseresznye citrom, eper kivi, eper g\u00f6r\u00f6gdinnye r\u00e1g\u00f3gumi<\/li>\n<li><strong>K kombin\u00e1ci\u00f3:<\/strong> Mojito, Monster Mango, Lady Killer, Pink Lemonade<\/li>\n<\/ul>\n<h2>\ud83d\udce6 T\u00f6k\u00e9letes forgalmaz\u00f3k \u00e9s neh\u00e9z felhaszn\u00e1l\u00f3k sz\u00e1m\u00e1ra<\/h2>\n<p>A <strong>BANG LEADER STOLL 100K<\/strong> a modern piac sz\u00e1m\u00e1ra k\u00e9sz\u00fclt. A <strong>vape \u00fczletek<\/strong> sz\u00e1m\u00e1ra ez a term\u00e9k lesz\u00e1ll a polcokr\u00f3l, mert 4 az 1-ben kialak\u00edt\u00e1s\u00e1val megoldja az &#8222;\u00edzkif\u00e1rad\u00e1s&#8221; probl\u00e9m\u00e1j\u00e1t. A <strong>nagykeresked\u0151k<\/strong> sz\u00e1m\u00e1ra a robusztus fel\u00e9p\u00edt\u00e9s \u00e9s a magas puffad\u00e1ssz\u00e1m kevesebb hozamot \u00e9s magasabb v\u00e1s\u00e1rl\u00f3i el\u00e9gedetts\u00e9get jelent. F\u00fcggetlen\u00fcl att\u00f3l, hogy \u00fcgyfelei \u00edzel\u00edt\u0151k, vagy csak megb\u00edzhat\u00f3 napi eszk\u00f6zre van sz\u00fcks\u00e9g\u00fck, ez a vape pr\u00e9mium min\u0151s\u00e9get k\u00edn\u00e1l versenyk\u00e9pes t\u00f6meges \u00e1ron.<\/p>\n<h2>\u2753 Gyakran Ism\u00e9telt K\u00e9rd\u00e9sek (GYIK)<\/h2>\n<p><strong>K: Hogyan v\u00e1lthatok a 4 \u00edz k\u00f6z\u00f6tt?<\/strong><br \/>\nV: Nagyon egyszer\u0171! A k\u00e9sz\u00fcl\u00e9k egy egyszer\u0171 kapcsol\u00f3mechanizmussal rendelkezik, amely lehet\u0151v\u00e9 teszi, hogy azonnal v\u00e1ltson a n\u00e9gy bet\u00f6lt\u00f6tt \u00edz k\u00f6z\u00f6tt, \u00edgy b\u00e1rmikor friss \u00edzt kaphat.<\/p>\n<p><strong>K: Az akkumul\u00e1tor \u00fajrat\u00f6lthet\u0151?<\/strong><br \/>\nV: Igen! 850 mAh-s akkumul\u00e1torral \u00e9s Type-C porttal rendelkezik. Gyorsan \u00fajrat\u00f6ltheti, \u00edgy az utols\u00f3 csepp e-liquid is felhaszn\u00e1lhat\u00f3.<\/p>\n<p><strong>K: Hol v\u00e1s\u00e1rolhatom meg t\u00f6megesen a BANG LEADER STOLL 100K-t?<\/strong><br \/>\nV: J\u00f3 helyen j\u00e1rsz! Vezet\u0151 online nagykereskedelmi platform vagyunk. T\u00f6meges rendel\u00e9s eset\u00e9n a legjobb \u00e1rakat k\u00edn\u00e1ljuk, gyors sz\u00e1ll\u00edt\u00e1si lehet\u0151s\u00e9gekkel a forgalmaz\u00f3k sz\u00e1m\u00e1ra.<\/p>\n<p><strong>K: Milyen er\u0151ss\u00e9g\u0171 nikotin kaphat\u00f3?<\/strong><br \/>\nV: Minden preferenci\u00e1t kiel\u00e9g\u00edt\u00fcnk. Ezt az eszk\u00f6zt 0% (nikotinmentes), 2%, 3% vagy 5% er\u0151ss\u00e9g\u0171 v\u00e1ltozatban rendelheti meg.<\/p>\n","protected":false},"excerpt":{"rendered":"<p><em>Tapasztalja meg a g\u0151z\u00f6l\u00e9s forradalm\u00e1t a BANG LEADER STOLL 100K-val! Hatalmas, 100 000 puffad\u00e1sos kapacit\u00e1s\u00e1val, egyed\u00fcl\u00e1ll\u00f3 4 az 1-ben \u00edzrendszer\u00e9vel \u00e9s intelligens kijelz\u0151j\u00e9vel ez a t\u00f6k\u00e9letes v\u00e1laszt\u00e1s a nagy mennyis\u00e9gben v\u00e1s\u00e1rl\u00f3k \u00e9s a k\u00e9nyelmet \u00e9s v\u00e1ltozatoss\u00e1got keres\u0151 nagy felhaszn\u00e1l\u00f3k sz\u00e1m\u00e1ra.\ud83d\ude80 <\/em><\/p>\n","protected":false},"featured_media":6813,"comment_status":"open","ping_status":"closed","template":"","meta":[],"product_brand":[],"product_cat":[759,346],"product_tag":[602,641,677,2053,711],"class_list":{"0":"post-19115","1":"product","2":"type-product","3":"status-publish","4":"has-post-thumbnail","6":"product_cat-100k-puffs-eldobhato-vape","7":"product_cat-bang","8":"product_tag-100-000-puff-eldobhato-vape","9":"product_tag-4-az-1-ben-multi-flavor-vape","10":"product_tag-bang-leader-stoll-100k","11":"product_tag-eldobhato-gozok-nagykereskedelme","12":"product_tag-ujratoltheto-mesh-coil-vape","14":"first","15":"instock","16":"shipping-taxable","17":"purchasable","18":"product-type-variable","19":"has-default-attributes"},"jetpack_sharing_enabled":true,"tiered_pricing_type":"fixed","tiered_pricing_fixed_rules":{"30":9.7200000000000006394884621840901672840118408203125,"50":7.910000000000000142108547152020037174224853515625,"100":7.6500000000000003552713678800500929355621337890625,"200":7,"400":6.480000000000000426325641456060111522674560546875},"tiered_pricing_product_settings":{"layout":"default","base_unit_name":{"singular":null,"plural":null},"default_variation":null},"tiered_pricing_minimum_quantity":10,"tiered_pricing_roles_data":[],"tiered_pricing_percentage_rules":[],"tiered_pricing_maximum_quantity":null,"tiered_pricing_quantity_step":"10","_links":{"self":[{"href":"https:\/\/ricovape.com\/hu\/wp-json\/wp\/v2\/product\/19115","targetHints":{"allow":["GET"]}}],"collection":[{"href":"https:\/\/ricovape.com\/hu\/wp-json\/wp\/v2\/product"}],"about":[{"href":"https:\/\/ricovape.com\/hu\/wp-json\/wp\/v2\/types\/product"}],"replies":[{"embeddable":true,"href":"https:\/\/ricovape.com\/hu\/wp-json\/wp\/v2\/comments?post=19115"}],"wp:featuredmedia":[{"embeddable":true,"href":"https:\/\/ricovape.com\/hu\/wp-json\/wp\/v2\/media\/6813"}],"wp:attachment":[{"href":"https:\/\/ricovape.com\/hu\/wp-json\/wp\/v2\/media?parent=19115"}],"wp:term":[{"taxonomy":"product_brand","embeddable":true,"href":"https:\/\/ricovape.com\/hu\/wp-json\/wp\/v2\/product_brand?post=19115"},{"taxonomy":"product_cat","embeddable":true,"href":"https:\/\/ricovape.com\/hu\/wp-json\/wp\/v2\/product_cat?post=19115"},{"taxonomy":"product_tag","embeddable":true,"href":"https:\/\/ricovape.com\/hu\/wp-json\/wp\/v2\/product_tag?post=19115"}],"curies":[{"name":"wp","href":"https:\/\/api.w.org\/{rel}","templated":true}]}}