{"id":18809,"date":"2026-03-12T04:24:34","date_gmt":"2026-03-12T04:24:34","guid":{"rendered":"https:\/\/stage.jrfer.com\/product\/bang-box-200k-8-az-1-ben-200-000-fujas-quad-tekercs-teljesitmeny-kijelzo-tomeges-eldobhato-vape\/"},"modified":"2026-04-07T09:27:03","modified_gmt":"2026-04-07T09:27:03","slug":"bang-box-200k-8-in-1-200000-puffs-quad-coil-power-display-bulk-disposable-vape","status":"publish","type":"product","link":"https:\/\/ricovape.com\/hu\/termek\/bang-box-200k-8-in-1-200000-puffs-quad-coil-power-display-bulk-disposable-vape\/","title":{"rendered":"BANG BOX 200K | 8 az 1-ben 200 000 f\u00faj\u00e1s, quad tekercs, teljes\u00edtm\u00e9ny kijelz\u0151, t\u00f6meges eldobhat\u00f3 vape"},"content":{"rendered":"<p>Ismerje meg a <strong>BANG BOX 200K<\/strong>-t \u2013 az eldobhat\u00f3 vape piac igazi \u00f3ri\u00e1s\u00e1t. A tart\u00f3ss\u00e1gra, az \u00edzek v\u00e1ltozatoss\u00e1g\u00e1ra \u00e9s a professzion\u00e1lis eloszt\u00e1sra tervezett k\u00e9sz\u00fcl\u00e9k hihetetlen <strong>200 000 f\u00faj\u00e1st<\/strong> ad le egyetlen er\u0151teljes egys\u00e9gben. A fejlett <strong>n\u00e9gytekercses technol\u00f3gi\u00e1val<\/strong>, az <strong>intelligens teljes\u00edtm\u00e9nykijelz\u0151vel<\/strong> \u00e9s az egyed\u00fcl\u00e1ll\u00f3 <strong>8 az 1-ben \u00edzrendszerrel<\/strong> t\u00f6k\u00e9letes v\u00e1laszt\u00e1s azoknak a felhaszn\u00e1l\u00f3knak, akik t\u00f6bbet szeretn\u00e9nek, valamint azoknak a v\u00e1llalkoz\u00e1soknak, amelyek megb\u00edzhat\u00f3s\u00e1got \u00e9s \u00e9rt\u00e9ket k\u00edv\u00e1nnak \ud83d\udce6<\/p>\n<h2>Mi\u00e9rt v\u00e1lassza a BANG BOX 200K-t?<\/h2>\n<ul>\n<li>\ud83d\udd25 Ak\u00e1r <strong>200 000 f\u00faj\u00e1s<\/strong> \u2013 egyetlen eszk\u00f6z hetekig kitart<\/li>\n<li>\ud83c\udfa8 <strong>8 az 1-ben \u00edzvil\u00e1g<\/strong> \u2013 t\u00f6bb \u00edz egyetlen eldobhat\u00f3ban<\/li>\n<li>\u26a1 <strong>n\u00e9gyh\u00e1l\u00f3s tekercsrendszer<\/strong> a sima g\u0151z\u00e9rt \u00e9s gazdag \u00edz\u00e9rt<\/li>\n<li>\ud83d\udcfa Az <strong>Intelligens t\u00e1pk\u00e9perny\u0151<\/strong> egy\u00e9rtelm\u0171en mutatja az akkumul\u00e1tor \u00e9s az e-liquid \u00e1llapot\u00e1t<\/li>\n<li>\ud83d\udd0b Kiv\u00e1l\u00f3 min\u0151s\u00e9g\u0171 <strong>850 mAh tiszta kobalt \u00fajrat\u00f6lthet\u0151 akkumul\u00e1tor<\/strong><\/li>\n<li>\ud83d\udca7 Hatalmas <strong>100 ml \u00f6sszkapacit\u00e1s<\/strong> (4 \u00d7 25 ml-es kamr\u00e1k)<\/li>\n<li>\ud83d\ude9a Ide\u00e1lis <strong>t\u00f6meges megrendel\u00e9sekhez, vape boltokhoz \u00e9s nagykeresked\u0151kh\u00f6z<\/strong><\/li>\n<\/ul>\n<h2>BANG BOX 200K m\u0171szaki adatok<\/h2>\n<\/p>\n<tbody>\n<tr>\n<th>Funkci\u00f3<\/th>\n<th>R\u00e9szletek<\/th>\n<\/tr>\n<tr>\n<td>Puff Count<\/td>\n<td>Ak\u00e1r 200 000 f\u00faj\u00e1s<\/td>\n<\/tr>\n<tr>\n<td>\u00cdzrendszer<\/td>\n<td>8 az 1-ben t\u00f6bb \u00edz\u0171 eldobhat\u00f3<\/td>\n<\/tr>\n<tr>\n<td>Akkumul\u00e1tor<\/td>\n<td>850 mAh tiszta kobalt (\u00fajrat\u00f6lthet\u0151)<\/td>\n<\/tr>\n<tr>\n<td>Teljes E-folyad\u00e9k kapacit\u00e1s<\/td>\n<td>100 ml (4 \u00d7 25 ml)<\/td>\n<\/tr>\n<tr>\n<td>Tekercstechnol\u00f3gia<\/td>\n<td>Quad Mesh tekercs<\/td>\n<\/tr>\n<tr>\n<td>T\u00f6lt\u0151port<\/td>\n<td>C t\u00edpus\u00fa gyorst\u00f6lt\u00e9s<\/td>\n<\/tr>\n<tr>\n<td>Nikotin er\u0151ss\u00e9ge<\/td>\n<td>Egy\u00e9ni lehet\u0151s\u00e9gek \u00e1llnak rendelkez\u00e9sre a nagykereskedelemben<\/td>\n<\/tr>\n<\/tbody>\n<\/table>\n<p>[videopress Szf0xBf7]<\/p>\n<h2>&lt;img class=&quot;alignnone size-full wp-image-102369&quot; src=&quot;https:\/\/aiviouvapes.com\/wp-content\/uploads\/2026\/01\/BANG-BOX-200K-1.jpg&quot; alt=&quot;BANG BOX 200K&quot; width=&quot;1600&quot; \/ height=&quot;1600&quot; \/ height=&quot;827&quot;<\/p>\n<h2>El\u00e9rhet\u0151 \u00edzkombin\u00e1ci\u00f3k<\/h2>\n<p>Minden <a href=\"https:\/\/aiviouvapes.com\/product-category\/bang\/\" target=\"_blank\" rel=\"noopener\">BANG BOX<\/a> 200K izgalmas \u00edzp\u00e1ros\u00edt\u00e1st k\u00edn\u00e1l, hogy minden felf\u00faj\u00e1s friss \u00e9s sz\u00f3rakoztat\u00f3 legyen \ud83d\ude0b<\/p>\n<ul>\n<li><strong>\u00c1fonya sorozat:<\/strong> \u00e1fony\u00e1s j\u00e9g, \u00e1fony\u00e1s g\u00f6r\u00f6gdinnye, m\u00e1lna, citromos lime<\/li>\n<li><strong>G\u00f6r\u00f6gdinnye \u00e9s cukorka:<\/strong> g\u00f6r\u00f6gdinnye j\u00e9g, r\u00e1g\u00f3gumi, cseresznye j\u00e9g<\/li>\n<li><strong>J\u00e9g \u00e9s menta:<\/strong> menta j\u00e9g, \u00e1fony\u00e1s m\u00e1lnaj\u00e9g, sz\u0151l\u0151j\u00e9g, Nerdz cukorka<\/li>\n<li><strong>Egzotikus gy\u00fcm\u00f6lcs\u00f6k:<\/strong> passi\u00f3gy\u00fcm\u00f6lcs, anan\u00e1szos k\u00f3kusz j\u00e9g, Szerelem 66, h\u00e1rmas m\u00e9zharmat<\/li>\n<li><strong>Alma \u00e9s bogy\u00f3:<\/strong> dupla alma, savany\u00fa alm\u00e1s m\u00e1lna, szederfagylalt<\/li>\n<li><strong>Eperkever\u00e9k:<\/strong> eperj\u00e9g, epres kiwi, r\u00f3zsasz\u00edn limon\u00e1d\u00e9<\/li>\n<li><strong>Cola \u00e9s citrusf\u00e9l\u00e9k:<\/strong> cseresznye k\u00f3la, \u00e1fonya, eper m\u00e1lna<\/li>\n<li><strong>Tr\u00f3pusi mang\u00f3:<\/strong> h\u00e1rmas mang\u00f3, mang\u00f3 golgotagy\u00fcm\u00f6lcs, anan\u00e1sz j\u00e9g<\/li>\n<\/ul>\n<p>A jeges frissess\u00e9gt\u0151l az \u00e9des cukork\u00e1kig \u00e9s a tr\u00f3pusi kever\u00e9kekig az \u00edzv\u00e1laszt\u00e9kot \u00fagy alak\u00edtottuk ki, hogy a h\u00e9tk\u00f6znapi felhaszn\u00e1l\u00f3k \u00e9s a komoly \u00edzkeres\u0151k ig\u00e9nyeit is kiel\u00e9g\u00edtse \ud83c\udf08<\/p>\n<h2>T\u00f6k\u00e9letes felhaszn\u00e1l\u00f3k \u00e9s v\u00e1llalkoz\u00e1sok sz\u00e1m\u00e1ra<\/h2>\n<p>A <strong>BANG BOX 200K<\/strong> kiv\u00e1l\u00f3 v\u00e1laszt\u00e1s a <strong>s\u00falyos felhaszn\u00e1l\u00f3knak<\/strong>, akik kevesebb cser\u00e9t szeretn\u00e9nek, <strong>az \u00edzek kedvel\u0151inek<\/strong>, akik szeretik a v\u00e1ltozatoss\u00e1got, \u00e9s a <strong>vape \u00fczletek vagy forgalmaz\u00f3k<\/strong> sz\u00e1m\u00e1ra, akik nagy \u00e9rt\u00e9k\u0171, szemet gy\u00f6ny\u00f6rk\u00f6dtet\u0151 term\u00e9ket keresnek. Hossz\u00fa \u00e9lettartama, pr\u00e9mium fel\u00e9p\u00edt\u00e9se \u00e9s t\u00f6megbar\u00e1t kialak\u00edt\u00e1sa ide\u00e1liss\u00e1 teszi a nagy- \u00e9s viszontelad\u00f3i piacokon vil\u00e1gszerte.<\/p>\n<h2>Gyakran Ism\u00e9telt K\u00e9rd\u00e9sek (GYIK)<\/h2>\n<p><strong>K: A BANG BOX 200K \u00fajrat\u00f6lthet\u0151?<\/strong><br \/>\nV: Igen \ud83d\udc4d C t\u00edpus\u00fa t\u00f6lt\u0151porttal rendelkezik, \u00edgy \u00fajrat\u00f6ltheti az akkumul\u00e1tort, am\u00edg az \u00f6sszes e-liquid teljesen fel nem haszn\u00e1lja.<\/p>\n<p><strong>K: Honnan tudhatom, hogy az akkumul\u00e1tor vagy a folyad\u00e9k lemer\u00fclt?<\/strong><br \/>\nV: Az intelligens t\u00e1pell\u00e1t\u00e1s kijelz\u0151je egy\u00e9rtelm\u0171en mutatja az akkumul\u00e1tor t\u00f6lt\u00f6tts\u00e9gi szintj\u00e9t \u00e9s a haszn\u00e1lati \u00e1llapotot.<\/p>\n<p><strong>K: Ez alkalmas nagykereskedelmi vagy t\u00f6meges v\u00e1s\u00e1rl\u00e1sra?<\/strong><br \/>\nV: Abszol\u00fat. Ezt a modellt t\u00f6meges v\u00e1s\u00e1rl\u00e1sra tervezt\u00e9k, \u00e9s nagyon n\u00e9pszer\u0171 a vape forgalmaz\u00f3k \u00e9s kiskereskedelmi \u00fczletek k\u00f6r\u00e9ben.<\/p>\n<p><strong>K: Val\u00f3ban sz\u00e1m\u00edt a quad tekercs?<\/strong><br \/>\nV: Igen! A Quad coil technol\u00f3gia egyenletesebb meleg\u00edt\u00e9st, er\u0151sebb \u00edzt \u00e9s sim\u00e1bb g\u0151zt biztos\u00edt, kev\u00e9sb\u00e9 \u00e9gett \u00edzzel.<\/p>\n<p><strong>K: Kezd\u0151bar\u00e1t?<\/strong><br \/>\nV: Igen \ud83d\ude0a Nincsenek gombok, nincs \u00fajrat\u00f6lt\u00e9s, nincs be\u00e1ll\u00edt\u00e1s. Csak l\u00e9legezzen be \u00e9s \u00e9lvezze.<\/p>\n","protected":false},"excerpt":{"rendered":"<p>Ismerje meg a BANG BOX 200K-t \u2013 az eldobhat\u00f3 vape piac igazi \u00f3ri\u00e1s\u00e1t. A tart\u00f3ss\u00e1gra, az \u00edzek v\u00e1ltozatoss\u00e1g\u00e1ra \u00e9s a professzion\u00e1lis eloszt\u00e1sra tervezett k\u00e9sz\u00fcl\u00e9k hihetetlen 200 000 f\u00faj\u00e1st ad le egyetlen er\u0151teljes egys\u00e9gben. A fejlett n\u00e9gytekercses technol\u00f3gi\u00e1val, az intelligens teljes\u00edtm\u00e9nykijelz\u0151vel \u00e9s az egyed\u00fcl\u00e1ll\u00f3 8 az 1-ben \u00edzrendszerrel t\u00f6k\u00e9letes v\u00e1laszt\u00e1s azoknak a felhaszn\u00e1l\u00f3knak, akik t\u00f6bbet szeretn\u00e9nek, [&hellip;]<\/p>\n","protected":false},"featured_media":6927,"comment_status":"open","ping_status":"closed","template":"","meta":[],"product_brand":[],"product_cat":[511,346],"product_tag":[737,1058,808,770,615],"class_list":{"0":"post-18809","1":"product","2":"type-product","3":"status-publish","4":"has-post-thumbnail","6":"product_cat-20000-puff-eldobhato-vape","7":"product_cat-bang","8":"product_tag-200-000-puff-vape","9":"product_tag-eldobhato-vape","10":"product_tag-nagykereskedelmi-vape-keszulek","11":"product_tag-omlesztett-eldobhato-vape","12":"product_tag-ujratoltheto-eldobhato-vape","14":"first","15":"instock","16":"shipping-taxable","17":"purchasable","18":"product-type-variable","19":"has-default-attributes"},"jetpack_sharing_enabled":true,"tiered_pricing_type":"fixed","tiered_pricing_fixed_rules":{"30":10.2400000000000002131628207280300557613372802734375,"50":8.8100000000000004973799150320701301097869873046875,"100":8.03999999999999914734871708787977695465087890625,"200":7.6500000000000003552713678800500929355621337890625,"400":7.12999999999999989341858963598497211933135986328125},"tiered_pricing_product_settings":{"layout":"default","base_unit_name":{"singular":null,"plural":null},"default_variation":null},"tiered_pricing_minimum_quantity":10,"tiered_pricing_roles_data":[],"tiered_pricing_percentage_rules":[],"tiered_pricing_maximum_quantity":null,"tiered_pricing_quantity_step":"10","_links":{"self":[{"href":"https:\/\/ricovape.com\/hu\/wp-json\/wp\/v2\/product\/18809","targetHints":{"allow":["GET"]}}],"collection":[{"href":"https:\/\/ricovape.com\/hu\/wp-json\/wp\/v2\/product"}],"about":[{"href":"https:\/\/ricovape.com\/hu\/wp-json\/wp\/v2\/types\/product"}],"replies":[{"embeddable":true,"href":"https:\/\/ricovape.com\/hu\/wp-json\/wp\/v2\/comments?post=18809"}],"wp:featuredmedia":[{"embeddable":true,"href":"https:\/\/ricovape.com\/hu\/wp-json\/wp\/v2\/media\/6927"}],"wp:attachment":[{"href":"https:\/\/ricovape.com\/hu\/wp-json\/wp\/v2\/media?parent=18809"}],"wp:term":[{"taxonomy":"product_brand","embeddable":true,"href":"https:\/\/ricovape.com\/hu\/wp-json\/wp\/v2\/product_brand?post=18809"},{"taxonomy":"product_cat","embeddable":true,"href":"https:\/\/ricovape.com\/hu\/wp-json\/wp\/v2\/product_cat?post=18809"},{"taxonomy":"product_tag","embeddable":true,"href":"https:\/\/ricovape.com\/hu\/wp-json\/wp\/v2\/product_tag?post=18809"}],"curies":[{"name":"wp","href":"https:\/\/api.w.org\/{rel}","templated":true}]}}