{"id":176560,"date":"2026-04-17T12:56:32","date_gmt":"2026-04-17T12:56:32","guid":{"rendered":"https:\/\/ricovape.com\/product\/uzy-crystal-star-60k-60-000-felfujas-intelligens-kijelzo-kettos-halos-tekercs-12-iz-omlesztett-eldobhato-vape\/"},"modified":"2026-04-19T19:47:50","modified_gmt":"2026-04-19T19:47:50","slug":"uzy-crystal-star-60k","status":"publish","type":"product","link":"https:\/\/ricovape.com\/hu\/termek\/uzy-crystal-star-60k\/","title":{"rendered":"UZY Crystal Star 60K | 60 000 felf\u00faj\u00e1s, intelligens kijelz\u0151, kett\u0151s h\u00e1l\u00f3s tekercs, 12 \u00edz, \u00f6mlesztett eldobhat\u00f3 vape"},"content":{"rendered":"<h2>Ismerje meg az UZY Crystal Star 60K-t \u2b50<\/h2>\n<p>Egyszer haszn\u00e1latos vape-ot keres, amely folyamatosan m\u0171k\u00f6dik? Az <strong>UZY Crystal Star 60000 Puffs<\/strong>-t azoknak a g\u0151z\u00f6l\u0151knek tervezt\u00e9k, akik ut\u00e1lnak elfogyni. A hatalmas <strong>40mL-es e-liquid kapacit\u00e1ssal<\/strong>, a <strong>kett\u0151s h\u00e1l\u00f3s tekercs technol\u00f3gi\u00e1val<\/strong> a sima \u00e9s gazdag \u00edz\u00e9rt, valamint az <strong>okos kijelz\u0151vel<\/strong>, amely val\u00f3s id\u0151ben k\u00f6veti az akkumul\u00e1tor \u00e9s a gy\u00fcm\u00f6lcsl\u00e9 t\u00f6lt\u00f6tts\u00e9gi szintj\u00e9t, ez minden n\u00e9gyzetet bejel\u00f6l. Ak\u00e1r eg\u00e9sz nap g\u0151z\u00f6l\u00f6g, ak\u00e1r rakt\u00e1ron \u00e1ll a polcokon \u00fcgyfelei sz\u00e1m\u00e1ra, a Crystal Star 60K sz\u00e1ll\u00edt.<\/p>\n<h2>Mi\u00e9rt v\u00e1lassza az UZY Crystal Star 60K-t? \u2705<\/h2>\n<ul>\n<li><strong>60 000 f\u00faj\u00e1s<\/strong> hosszan tart\u00f3 teljes\u00edtm\u00e9ny \u2013 kevesebb csere, t\u00f6bb \u00e9lvezet \ud83d\udd25<\/li>\n<li><strong>40mL-es e-folyad\u00e9k kapacit\u00e1sa<\/strong>, \u00edgy ak\u00e1r hetekig is g\u0151z\u00f6lhet aggodalom n\u00e9lk\u00fcl<\/li>\n<li><strong>Kett\u0151s h\u00e1l\u00f3s tekercs technol\u00f3gia<\/strong> a finomabb \u00fct\u00e9sek \u00e9s a mer\u00e9szebb \u00edz \u00e9rdek\u00e9ben \u2601\ufe0f<\/li>\n<p>Az <\/p>\n<li><strong>okos kijelz\u0151<\/strong> egy pillant\u00e1ssal mutatja az akkumul\u00e1tor \u00e9s az e-liquid t\u00f6lt\u00f6tts\u00e9gi szintj\u00e9t \ud83d\udc40<\/li>\n<p>Az <\/p>\n<li><strong>\u00c1ll\u00edthat\u00f3 l\u00e9g\u00e1raml\u00e1s<\/strong> seg\u00edts\u00e9g\u00e9vel szem\u00e9lyre szabhatja a sorsol\u00e1st \u2013 sz\u0171k vagy szell\u0151s, h\u00edv\u00e1s\u00e1t \ud83c\udf2c\ufe0f<\/li>\n<li><strong>650mAh \u00fajrat\u00f6lthet\u0151 akkumul\u00e1tor<\/strong> USB Type-C gyorst\u00f6lt\u00e9ssel \u26a1<\/li>\n<li><strong>12 \u00edzv\u00e1laszt\u00e9k<\/strong> gy\u00fcm\u00f6lcs\u00f6kkel, j\u00e9ggel, cukork\u00e1kkal \u00e9s klasszikus profilokkal \ud83c\udf53<\/li>\n<li><strong>Kiv\u00e1l\u00f3 boltokba \u00e9s nagykeresked\u00e9sekbe<\/strong> \u2013 ig\u00e9nyes krist\u00e1lykialak\u00edt\u00e1s, amely gyorsan leker\u00fcl a polcokr\u00f3l \ud83d\udce6<\/li>\n<\/ul>\n<h2>Az UZY Crystal Star 60K m\u0171szaki adatai \ud83d\udccc<\/h2>\n<tbody>\n<tr>\n<td><strong>Term\u00e9kn\u00e9v<\/strong><\/td>\n<td>UZY Crystal Star 60000 Puffs eldobhat\u00f3 vape<\/td>\n<\/tr>\n<tr>\n<td><strong>Maxim\u00e1lis felf\u00faj\u00e1sok<\/strong><\/td>\n<td>Ak\u00e1r 60 000 f\u00faj\u00e1s<\/td>\n<\/tr>\n<tr>\n<td><strong>E-folyad\u00e9k kapacit\u00e1s<\/strong><\/td>\n<td>40mL<\/td>\n<\/tr>\n<tr>\n<td><strong>Tekercs<\/strong><\/td>\n<td>Kett\u0151s h\u00e1l\u00f3s tekercs<\/td>\n<\/tr>\n<tr>\n<td><strong>Nikotin er\u0151ss\u00e9ge<\/strong><\/td>\n<td>0% \/ 2% \/ 3% \/ 5%<\/td>\n<\/tr>\n<tr>\n<td><strong>Akkumul\u00e1tor<\/strong><\/td>\n<td>650mAh \u00fajrat\u00f6lthet\u0151<\/td>\n<\/tr>\n<tr>\n<td><strong>T\u00f6lt\u00e9s<\/strong><\/td>\n<td>C t\u00edpus\u00fa USB gyorst\u00f6lt\u00e9s<\/td>\n<\/tr>\n<tr>\n<td><strong>Kijelz\u0151<\/strong><\/td>\n<td>Intelligens k\u00e9perny\u0151 (akkumul\u00e1tor \u00e9s E-folyad\u00e9k jelz\u0151)<\/td>\n<\/tr>\n<tr>\n<td><strong>L\u00e9g\u00e1raml\u00e1s<\/strong><\/td>\n<td>\u00c1ll\u00edthat\u00f3 l\u00e9g\u00e1raml\u00e1si rendszer<\/td>\n<\/tr>\n<tr>\n<td><strong>Csomagol\u00e1s<\/strong><\/td>\n<td>10 eszk\u00f6z dobozonk\u00e9nt<\/td>\n<\/tr>\n<\/tbody>\n<\/table>\n<h2>UZY Crystal Star 60K \u00edzes\u00edt\u00e9si lehet\u0151s\u00e9gek \ud83c\udf53\ud83c\udf49\ud83e\uddca<\/h2>\n<p>Az UZY Crystal Star 60000 <strong>12 finom \u00edzben<\/strong> kaphat\u00f3, amelyek mindegyike sima \u00e9s kiel\u00e9g\u00edt\u0151 g\u0151z\u00f6l\u00e9st eredm\u00e9nyez. \u00cdme a teljes fel\u00e1ll\u00e1s:<\/p>\n<ul>\n<li><strong>Blueberry Raspberry<\/strong> \u2013 a l\u00e9d\u00fas \u00e1fonya \u00e9s a cs\u00edp\u0151s m\u00e1lna a t\u00f6k\u00e9letes bogy\u00f3s p\u00e1ros\u00e9rt \ud83e\uded0<\/li>\n<li><strong>Kiwi Passion Fruit Guava<\/strong> \u2013 tr\u00f3pusi tri\u00f3, amely f\u00e9nyes, \u00e9des \u00e9s friss\u00edt\u0151 \ud83e\udd5d\ud83c\udf48<\/li>\n<li><strong>Cherry Cola Ice<\/strong> \u2013 klasszikus csereszny\u00e9s k\u00f3la jeges csavarral \ud83c\udf52\ud83e\uddca<\/li>\n<li><strong>Epres g\u00f6r\u00f6gdinnye<\/strong> \u2013 \u00e9des eper friss g\u00f6r\u00f6gdinny\u00e9vel keverve \ud83c\udf53\ud83c\udf49<\/li>\n<li><strong>Kevert bogy\u00f3k<\/strong> \u2013 \u00e9rett bogy\u00f3k kever\u00e9ke, kiegyens\u00falyozott \u00e9s sima \ud83c\udf47<\/li>\n<li><strong>Peach Ice<\/strong> \u2013 l\u00e9d\u00fas \u0151szibarack h\u0171v\u00f6s mentolos bevonattal \ud83c\udf51\u2744\ufe0f<\/li>\n<li><strong>Lemon Lime<\/strong> \u2013 zamatos citruskombin\u00e1ci\u00f3, tiszta \u00e9s ropog\u00f3s \ud83c\udf4b<\/li>\n<li><strong>Grape Ice<\/strong> \u2013 mer\u00e9sz sz\u0151l\u0151\u00edz fagyos \u00fct\u00e9ssel \ud83c\udf47\ud83e\uddca<\/li>\n<li><strong>G\u00f6r\u00f6gdinnye j\u00e9g<\/strong> \u2013 \u00e9des g\u00f6r\u00f6gdinnye jeges kil\u00e9gz\u00e9ssel \ud83c\udf49\u2744\ufe0f<\/li>\n<li><strong>Love 66<\/strong> \u2013 \u00e9des, gy\u00fcm\u00f6lcs\u00f6s \u00e9dess\u00e9gkever\u00e9k, amelyet a rajong\u00f3k im\u00e1dnak \ud83d\udc95<\/li>\n<li><strong>K\u00e9t alma<\/strong> \u2013 dupla alma finoms\u00e1g egy csipetnyi h\u0171v\u00f6ss\u00e9ggel \ud83c\udf4f\ud83c\udf4e<\/li>\n<li><strong>Blueberry Ice<\/strong> \u2013 gazdag \u00e1fonya friss\u00edt\u0151 jeges bevonattal \ud83e\uded0\u2744\ufe0f<\/li>\n<\/ul>\n<h2>Kis- \u00e9s nagykereskedelmi sikerre k\u00e9sz\u00fclt \ud83c\udfea\ud83d\udce6<\/h2>\n<p>Az <strong>UZY Crystal Star 60K<\/strong> kiv\u00e1l\u00f3an illeszkedik a <strong>neh\u00e9z g\u0151z\u00f6l\u0151kh\u00f6z<\/strong>, akik tart\u00f3s k\u00e9sz\u00fcl\u00e9kre v\u00e1gynak, <strong>az \u00edzek kedvel\u0151inek<\/strong>, akik \u00e9rt\u00e9kelik a v\u00e1ltozatoss\u00e1got \u00e9s a <strong>szemet mutat\u00f3 \u00fczletet<\/strong> mag\u00e1t. A <strong>terjeszt\u0151k \u00e9s nagykeresked\u0151k<\/strong> sz\u00e1m\u00e1ra a 60 000 puff, az intelligens k\u00e9perny\u0151 \u00e9s a 12 n\u00e9pszer\u0171 \u00edz kombin\u00e1ci\u00f3ja er\u0151s SKU-v\u00e1 teszi a nagy puffad\u00e1s\u00fa eldobhat\u00f3 kateg\u00f3ri\u00e1ban.<\/p>\n<h2>UZY Crystal Star 60K GYIK \u2753<\/h2>\n<h3>H\u00e1ny puffad\u00e1st ad az UZY Crh3&gt;?<\/p>\n<p>Az UZY Crystal Star ak\u00e1r <strong>60 000 bef\u00faj\u00e1st<\/strong> k\u00edn\u00e1l, \u00edgy az egyik leghosszabb \u00e9lettartam\u00fa eldobhat\u00f3 g\u0151z\u00f6l\u0151.<\/p>\n<h3>Az UZY Crystal Star 60K \u00fajrat\u00f6lthet\u0151?<\/h3>\n<p>Igen! <strong>650mAh akkumul\u00e1torral<\/strong> rendelkezik <strong>USB Type-C gyorst\u00f6lt\u00e9ssel<\/strong>, \u00edgy gyorsan \u00fajrat\u00f6ltheti \u00e9s folyamatosan g\u0151z\u00f6l\u00f6ghet. \u26a1<\/p>\n<h3>Milyen er\u0151ss\u00e9g\u0171 nikotin \u00e9rhet\u0151 el?<\/h3>\n<p>V\u00e1laszthat a <strong>0%<\/strong>, <strong>2%<\/strong>, <strong>3%<\/strong> \u00e9s <strong>5%<\/strong> nikotin opci\u00f3k k\u00f6z\u00fcl, hogy megfeleljen az \u00d6n preferenci\u00e1j\u00e1nak vagy piaci k\u00f6vetelm\u00e9nyeinek.<\/p>\n<h3>Mennyi e-folyad\u00e9kot tud tartani egy <strong>40mL-ben? e-liquid kapacit\u00e1s<\/strong>, ez\u00e9rt tud annyi puffan\u00e1st leadni an\u00e9lk\u00fcl, hogy kisz\u00e1radna.<\/p>\n<h3>Milyen t\u00edpus\u00fa tekercset haszn\u00e1l?<\/h3>\n<p>A <strong>kett\u0151s h\u00e1l\u00f3s tekercs technol\u00f3gi\u00e1t<\/strong> alkalmazza, hogy egyenletesebb g\u0151zt \u00e9s fokozott \u00edzt biztos\u00edtson minden bef\u00faj\u00e1ssal. \u2601\ufe0f<\/p>\n<h3>H\u00e1nyf\u00e9le \u00edz l\u00e9tezik?<\/h3>\n<p>A <strong>12 \u00edzv\u00e1laszt\u00e9k<\/strong> l\u00e9tezik, k\u00f6zt\u00fck gy\u00fcm\u00f6lcs\u00f6s, jeges, \u00e9des \u00e9s klasszikus profilok \u2013 minden \u00edzl\u00e9snek megfelel\u0151.<\/p>\n<h3>Az UZY Crystal Star j\u00f3 a nagykereskedelemben?<\/h3>\n<p>Abszol\u00fat. A krist\u00e1ly diz\u00e1jn remek\u00fcl mutat a polcokon, a 60 000 puffad\u00e1ssz\u00e1m vonzza a neh\u00e9z felhaszn\u00e1l\u00f3kat, az intelligens kijelz\u0151 pedig olyan \u00e9rt\u00e9kes\u00edt\u00e9si pont, amelyet a v\u00e1s\u00e1rl\u00f3k szeretnek. Csomagolt <strong>10 eszk\u00f6z dobozonk\u00e9nt<\/strong>. \ud83d\udce6<\/p>\n","protected":false},"excerpt":{"rendered":"<p>UZY Crystal Star 60K eldobhat\u00f3 vape intelligens kijelz\u0151vel, kett\u0151s h\u00e1l\u00f3s tekercsekkel \u00e9s \u00e1ll\u00edthat\u00f3 l\u00e9g\u00e1raml\u00e1ssal. Hatalmas 40mL-es e-liquid + 60 000 felf\u00faj\u00e1s \u2013 t\u00f6k\u00e9letes kis- \u00e9s nagykereskedelmi v\u00e1s\u00e1rl\u00f3k sz\u00e1m\u00e1ra. \u2728<\/p>\n<h3>\ud83d\udc49Ez a term\u00e9k rakt\u00e1ron van EU-s rakt\u00e1runkban!<\/h3>\n<h4>\ud83c\udf89Kihagyja a v\u00e1rakoz\u00e1st: <strong>5\u20137 napos sz\u00e1ll\u00edt\u00e1s az eur\u00f3pai sz\u00e9khely\u0171<\/strong> rakt\u00e1runkb\u00f3l (csak az alap\u00e9rtelmezett <strong>2%-os nikotiner\u0151ss\u00e9g<\/strong> verzi\u00f3hoz).<\/h4>\n<p><span style=\"font-size: 75%\"><em>\ud83d\udd39 A legt\u00f6bb rendel\u00e9st eur\u00f3pai rakt\u00e1runkb\u00f3l sz\u00e1ll\u00edtjuk, ha van ilyen. Alkalmank\u00e9nt, ha nincs rakt\u00e1ron, ink\u00e1bb K\u00edn\u00e1b\u00f3l sz\u00e1ll\u00edtjuk.<\/em><\/span><\/p>\n","protected":false},"featured_media":128716,"comment_status":"open","ping_status":"closed","template":"","meta":[],"product_brand":[],"product_cat":[692,862,979,1013,826,1225,1187,1046,900,1886],"product_tag":[4553],"class_list":{"0":"post-176560","1":"product","2":"type-product","3":"status-publish","4":"has-post-thumbnail","6":"product_cat-60000-puff-eldobhato-vape","7":"product_cat-big-puffs-vapes","8":"product_cat-crystal-vapes","9":"product_cat-digitalis-doboz-vapes","10":"product_cat-eldobhato-vape-tipusok","11":"product_cat-eldobhato-vapes-europaban","12":"product_cat-olcso-ujratoltheto-eldobhato-vape","13":"product_cat-smart-screen-vapes","14":"product_cat-ujratoltheto-vapes","15":"product_cat-uzy","16":"product_tag-uzy-crystal-star-60000-disposable-vape","18":"first","19":"instock","20":"shipping-taxable","21":"purchasable","22":"product-type-variable","23":"has-default-attributes"},"jetpack_sharing_enabled":true,"tiered_pricing_type":"fixed","tiered_pricing_fixed_rules":{"30":8.519999999999999573674358543939888477325439453125,"50":7.2599999999999997868371792719699442386627197265625,"100":6.7400000000000002131628207280300557613372802734375,"200":6.46999999999999975131004248396493494510650634765625,"400":5.75},"tiered_pricing_product_settings":{"layout":"default","base_unit_name":{"singular":null,"plural":null},"default_variation":null},"tiered_pricing_minimum_quantity":10,"tiered_pricing_roles_data":[],"tiered_pricing_percentage_rules":[],"tiered_pricing_maximum_quantity":null,"tiered_pricing_quantity_step":"10","_links":{"self":[{"href":"https:\/\/ricovape.com\/hu\/wp-json\/wp\/v2\/product\/176560","targetHints":{"allow":["GET"]}}],"collection":[{"href":"https:\/\/ricovape.com\/hu\/wp-json\/wp\/v2\/product"}],"about":[{"href":"https:\/\/ricovape.com\/hu\/wp-json\/wp\/v2\/types\/product"}],"replies":[{"embeddable":true,"href":"https:\/\/ricovape.com\/hu\/wp-json\/wp\/v2\/comments?post=176560"}],"wp:featuredmedia":[{"embeddable":true,"href":"https:\/\/ricovape.com\/hu\/wp-json\/wp\/v2\/media\/128716"}],"wp:attachment":[{"href":"https:\/\/ricovape.com\/hu\/wp-json\/wp\/v2\/media?parent=176560"}],"wp:term":[{"taxonomy":"product_brand","embeddable":true,"href":"https:\/\/ricovape.com\/hu\/wp-json\/wp\/v2\/product_brand?post=176560"},{"taxonomy":"product_cat","embeddable":true,"href":"https:\/\/ricovape.com\/hu\/wp-json\/wp\/v2\/product_cat?post=176560"},{"taxonomy":"product_tag","embeddable":true,"href":"https:\/\/ricovape.com\/hu\/wp-json\/wp\/v2\/product_tag?post=176560"}],"curies":[{"name":"wp","href":"https:\/\/api.w.org\/{rel}","templated":true}]}}