{"id":175574,"date":"2026-04-17T12:23:50","date_gmt":"2026-04-17T12:23:50","guid":{"rendered":"https:\/\/ricovape.com\/product\/bangbox-80k-triple-flavor-80000-puffs-omlesztett-eldobhato-vape-60ml-e-liquiddel\/"},"modified":"2026-04-19T18:51:58","modified_gmt":"2026-04-19T18:51:58","slug":"bangbox-80k-triple","status":"publish","type":"product","link":"https:\/\/ricovape.com\/hu\/termek\/bangbox-80k-triple\/","title":{"rendered":"BANGBOX 80K Triple Flavor 80000 Puffs | \u00f6mlesztett eldobhat\u00f3 vape 60mL e-liquiddel"},"content":{"rendered":"<h2>Mi\u00e9rt v\u00e1lassza a BANGBOX 80000-et?<\/h2>\n<ul>\n<li>\u26a1 <strong>80 000 f\u00faj\u00e1s<\/strong> \u2013 az egyik legtart\u00f3sabb eldobhat\u00f3 vape a piacon<\/li>\n<li>\ud83d\udd0b <strong>17350\u2013850mAh tiszta kobalt akkumul\u00e1tor<\/strong> 5 A-es kis\u00fct\u00e9ssel \u2013 stabil teljes\u00edtm\u00e9ny, gyenge \u00fct\u00e9sek n\u00e9lk\u00fcl<\/li>\n<li>\ud83d\udca7 <strong>60mL el\u0151ret\u00f6lt\u00f6tt e-liquid<\/strong> \u2013 \u00e9lvezze a hetek vagy h\u00f3napok haszn\u00e1lat\u00e1t \u00fajrat\u00f6lt\u00e9s n\u00e9lk\u00fcl<\/li>\n<li>\ud83c\udf00 <strong>0,8\u03a9 h\u00e1romh\u00e1l\u00f3s tekercs<\/strong> \u2013 gyors felmeleged\u00e9s, er\u0151s g\u0151z, gazdag \u00edz<\/li>\n<li>\ud83d\udd04 <strong>H\u00e1rom \u00edz\u0171 h\u00fcvely<\/strong> \u2013 v\u00e1ltson 3 \u00edz k\u00f6z\u00f6tt egy eszk\u00f6z\u00f6n<\/li>\n<li>\ud83d\udcca Val\u00f3s idej\u0171 akkumul\u00e1tor- \u00e9s e-folyad\u00e9k-jelz\u0151k \u2013 mindig tudja az \u00e1llapot\u00e1t<\/li>\n<li>\u26a1 <strong>C t\u00edpus\u00fa gyorst\u00f6lt\u00e9s<\/strong> \u2013 gyors, k\u00e9nyelmes \u00fajrat\u00f6lt\u00e9s<\/li>\n<li>\ud83c\udf1f T\u00f6bbf\u00e9le nikotin opci\u00f3 (0%, 2%, 3%, 5%) \u2013 t\u00f6k\u00e9letes kezd\u0151knek vagy volt doh\u00e1nyosoknak<\/li>\n<li>\ud83d\udce6 <strong>Nagykereskedelmi haszn\u00e1latra k\u00e9sz csomagol\u00e1s<\/strong> \u2013 vape boltok \u00e9s forgalmaz\u00f3k sz\u00e1m\u00e1ra k\u00e9sz\u00fclt<\/li>\n<\/ul>\n<h3>M\u0171szaki adatok<\/h3>\n<table cellpadding=\"6\">\n<tbody>\n<tr>\n<td><strong>Puff Count<\/strong><\/td>\n<td>Ak\u00e1r 80 000 f\u00faj\u00e1s<\/td>\n<\/tr>\n<tr>\n<td><strong>Akkumul\u00e1tor<\/strong><\/td>\n<td>17350-850mAh tiszta kobalt, 5A kis\u00fcl\u00e9s<\/td>\n<\/tr>\n<tr>\n<td><strong>E-folyad\u00e9k kapacit\u00e1s<\/strong><\/td>\n<td>60mL<\/td>\n<\/tr>\n<tr>\n<td><strong>Tekercs<\/strong><\/td>\n<td>0,8\u03a9 h\u00e1romh\u00e1l\u00f3<\/td>\n<\/tr>\n<tr>\n<td><strong>T\u00f6lt\u0151port<\/strong><\/td>\n<td>C t\u00edpus\u00fa<\/td>\n<\/tr>\n<tr>\n<td><strong>Mutat\u00f3k<\/strong><\/td>\n<td>E-folyad\u00e9k \u00e9s akkumul\u00e1tor kijelz\u0151<\/td>\n<\/tr>\n<tr>\n<td><strong>\u00cdzrendszer<\/strong><\/td>\n<td>H\u00e1rmas \u00edz\u0171 h\u00fcvelyek<\/td>\n<\/tr>\n<tr>\n<td><strong>Nikotin er\u0151ss\u00e9ge<\/strong><\/td>\n<td>0% \/ 2% \/ 3% \/ 5%<\/td>\n<\/tr>\n<\/tbody>\n<\/table>\n<h3>Izgalmas \u00edzkombin\u00e1ci\u00f3k \ud83c\udf6d<\/h3>\n<ul>\n<li><strong>Eper ban\u00e1n \u2022 M\u00e1lna g\u00f6r\u00f6gdinnye \u2022 Love 666<\/strong> \u2013 \u00e9des, l\u00e9d\u00fas \u00e9s mer\u00e9sz<\/li>\n<li><strong>Tr\u00f3pusi gy\u00fcm\u00f6lcs \u2022 eper g\u00f6r\u00f6gdinnye \u2022 citrombarack<\/strong> \u2013 egzotikus \u00e9s friss\u00edt\u0151 tri\u00f3<\/li>\n<li><strong>Epres van\u00edlia k\u00f3la \u2022 savany\u00fa alma m\u00e1lna \u2022 citromos lime<\/strong> \u2013 sz\u00e9nsavas, gy\u00fcm\u00f6lcs\u00f6s, cs\u00edp\u0151s<\/li>\n<li><strong>Dupla sz\u0151l\u0151 \u2022 Epermang\u00f3 \u2022 \u00c1fony\u00e1s savany\u00fa m\u00e1lnaj\u00e9g<\/strong> \u2013 gazdag, \u00e9des, jeges<\/li>\n<li><strong>G\u00f6r\u00f6gdinnye fagylalt \u2022 Eperfagylalt \u2022 Triple Melon<\/strong> \u2013 kr\u00e9mes \u00e9s h\u0171v\u00f6s kever\u00e9k<\/li>\n<li><strong>Citromos k\u00f3l\u00e1s sz\u00f3da \u2022 G\u00f6r\u00f6gdinnye gumi \u2022 Fekete s\u00e1rk\u00e1ny j\u00e9g<\/strong> \u2013 sz\u00e9nsavas, r\u00e1g\u00f3s, titokzatos<\/li>\n<li><strong>H\u00e1rombogy\u00f3 j\u00e9g \u2022 Mang\u00f3 \u0151szibarack \u2022 Eper kiwi<\/strong> \u2013 gy\u00fcm\u00f6lcs\u00f6s \u00e9s fagyos fagy\u00e1s<\/li>\n<li><strong>Eperfagylalt \u2022 Epres g\u00f6r\u00f6gdinnye \u2022 Anan\u00e1sz mang\u00f3 \u0151szibarack<\/strong> \u2013 l\u00e9d\u00fas, r\u00e9teges \u00e9dess\u00e9g<\/li>\n<li><strong>Anan\u00e1szos k\u00f3kusz \u2022 Eperj\u00e9g \u2022 Blue Razz Ice<\/strong> \u2013 tr\u00f3pusi \u00e9s cs\u00edp\u0151s hideg<\/li>\n<li><strong>Citromos lime \u2022 Mang\u00f3 \u0151szibarack g\u00f6r\u00f6gdinnye \u2022 \u00c1fonya j\u00e9g<\/strong> \u2013 zamatos \u00e9s sima<\/li>\n<li><strong>G\u00f6r\u00f6gdinnye j\u00e9g \u2022 Red Bull \u2022 Strawberry Kiwi<\/strong> \u2013 energiz\u00e1l\u00f3 gy\u00fcm\u00f6lcs\u00f6s csavar<\/li>\n<li><strong>Epres kiwi \u2022 Savany\u00fa mang\u00f3 anan\u00e1sz \u2022 Eper Red Bull<\/strong> \u2013 savany\u00fa, \u00e9des \u00e9s er\u0151teljes<\/li>\n<\/ul>\n<h3>GYIK \ud83e\udd14<\/h3>\n<p><strong>K: Mennyi ideig b\u00edrja a BANGBOX 80000?<\/strong><br \/>\nV: 80 000 felf\u00faj\u00e1ssal \u00e9s 60mL e-folyad\u00e9kkal ez az egyik legtart\u00f3sabb eldobhat\u00f3 term\u00e9k \u2013 hossz\u00fa t\u00e1v\u00fa haszn\u00e1latra kiv\u00e1l\u00f3.<\/p>\n<p><strong>K: V\u00e1ltoztathatok az \u00edzek k\u00f6z\u00f6tt egyetlen k\u00e9sz\u00fcl\u00e9kben?<\/strong><br \/>\nV: Igen! A h\u00e1rmas \u00edzp\u00e1rna rendszer lehet\u0151v\u00e9 teszi, hogy 3 k\u00fcl\u00f6nb\u00f6z\u0151 \u00edzt \u00e9lvezhess egyetlen g\u0151zzel.<\/p>\n<p><strong>K: T\u00e1mogatja a nikotinmentes g\u0151z\u00f6l\u00e9st?<\/strong><br \/>\nV: Abszol\u00fat! V\u00e1lassza a 0% nikotint, ha csak az \u00edzt \u00e9s a felh\u0151ket szeretn\u00e9.<\/p>\n<p><strong>K: Ez az eszk\u00f6z alkalmas nagykereskedelmi forgalomba?<\/strong><br \/>\nV: Igen, forgalmaz\u00f3bar\u00e1t csomagol\u00e1sban kaphat\u00f3, k\u00e9szen \u00e1ll a kiskereskedelmi polcokra.<\/p>\n<h3>T\u00f6k\u00e9letes az \u00d6n sz\u00e1m\u00e1ra \u2705<\/h3>\n<p><strong>A BANGBOX 80K<\/strong> a <em>neh\u00e9z felhaszn\u00e1l\u00f3knak, \u00edzkeres\u0151knek, vape boltoknak \u00e9s nagykereskedelmi forgalmaz\u00f3knak<\/em> k\u00e9sz\u00fclt. H\u00e1romszoros \u00edzv\u00e1lt\u00e1ssal, hatalmas puffad\u00e1ssz\u00e1mmal \u00e9s nagy teljes\u00edtm\u00e9ny\u0171 akkumul\u00e1torral ez nem csak egy vape, hanem egy \u00fczleti nyertes \u00e9s egy v\u00e1s\u00e1rl\u00f3 kedvence is \ud83c\udf1f.<\/p>\n","protected":false},"excerpt":{"rendered":"<p><strong>T\u00f6meges, 80 000 felf\u00faj\u00e1s<\/strong>, <strong>h\u00e1rmas \u00edzp\u00e1rn\u00e1k<\/strong> \u00e9s egy hatalmas <strong>60mL-es e-liquid tart\u00e1ly<\/strong> \u2013 a t\u00f6k\u00e9letes, hossz\u00fa \u00e9lettartam\u00fa eldobhat\u00f3 vape \u00fczletek, forgalmaz\u00f3k \u00e9s nagy felhaszn\u00e1l\u00f3k sz\u00e1m\u00e1ra \ud83d\ude80.<\/p>\n","protected":false},"featured_media":128255,"comment_status":"open","ping_status":"closed","template":"","meta":[],"product_brand":[],"product_cat":[346,1545,1406,1365,1439,1598,1187],"product_tag":[2044],"class_list":{"0":"post-175574","1":"product","2":"type-product","3":"status-publish","4":"has-post-thumbnail","6":"product_cat-bang","7":"product_cat-eldobhato-vapes-lengyelorszagban","8":"product_cat-eldobhato-vapes-magyarorszagon","9":"product_cat-eldobhato-vapes-nemetorszagban","10":"product_cat-eldobhato-vapes-olaszorszagban","11":"product_cat-eldobhato-vapes-spanyolorszagban","12":"product_cat-olcso-ujratoltheto-eldobhato-vape","13":"product_tag-hosszan-tarto-eldobhato-vape","15":"first","16":"instock","17":"shipping-taxable","18":"purchasable","19":"product-type-variable","20":"has-default-attributes"},"jetpack_sharing_enabled":true,"tiered_pricing_type":"fixed","tiered_pricing_fixed_rules":{"30":8.6400000000000005684341886080801486968994140625,"50":6.910000000000000142108547152020037174224853515625,"100":6.6699999999999999289457264239899814128875732421875,"200":6.04999999999999982236431605997495353221893310546875,"400":5.7400000000000002131628207280300557613372802734375},"tiered_pricing_product_settings":{"layout":"default","base_unit_name":{"singular":null,"plural":null},"default_variation":null},"tiered_pricing_minimum_quantity":10,"tiered_pricing_roles_data":[],"tiered_pricing_percentage_rules":[],"tiered_pricing_maximum_quantity":null,"tiered_pricing_quantity_step":"10","_links":{"self":[{"href":"https:\/\/ricovape.com\/hu\/wp-json\/wp\/v2\/product\/175574","targetHints":{"allow":["GET"]}}],"collection":[{"href":"https:\/\/ricovape.com\/hu\/wp-json\/wp\/v2\/product"}],"about":[{"href":"https:\/\/ricovape.com\/hu\/wp-json\/wp\/v2\/types\/product"}],"replies":[{"embeddable":true,"href":"https:\/\/ricovape.com\/hu\/wp-json\/wp\/v2\/comments?post=175574"}],"wp:featuredmedia":[{"embeddable":true,"href":"https:\/\/ricovape.com\/hu\/wp-json\/wp\/v2\/media\/128255"}],"wp:attachment":[{"href":"https:\/\/ricovape.com\/hu\/wp-json\/wp\/v2\/media?parent=175574"}],"wp:term":[{"taxonomy":"product_brand","embeddable":true,"href":"https:\/\/ricovape.com\/hu\/wp-json\/wp\/v2\/product_brand?post=175574"},{"taxonomy":"product_cat","embeddable":true,"href":"https:\/\/ricovape.com\/hu\/wp-json\/wp\/v2\/product_cat?post=175574"},{"taxonomy":"product_tag","embeddable":true,"href":"https:\/\/ricovape.com\/hu\/wp-json\/wp\/v2\/product_tag?post=175574"}],"curies":[{"name":"wp","href":"https:\/\/api.w.org\/{rel}","templated":true}]}}