{"id":175080,"date":"2026-04-17T12:12:33","date_gmt":"2026-04-17T12:12:33","guid":{"rendered":"https:\/\/ricovape.com\/product\/bang-blaze-starry-50000-puffs-dual-mode-omlesztett-eldobhato-vape\/"},"modified":"2026-04-19T18:38:32","modified_gmt":"2026-04-19T18:38:32","slug":"bang-blaze-starry-50000","status":"publish","type":"product","link":"https:\/\/ricovape.com\/hu\/termek\/bang-blaze-starry-50000\/","title":{"rendered":"Bang Blaze Starry 50000 Puffs | dual-mode \u00f6mlesztett eldobhat\u00f3 vape"},"content":{"rendered":"<h2>Bang Blaze Starry 50000 Puffs<\/h2>\n<p>A <strong>Bang Blaze Starry 50000 Puffs<\/strong> egy kett\u0151s \u00fczemm\u00f3d\u00fa led-kijelz\u0151s eldobhat\u00f3 vape kis- \u00e9s nagykereskedelmi v\u00e1s\u00e1rl\u00f3k sz\u00e1m\u00e1ra, akik praktikus, k\u00f6nnyen elmagyar\u00e1zhat\u00f3 term\u00e9koldalt szeretn\u00e9nek. 50 000 bef\u00faj\u00e1st, kett\u0151s h\u00e1l\u00f3s tekercset \u00e9s LED-kijelz\u0151t egyes\u00edt, hogy \u00fcgyfeleinek tiszt\u00e1bb elhelyez\u00e9s\u0171 \u00e9s er\u0151sebb polcvonzat\u00fa eszk\u00f6zt biztos\u00edtson.<\/p>\n<h2>Mi\u00e9rt v\u00e1lassza ezt a term\u00e9ket?<\/h2>\n<ul>\n<li><strong>Ak\u00e1r 50 000 f\u00faj\u00e1s<\/strong> egy hosszabb \u00e9lettartam\u00fa eszk\u00f6z\u00e9rt, amelyet k\u00f6nnyen elhelyezhet a nagykereskedelmi katal\u00f3gusokban.<\/li>\n<li><strong>Kett\u0151s m\u00f3d<\/strong> form\u00e1tum azon \u00fcgyfelek sz\u00e1m\u00e1ra, akik v\u00e1ltozatos \u00edzvil\u00e1got szeretn\u00e9nek egyetlen eszk\u00f6z\u00f6n.<\/li>\n<li><strong>Kett\u0151s h\u00e1l\u00f3s tekercs<\/strong> az egyenletesebb \u00edzlead\u00e1s \u00e9s a sim\u00e1bb g\u0151ztermel\u00e9s \u00e9rdek\u00e9ben.<\/li>\n<li><strong>LED kijelz\u0151<\/strong> az akkumul\u00e1tor vagy az e-liquid \u00e1llapot\u00e1nak egy pillant\u00e1ssal k\u00f6nnyebb meg\u00e9rt\u00e9s\u00e9hez.<\/li>\n<li><strong>550mAh<\/strong>, hogy az eszk\u00f6z praktikus legyen a napi ism\u00e9telt haszn\u00e1lathoz.<\/li>\n<li><strong>Nagykereskedelem-bar\u00e1t helymeghat\u00e1roz\u00e1s<\/strong> vape \u00fczletek, forgalmaz\u00f3k \u00e9s t\u00f6meges rendel\u00e9si programok sz\u00e1m\u00e1ra.<\/li>\n<\/ul>\n<h2>M\u0171szaki adatok<\/h2>\n<table>\n<tbody>\n<tr>\n<td><strong>Term\u00e9kn\u00e9v<\/strong><\/td>\n<td>Bang Blaze Starry 50000 f\u00faj\u00e1s<\/td>\n<\/tr>\n<tr>\n<td><strong>Puff Count<\/strong><\/td>\n<td>Ak\u00e1r 50 000 f\u00faj\u00e1s<\/td>\n<\/tr>\n<tr>\n<td><strong>Akkumul\u00e1tor<\/strong><\/td>\n<td>550mAh<\/td>\n<\/tr>\n<tr>\n<td><strong>Tekercs<\/strong><\/td>\n<td>Kett\u0151s h\u00e1l\u00f3s tekercs<\/td>\n<\/tr>\n<tr>\n<td><strong>Kijelz\u0151<\/strong><\/td>\n<td>LED kijelz\u0151<\/td>\n<\/tr>\n<tr>\n<td><strong>Form\u00e1tum<\/strong><\/td>\n<td>Kett\u0151s m\u00f3d<\/td>\n<\/tr>\n<\/tbody>\n<\/table>\n<h2>\u00cdzlehet\u0151s\u00e9gek<\/h2>\n<p>A Bang Blaze Starry 50000 Puffs 4 \u00edzben kaphat\u00f3, bele\u00e9rtve a Prepare For Liftoff! A Bang Blaze Starry 50000 forradalmas\u00edtja az utaz\u00e1s\u00e1t. A csillag\u00e1szati, 50 000 puffan\u00e1s norm\u00e1l m\u00f3dban \u00e9s az intenz\u00edv impulzus \u00fczemm\u00f3d az \u00edzel\u00edt\u0151k sz\u00e1m\u00e1ra minden felf\u00faj\u00e1s egy csillaggal telet\u0171zdelt \u00e9lm\u00e9ny. \u2728 Ez a teljes\u00edtm\u00e9ny, a hossz\u00fa \u00e9lettartam \u00e9s az \u00edz \u00faj m\u00e9rc\u00e9je..<\/p>\n<ul>\n<li>K\u00e9sz\u00fclj fel a felsz\u00e1ll\u00e1sra! A Bang Blaze Starry 50000 forradalmas\u00edtja az utaz\u00e1s\u00e1t. Csillag\u00e1szati, 50 000 sz\u00edvat\u00e1ssal norm\u00e1l m\u00f3dban \u00e9s intenz\u00edv pulzus \u00fczemm\u00f3ddal az \u00edzel\u00edt\u0151k sz\u00e1m\u00e1ra<\/li>\n<li>Minden puff egy szt\u00e1rokkal teli \u00e9lm\u00e9ny. \u2728 Ez a teljes\u00edtm\u00e9ny \u00faj m\u00e9rc\u00e9je<\/li>\n<li>Hossz\u00fa \u00e9lettartam<\/li>\n<li>\u00c9s K\u00f3stold.<\/li>\n<\/ul>\n<h2>Kis- \u00e9s nagykereskedelmi illeszked\u00e9s<\/h2>\n<p><strong>A Bang Blaze Starry 50000 Puffs<\/strong> a legjobban olyan vape boltok, forgalmaz\u00f3k \u00e9s viszontelad\u00f3i katal\u00f3gusok sz\u00e1m\u00e1ra m\u0171k\u00f6dik, amelyeknek specifik\u00e1ci\u00f3n alapul\u00f3 term\u00e9koldalra van sz\u00fcks\u00e9g\u00fck t\u00f6lt\u0151anyag n\u00e9lk\u00fcl. A leger\u0151sebb \u00e9rt\u00e9kes\u00edt\u00e9si pontok az eszk\u00f6z form\u00e1tuma, a c\u00edmsor jellemz\u0151i, valamint a v\u00e1s\u00e1rl\u00f3k sz\u00e1m\u00e1ra a hasonl\u00f3 term\u00e9kv\u00e1ltozatokat \u00f6sszehasonl\u00edt\u00f3 egyszer\u0171bb nagykereskedelmi keretez\u00e9s.<\/p>\n<h2>GYIK<\/h2>\n<h3>H\u00e1ny puffot k\u00edn\u00e1l a Bang Blaze Starry 50000 Puff?<\/h3>\n<p>A Bang Blaze Starry 50000 list\u00e1ja 0-t\u00f3l 0-ig 0 puffig terjed. st\u00edlus \u00e9s kiv\u00e1lasztott vari\u00e1ci\u00f3.<\/p>\n<h3>A Bang Blaze Starry 50000 Puff \u00fajrat\u00f6lthet\u0151?<\/h3>\n<p>Igen. 550mAh-t haszn\u00e1l az ism\u00e9telt haszn\u00e1lat t\u00e1mogat\u00e1s\u00e1ra, am\u00edg az e-liquid el nem k\u00e9sz\u00fcl.<\/p>\n<h3>Milyen er\u0151ss\u00e9g\u0171 nikotin \u00e9rhet\u0151 el?<\/h3>\n<p>A nikotin er\u0151ss\u00e9ge a kiv\u00e1lasztott v\u00e1ltozatt\u00f3l f\u00fcgg. T\u00f6meges rendel\u00e9s lead\u00e1sa el\u0151tt ellen\u0151rizze a pontos opci\u00f3t.<\/p>\n<h3>Milyen jellemz\u0151kkel t\u0171nhet ki a Bang Blaze Starry 50000 Puff?<\/h3>\n<p>A legfontosabb \u00e9rt\u00e9kes\u00edt\u00e9si pontok k\u00f6z\u00e9 tartozik a Dual Mesh Coil, a LED-kijelz\u0151 \u00e9s a Dual Mode, amelyek seg\u00edts\u00e9g\u00e9vel az eszk\u00f6z k\u00f6nnyebben elmagyar\u00e1zhat\u00f3 a kiskereskedelmi polcokon \u00e9s a forgalmaz\u00f3i katal\u00f3gusokban.<\/p>\n<h3>H\u00e1ny \u00edzv\u00e1ltozat \u00e9rhet\u0151 el?<\/h3>\n<p>Az oldalon 4 \u00edzv\u00e1ltozat tal\u00e1lhat\u00f3, a pontos v\u00e1laszt\u00e9k pedig a v\u00e1lasztott v\u00e1ltozatt\u00f3l \u00e9s az aktu\u00e1lis k\u00e9szlett\u0151l f\u00fcgg.<\/p>\n<h3>A Bang Blaze Starry 50000 Puff alkalmas nagykereskedelmi rendel\u00e9sre?<\/h3>\n<p>Igen. A Bang Blaze Starry 50000 Puffs olyan vape boltok, viszontelad\u00f3k \u00e9s forgalmaz\u00f3k sz\u00e1m\u00e1ra k\u00e9sz\u00fclt, akik vil\u00e1gos, specifik\u00e1ci\u00f3kon alapul\u00f3 term\u00e9koldalt szeretn\u00e9nek t\u00f6meges rendel\u00e9s eset\u00e9n.<\/p>\n","protected":false},"excerpt":{"rendered":"<p>A Bang Blaze Starry 50000 Puffs ak\u00e1r 50 000 bef\u00faj\u00e1st k\u00edn\u00e1l, 550mAh, kett\u0151s h\u00e1l\u00f3s tekercs, LED-kijelz\u0151, kett\u0151s m\u00f3d. Tiszta v\u00e1laszt\u00e1s a kiskereskedelmi polcokra, a forgalmaz\u00f3i katal\u00f3gusokra \u00e9s a t\u00f6meges eldobhat\u00f3 vape rendel\u00e9sekre.<\/p>\n","protected":false},"featured_media":128065,"comment_status":"open","ping_status":"closed","template":"","meta":[],"product_brand":[],"product_cat":[346,1545,1406,1365,1439,1598],"product_tag":[],"class_list":{"0":"post-175080","1":"product","2":"type-product","3":"status-publish","4":"has-post-thumbnail","6":"product_cat-bang","7":"product_cat-eldobhato-vapes-lengyelorszagban","8":"product_cat-eldobhato-vapes-magyarorszagon","9":"product_cat-eldobhato-vapes-nemetorszagban","10":"product_cat-eldobhato-vapes-olaszorszagban","11":"product_cat-eldobhato-vapes-spanyolorszagban","13":"first","14":"instock","15":"shipping-taxable","16":"purchasable","17":"product-type-variable","18":"has-default-attributes"},"jetpack_sharing_enabled":true,"tiered_pricing_type":"fixed","tiered_pricing_fixed_rules":{"30":8.5600000000000004973799150320701301097869873046875,"50":6.7400000000000002131628207280300557613372802734375,"100":6.089999999999999857891452847979962825775146484375,"200":5.70000000000000017763568394002504646778106689453125,"400":5.25},"tiered_pricing_product_settings":{"layout":"default","base_unit_name":{"singular":null,"plural":null},"default_variation":null},"tiered_pricing_minimum_quantity":10,"tiered_pricing_roles_data":[],"tiered_pricing_percentage_rules":[],"tiered_pricing_maximum_quantity":null,"tiered_pricing_quantity_step":"10","_links":{"self":[{"href":"https:\/\/ricovape.com\/hu\/wp-json\/wp\/v2\/product\/175080","targetHints":{"allow":["GET"]}}],"collection":[{"href":"https:\/\/ricovape.com\/hu\/wp-json\/wp\/v2\/product"}],"about":[{"href":"https:\/\/ricovape.com\/hu\/wp-json\/wp\/v2\/types\/product"}],"replies":[{"embeddable":true,"href":"https:\/\/ricovape.com\/hu\/wp-json\/wp\/v2\/comments?post=175080"}],"wp:featuredmedia":[{"embeddable":true,"href":"https:\/\/ricovape.com\/hu\/wp-json\/wp\/v2\/media\/128065"}],"wp:attachment":[{"href":"https:\/\/ricovape.com\/hu\/wp-json\/wp\/v2\/media?parent=175080"}],"wp:term":[{"taxonomy":"product_brand","embeddable":true,"href":"https:\/\/ricovape.com\/hu\/wp-json\/wp\/v2\/product_brand?post=175080"},{"taxonomy":"product_cat","embeddable":true,"href":"https:\/\/ricovape.com\/hu\/wp-json\/wp\/v2\/product_cat?post=175080"},{"taxonomy":"product_tag","embeddable":true,"href":"https:\/\/ricovape.com\/hu\/wp-json\/wp\/v2\/product_tag?post=175080"}],"curies":[{"name":"wp","href":"https:\/\/api.w.org\/{rel}","templated":true}]}}