{"id":17470,"date":"2025-10-21T03:02:24","date_gmt":"2025-10-21T03:02:24","guid":{"rendered":"https:\/\/stage.jrfer.com\/product\/bang-leader-110k-puffs-6-izu-intelligens-eldobhato-vape-led-kepernyovel\/"},"modified":"2026-04-07T11:24:13","modified_gmt":"2026-04-07T11:24:13","slug":"bang-leader-110k-puffs-6-flavor-smart-disposable-vape-with-led-screen","status":"publish","type":"product","link":"https:\/\/ricovape.com\/hu\/termek\/bang-leader-110k-puffs-6-flavor-smart-disposable-vape-with-led-screen\/","title":{"rendered":"Bang Leader 110K Puffs | 6 \u00edz\u0171 intelligens eldobhat\u00f3 vape led k\u00e9perny\u0151vel"},"content":{"rendered":"<h2>Bang Leader 110 ezer puff \ud83d\udca8 | 6 \u00edz\u0171 okos eldobhat\u00f3 vape led k\u00e9perny\u0151vel<\/h2>\n<h3>\ud83d\udd25 F\u0151bb jellemz\u0151k<\/h3>\n<ul>\n<li>\ud83d\udca8 <strong>110 000 bef\u00faj\u00e1s<\/strong> \u2013 P\u00e1ratlan kitart\u00e1s az ultrahossz\u00fa g\u0151z\u00f6l\u00e9s sor\u00e1n.<\/li>\n<li>\ud83c\udf08 <strong>6 \u00edzm\u00f3d:<\/strong> Keverje \u00f6ssze \u00edzl\u00e9se szerint \u2013 A, B, C, A+B, A+C, B+C.<\/li>\n<li>\u2699\ufe0f <strong>Triple Mesh Coil:<\/strong> Stabil g\u0151z, intenz\u00edv \u00edzlead\u00e1s minden alkalommal.<\/li>\n<li>\ud83d\udd0b <strong>850 mAh akkumul\u00e1tor:<\/strong> Type-C \u00fajrat\u00f6lthet\u0151 a folyamatos teljes\u00edtm\u00e9ny \u00e9s teljes\u00edtm\u00e9ny \u00e9rdek\u00e9ben.<\/li>\n<li>\ud83d\udda5\ufe0f <strong>Intelligens LED-kijelz\u0151:<\/strong> Val\u00f3s idej\u0171 akkumul\u00e1tor- \u00e9s e-folyad\u00e9kk\u00f6vet\u00e9s.<\/li>\n<li>\ud83e\uddc3 <strong>3 f\u00fcggetlen tart\u00e1ly:<\/strong> K\u00fcl\u00f6n \u00edzrekeszek az \u00edzek kevered\u00e9s\u00e9nek elker\u00fcl\u00e9se \u00e9rdek\u00e9ben.<\/li>\n<li>\ud83c\udf0d <strong>Nikotin opci\u00f3k:<\/strong> 2%, 3% \u00e9s 5%-os v\u00e1ltozatban \u00e9rhet\u0151 el a glob\u00e1lis piac ig\u00e9nyei szerint.<\/li>\n<\/ul>\n<h3>\u2699\ufe0f M\u0171szaki adatok<\/h3>\n<tbody>\n<tr>\n<td><strong>Puff Count<\/strong><\/td>\n<td>Ak\u00e1r 110 000<\/td>\n<\/tr>\n<tr>\n<td><strong>Nikotin er\u0151ss\u00e9ge<\/strong><\/td>\n<td>2% \/ 3% \/ 5%<\/td>\n<\/tr>\n<tr>\n<td><strong>\u00cdzm\u00f3dok<\/strong><\/td>\n<td>A, B, C, A+B, A+C, B+C<\/td>\n<\/tr>\n<tr>\n<td><strong>Olajtart\u00e1ly<\/strong><\/td>\n<td>3 f\u00fcggetlen harckocsi<\/td>\n<\/tr>\n<tr>\n<td><strong>Akkumul\u00e1tor<\/strong><\/td>\n<td>850 mAh \u00fajrat\u00f6lthet\u0151<\/td>\n<\/tr>\n<tr>\n<td><strong>Tekercs<\/strong><\/td>\n<td>H\u00e1romh\u00e1l\u00f3s tekercs<\/td>\n<\/tr>\n<tr>\n<td><strong>Kijelz\u0151<\/strong><\/td>\n<td>Intelligens LED-k\u00e9perny\u0151<\/td>\n<\/tr>\n<tr>\n<td><strong>T\u00f6lt\u0151port<\/strong><\/td>\n<td>C t\u00edpus\u00fa<\/td>\n<\/tr>\n<tr>\n<td><strong>Csomagol\u00e1s<\/strong><\/td>\n<td>10 db\/csomag<\/td>\n<\/tr>\n<\/tbody>\n<\/table>\n<h3>\ud83c\udf53 El\u00e9rhet\u0151 \u00edzkombin\u00e1ci\u00f3k<\/h3>\n<ol>\n<li>G\u00f6r\u00f6gdinnye j\u00e9g \u2022 Eper Mamba \u2022 Eper g\u00f6r\u00f6gdinnye<\/li>\n<li>Fuji Ice \u2022 Alm\u00e1s sz\u0151l\u0151 \u2022 Cseresznye-gr\u00e1n\u00e1talma<\/li>\n<li>\u00c1fonya j\u00e9g \u2022 M\u00e1lna citrom \u2022 G\u00f6r\u00f6gdinnye r\u00e1g\u00f3gumi<\/li>\n<li>\u00c1fonya M\u00e1lna \u2022 Savany\u00fa anan\u00e1sz narancs \u2022 M\u00e1lna G\u00f6r\u00f6gdinnye<\/li>\n<li>Sz\u0151l\u0151j\u00e9g \u2022 Mang\u00f3 \u0151szibarack \u2022 \u00c1fonya g\u00f6r\u00f6gdinnye<\/li>\n<li>Eperj\u00e9g \u2022 Barack citrom \u2022 Kiwi maracuja-guava<\/li>\n<li>Anan\u00e1sz k\u00f3kusz \u2022 Blueberry Red Bull \u2022 G\u00f6r\u00f6gdinnye j\u00e9g<\/li>\n<li>Eper Kiwi \u2022 \u00c1fonya k\u00f3kusz \u2022 Vegyes bogy\u00f3<\/li>\n<li>Citromrom\u00e1nc \u2022 \u00c1fonya M\u00e1lna \u2022 \u0150szibarack mentol<\/li>\n<li>\u0150szibarackos j\u00e9g \u2022 Feketeribizlis anan\u00e1sz j\u00e9g \u2022 Z\u00f6ld alm\u00e1s kiwi<\/li>\n<\/ol>\n<h3>\ud83d\udcac GYIK<\/h3>\n<p><strong>K:<\/strong> Hogyan m\u0171k\u00f6dik a 6 m\u00f3d\u00fa \u00edzrendszer?<br \/>\n<strong>A:<\/strong> Egy\u00e9ni vagy vegyes \u00edzm\u00f3dokat (A, B, C, A+B, A+C, B+C) v\u00e1laszthat a szem\u00e9lyre szabott \u00edzszab\u00e1lyoz\u00e1shoz.<\/p>\n<p><strong>K:<\/strong> \u00dajrat\u00f6lthet\u0151?<br \/>\n<strong>V:<\/strong> Igen, a Bang Leader 110K rendelkezik egy Type-C t\u00f6lt\u0151porttal a meghosszabb\u00edtott \u00e9lettartam \u00e9rdek\u00e9ben.<\/p>\n<p>\u00a0<\/p>\n<p>A <\/p>\n<p><strong>Bang Leader 110K<\/strong> \u00faj m\u00e9rc\u00e9t \u00e1ll\u00edt fel a teljes\u00edtm\u00e9ny \u00e9s a v\u00e1ltozatoss\u00e1g ter\u00e9n. Legyen sz\u00f3 szem\u00e9lyes \u00e9lvezetr\u0151l vagy kiskereskedelemr\u0151l, teljes\u00edtm\u00e9nyt, pontoss\u00e1got \u00e9s hihetetlen \u00edzek sokf\u00e9les\u00e9g\u00e9t k\u00edn\u00e1lja egyetlen pr\u00e9mium eldobhat\u00f3 g\u0151zben.<\/p>\n","protected":false},"excerpt":{"rendered":"<p>Fedezze fel a <strong>Bang Leader 110K<\/strong>-t \u2013 egy forradalmian \u00faj, 6 \u00fczemm\u00f3d\u00fa eldobhat\u00f3 vape-ot, ak\u00e1r <strong>110 000 f\u00faj\u00e1ssal<\/strong>, intelligens LED-k\u00e9perny\u0151vel \u00e9s h\u00e1rmas h\u00e1l\u00f3s tekercsekkel a hihetetlen \u00edz\u00e9rt. \u00dajrat\u00f6lthet\u0151 \u00e9s komoly vaporok sz\u00e1m\u00e1ra k\u00e9sz\u00fclt, akik mindenre v\u00e1gynak.<\/p>\n","protected":false},"featured_media":6348,"comment_status":"open","ping_status":"closed","template":"","meta":[],"product_brand":[],"product_cat":[346,1922],"product_tag":[],"class_list":{"0":"post-17470","1":"product","2":"type-product","3":"status-publish","4":"has-post-thumbnail","6":"product_cat-bang","7":"product_cat-uj","9":"first","10":"instock","11":"shipping-taxable","12":"purchasable","13":"product-type-variable","14":"has-default-attributes"},"jetpack_sharing_enabled":true,"tiered_pricing_type":"fixed","tiered_pricing_fixed_rules":{"30":8.949999999999999289457264239899814128875732421875,"50":7.21999999999999975131004248396493494510650634765625,"100":6.5999999999999996447286321199499070644378662109375,"200":6.1500000000000003552713678800500929355621337890625,"400":5.5},"tiered_pricing_product_settings":{"layout":"default","base_unit_name":{"singular":null,"plural":null},"default_variation":null},"tiered_pricing_minimum_quantity":10,"tiered_pricing_roles_data":[],"tiered_pricing_percentage_rules":[],"tiered_pricing_maximum_quantity":null,"tiered_pricing_quantity_step":"10","_links":{"self":[{"href":"https:\/\/ricovape.com\/hu\/wp-json\/wp\/v2\/product\/17470","targetHints":{"allow":["GET"]}}],"collection":[{"href":"https:\/\/ricovape.com\/hu\/wp-json\/wp\/v2\/product"}],"about":[{"href":"https:\/\/ricovape.com\/hu\/wp-json\/wp\/v2\/types\/product"}],"replies":[{"embeddable":true,"href":"https:\/\/ricovape.com\/hu\/wp-json\/wp\/v2\/comments?post=17470"}],"wp:featuredmedia":[{"embeddable":true,"href":"https:\/\/ricovape.com\/hu\/wp-json\/wp\/v2\/media\/6348"}],"wp:attachment":[{"href":"https:\/\/ricovape.com\/hu\/wp-json\/wp\/v2\/media?parent=17470"}],"wp:term":[{"taxonomy":"product_brand","embeddable":true,"href":"https:\/\/ricovape.com\/hu\/wp-json\/wp\/v2\/product_brand?post=17470"},{"taxonomy":"product_cat","embeddable":true,"href":"https:\/\/ricovape.com\/hu\/wp-json\/wp\/v2\/product_cat?post=17470"},{"taxonomy":"product_tag","embeddable":true,"href":"https:\/\/ricovape.com\/hu\/wp-json\/wp\/v2\/product_tag?post=17470"}],"curies":[{"name":"wp","href":"https:\/\/api.w.org\/{rel}","templated":true}]}}