{"id":174253,"date":"2026-04-17T11:29:05","date_gmt":"2026-04-17T11:29:05","guid":{"rendered":"https:\/\/ricovape.com\/product\/gazzbar-rocket-20000-puffs-14-iz-0-5-nikotin-omlesztett-eldobhato-vape\/"},"modified":"2026-04-19T16:42:06","modified_gmt":"2026-04-19T16:42:06","slug":"gazzbar-rocket-20000","status":"publish","type":"product","link":"https:\/\/ricovape.com\/hu\/termek\/gazzbar-rocket-20000\/","title":{"rendered":"Gazzbar Rocket 20000 Puffs | 14 \u00edz 0-5% nikotin \u00f6mlesztett eldobhat\u00f3 vape"},"content":{"rendered":"<h2>Gazzbar Rocket 20000 Puffs<\/h2>\n<p>A <strong>Gazzbar Rocket 20000 Puffs<\/strong> egy eldobhat\u00f3 vape kis- \u00e9s nagykereskedelmi v\u00e1s\u00e1rl\u00f3k sz\u00e1m\u00e1ra, akik praktikus, k\u00f6nnyen elmagyar\u00e1zhat\u00f3 term\u00e9koldalt szeretn\u00e9nek. 20 000 f\u00faj\u00e1st kombin\u00e1l, hogy \u00fcgyfelei tiszt\u00e1bb elhelyez\u00e9s\u0171 \u00e9s er\u0151sebb polcvonz\u00f3j\u00fa eszk\u00f6zt kapjanak.<\/p>\n<h2>Mi\u00e9rt v\u00e1lassza ezt a term\u00e9ket?<\/h2>\n<ul>\n<li><strong>Ak\u00e1r 20 000 f\u00faj\u00e1s<\/strong> egy hosszabb \u00e9lettartam\u00fa eszk\u00f6z\u00e9rt, amelyet k\u00f6nnyen elhelyezhet a nagykereskedelmi katal\u00f3gusokban.<\/li>\n<li><strong>5%<\/strong>, hogy megfeleljen a k\u00fcl\u00f6nb\u00f6z\u0151 piaci \u00e9s v\u00e1s\u00e1rl\u00f3i k\u00f6vetelm\u00e9nyeknek.<\/li>\n<li><strong>Nagykereskedelem-bar\u00e1t helymeghat\u00e1roz\u00e1s<\/strong> vape \u00fczletek, forgalmaz\u00f3k \u00e9s t\u00f6meges rendel\u00e9si programok sz\u00e1m\u00e1ra.<\/li>\n<\/ul>\n<h2>M\u0171szaki adatok<\/h2>\n<table>\n<tbody>\n<tr>\n<td><strong>Term\u00e9kn\u00e9v<\/strong><\/td>\n<td>Gazzbar Rocket 20000 Puffs<\/td>\n<\/tr>\n<tr>\n<td><strong>Puff Count<\/strong><\/td>\n<td>Ak\u00e1r 20 000 f\u00faj\u00e1s<\/td>\n<\/tr>\n<tr>\n<td><strong>Nikotin er\u0151ss\u00e9ge<\/strong><\/td>\n<td>5%<\/td>\n<\/tr>\n<\/tbody>\n<\/table>\n<h2>\u00cdzlehet\u0151s\u00e9gek<\/h2>\n<p>A Gazzbar Rocket 20000 Puffs 14 f\u00e9le \u00edzben \u00e9rhet\u0151 el, bele\u00e9rtve a Gazzbar Rocket 20000 eldobhat\u00f3 vape-ot, amely egy forradalmi eszk\u00f6z, amelyet a hosszabb g\u0151z\u00f6l\u00e9sre terveztek. Elk\u00e9peszt\u0151 kapacit\u00e1s\u00e1val, ak\u00e1r 20 000 f\u00faj\u00e1ssal \u00e9s 14 \u00edz v\u00e1ltozatos v\u00e1laszt\u00e9k\u00e1val, t\u00f6k\u00e9letes mind a nikotinrajong\u00f3knak, mind azoknak, akik cs\u00f6kkenteni szeretn\u00e9k a bevitel\u00fcket.<\/p>\n<ul>\n<li>Bemutatkozik a Gazzbar Rocket 20000 eldobhat\u00f3 vape<\/li>\n<li>Egy forradalmian \u00faj k\u00e9sz\u00fcl\u00e9k, amelyet a sz\u00e9lesebb k\u00f6r\u0171 g\u0151z\u00f6l\u00e9sre terveztek. Elk\u00e9peszt\u0151 kapacit\u00e1ssal, ak\u00e1r 20 000 f\u00faj\u00e1ssal \u00e9s 14 \u00edz v\u00e1ltozatos v\u00e1laszt\u00e9k\u00e1val<\/li>\n<li>T\u00f6k\u00e9letes mind a nikotinrajong\u00f3knak, mind azoknak, akik cs\u00f6kkenteni szeretn\u00e9k a bevitel\u00fcket.<\/li>\n<\/ul>\n<h2>Kis- \u00e9s nagykereskedelmi felszerel\u00e9s<\/h2>\n<p>A <\/p>\n<p><strong>Gazzbar Rocket 20000 Puffs<\/strong> a legjobban olyan vape \u00fczletek, forgalmaz\u00f3k \u00e9s viszontelad\u00f3i katal\u00f3gusok sz\u00e1m\u00e1ra m\u0171k\u00f6dik, amelyeknek specifik\u00e1ci\u00f3n alapul\u00f3 term\u00e9koldalra van sz\u00fcks\u00e9g\u00fck t\u00f6lt\u0151anyag n\u00e9lk\u00fcl. A leger\u0151sebb \u00e9rt\u00e9kes\u00edt\u00e9si pontok az eszk\u00f6z form\u00e1tuma, a c\u00edmsor jellemz\u0151i \u00e9s a v\u00e1s\u00e1rl\u00f3k sz\u00e1m\u00e1ra a hasonl\u00f3 cikksz\u00e1mokat \u00f6sszehasonl\u00edt\u00f3 egyszer\u0171bb nagykereskedelmi keretez\u00e9s.<\/p>\n<h2>GYIK<\/h2>\n<h3>H\u00e1ny puffot k\u00edn\u00e1l a Gazzbar Rocket 20000 Puffs?<\/h3>\n<p>A Gazzbar Rocket 20000 0 puffst\u00f3l f\u00fcgg\u0151en 0 puffs-ig, 0-t\u00f3l 2-ig. st\u00edlus \u00e9s kiv\u00e1lasztott vari\u00e1ci\u00f3.<\/p>\n<h3>A Gazzbar Rocket 20000 Puffs \u00fajrat\u00f6lthet\u0151?<\/h3>\n<p>Rendel\u00e9s el\u0151tt ellen\u0151rizze a kiv\u00e1lasztott v\u00e1ltozat r\u00e9szleteit az akkumul\u00e1torral \u00e9s a t\u00f6lt\u00e9si adatokkal kapcsolatban.<\/p>\n<h3>Milyen er\u0151ss\u00e9g\u0171 nikotin \u00e9rhet\u0151 el?<\/h3>\n<p>Ez a term\u00e9k 5%-os nikotintartalommal kaphat\u00f3, a kiv\u00e1lasztott nikotinv\u00e1ltozatt\u00f3l f\u00fcgg\u0151en<\/p>\n<p> a piacra vonatkoz\u00f3<\/p>\n<p>. A Rocket 20000 Puffs kiemelkedik?<\/h3>\n<p>Alapvet\u0151 \u00e9rt\u00e9ke egy\u00e9rtelm\u0171: letisztult, eldobhat\u00f3 vape form\u00e1tum, amely k\u00f6nnyebben \u00e9rt\u00e9kes\u00edthet\u0151 a kis- \u00e9s nagykereskedelmi v\u00e1s\u00e1rl\u00f3k sz\u00e1m\u00e1ra.<\/p>\n<h3>H\u00e1ny \u00edzv\u00e1ltozat \u00e9rhet\u0151 el?<\/h3>\n<p>Az oldal 14 \u00edzlehet\u0151s\u00e9get sorol fel, \u00e9s a pontos v\u00e1laszt\u00e9k a v\u00e1lasztott v\u00e1ltozatt\u00f3l \u00e9s az aktu\u00e1lis rakt\u00e1rk\u00e9szlett\u0151l f\u00fcgg.<\/h3>\n<p> 20000 puff alkalmas nagykereskedelmi rendel\u00e9sre?<\/h3>\n<p>Igen. A Gazzbar Rocket 20000 Puffs olyan vape boltok, viszontelad\u00f3k \u00e9s forgalmaz\u00f3k sz\u00e1m\u00e1ra k\u00e9sz\u00fclt, akik vil\u00e1gos, specifik\u00e1ci\u00f3kon alapul\u00f3 term\u00e9koldalt szeretn\u00e9nek t\u00f6meges rendel\u00e9s eset\u00e9n.<\/p>\n","protected":false},"excerpt":{"rendered":"<p>A Gazzbar Rocket 20000 Puffs ak\u00e1r 20 000 bef\u00faj\u00e1st k\u00edn\u00e1l 5% nikotinnal. Tiszta v\u00e1laszt\u00e1s a kiskereskedelmi polcokra, a forgalmaz\u00f3i katal\u00f3gusokra \u00e9s a t\u00f6meges eldobhat\u00f3 vape rendel\u00e9sekre.<\/p>\n","protected":false},"featured_media":127429,"comment_status":"open","ping_status":"closed","template":"","meta":[],"product_brand":[],"product_cat":[511],"product_tag":[],"class_list":{"0":"post-174253","1":"product","2":"type-product","3":"status-publish","4":"has-post-thumbnail","6":"product_cat-20000-puff-eldobhato-vape","8":"first","9":"instock","10":"shipping-taxable","11":"purchasable","12":"product-type-variable","13":"has-default-attributes"},"jetpack_sharing_enabled":true,"tiered_pricing_type":"fixed","tiered_pricing_fixed_rules":[],"tiered_pricing_product_settings":{"layout":"default","base_unit_name":{"singular":null,"plural":null},"default_variation":null},"tiered_pricing_minimum_quantity":1000,"tiered_pricing_roles_data":[],"tiered_pricing_percentage_rules":[],"tiered_pricing_maximum_quantity":null,"tiered_pricing_quantity_step":"10","_links":{"self":[{"href":"https:\/\/ricovape.com\/hu\/wp-json\/wp\/v2\/product\/174253","targetHints":{"allow":["GET"]}}],"collection":[{"href":"https:\/\/ricovape.com\/hu\/wp-json\/wp\/v2\/product"}],"about":[{"href":"https:\/\/ricovape.com\/hu\/wp-json\/wp\/v2\/types\/product"}],"replies":[{"embeddable":true,"href":"https:\/\/ricovape.com\/hu\/wp-json\/wp\/v2\/comments?post=174253"}],"wp:featuredmedia":[{"embeddable":true,"href":"https:\/\/ricovape.com\/hu\/wp-json\/wp\/v2\/media\/127429"}],"wp:attachment":[{"href":"https:\/\/ricovape.com\/hu\/wp-json\/wp\/v2\/media?parent=174253"}],"wp:term":[{"taxonomy":"product_brand","embeddable":true,"href":"https:\/\/ricovape.com\/hu\/wp-json\/wp\/v2\/product_brand?post=174253"},{"taxonomy":"product_cat","embeddable":true,"href":"https:\/\/ricovape.com\/hu\/wp-json\/wp\/v2\/product_cat?post=174253"},{"taxonomy":"product_tag","embeddable":true,"href":"https:\/\/ricovape.com\/hu\/wp-json\/wp\/v2\/product_tag?post=174253"}],"curies":[{"name":"wp","href":"https:\/\/api.w.org\/{rel}","templated":true}]}}