{"id":173916,"date":"2026-04-17T11:09:14","date_gmt":"2026-04-17T11:09:14","guid":{"rendered":"https:\/\/ricovape.com\/product\/lost-mary-mo10000-10k-puffs-5-nikotin-18ml-intelligens-szarazutes-megelozes-omlesztett-eldobhato-vape\/"},"modified":"2026-04-19T14:48:46","modified_gmt":"2026-04-19T14:48:46","slug":"lost-mary-mo10000","status":"publish","type":"product","link":"https:\/\/ricovape.com\/hu\/termek\/lost-mary-mo10000\/","title":{"rendered":"Lost Mary MO10000 10K Puffs | 5% nikotin, 18mL, intelligens sz\u00e1raz\u00fct\u00e9s-megel\u0151z\u00e9s, \u00f6mlesztett eldobhat\u00f3 vape"},"content":{"rendered":"<h2>Lost Mary MO10000 10K Puffs<\/h2>\n<p>A <strong>Lost Mary MO10000 10K Puffs<\/strong> egy intelligens sz\u00e1raz\u00fct\u00e9s-megel\u0151z\u0151 eldobhat\u00f3 vape kis- \u00e9s nagykereskedelmi v\u00e1s\u00e1rl\u00f3k sz\u00e1m\u00e1ra, akik praktikus, k\u00f6nnyen elmagyar\u00e1zhat\u00f3 term\u00e9koldalt szeretn\u00e9nek. 10 000 felf\u00faj\u00e1st, 18mL-es h\u00e1l\u00f3s tekercset egyes\u00edt, hogy \u00fcgyfeleinek tiszt\u00e1bb elhelyez\u00e9s\u0171 \u00e9s er\u0151sebb polcvonz\u00f3j\u00fa eszk\u00f6zt biztos\u00edtson.<\/p>\n<h2>Mi\u00e9rt v\u00e1lassza ezt a term\u00e9ket?<\/h2>\n<ul>\n<li><strong>Ak\u00e1r 10 000 f\u00faj\u00e1s<\/strong> egy hosszabb \u00e9lettartam\u00fa k\u00e9sz\u00fcl\u00e9k\u00e9rt, amelyet k\u00f6nnyen elhelyezhet a nagykereskedelmi katal\u00f3gusokban.<\/li>\n<li><strong>18mL e-liquid kapacit\u00e1s<\/strong> a hosszabb haszn\u00e1lat \u00e9s kevesebb eszk\u00f6zcsere t\u00e1mogat\u00e1s\u00e1hoz.<\/li>\n<li><strong>Mesh Coil<\/strong> az egyenletesebb \u00edzlead\u00e1s \u00e9s a sim\u00e1bb g\u0151ztermel\u00e9s \u00e9rdek\u00e9ben.<\/li>\n<li><strong>600mAh, C t\u00edpus\u00fa \u00fajrat\u00f6lthet\u0151<\/strong>, hogy az eszk\u00f6z praktikus legyen a napi ism\u00e9telt haszn\u00e1lathoz.<\/li>\n<li><strong>5%<\/strong>, hogy megfeleljen a k\u00fcl\u00f6nb\u00f6z\u0151 piaci \u00e9s v\u00e1s\u00e1rl\u00f3i k\u00f6vetelm\u00e9nyeknek.<\/li>\n<p>Az <\/p>\n<li><strong>Smart Dry Hit Prevention<\/strong> egy\u00e9rtelm\u0171 \u00e9rt\u00e9kes\u00edt\u00e9si pontot jelent azon kiskeresked\u0151k sz\u00e1m\u00e1ra, akiknek megk\u00fcl\u00f6nb\u00f6ztetett cikksz\u00e1mra van sz\u00fcks\u00e9g\u00fck.<\/li>\n<li><strong>Nagykereskedelem-bar\u00e1t helymeghat\u00e1roz\u00e1s<\/strong> vape \u00fczletek, forgalmaz\u00f3k \u00e9s t\u00f6meges rendel\u00e9si programok sz\u00e1m\u00e1ra.<\/li>\n<\/ul>\n<h2>M\u0171szaki adatok<\/h2>\n<table>\n<tbody>\n<tr>\n<td><strong>Term\u00e9kn\u00e9v<\/strong><\/td>\n<td>Elveszett Mary MO10000 10K Puff<\/td>\n<\/tr>\n<tr>\n<td><strong>Puff Count<\/strong><\/td>\n<td>Ak\u00e1r 10 000 f\u00faj\u00e1s<\/td>\n<\/tr>\n<tr>\n<td><strong>E-folyad\u00e9k kapacit\u00e1s<\/strong><\/td>\n<td>18mL<\/td>\n<\/tr>\n<tr>\n<td><strong>Akkumul\u00e1tor<\/strong><\/td>\n<td>600mAh<\/td>\n<\/tr>\n<tr>\n<td><strong>Tekercs<\/strong><\/td>\n<td>Mesh Coil<\/td>\n<\/tr>\n<tr>\n<td><strong>Nikotin er\u0151ss\u00e9ge<\/strong><\/td>\n<td>5%<\/td>\n<\/tr>\n<tr>\n<td><strong>T\u00f6lt\u00e9s<\/strong><\/td>\n<td>C t\u00edpus\u00fa \u00fajrat\u00f6lthet\u0151<\/td>\n<\/tr>\n<tr>\n<td><strong>Form\u00e1tum<\/strong><\/td>\n<td>Smart Dry Hit megel\u0151z\u00e9s<\/td>\n<\/tr>\n<\/tbody>\n<\/table>\n<h2>\u00cdzlehet\u0151s\u00e9gek<\/h2>\n<p>A Lost Mary MO10000 10K Puffs 15 \u00edzben kaphat\u00f3, k\u00f6zt\u00fck Blue Dragon Fruit Peach, Rose Grape, Granny Cherry, Green Mango.<\/p>\n<ul>\n<li>Blue Dragon Fruit Peach<\/li>\n<li>R\u00f3zsasz\u0151l\u0151<\/li>\n<li>Cseresznye nagyi<\/li>\n<li>Z\u00f6ld Mang\u00f3<\/li>\n<li>Mang\u00f3bogy\u00f3<\/li>\n<li>Matcha menta j\u00e9g<\/li>\n<li>Vegyes prunus<\/li>\n<li>Mountain Mint<\/li>\n<li>Narancsfeny\u0151 Nana Mang\u00f3<\/li>\n<li>Narancsos g\u00f6r\u00f6gdinnye<\/li>\n<li>Anan\u00e1sz citrom g\u00f6r\u00f6gdinnye<\/li>\n<li>Blue Razz P&amp;b<\/li>\n<li>Epres cseresznye citrom<\/li>\n<li>Epres grapefruit<\/li>\n<li>Alma guava.<\/li>\n<\/ul>\n<h2>Kis- \u00e9s nagykereskedelmi illeszked\u00e9s<\/h2>\n<p><strong>A Lost Mary MO10000 10K Puffs<\/strong>a legjobban olyan vape boltok, forgalmaz\u00f3k \u00e9s viszontelad\u00f3i katal\u00f3gusok sz\u00e1m\u00e1ra m\u0171k\u00f6dik, amelyeknek specifik\u00e1ci\u00f3n alapul\u00f3 term\u00e9koldalra van sz\u00fcks\u00e9g\u00fck t\u00f6lt\u0151anyag n\u00e9lk\u00fcl. A leger\u0151sebb \u00e9rt\u00e9kes\u00edt\u00e9si pontok az eszk\u00f6z form\u00e1tuma, a c\u00edmsor jellemz\u0151i, valamint a hasonl\u00f3 cikksz\u00e1mokat \u00f6sszehasonl\u00edt\u00f3 v\u00e1s\u00e1rl\u00f3k k\u00f6nnyebb nagykereskedelmi keretez\u00e9se.<\/p>\n<h2>GYIK<\/h2>\n<h3>H\u00e1ny puffot k\u00edn\u00e1l a Lost Mary MO10000 10K Puff?<\/h3>\n<p>A Lost Mary MO10000 Puff 0,0 Puff 10,0 Puff 10,0-ig terjed. a haszn\u00e1lati st\u00edlusr\u00f3l \u00e9s a kiv\u00e1lasztott v\u00e1ltozatr\u00f3l.<\/p>\n<h3>A Lost Mary MO10000 10K Puff \u00fajrat\u00f6lthet\u0151?<\/h3>\n<p>Igen. 600mAh-t haszn\u00e1l C t\u00edpus\u00fa \u00fajrat\u00f6lthet\u0151vel, hogy t\u00e1mogassa az ism\u00e9telt haszn\u00e1latot, am\u00edg az e-liquid be nem fejez\u0151dik.<\/p>\n<h3>Milyen er\u0151ss\u00e9g\u0171 nikotin \u00e9rhet\u0151 el?<\/h3>\n<p>Ezt a term\u00e9ket 5%-os nikotintartalm\u00fa opci\u00f3kkal k\u00edn\u00e1ljuk, a kiv\u00e1lasztott v\u00e1ltozatt\u00f3l \u00e9s c\u00e9lpiact\u00f3l f\u00fcgg\u0151en.<\/p>\n<h3>Milyen funkci\u00f3k seg\u00edtik a Lost Mary-t kiemelni a Lost Mary MO10K010K03? Az \u00e9rt\u00e9kes\u00edt\u00e9si pontok k\u00f6z\u00e9 tartozik a Mesh Coil \u00e9s a Smart Dry Hit Prevention, amelyek seg\u00edts\u00e9g\u00e9vel az eszk\u00f6z k\u00f6nnyebben elmagyar\u00e1zhat\u00f3 a kiskereskedelmi polcokon \u00e9s a forgalmaz\u00f3k katal\u00f3gusain.<\/p>\n<h3>H\u00e1ny \u00edzes\u00edt\u00e9si lehet\u0151s\u00e9g \u00e1ll rendelkez\u00e9sre?<\/h3>\n<p>Az oldal 15 \u00edzlehet\u0151s\u00e9get tartalmaz, a pontos kiv\u00e1laszt\u00e1s a v\u00e1lasztott v\u00e1ltozatt\u00f3l \u00e9s az aktu\u00e1lis k\u00e9szlett\u0151l f\u00fcgg.<\/p>\n<h3>A Lost Mary MO10000 10K Puff alkalmas nagykereskedelmi rendel\u00e9sre?<\/h3>\n<p>Igen. A Lost Mary MO10000 10K Puffs olyan vape boltok, viszontelad\u00f3k \u00e9s forgalmaz\u00f3k sz\u00e1m\u00e1ra k\u00e9sz\u00fclt, akik vil\u00e1gos, specifik\u00e1ci\u00f3kon alapul\u00f3 term\u00e9koldalt szeretn\u00e9nek t\u00f6meges rendel\u00e9s eset\u00e9n.<\/p>\n","protected":false},"excerpt":{"rendered":"<p>A Lost Mary MO10000 10K Puffs ak\u00e1r 10 000 bef\u00faj\u00e1st k\u00edn\u00e1l, 18mL-es, 600mAh-s, 5% nikotint tartalmaz\u00f3 mesh Coil-tel. Tiszta v\u00e1laszt\u00e1s a kiskereskedelmi polcokra, a forgalmaz\u00f3i katal\u00f3gusokra \u00e9s a t\u00f6meges eldobhat\u00f3 vape rendel\u00e9sekre.<\/p>\n","protected":false},"featured_media":127111,"comment_status":"open","ping_status":"closed","template":"","meta":[],"product_brand":[],"product_cat":[488,862,826,1261,1294,1225,1327,1471,1545,1406,1365,1509,1439,2176,1598,1674,1636,400,900],"product_tag":[],"class_list":{"0":"post-173916","1":"product","2":"type-product","3":"status-publish","4":"has-post-thumbnail","6":"product_cat-10000-puff-eldobhato-vape","7":"product_cat-big-puffs-vapes","8":"product_cat-eldobhato-vape-tipusok","9":"product_cat-eldobhato-vapes-ausztriaban","10":"product_cat-eldobhato-vapes-belgiumban","11":"product_cat-eldobhato-vapes-europaban","12":"product_cat-eldobhato-vapes-franciaorszagban","13":"product_cat-eldobhato-vapes-hollandiaban","14":"product_cat-eldobhato-vapes-lengyelorszagban","15":"product_cat-eldobhato-vapes-magyarorszagon","16":"product_cat-eldobhato-vapes-nemetorszagban","17":"product_cat-eldobhato-vapes-norvegiaban","18":"product_cat-eldobhato-vapes-olaszorszagban","19":"product_cat-eldobhato-vapes-portugaliaban","20":"product_cat-eldobhato-vapes-spanyolorszagban","21":"product_cat-eldobhato-vapes-svajcban","22":"product_cat-eldobhato-vapes-svedorszagban","23":"product_cat-kulonbozo-puffadasu-eldobhato-gozok","24":"product_cat-ujratoltheto-vapes","26":"first","27":"instock","28":"shipping-taxable","29":"purchasable","30":"product-type-variable","31":"has-default-attributes"},"jetpack_sharing_enabled":true,"tiered_pricing_type":"fixed","tiered_pricing_fixed_rules":{"2000":4},"tiered_pricing_product_settings":{"layout":"default","base_unit_name":{"singular":null,"plural":null},"default_variation":null},"tiered_pricing_minimum_quantity":1000,"tiered_pricing_roles_data":[],"tiered_pricing_percentage_rules":[],"tiered_pricing_maximum_quantity":null,"tiered_pricing_quantity_step":"100","_links":{"self":[{"href":"https:\/\/ricovape.com\/hu\/wp-json\/wp\/v2\/product\/173916","targetHints":{"allow":["GET"]}}],"collection":[{"href":"https:\/\/ricovape.com\/hu\/wp-json\/wp\/v2\/product"}],"about":[{"href":"https:\/\/ricovape.com\/hu\/wp-json\/wp\/v2\/types\/product"}],"replies":[{"embeddable":true,"href":"https:\/\/ricovape.com\/hu\/wp-json\/wp\/v2\/comments?post=173916"}],"wp:featuredmedia":[{"embeddable":true,"href":"https:\/\/ricovape.com\/hu\/wp-json\/wp\/v2\/media\/127111"}],"wp:attachment":[{"href":"https:\/\/ricovape.com\/hu\/wp-json\/wp\/v2\/media?parent=173916"}],"wp:term":[{"taxonomy":"product_brand","embeddable":true,"href":"https:\/\/ricovape.com\/hu\/wp-json\/wp\/v2\/product_brand?post=173916"},{"taxonomy":"product_cat","embeddable":true,"href":"https:\/\/ricovape.com\/hu\/wp-json\/wp\/v2\/product_cat?post=173916"},{"taxonomy":"product_tag","embeddable":true,"href":"https:\/\/ricovape.com\/hu\/wp-json\/wp\/v2\/product_tag?post=173916"}],"curies":[{"name":"wp","href":"https:\/\/api.w.org\/{rel}","templated":true}]}}