{"id":167641,"date":"2026-04-17T07:37:26","date_gmt":"2026-04-17T07:37:26","guid":{"rendered":"https:\/\/ricovape.com\/product\/elf-box-crystal-bar-600-puffs-0-5-nikotin-omlesztett-eldobhato-vape\/"},"modified":"2026-04-19T07:41:30","modified_gmt":"2026-04-19T07:41:30","slug":"elf-box-crystal-bar-600","status":"publish","type":"product","link":"https:\/\/ricovape.com\/hu\/termek\/elf-box-crystal-bar-600\/","title":{"rendered":"ELF BOX CRYSTAL BAR 600 Puffs | 0-5% nikotin, \u00f6mlesztett eldobhat\u00f3 vape"},"content":{"rendered":"<h2>ELF BOX CRYSTAL BAR 600 Puffs<\/h2>\n<p>Az <strong>ELF BOX CRYSTAL BAR 600 Puffs<\/strong> egy eldobhat\u00f3 vape kis- \u00e9s nagykereskedelmi v\u00e1s\u00e1rl\u00f3k sz\u00e1m\u00e1ra, akik praktikus, k\u00f6nnyen elmagyar\u00e1zhat\u00f3 term\u00e9koldalt szeretn\u00e9nek. A 2mL-t egyes\u00edti, hogy a v\u00e1s\u00e1rl\u00f3k tiszt\u00e1bb elhelyez\u00e9s\u0171 \u00e9s er\u0151sebb polcvonz\u00f3j\u00fa eszk\u00f6zt kapjanak.<\/p>\n<h2>Mi\u00e9rt v\u00e1lassza ezt a term\u00e9ket?<\/h2>\n<ul>\n<li><strong>2mL e-liquid kapacit\u00e1s<\/strong> a hosszabb haszn\u00e1lat \u00e9s a kevesebb eszk\u00f6zcsere t\u00e1mogat\u00e1s\u00e1hoz.<\/li>\n<li><strong>500mAh, C t\u00edpus\u00fa t\u00f6lt\u00e9s<\/strong>, hogy az eszk\u00f6z praktikus legyen a napi ism\u00e9telt haszn\u00e1lathoz.<\/li>\n<li><strong>0%-5%-os nikotinv\u00e1laszt\u00e9k<\/strong> a k\u00fcl\u00f6nb\u00f6z\u0151 piaci \u00e9s v\u00e1s\u00e1rl\u00f3i k\u00f6vetelm\u00e9nyekhez.<\/li>\n<li><strong>Nagykereskedelem-bar\u00e1t helymeghat\u00e1roz\u00e1s<\/strong> vape \u00fczletek, forgalmaz\u00f3k \u00e9s t\u00f6meges rendel\u00e9si programok sz\u00e1m\u00e1ra.<\/li>\n<\/ul>\n<h2>M\u0171szaki adatok<\/h2>\n<table>\n<tbody>\n<tr>\n<td><strong>Term\u00e9kn\u00e9v<\/strong><\/td>\n<td>ELF BOX CRYSTAL BAR 600 Puff<\/td>\n<\/tr>\n<tr>\n<td><strong>E-folyad\u00e9k kapacit\u00e1s<\/strong><\/td>\n<td>2mL<\/td>\n<\/tr>\n<tr>\n<td><strong>Akkumul\u00e1tor<\/strong><\/td>\n<td>500mAh<\/td>\n<\/tr>\n<tr>\n<td><strong>Nikotin er\u0151ss\u00e9ge<\/strong><\/td>\n<td>0%-5%<\/td>\n<\/tr>\n<tr>\n<td><strong>T\u00f6lt\u00e9s<\/strong><\/td>\n<td>C t\u00edpus\u00fa t\u00f6lt\u00e9s<\/td>\n<\/tr>\n<\/tbody>\n<\/table>\n<h2>\u00cdzlehet\u0151s\u00e9gek<\/h2>\n<p>Az ELF BOX CRYSTAL BAR 600 Puffs 13 \u00edzben kaphat\u00f3, k\u00f6zt\u00fck g\u00f6r\u00f6gdinnye j\u00e9g, eper g\u00f6r\u00f6gdinnye, narancssz\u00f3da, dupla alma.<\/p>\n<ul>\n<li>G\u00f6r\u00f6gdinnye j\u00e9g<\/li>\n<li>Epres g\u00f6r\u00f6gdinnye<\/li>\n<li>Narancssz\u00f3da<\/li>\n<li>Dupla Apple<\/li>\n<li>Epres Kiwi<\/li>\n<li>Cherry Ice<\/li>\n<li>Eperj\u00e9g<\/li>\n<li>Sz\u0151l\u0151j\u00e9g<\/li>\n<li>Vegyes bogy\u00f3<\/li>\n<li>Blueberry Ice<\/li>\n<li>Blue Razz<\/li>\n<li>Peach Ice<\/li>\n<li>Kiwi golgotagy\u00fcm\u00f6lcs.<\/li>\n<\/ul>\n<h2>Kis- \u00e9s nagykereskedelmi felszerel\u00e9s<\/h2>\n<p>Az <\/p>\n<p><strong>ELF BOX CRYSTAL BAR 600 Puffs<\/strong> a legjobban olyan vape boltok, forgalmaz\u00f3k \u00e9s viszontelad\u00f3i katal\u00f3gusok sz\u00e1m\u00e1ra m\u0171k\u00f6dik, amelyeknek specifik\u00e1ci\u00f3n alapul\u00f3 term\u00e9koldalra van sz\u00fcks\u00e9g\u00fck t\u00f6lt\u0151anyag n\u00e9lk\u00fcl. A leger\u0151sebb \u00e9rt\u00e9kes\u00edt\u00e9si pontok az eszk\u00f6z form\u00e1tuma, a c\u00edmsor jellemz\u0151i, valamint a hasonl\u00f3 cikksz\u00e1mokat \u00f6sszehasonl\u00edt\u00f3 v\u00e1s\u00e1rl\u00f3k k\u00f6nnyebb nagykereskedelmi keretez\u00e9se.<\/p>\n<h2>GYIK<\/h2>\n<h3>H\u00e1ny \u00fct\u00e9st k\u00edn\u00e1l az ELF BOX CRYSTAL BAR 600 Puff?<\/h3>\n<p>A pontos bef\u00faj\u00e1sok sz\u00e1ma a v\u00e1lasztott ELF B verzi\u00f3t\u00f3l \u00e9s az eszk\u00f6z haszn\u00e1lat\u00e1nak m\u00f3dj\u00e1t\u00f3l f\u00fcgg3&gt;. CRYSTAL BAR 600 Puffs \u00fajrat\u00f6lthet\u0151?<\/h3>\n<p>Igen. 500mAh-t haszn\u00e1l Type-C t\u00f6lt\u00e9ssel, hogy t\u00e1mogassa az ism\u00e9telt haszn\u00e1latot, am\u00edg az e-liquid be nem fejez\u0151dik.<\/p>\n<h3>Milyen er\u0151ss\u00e9g\u0171 nikotin \u00e9rhet\u0151 el?<\/h3>\n<p>Ez a term\u00e9k 0%-5%-os nikotintartalm\u00fa opci\u00f3kkal kaphat\u00f3, a kiv\u00e1lasztott v\u00e1ltozatt\u00f3l \u00e9s c\u00e9lpiact\u00f3l f\u00fcgg\u0151en.<\/p>\n<h3>Milyen funkci\u00f3k seg\u00edtik a Buffar BOX CRYSTAL CRYSTAL kiemel\u00e9s\u00e9t a PuffAR BOX 600h? Az alap\u00e9rt\u00e9k egy\u00e9rtelm\u0171: egy tiszta, eldobhat\u00f3 vape form\u00e1tum, amelyet a kis- \u00e9s nagykereskedelmi v\u00e1s\u00e1rl\u00f3k k\u00f6nnyebben \u00e1rus\u00edthatnak.<\/p>\n<h3>H\u00e1ny \u00edzv\u00e1ltozat \u00e9rhet\u0151 el?<\/h3>\n<p>Az oldalon 13 \u00edzes\u00edt\u00e9si lehet\u0151s\u00e9g tal\u00e1lhat\u00f3, a pontos v\u00e1laszt\u00e9k pedig a v\u00e1lasztott v\u00e1ltozatt\u00f3l \u00e9s az aktu\u00e1lis k\u00e9szlett\u0151l f\u00fcgg.<\/p>\n<h3>Megfelel\u0151-e az ELF BOX 600 BOX CRYSTALe teljes term\u00e9ke. megrendel\u00e9seket?<\/h3>\n<p>Igen. Az ELF BOX CRYSTAL BAR 600 Puffs olyan vape boltok, viszontelad\u00f3k \u00e9s forgalmaz\u00f3k sz\u00e1m\u00e1ra k\u00e9sz\u00fclt, akik vil\u00e1gos, specifik\u00e1ci\u00f3kon alapul\u00f3 term\u00e9koldalt szeretn\u00e9nek t\u00f6meges rendel\u00e9s eset\u00e9n.<\/p>\n","protected":false},"excerpt":{"rendered":"<p>Az ELF BOX CRYSTAL BAR 600 Puffs 2mL-es, 500mAh-s kapacit\u00e1st k\u00edn\u00e1l 0%-5% nikotintartalommal. Tiszta v\u00e1laszt\u00e1s a kiskereskedelmi polcokra, a forgalmaz\u00f3i katal\u00f3gusokra \u00e9s a t\u00f6meges eldobhat\u00f3 vape rendel\u00e9sekre.<\/p>\n","protected":false},"featured_media":124434,"comment_status":"open","ping_status":"closed","template":"","meta":[],"product_brand":[],"product_cat":[727,979,826,1261,1294,1225,1327,1471,1545,1406,1365,1509,1439,2176,1598,1674,1636,400],"product_tag":[],"class_list":{"0":"post-167641","1":"product","2":"type-product","3":"status-publish","4":"has-post-thumbnail","6":"product_cat-800-puff-eldobhato-vape","7":"product_cat-crystal-vapes","8":"product_cat-eldobhato-vape-tipusok","9":"product_cat-eldobhato-vapes-ausztriaban","10":"product_cat-eldobhato-vapes-belgiumban","11":"product_cat-eldobhato-vapes-europaban","12":"product_cat-eldobhato-vapes-franciaorszagban","13":"product_cat-eldobhato-vapes-hollandiaban","14":"product_cat-eldobhato-vapes-lengyelorszagban","15":"product_cat-eldobhato-vapes-magyarorszagon","16":"product_cat-eldobhato-vapes-nemetorszagban","17":"product_cat-eldobhato-vapes-norvegiaban","18":"product_cat-eldobhato-vapes-olaszorszagban","19":"product_cat-eldobhato-vapes-portugaliaban","20":"product_cat-eldobhato-vapes-spanyolorszagban","21":"product_cat-eldobhato-vapes-svajcban","22":"product_cat-eldobhato-vapes-svedorszagban","23":"product_cat-kulonbozo-puffadasu-eldobhato-gozok","25":"first","26":"instock","27":"shipping-taxable","28":"purchasable","29":"product-type-variable","30":"has-default-attributes"},"jetpack_sharing_enabled":true,"tiered_pricing_type":"fixed","tiered_pricing_fixed_rules":{"2000":3.100000000000000088817841970012523233890533447265625},"tiered_pricing_product_settings":{"layout":"default","base_unit_name":{"singular":null,"plural":null},"default_variation":null},"tiered_pricing_minimum_quantity":1000,"tiered_pricing_roles_data":[],"tiered_pricing_percentage_rules":[],"tiered_pricing_maximum_quantity":null,"tiered_pricing_quantity_step":"10","_links":{"self":[{"href":"https:\/\/ricovape.com\/hu\/wp-json\/wp\/v2\/product\/167641","targetHints":{"allow":["GET"]}}],"collection":[{"href":"https:\/\/ricovape.com\/hu\/wp-json\/wp\/v2\/product"}],"about":[{"href":"https:\/\/ricovape.com\/hu\/wp-json\/wp\/v2\/types\/product"}],"replies":[{"embeddable":true,"href":"https:\/\/ricovape.com\/hu\/wp-json\/wp\/v2\/comments?post=167641"}],"wp:featuredmedia":[{"embeddable":true,"href":"https:\/\/ricovape.com\/hu\/wp-json\/wp\/v2\/media\/124434"}],"wp:attachment":[{"href":"https:\/\/ricovape.com\/hu\/wp-json\/wp\/v2\/media?parent=167641"}],"wp:term":[{"taxonomy":"product_brand","embeddable":true,"href":"https:\/\/ricovape.com\/hu\/wp-json\/wp\/v2\/product_brand?post=167641"},{"taxonomy":"product_cat","embeddable":true,"href":"https:\/\/ricovape.com\/hu\/wp-json\/wp\/v2\/product_cat?post=167641"},{"taxonomy":"product_tag","embeddable":true,"href":"https:\/\/ricovape.com\/hu\/wp-json\/wp\/v2\/product_tag?post=167641"}],"curies":[{"name":"wp","href":"https:\/\/api.w.org\/{rel}","templated":true}]}}