{"id":164977,"date":"2026-04-17T12:20:37","date_gmt":"2026-04-17T12:20:37","guid":{"rendered":"https:\/\/ricovape.com\/product\/bang-legend-120k-120-000-fujas-5-az-1-ben-tobb-izu-allithato-omlesztett-eldobhato-vape\/"},"modified":"2026-04-18T11:28:31","modified_gmt":"2026-04-18T11:28:31","slug":"bang-legend-120k","status":"publish","type":"product","link":"https:\/\/ricovape.com\/hu\/termek\/bang-legend-120k\/","title":{"rendered":"Bang Legend 120K | 120 000 f\u00faj\u00e1s, 5 az 1-ben, t\u00f6bb \u00edz\u0171, \u00e1ll\u00edthat\u00f3, \u00f6mlesztett eldobhat\u00f3 vape"},"content":{"rendered":"<h2>Mi\u00e9rt v\u00e1lassza a Bang Legend 120K-t?<\/h2>\n<ul>\n<li>\ud83d\udca8 <strong>T\u00f6meges bef\u00faj\u00e1sok sz\u00e1ma:<\/strong> Ak\u00e1r 120 000 f\u00faj\u00e1s a hosszan tart\u00f3 el\u00e9gedetts\u00e9g \u00e9rdek\u00e9ben.<\/li>\n<li>\ud83c\udfa8 <strong>5 az 1-ben \u00edzm\u00f3dok:<\/strong> K\u00f6nnyen v\u00e1lthat 5 \u00edz k\u00f6z\u00f6tt a v\u00e9gtelen \u00edzv\u00e1laszt\u00e9k\u00e9rt.<\/li>\n<li>\ud83d\udd0b <strong>850mAh \u00fajrat\u00f6lthet\u0151 akkumul\u00e1tor:<\/strong> Megb\u00edzhat\u00f3 \u00e9s egyenletes teljes\u00edtm\u00e9ny.<\/li>\n<li>\u26a1 <strong>H\u00e1l\u00f3s tekercsrendszer:<\/strong> Az 5*-os h\u00e1l\u00f3s tekercsek mer\u00e9sz \u00edzt \u00e9s gazdag p\u00e1rafelh\u0151ket biztos\u00edtanak.<\/li>\n<li>\ud83d\udcfa <strong>Intelligens LED-kijelz\u0151:<\/strong> b\u00e1rmikor ellen\u0151rizheti az akkumul\u00e1tor \u00e9lettartam\u00e1t, a puffad\u00e1sok sz\u00e1m\u00e1t \u00e9s az \u00edzm\u00f3dot.<\/li>\n<li>\ud83d\udd0c <strong>C t\u00edpus\u00fa t\u00f6lt\u00e9s:<\/strong> Gyors \u00e9s hat\u00e9kony t\u00f6lt\u00e9s az \u00faton l\u00e9v\u0151 felhaszn\u00e1l\u00f3k sz\u00e1m\u00e1ra.<\/li>\n<li>\ud83d\udce6 <strong>Nagykereskedelmi haszn\u00e1latra k\u00e9sz csomagol\u00e1s:<\/strong> 10 db\/csomag, ide\u00e1lis vape boltok \u00e9s forgalmaz\u00f3k sz\u00e1m\u00e1ra.<\/li>\n<li>\ud83c\udf0d <strong>Sz\u00e9les \u00edzv\u00e1laszt\u00e9k:<\/strong> 12 t\u00f6bb \u00edzb\u0151l \u00e1ll\u00f3 k\u00e9szlet (60+ egyedi \u00edzn\u00e9v) a k\u00fcl\u00f6nf\u00e9le v\u00e1s\u00e1rl\u00f3k kiel\u00e9g\u00edt\u00e9s\u00e9re.<\/li>\n<\/ul>\n<h3>M\u0171szaki adatok<\/h3>\n<table>\n<tbody>\n<tr>\n<td><strong>Nikotin er\u0151ss\u00e9ge<\/strong><\/td>\n<td>2% \/ 3% \/ 5%<\/td>\n<\/tr>\n<tr>\n<td><strong>Puff Count<\/strong><\/td>\n<td>Ak\u00e1r 120 000<\/td>\n<\/tr>\n<tr>\n<td><strong>\u00cdzm\u00f3dok<\/strong><\/td>\n<td>5 \u00e1ll\u00edthat\u00f3 \u00edz<\/td>\n<\/tr>\n<tr>\n<td><strong>Olajtart\u00e1ly<\/strong><\/td>\n<td>5 tank<\/td>\n<\/tr>\n<tr>\n<td><strong>Folyad\u00e9kkapacit\u00e1s<\/strong><\/td>\n<td>50mL<\/td>\n<\/tr>\n<tr>\n<td><strong>Akkumul\u00e1tor<\/strong><\/td>\n<td>850mAh \u00fajrat\u00f6lthet\u0151<\/td>\n<\/tr>\n<tr>\n<td><strong>Tekercs<\/strong><\/td>\n<td>5* mesh tekercs<\/td>\n<\/tr>\n<tr>\n<td><strong>LED-k\u00e9perny\u0151<\/strong><\/td>\n<td>Igen (akkumul\u00e1tor, puffad\u00e1ssz\u00e1m, \u00edzm\u00f3d)<\/td>\n<\/tr>\n<tr>\n<td><strong>T\u00f6lt\u0151port<\/strong><\/td>\n<td>C t\u00edpus\u00fa<\/td>\n<\/tr>\n<tr>\n<td><strong>Csomagol\u00e1s<\/strong><\/td>\n<td>10 db\/csomag<\/td>\n<\/tr>\n<tr>\n<td><strong>\u00cdzek<\/strong><\/td>\n<td>12 t\u00f6bb \u00edz\u0171 k\u00e9szlet (a teljes list\u00e1t l\u00e1sd al\u00e1bb)<\/td>\n<\/tr>\n<\/tbody>\n<\/table>\n<h3>\u00cdzek<\/h3>\n<p>\ud83c\udf53 Az al\u00e1bbiakban a Bang Legend 120K mind a 12 t\u00f6bb \u00edz\u0171 k\u00e9szlet\u00e9t tal\u00e1lja. Minden k\u00e9szlet 5 \u00edzt tartalmaz (5 tart\u00e1ly \/ 5 m\u00f3d), \u00edgy az \u00fcgyfelek menet k\u00f6zben is v\u00e1lthatnak.<\/p>\n<ol>\n<li><strong>1. k\u00e9szlet:<\/strong> energiaital \u00e9s \u00e1fonya cseresznye \u00e9s alma sz\u0151l\u0151 \u00e9s g\u00f6r\u00f6gdinnye s\u00e1rk\u00e1nygy\u00fcm\u00f6lcs \u00e9s mamba<\/li>\n<li><strong>2. k\u00e9szlet:<\/strong> energiaital \u00e9s \u0151szibarack j\u00e9g \u00e9s mang\u00f3 j\u00e9g, \u00e1fonya sz\u0151l\u0151 \u00e9s fekete ribizli<\/li>\n<li><strong>3. k\u00e9szlet:<\/strong> \u00c1fonya m\u00e1lna \u00e9s \u0151szibarack mang\u00f3 g\u00f6r\u00f6gdinnye \u00e9s cseresznye k\u00f3la \u00e9s sz\u0151l\u0151 szeder j\u00e9g \u00e9s mang\u00f3 \u0151szibarack s\u00e1rgabarack<\/li>\n<li><strong>4. k\u00e9szlet:<\/strong> \u00c1fonya m\u00e1lna \u00e9s fekete s\u00e1rk\u00e1ny j\u00e9g \u00e9s sziv\u00e1rv\u00e1nycukorka \u00e9s Fuji j\u00e9g \u00e9s g\u00f6r\u00f6gdinnye savany\u00fa barack<\/li>\n<li><strong>5. k\u00e9szlet:<\/strong> \u00c1fonya j\u00e9g \u00e9s kiwi golgotagy\u00fcm\u00f6lcs guava \u00e9s h\u00e1rmas dinnye \u00e9s \u0151szibarack anan\u00e1sz \u00e9s szenved\u00e9lyes cs\u00f3k<\/li>\n<li><strong>6. k\u00e9szlet:<\/strong> \u00c1fonya j\u00e9g \u00e9s g\u00f6r\u00f6gdinnye r\u00e1g\u00f3gumi \u00e9s savany\u00fa alma m\u00e1lna \u00e9s l\u00f3tuszgy\u00fcm\u00f6lcs mang\u00f3 s\u00e1rgadinnye \u00e9s maracuja kiwi lime<\/li>\n<li><strong>7. k\u00e9szlet:<\/strong> G\u00f6r\u00f6gdinnye j\u00e9g \u00e9s vegyes bogy\u00f3k, almak\u00f6rte \u00e9s \u00e1fonya menta, ny\u00e1ri id\u0151sz\u00e1m\u00edt\u00e1s<\/li>\n<li><strong>8. k\u00e9szlet:<\/strong> G\u00f6r\u00f6gdinnye j\u00e9g \u00e9s eper mang\u00f3 \u00e9s kaliforniai cseresznye \u00e9s \u00e1fony\u00e1s \u0151szibarack j\u00e9g \u00e9s bogy\u00f3 hideg<\/li>\n<li><strong>9. k\u00e9szlet:<\/strong> epres g\u00f6r\u00f6gdinnye \u00e9s sz\u0151l\u0151 j\u00e9g \u00e9s v\u00f6r\u00f6s mojito \u00e9s ban\u00e1n j\u00e9g \u00e9s citrom lime<\/li>\n<li><strong>10. k\u00e9szlet:<\/strong> Eper g\u00f6r\u00f6gdinnye \u00e9s s\u00e1rgadinnye alma \u00e9s k\u00f3la j\u00e9g \u00e9s mang\u00f3 \u0151szibarack \u00e9s szerelem 66<\/li>\n<li><strong>11. k\u00e9szlet:<\/strong> eper kivi \u00e9s eper ban\u00e1n \u00e9s licsi j\u00e9g \u00e9s g\u00f6r\u00f6gdinnye bogy\u00f3 \u00e9s maracuja mang\u00f3<\/li>\n<li><strong>12. k\u00e9szlet:<\/strong> eper kiwi \u00e9s \u00e1fony\u00e1s g\u00f6r\u00f6gdinnye \u00e9s medve karamell, \u00e1fony\u00e1s r\u00e1g\u00f3gumi \u00e9s savany\u00fa mang\u00f3 anan\u00e1sz<\/li>\n<\/ol>\n<h3>GYIK<\/h3>\n<p><strong>K: Mennyi ideig b\u00edrja a Bang Legend 120K?<\/strong><br \/>\nV: Ak\u00e1r 120 000 f\u00faj\u00e1ssal \u00e9s egy \u00fajrat\u00f6lthet\u0151 850mAh-s akkumul\u00e1torral a haszn\u00e1latt\u00f3l \u00e9s az \u00fczemm\u00f3dv\u00e1lt\u00e1st\u00f3l f\u00fcgg\u0151en t\u00f6bb h\u00e9tt\u0151l h\u00f3napig is kitarthat. A LED-es kijelz\u0151 seg\u00edt a h\u00e1tral\u00e9v\u0151 \u00e9lettartam nyomon k\u00f6vet\u00e9s\u00e9ben.<\/p>\n<p><strong>K: Hogyan m\u0171k\u00f6dik az 5 \u00edzm\u00f3d?<\/strong><br \/>\nV: A k\u00e9sz\u00fcl\u00e9knek 5 k\u00fcl\u00f6n\u00e1ll\u00f3 tart\u00e1lya\/m\u00f3dja van. Az \u00fczemm\u00f3dkapcsol\u00f3val (a felhaszn\u00e1l\u00f3i k\u00e9zik\u00f6nyvben le\u00edrtak szerint) azonnal v\u00e1lthat a bet\u00f6lt\u00f6tt \u00edzek k\u00f6z\u00f6tt.<\/p>\n<p><strong>K: Ez az eszk\u00f6z \u00fajrat\u00f6lthet\u0151?<\/strong><br \/>\nV: Igen \u2013 Type-C t\u00f6lt\u0151portot haszn\u00e1l a gyors \u00e9s megb\u00edzhat\u00f3 t\u00f6lt\u00e9s \u00e9rdek\u00e9ben.<\/p>\n<p><strong>K: Testreszabhat\u00f3 a nikotin er\u0151ss\u00e9ge?<\/strong><br \/>\nV: A rendel\u00e9sek 2%, 3% vagy 5% nikotintartalm\u00faak. V\u00e1lasszon a piaci\/region\u00e1lis preferenci\u00e1k \u00e9s a jogi korl\u00e1toz\u00e1sok alapj\u00e1n.<\/p>\n<p><strong>K: V\u00e1s\u00e1rolhatok nagykereskedelmi \u00e1ron?<\/strong><br \/>\nV: Igen. A kiszerel\u00e9s 10 db\/csomag, \u00edgy ide\u00e1lis kiskereskedelmi bemutat\u00f3khoz vagy nagykereskedelmi forgalmaz\u00e1shoz vape \u00fczletekben \u00e9s online \u00e1ruh\u00e1zakban.<\/p>\n<p><strong>K: Kinek a legjobb ez a term\u00e9k?<\/strong><br \/>\nV: Er\u0151s felhaszn\u00e1l\u00f3k, \u00edzel\u00edt\u0151k, vape boltok tulajdonosai \u00e9s forgalmaz\u00f3k, akiknek nagykereskedelmi haszn\u00e1latra k\u00e9sz, nagy kapacit\u00e1s\u00fa, sz\u00e9les \u00edzv\u00e1laszt\u00e9kkal rendelkez\u0151 eldobhat\u00f3ra van sz\u00fcks\u00e9g\u00fck.<\/p>\n<p>\u00a0<\/p>\n<p><strong>A Bang Legend 120K<\/strong> a nagy kereslet\u0171 piacokra k\u00e9sz\u00fclt \u2013 hatalmas puffad\u00e1ssz\u00e1m, \u00f6t \u00e1ll\u00edthat\u00f3 \u00edz\u0171 katal\u00f3gus teszi lehet\u0151v\u00e9 a felhaszn\u00e1l\u00f3k sz\u00e1m\u00e1ra, valamint egy sz\u00e9les \u00edz\u0171 katal\u00f3gusm\u00f3d. \ud83c\udfaf A Vape \u00fczletek \u00e9s nagykeresked\u0151k \u00e9rt\u00e9kelni fogj\u00e1k a 10 kiszerel\u00e9s\u0171, kiskereskedelmi haszn\u00e1latra k\u00e9sz csomagol\u00e1st \u00e9s az er\u0151s polc vonzerej\u00e9t. K\u00e9sz\u00edtsen k\u00e9szletet, \u00e9s k\u00edn\u00e1ljon v\u00e1s\u00e1rl\u00f3inak egy hossz\u00fa \u00e9lettartam\u00fa, sokoldal\u00fa eldobhat\u00f3 vape-ot, amely mindig visszat\u00e9r. \ud83d\ude80<\/p>\n","protected":false},"excerpt":{"rendered":"<p>\ud83d\udd25A Bang Legend 120K eldobhat\u00f3 vape <strong>120 000 f\u00faj\u00e1st<\/strong>, <strong>5 \u00e1ll\u00edthat\u00f3 \u00edzt<\/strong> \u00e9s egy <strong>er\u0151s \u00fajrat\u00f6lthet\u0151 akkumul\u00e1tort<\/strong> k\u00edn\u00e1l \u2013 t\u00f6k\u00e9letes \u00edzel\u00edt\u0151k, er\u0151s felhaszn\u00e1l\u00f3k \u00e9s nagykereskedelmi v\u00e1s\u00e1rl\u00f3k sz\u00e1m\u00e1ra.<\/p>\n","protected":false},"featured_media":128201,"comment_status":"open","ping_status":"closed","template":"","meta":[],"product_brand":[],"product_cat":[759,346,1545,1406,1365,1439,1598,1187],"product_tag":[1102],"class_list":{"0":"post-164977","1":"product","2":"type-product","3":"status-publish","4":"has-post-thumbnail","6":"product_cat-100k-puffs-eldobhato-vape","7":"product_cat-bang","8":"product_cat-eldobhato-vapes-lengyelorszagban","9":"product_cat-eldobhato-vapes-magyarorszagon","10":"product_cat-eldobhato-vapes-nemetorszagban","11":"product_cat-eldobhato-vapes-olaszorszagban","12":"product_cat-eldobhato-vapes-spanyolorszagban","13":"product_cat-olcso-ujratoltheto-eldobhato-vape","14":"product_tag-legjobb-eldobhato-vape","16":"first","17":"outofstock","18":"shipping-taxable","19":"purchasable","20":"product-type-variable","21":"has-default-attributes"},"jetpack_sharing_enabled":true,"tiered_pricing_type":"fixed","tiered_pricing_fixed_rules":{"30":11.300000000000000710542735760100185871124267578125,"50":8.269999999999999573674358543939888477325439453125,"100":8.019999999999999573674358543939888477325439453125,"200":7.410000000000000142108547152020037174224853515625,"400":7.04000000000000003552713678800500929355621337890625},"tiered_pricing_product_settings":{"layout":"default","base_unit_name":{"singular":null,"plural":null},"default_variation":null},"tiered_pricing_minimum_quantity":10,"tiered_pricing_roles_data":[],"tiered_pricing_percentage_rules":[],"tiered_pricing_maximum_quantity":null,"tiered_pricing_quantity_step":"10","_links":{"self":[{"href":"https:\/\/ricovape.com\/hu\/wp-json\/wp\/v2\/product\/164977","targetHints":{"allow":["GET"]}}],"collection":[{"href":"https:\/\/ricovape.com\/hu\/wp-json\/wp\/v2\/product"}],"about":[{"href":"https:\/\/ricovape.com\/hu\/wp-json\/wp\/v2\/types\/product"}],"replies":[{"embeddable":true,"href":"https:\/\/ricovape.com\/hu\/wp-json\/wp\/v2\/comments?post=164977"}],"wp:featuredmedia":[{"embeddable":true,"href":"https:\/\/ricovape.com\/hu\/wp-json\/wp\/v2\/media\/128201"}],"wp:attachment":[{"href":"https:\/\/ricovape.com\/hu\/wp-json\/wp\/v2\/media?parent=164977"}],"wp:term":[{"taxonomy":"product_brand","embeddable":true,"href":"https:\/\/ricovape.com\/hu\/wp-json\/wp\/v2\/product_brand?post=164977"},{"taxonomy":"product_cat","embeddable":true,"href":"https:\/\/ricovape.com\/hu\/wp-json\/wp\/v2\/product_cat?post=164977"},{"taxonomy":"product_tag","embeddable":true,"href":"https:\/\/ricovape.com\/hu\/wp-json\/wp\/v2\/product_tag?post=164977"}],"curies":[{"name":"wp","href":"https:\/\/api.w.org\/{rel}","templated":true}]}}