{"id":164577,"date":"2026-04-17T12:10:49","date_gmt":"2026-04-17T12:10:49","guid":{"rendered":"https:\/\/ricovape.com\/product\/jnr-falcon-pro-28000-disposable-vape\/"},"modified":"2026-04-19T18:31:54","modified_gmt":"2026-04-19T18:31:54","slug":"jnr-falcon-pro-28000","status":"publish","type":"product","link":"https:\/\/ricovape.com\/hu\/termek\/jnr-falcon-pro-28000\/","title":{"rendered":"JNR Falcon Pro 28000 Disposable Vape"},"content":{"rendered":"<h2>JNR Falcon Pro 28000 Eldobhat\u00f3 Vape<\/h2>\n<p>A <strong>JNR Falcon Pro 28000 Eldobhat\u00f3 Vape<\/strong> egy digit\u00e1lis kijelz\u0151s eldobhat\u00f3 vape kis- \u00e9s nagykereskedelmi v\u00e1s\u00e1rl\u00f3k sz\u00e1m\u00e1ra, akik praktikus, k\u00f6nnyen elmagyar\u00e1zhat\u00f3 term\u00e9koldalt szeretn\u00e9nek. 28 000 felf\u00faj\u00e1st, 30mL-t, kett\u0151s h\u00e1l\u00f3s tekercset \u00e9s digit\u00e1lis kijelz\u0151t \u00f6tv\u00f6z, hogy \u00fcgyfeleinek tiszt\u00e1bb elhelyez\u00e9s\u0171 \u00e9s er\u0151sebb polcvonzat\u00fa eszk\u00f6zt biztos\u00edtson.<\/p>\n<h2>Mi\u00e9rt v\u00e1lassza ezt a term\u00e9ket?<\/h2>\n<ul>\n<li><strong>Ak\u00e1r 28 000 bef\u00faj\u00e1s<\/strong> egy hosszabb \u00e9lettartam\u00fa k\u00e9sz\u00fcl\u00e9k\u00e9rt, amely k\u00f6nnyen elhelyezhet\u0151 a nagykereskedelmi katal\u00f3gusokban.<\/li>\n<li><strong>30mL e-liquid kapacit\u00e1s<\/strong> a hosszabb haszn\u00e1lat \u00e9s kevesebb eszk\u00f6zcsere t\u00e1mogat\u00e1s\u00e1hoz.<\/li>\n<li><strong>Kett\u0151s h\u00e1l\u00f3s tekercs<\/strong> az egyenletesebb \u00edzlead\u00e1s \u00e9s a sim\u00e1bb g\u0151ztermel\u00e9s \u00e9rdek\u00e9ben.<\/li>\n<li><strong>Digit\u00e1lis kijelz\u0151<\/strong> az akkumul\u00e1tor vagy az e-liquid \u00e1llapot\u00e1nak egy pillant\u00e1sra k\u00f6nnyebb meg\u00e9rt\u00e9s\u00e9hez.<\/li>\n<li><strong>950mAh<\/strong>, hogy az eszk\u00f6z praktikus legyen a napi ism\u00e9telt haszn\u00e1lathoz.<\/li>\n<li><strong>Nagykereskedelem-bar\u00e1t helymeghat\u00e1roz\u00e1s<\/strong> vape \u00fczletek, forgalmaz\u00f3k \u00e9s t\u00f6meges rendel\u00e9si programok sz\u00e1m\u00e1ra.<\/li>\n<\/ul>\n<h2>M\u0171szaki adatok<\/h2>\n<table>\n<tbody>\n<tr>\n<td><strong>Term\u00e9kn\u00e9v<\/strong><\/td>\n<td>JNR Falcon Pro 28000 eldobhat\u00f3 vape<\/td>\n<\/tr>\n<tr>\n<td><strong>Puff Count<\/strong><\/td>\n<td>Ak\u00e1r 28 000 f\u00faj\u00e1s<\/td>\n<\/tr>\n<tr>\n<td><strong>E-folyad\u00e9k kapacit\u00e1s<\/strong><\/td>\n<td>30mL<\/td>\n<\/tr>\n<tr>\n<td><strong>Akkumul\u00e1tor<\/strong><\/td>\n<td>950mAh<\/td>\n<\/tr>\n<tr>\n<td><strong>Tekercs<\/strong><\/td>\n<td>Kett\u0151s h\u00e1l\u00f3s tekercs<\/td>\n<\/tr>\n<tr>\n<td><strong>Kijelz\u0151<\/strong><\/td>\n<td>Digit\u00e1lis kijelz\u0151<\/td>\n<\/tr>\n<\/tbody>\n<\/table>\n<h2>\u00cdzlehet\u0151s\u00e9gek<\/h2>\n<p>A JNR Falcon Pro 28000 eldobhat\u00f3 vape 4 f\u00e9le \u00edzben kaphat\u00f3, bele\u00e9rtve a hihetetlen 28 000-es szuszpenzi\u00f3t, amely garant\u00e1lja, hogy soha nem fog hi\u00e1nyozni. Robusztus, 950mAh-s \u00fajrat\u00f6lthet\u0151 akkumul\u00e1tora \u00e9s a kett\u0151s h\u00e1l\u00f3s tekercs technol\u00f3gi\u00e1ja t\u00f6k\u00e9letes harm\u00f3ni\u00e1ban m\u0171k\u00f6dik, hogy egyenletes, sima g\u0151zt \u00e9s \u00e9l\u00e9nk \u00edzt biztos\u00edtson az els\u0151 sz\u00edv\u00e1st\u00f3l az utols\u00f3ig. A digit\u00e1lis kijelz\u0151 t\u00e1j\u00e9koztatja \u00d6nt, m\u00edg a b\u0151s\u00e9ges, 30mL-es E-folyad\u00e9k kapacit\u00e1s kevesebb aggodalommal t\u00f6lti el az ut\u00e1nt\u00f6lt\u00e9st. 20 apr\u00f3l\u00e9kosan kidolgozott \u00edzzel.<\/p>\n<ul>\n<li>Hihetetlen 28 000 puffan\u00e1ssal b\u00fcszk\u00e9lkedhet<\/li>\n<li>Gondoskodni arr\u00f3l, hogy soha ne maradjon v\u00e1gy. Robusztus, 950mAh-s \u00fajrat\u00f6lthet\u0151 akkumul\u00e1tora \u00e9s a kett\u0151s h\u00e1l\u00f3s tekercs technol\u00f3gi\u00e1ja t\u00f6k\u00e9letes harm\u00f3ni\u00e1ban m\u0171k\u00f6dik a konzisztencia \u00e9rdek\u00e9ben<\/li>\n<li>Sima g\u0151z \u00e9s \u00e9l\u00e9nk \u00edz az els\u0151 f\u00faj\u00e1st\u00f3l az utols\u00f3ig. A digit\u00e1lis kijelz\u0151 folyamatosan t\u00e1j\u00e9koztatja \u00d6nt<\/li>\n<li>M\u00edg a nagylelk\u0171 30mL-es E-folyad\u00e9k kapacit\u00e1s kevesebb aggodalmat jelent az ut\u00e1nt\u00f6lt\u00e9s miatt. 20 apr\u00f3l\u00e9kosan kidolgozott \u00edz<\/li>\n<p>vel\n<\/ul>\n<h2>Kis- \u00e9s nagykereskedelmi Fit<\/h2>\n<p><strong>JNR Falcon Pro 28000 eldobhat\u00f3 vape<\/strong> a legjobban olyan vape \u00fczletek, forgalmaz\u00f3k \u00e9s viszontelad\u00f3i katal\u00f3gusok sz\u00e1m\u00e1ra m\u0171k\u00f6dik, amelyeknek specifik\u00e1ci\u00f3n alapul\u00f3 term\u00e9koldalra van sz\u00fcks\u00e9g\u00fck t\u00f6lt\u0151anyag n\u00e9lk\u00fcl. A leger\u0151sebb \u00e9rt\u00e9kes\u00edt\u00e9si pontok az eszk\u00f6z form\u00e1tuma, a c\u00edmsor jellemz\u0151i, valamint a hasonl\u00f3 cikksz\u00e1mokat \u00f6sszehasonl\u00edt\u00f3 v\u00e1s\u00e1rl\u00f3k sz\u00e1m\u00e1ra a k\u00f6nnyebb nagykereskedelmi keretez\u00e9s.<\/p>\n<h2>GYIK<\/h2>\n<h3>H\u00e1ny puffad\u00e1st k\u00edn\u00e1l a JNR Falcon Pro 28000 eldobhat\u00f3 vape?<\/h3>\n<p>A JNR Falcon Pro 28000 eldobhat\u00f3 mennyis\u00e9gt\u0151l f\u00fcgg\u0151en 0 puff,0 puff8-ig a haszn\u00e1lati st\u00edlusr\u00f3l \u00e9s a kiv\u00e1lasztott v\u00e1ltozatr\u00f3l.<\/p>\n<h3>A JNR Falcon Pro 28000 eldobhat\u00f3 vape \u00fajrat\u00f6lthet\u0151?<\/h3>\n<p>Igen. 950mAh-t haszn\u00e1l az ism\u00e9telt haszn\u00e1lat t\u00e1mogat\u00e1s\u00e1ra, am\u00edg az e-liquid el nem k\u00e9sz\u00fcl.<\/p>\n<h3>Milyen er\u0151ss\u00e9g\u0171 nikotin \u00e9rhet\u0151 el?<\/h3>\n<p>A nikotin er\u0151ss\u00e9ge a kiv\u00e1lasztott v\u00e1ltozatt\u00f3l f\u00fcgg. T\u00f6meges rendel\u00e9s lead\u00e1sa el\u0151tt ellen\u0151rizze a pontos opci\u00f3t.<\/p>\n<h3>Milyen funkci\u00f3k seg\u00edtik a JNR Falcon Pro 28000 eldobhat\u00f3 vape kit\u0171n\u00e9s\u00e9t?<\/h3>\n<p>A legfontosabb \u00e9rt\u00e9kes\u00edt\u00e9si pontok k\u00f6z\u00e9 tartozik a Dual Mesh Coil, a digit\u00e1lis kijelz\u0151, amely seg\u00edt az eszk\u00f6znek k\u00f6nnyebben elmagyar\u00e1zni a kiskereskedelmi polcokon \u00e9s a forgalmaz\u00f3k katal\u00f3gusain.<\/p>\n<h3>Hogy a sok \u00edz lista el\u00e9rhet\u0151.<\/p>\n<h3>How? opci\u00f3k, a pontos kiv\u00e1laszt\u00e1s pedig a v\u00e1lasztott v\u00e1ltozatt\u00f3l \u00e9s az aktu\u00e1lis k\u00e9szlett\u0151l f\u00fcgg.<\/p>\n<h3>A JNR Falcon Pro 28000 eldobhat\u00f3 vape alkalmas nagykereskedelmi rendel\u00e9sekre?<\/h3>\n<p>Igen. A JNR Falcon Pro 28000 eldobhat\u00f3 vape olyan vape boltok, viszontelad\u00f3k \u00e9s forgalmaz\u00f3k sz\u00e1m\u00e1ra k\u00e9sz\u00fclt, akik vil\u00e1gos, specifik\u00e1ci\u00f3kon alapul\u00f3 term\u00e9koldalt szeretn\u00e9nek t\u00f6meges rendel\u00e9s eset\u00e9n.<\/p>\n","protected":false},"excerpt":{"rendered":"<p>A JNR Falcon Pro 28000 eldobhat\u00f3 vape ak\u00e1r 28 000 f\u00faj\u00e1st, 30mL-es, 950mAh-s, kett\u0151s h\u00e1l\u00f3s tekercset \u00e9s digit\u00e1lis kijelz\u0151t k\u00edn\u00e1l. Tiszta v\u00e1laszt\u00e1s a kiskereskedelmi polcokra, a forgalmaz\u00f3i katal\u00f3gusokra \u00e9s a t\u00f6meges eldobhat\u00f3 vape rendel\u00e9sekre.<\/p>\n","protected":false},"featured_media":128023,"comment_status":"open","ping_status":"closed","template":"","meta":[],"product_brand":[],"product_cat":[1545,1406,1365,1439,1598,1792],"product_tag":[],"class_list":{"0":"post-164577","1":"product","2":"type-product","3":"status-publish","4":"has-post-thumbnail","6":"product_cat-eldobhato-vapes-lengyelorszagban","7":"product_cat-eldobhato-vapes-magyarorszagon","8":"product_cat-eldobhato-vapes-nemetorszagban","9":"product_cat-eldobhato-vapes-olaszorszagban","10":"product_cat-eldobhato-vapes-spanyolorszagban","11":"product_cat-jnr","13":"first","14":"instock","15":"shipping-taxable","16":"purchasable","17":"product-type-variable","18":"has-default-attributes"},"jetpack_sharing_enabled":true,"tiered_pricing_type":"fixed","tiered_pricing_fixed_rules":[],"tiered_pricing_product_settings":{"layout":"default","base_unit_name":{"singular":null,"plural":null},"default_variation":null},"tiered_pricing_minimum_quantity":1000,"tiered_pricing_roles_data":[],"tiered_pricing_percentage_rules":[],"tiered_pricing_maximum_quantity":null,"tiered_pricing_quantity_step":"10","_links":{"self":[{"href":"https:\/\/ricovape.com\/hu\/wp-json\/wp\/v2\/product\/164577","targetHints":{"allow":["GET"]}}],"collection":[{"href":"https:\/\/ricovape.com\/hu\/wp-json\/wp\/v2\/product"}],"about":[{"href":"https:\/\/ricovape.com\/hu\/wp-json\/wp\/v2\/types\/product"}],"replies":[{"embeddable":true,"href":"https:\/\/ricovape.com\/hu\/wp-json\/wp\/v2\/comments?post=164577"}],"wp:featuredmedia":[{"embeddable":true,"href":"https:\/\/ricovape.com\/hu\/wp-json\/wp\/v2\/media\/128023"}],"wp:attachment":[{"href":"https:\/\/ricovape.com\/hu\/wp-json\/wp\/v2\/media?parent=164577"}],"wp:term":[{"taxonomy":"product_brand","embeddable":true,"href":"https:\/\/ricovape.com\/hu\/wp-json\/wp\/v2\/product_brand?post=164577"},{"taxonomy":"product_cat","embeddable":true,"href":"https:\/\/ricovape.com\/hu\/wp-json\/wp\/v2\/product_cat?post=164577"},{"taxonomy":"product_tag","embeddable":true,"href":"https:\/\/ricovape.com\/hu\/wp-json\/wp\/v2\/product_tag?post=164577"}],"curies":[{"name":"wp","href":"https:\/\/api.w.org\/{rel}","templated":true}]}}