{"id":164353,"date":"2026-04-17T11:57:12","date_gmt":"2026-04-17T11:57:12","guid":{"rendered":"https:\/\/ricovape.com\/product\/vozol-rave-40000-puffs-dual-mode-omlesztett-eldobhato-vape\/"},"modified":"2026-04-18T11:17:12","modified_gmt":"2026-04-18T11:17:12","slug":"vozol-rave-40000","status":"publish","type":"product","link":"https:\/\/ricovape.com\/hu\/termek\/vozol-rave-40000\/","title":{"rendered":"Vozol Rave 40000 Puffs | dual-mode \u00f6mlesztett eldobhat\u00f3 vape"},"content":{"rendered":"<h2>Vozol Rave 40000 Puffs<\/h2>\n<p>A <strong>Vozol Rave 40000 Puffs<\/strong> egy eldobhat\u00f3 vape kis- \u00e9s nagykereskedelmi v\u00e1s\u00e1rl\u00f3k sz\u00e1m\u00e1ra, akik praktikus, k\u00f6nnyen elmagyar\u00e1zhat\u00f3 term\u00e9koldalt szeretn\u00e9nek. 40 000 felf\u00faj\u00e1st, 32mL-es, kett\u0151s h\u00e1l\u00f3s tekercset egyes\u00edt, hogy \u00fcgyfeleinek tiszt\u00e1bb elhelyez\u00e9s\u0171 \u00e9s er\u0151sebb polcvonzat\u00fa eszk\u00f6zt biztos\u00edtson.<\/p>\n<h2>Mi\u00e9rt v\u00e1lassza ezt a term\u00e9ket?<\/h2>\n<ul>\n<li><strong>Ak\u00e1r 40 000 f\u00faj\u00e1s<\/strong> egy hosszabb \u00e9lettartam\u00fa eszk\u00f6z\u00e9rt, amelyet k\u00f6nnyen elhelyezhet a nagykereskedelmi katal\u00f3gusokban.<\/li>\n<li><strong>32mL e-liquid kapacit\u00e1s<\/strong> a hosszabb haszn\u00e1lat \u00e9s kevesebb eszk\u00f6zcsere t\u00e1mogat\u00e1s\u00e1hoz.<\/li>\n<li><strong>Kett\u0151s h\u00e1l\u00f3s tekercs<\/strong> az egyenletesebb \u00edzlead\u00e1s \u00e9s a sim\u00e1bb g\u0151ztermel\u00e9s \u00e9rdek\u00e9ben.<\/li>\n<li><strong>850mAh, Type-C t\u00f6lt\u00e9s<\/strong>, hogy az eszk\u00f6z praktikus legyen a napi ism\u00e9telt haszn\u00e1lat sor\u00e1n.<\/li>\n<li><strong>Nagykereskedelem-bar\u00e1t helymeghat\u00e1roz\u00e1s<\/strong> vape \u00fczletek, forgalmaz\u00f3k \u00e9s t\u00f6meges rendel\u00e9si programok sz\u00e1m\u00e1ra.<\/li>\n<\/ul>\n<h2>M\u0171szaki adatok<\/h2>\n<table>\n<tbody>\n<tr>\n<td><strong>Term\u00e9kn\u00e9v<\/strong><\/td>\n<td>Vozol Rave 40000 f\u00faj\u00e1s<\/td>\n<\/tr>\n<tr>\n<td><strong>Puff Count<\/strong><\/td>\n<td>Ak\u00e1r 40 000 f\u00faj\u00e1s<\/td>\n<\/tr>\n<tr>\n<td><strong>E-folyad\u00e9k kapacit\u00e1s<\/strong><\/td>\n<td>32mL<\/td>\n<\/tr>\n<tr>\n<td><strong>Akkumul\u00e1tor<\/strong><\/td>\n<td>850mAh<\/td>\n<\/tr>\n<tr>\n<td><strong>Tekercs<\/strong><\/td>\n<td>Kett\u0151s h\u00e1l\u00f3s tekercs<\/td>\n<\/tr>\n<tr>\n<td><strong>T\u00f6lt\u00e9s<\/strong><\/td>\n<td>C t\u00edpus\u00fa t\u00f6lt\u00e9s<\/td>\n<\/tr>\n<\/tbody>\n<\/table>\n<h2>\u00cdzlehet\u0151s\u00e9gek<\/h2>\n<p>A Vozol Rave 40000 Puffs 1 \u00edzben kaphat\u00f3, bele\u00e9rtve a Chamber A Chamber B G\u00f6r\u00f6gdinnye j\u00e9g Sz\u0151l\u0151 J\u00e9g Mang\u00f3 J\u00e9g Eper J\u00e9g \u00c1fonya J\u00e9g \u00c1fonya G\u00f6r\u00f6gdinnye Mang\u00f3 \u0150szibarack Eper G\u00f6r\u00f6gdinnye Cool Menta K\u00e9k Razz J\u00e9g \u0150szibarack J\u00e9g Eper Mang\u00f3 Eper Kiwi Dupla Alma Eper G\u00f6r\u00f6gdinnye m\u00e1lna Bubb Rancher Cherry Strawberry Love 777.<\/p>\n<ul>\n<li>A kamra B G\u00f6r\u00f6gdinnye j\u00e9g Sz\u0151l\u0151 J\u00e9g Mang\u00f3 J\u00e9g Eper J\u00e9g \u00c1fonya J\u00e9g \u00c1fonya G\u00f6r\u00f6gdinnye Mang\u00f3 \u0150szibarack Eper G\u00f6r\u00f6gdinnye Cool Menta K\u00e9k Razz J\u00e9g \u0150szibarack J\u00e9g Eper Mang\u00f3 Eper Kiwi Dupla alma G\u00f6r\u00f6gdinnye G\u00f6r\u00f6gdinnye Szam\u00f3ca \u0151szibarack M\u00e1lna Limon\u00e1d\u00e9 Eper7 Cseredinnye7 Cseredinnye Rache7\n<\/ul>\n<h2>Kis- \u00e9s nagykereskedelmi illeszked\u00e9s<\/h2>\n<p><strong>A Vozol Rave 40000 Puffs<\/strong> a legjobban olyan vape boltok, forgalmaz\u00f3k \u00e9s viszontelad\u00f3i katal\u00f3gusok sz\u00e1m\u00e1ra m\u0171k\u00f6dik, amelyeknek specifik\u00e1ci\u00f3n alapul\u00f3 term\u00e9koldalra van sz\u00fcks\u00e9g\u00fck t\u00f6lt\u0151anyag n\u00e9lk\u00fcl. A leger\u0151sebb \u00e9rt\u00e9kes\u00edt\u00e9si pontok az eszk\u00f6z form\u00e1tuma, a c\u00edmsor jellemz\u0151i, valamint a hasonl\u00f3 cikksz\u00e1mokat \u00f6sszehasonl\u00edt\u00f3 v\u00e1s\u00e1rl\u00f3k sz\u00e1m\u00e1ra a k\u00f6nnyebb nagykereskedelmi keretez\u00e9s.<\/p>\n<h2>GYIK<\/h2>\n<h3>H\u00e1ny puffot k\u00edn\u00e1l a Vozol Rave 40000 Puff?<\/h3>\n<p>A Vozol Rave 40000 40000 Puffs st\u00edlust\u00f3l f\u00fcgg\u0151en 0 \u00e9s 0 Puffs 40 st\u00edlust\u00f3l f\u00fcgg\u0151en kiv\u00e1lasztott v\u00e1ltozat.<\/p>\n<h3>A Vozol Rave 40000 Puffs \u00fajrat\u00f6lthet\u0151?<\/h3>\n<p>Igen. 850mAh-t haszn\u00e1l Type-C t\u00f6lt\u00e9ssel, hogy t\u00e1mogassa az ism\u00e9telt haszn\u00e1latot, am\u00edg az e-liquid el nem k\u00e9sz\u00fcl.<\/p>\n<h3>Milyen er\u0151ss\u00e9g\u0171 nikotin \u00e9rhet\u0151 el?<\/h3>\n<p>A nikotin er\u0151ss\u00e9ge a kiv\u00e1lasztott v\u00e1ltozatt\u00f3l f\u00fcgg. T\u00f6meges rendel\u00e9s el\u0151tt er\u0151s\u00edtse meg a pontos opci\u00f3t.<\/p>\n<h3>Milyen funkci\u00f3k seg\u00edtik a Vozol Rave 40000 Puffs kit\u0171n\u00e9s\u00e9t?<\/h3>\n<p>A legfontosabb \u00e9rt\u00e9kes\u00edt\u00e9si pontok k\u00f6z\u00e9 tartozik a Dual Mesh Coil, amely seg\u00edt a k\u00e9sz\u00fcl\u00e9knek k\u00f6nnyebben elmagyar\u00e1zni a kiskereskedelmi polcokon \u00e9s a forgalmaz\u00f3i katal\u00f3gusokban.<\/p>\n<h3>H\u00e1ny \u00edzes\u00edt\u00e9si lehet\u0151s\u00e9g \u00e9rhet\u0151 el?<\/h3>\n<p>Az oldalon 1 \u00edzv\u00e1ltozat szerepel, a pontos v\u00e1laszt\u00e9k pedig a v\u00e1lasztott v\u00e1ltozatt\u00f3l \u00e9s az aktu\u00e1lis rakt\u00e1rk\u00e9szlett\u0151l f\u00fcgg.<\/p>\n<h3>Alkalmas-e a Vozol Rave 40 eg\u00e9sz\u00e9re. megrendel\u00e9seket?<\/h3>\n<p>Igen. A Vozol Rave 40000 Puffs olyan vape boltok, viszontelad\u00f3k \u00e9s forgalmaz\u00f3k sz\u00e1m\u00e1ra k\u00e9sz\u00fclt, akik vil\u00e1gos, specifik\u00e1ci\u00f3kon alapul\u00f3 term\u00e9koldalt szeretn\u00e9nek t\u00f6meges rendel\u00e9s eset\u00e9n.<\/p>\n","protected":false},"excerpt":{"rendered":"<p>A Vozol Rave 40000 Puffs ak\u00e1r 40 000 bef\u00faj\u00e1st k\u00edn\u00e1l, 32mL, 850mAh, kett\u0151s h\u00e1l\u00f3s tekercs. Tiszta v\u00e1laszt\u00e1s a kiskereskedelmi polcokra, a forgalmaz\u00f3i katal\u00f3gusokra \u00e9s a t\u00f6meges eldobhat\u00f3 vape rendel\u00e9sekre.<\/p>\n","protected":false},"featured_media":3914,"comment_status":"open","ping_status":"closed","template":"","meta":[],"product_brand":[],"product_cat":[1905],"product_tag":[],"class_list":{"0":"post-164353","1":"product","2":"type-product","3":"status-publish","4":"has-post-thumbnail","6":"product_cat-vozol","8":"first","9":"outofstock","10":"shipping-taxable","11":"purchasable","12":"product-type-variable","13":"has-default-attributes"},"jetpack_sharing_enabled":true,"tiered_pricing_type":"fixed","tiered_pricing_fixed_rules":{"30":11.1500000000000003552713678800500929355621337890625,"50":9.07000000000000028421709430404007434844970703125,"100":8.6899999999999995026200849679298698902130126953125,"200":8.589999999999999857891452847979962825775146484375,"400":8.1699999999999999289457264239899814128875732421875},"tiered_pricing_product_settings":{"layout":"default","base_unit_name":{"singular":null,"plural":null},"default_variation":null},"tiered_pricing_minimum_quantity":10,"tiered_pricing_roles_data":[],"tiered_pricing_percentage_rules":[],"tiered_pricing_maximum_quantity":null,"tiered_pricing_quantity_step":"10","_links":{"self":[{"href":"https:\/\/ricovape.com\/hu\/wp-json\/wp\/v2\/product\/164353","targetHints":{"allow":["GET"]}}],"collection":[{"href":"https:\/\/ricovape.com\/hu\/wp-json\/wp\/v2\/product"}],"about":[{"href":"https:\/\/ricovape.com\/hu\/wp-json\/wp\/v2\/types\/product"}],"replies":[{"embeddable":true,"href":"https:\/\/ricovape.com\/hu\/wp-json\/wp\/v2\/comments?post=164353"}],"wp:featuredmedia":[{"embeddable":true,"href":"https:\/\/ricovape.com\/hu\/wp-json\/wp\/v2\/media\/3914"}],"wp:attachment":[{"href":"https:\/\/ricovape.com\/hu\/wp-json\/wp\/v2\/media?parent=164353"}],"wp:term":[{"taxonomy":"product_brand","embeddable":true,"href":"https:\/\/ricovape.com\/hu\/wp-json\/wp\/v2\/product_brand?post=164353"},{"taxonomy":"product_cat","embeddable":true,"href":"https:\/\/ricovape.com\/hu\/wp-json\/wp\/v2\/product_cat?post=164353"},{"taxonomy":"product_tag","embeddable":true,"href":"https:\/\/ricovape.com\/hu\/wp-json\/wp\/v2\/product_tag?post=164353"}],"curies":[{"name":"wp","href":"https:\/\/api.w.org\/{rel}","templated":true}]}}