{"id":163314,"date":"2026-04-17T11:20:17","date_gmt":"2026-04-17T11:20:17","guid":{"rendered":"https:\/\/ricovape.com\/product\/waspe-40k-twins-40000-puffs-36ml-kettos-halo-0-5-nikotin-kettos-izu-omlesztett-eldobhato-vape\/"},"modified":"2026-04-18T10:59:46","modified_gmt":"2026-04-18T10:59:46","slug":"waspe-40k-twins","status":"publish","type":"product","link":"https:\/\/ricovape.com\/hu\/termek\/waspe-40k-twins\/","title":{"rendered":"WASPE 40K Twins 40000 Puffs | 36mL, kett\u0151s h\u00e1l\u00f3, 0-5% nikotin, kett\u0151s \u00edz\u0171, \u00f6mlesztett eldobhat\u00f3 vape"},"content":{"rendered":"<h2>WASPE 40K Twins 40000 Puffs<\/h2>\n<p>A <strong>WASPE 40K Twins 40000 Puffs<\/strong> egy kett\u0151s \u00edz\u0171, intelligens k\u00e9perny\u0151s eldobhat\u00f3 vape kis- \u00e9s nagykereskedelmi v\u00e1s\u00e1rl\u00f3k sz\u00e1m\u00e1ra, akik praktikus, k\u00f6nnyen elmagyar\u00e1zhat\u00f3 term\u00e9koldalt szeretn\u00e9nek. 40 000 felf\u00faj\u00e1st, 36mL-t, Dual Mesh-t \u00e9s intelligens k\u00e9perny\u0151t egyes\u00edt, hogy \u00fcgyfeleinek tiszt\u00e1bb elhelyez\u00e9s\u0171 \u00e9s er\u0151sebb polcvonzat\u00fa eszk\u00f6zt biztos\u00edtson.<\/p>\n<h2>Mi\u00e9rt v\u00e1lassza ezt a term\u00e9ket?<\/h2>\n<ul>\n<li><strong>Ak\u00e1r 40 000 f\u00faj\u00e1s<\/strong> egy hosszabb \u00e9lettartam\u00fa eszk\u00f6z\u00e9rt, amelyet k\u00f6nnyen elhelyezhet a nagykereskedelmi katal\u00f3gusokban.<\/li>\n<li><strong>36mL e-liquid kapacit\u00e1s<\/strong> a hosszabb haszn\u00e1lat \u00e9s a kevesebb eszk\u00f6zcsere t\u00e1mogat\u00e1s\u00e1hoz.<\/li>\n<li><strong>Kett\u0151s \u00edz<\/strong> form\u00e1tum azon \u00fcgyfelek sz\u00e1m\u00e1ra, akik v\u00e1ltozatos \u00edzvil\u00e1got szeretn\u00e9nek egyetlen eszk\u00f6z\u00f6n.<\/li>\n<li><strong>Kett\u0151s h\u00e1l\u00f3<\/strong> az egyenletesebb \u00edzkibocs\u00e1t\u00e1s \u00e9s a sim\u00e1bb g\u0151ztermel\u00e9s \u00e9rdek\u00e9ben.<\/li>\n<li><strong>Intelligens k\u00e9perny\u0151<\/strong>, amellyel egy pillant\u00e1ssal k\u00f6nnyebben meg\u00e9rthet\u0151 az akkumul\u00e1tor vagy az e-liquid \u00e1llapota.<\/li>\n<li><strong>850mAh, C t\u00edpus\u00fa \u00fajrat\u00f6lthet\u0151<\/strong>, hogy az eszk\u00f6z praktikus legyen a napi ism\u00e9telt haszn\u00e1lat sor\u00e1n.<\/li>\n<li><strong>0%-5%-os nikotinv\u00e1laszt\u00e9k<\/strong> a k\u00fcl\u00f6nb\u00f6z\u0151 piaci \u00e9s v\u00e1s\u00e1rl\u00f3i k\u00f6vetelm\u00e9nyekhez.<\/li>\n<\/ul>\n<h2>M\u0171szaki adatok<\/h2>\n<tbody>\n<tr>\n<td><strong>Term\u00e9kn\u00e9v<\/strong><\/td>\n<td>WASPE 40K Twins 40000 Puff<\/td>\n<\/tr>\n<tr>\n<td><strong>Puff Count<\/strong><\/td>\n<td>Ak\u00e1r 40 000 f\u00faj\u00e1s<\/td>\n<\/tr>\n<tr>\n<td><strong>E-folyad\u00e9k kapacit\u00e1s<\/strong><\/td>\n<td>36mL<\/td>\n<\/tr>\n<tr>\n<td><strong>Akkumul\u00e1tor<\/strong><\/td>\n<td>850mAh<\/td>\n<\/tr>\n<tr>\n<td><strong>Tekercs<\/strong><\/td>\n<td>Kett\u0151s h\u00e1l\u00f3<\/td>\n<\/tr>\n<tr>\n<td><strong>Nikotin er\u0151ss\u00e9ge<\/strong><\/td>\n<td>0%-5%<\/td>\n<\/tr>\n<tr>\n<td><strong>T\u00f6lt\u00e9s<\/strong><\/td>\n<td>C t\u00edpus\u00fa \u00fajrat\u00f6lthet\u0151<\/td>\n<\/tr>\n<tr>\n<td><strong>Kijelz\u0151<\/strong><\/td>\n<td>Intelligens k\u00e9perny\u0151<\/td>\n<\/tr>\n<tr>\n<td><strong>Form\u00e1tum<\/strong><\/td>\n<td>Kett\u0151s \u00edz<\/td>\n<\/tr>\n<\/tbody>\n<\/table>\n<h2>\u00cdzlehet\u0151s\u00e9gek<\/h2>\n<p>A WASPE 40K Twins 40000 Puff 6 \u00edzben kaphat\u00f3, k\u00f6zt\u00fck a WASPE 40K Double Flavor Twins egy innovat\u00edv, eldobhat\u00f3 vape, amely egyes\u00edti a teljes\u00edtm\u00e9nyt \u00e9s az \u00edzt, \u00e9s mindenki sz\u00e1m\u00e1ra k\u00e9sz\u00fclt, aki kiv\u00e1l\u00f3 min\u0151s\u00e9g\u0171, tart\u00f3s g\u0151z\u00f6l\u00e9si \u00e9lm\u00e9nyt keres. Leny\u0171g\u00f6z\u0151, 40 000 puffad\u00e1sos kapacit\u00e1ssal, kett\u0151s h\u00e1l\u00f3s tekercsekkel.<\/p>\n<ul>\n<li>A WASPE 40K Double Flavor Twins egy innovat\u00edv eldobhat\u00f3 vape, amely egyes\u00edti a teljes\u00edtm\u00e9nyt \u00e9s az \u00edzt<\/li>\n<li>Mindenkinek tervezve, aki kiv\u00e1l\u00f3 min\u0151s\u00e9get keres<\/li>\n<li>Tart\u00f3s Vaping-\u00e9lm\u00e9ny. Leny\u0171g\u00f6z\u0151, 40 000 puffad\u00e1sos kapacit\u00e1ssal<\/li>\n<li>Kett\u0151s h\u00e1l\u00f3s tekercsek<\/li>\n<li>\u00c9s egyediek sz\u00e9les v\u00e1laszt\u00e9ka<\/li>\n<li>P\u00e1ros \u00edzek<\/li>\n<\/ul>\n<h2>Kis- \u00e9s nagykereskedelmi illeszked\u00e9s<\/h2>\n<p><strong>WASPE 40K Twins 40000 Puffs<\/strong>a legjobban olyan vape \u00fczletek, forgalmaz\u00f3k \u00e9s viszontelad\u00f3i katal\u00f3gusok sz\u00e1m\u00e1ra m\u0171k\u00f6dik, amelyeknek specifik\u00e1ci\u00f3n alapul\u00f3 term\u00e9koldalra van sz\u00fcks\u00e9g\u00fck t\u00f6lt\u0151anyag n\u00e9lk\u00fcl. A leger\u0151sebb \u00e9rt\u00e9kes\u00edt\u00e9si pontok az eszk\u00f6z form\u00e1tuma, a c\u00edmsor jellemz\u0151i \u00e9s a hasonl\u00f3 cikksz\u00e1mokat \u00f6sszehasonl\u00edt\u00f3 v\u00e1s\u00e1rl\u00f3k egyszer\u0171bb nagykereskedelmi keretez\u00e9se.<\/p>\n<h2>GYIK<\/h2>\n<h3>H\u00e1ny \u00fct\u00e9st k\u00edn\u00e1l a WASPE 40K Twins 40000 Puffs?<\/h3>\n<p>A WASPE 40K Twins 40000 Puffs a haszn\u00e1lati st\u00edlust\u00f3l \u00e9s a kiv\u00e1lasztott v\u00e1ltozatt\u00f3l f\u00fcgg\u0151en ak\u00e1r 40 000 bef\u00faj\u00e1st is tartalmazhat.<\/p>\n<h3>A WASPE 40K Twins 40000 Puffs \u00fajrat\u00f6lthet\u0151?<\/h3>\n<p>Igen. 850mAh-t haszn\u00e1l C t\u00edpus\u00fa \u00fajrat\u00f6lthet\u0151vel, hogy t\u00e1mogassa az ism\u00e9telt haszn\u00e1latot, am\u00edg az e-liquid be nem fejez\u0151dik.<\/p>\n<h3>Milyen er\u0151ss\u00e9g\u0171 nikotin \u00e9rhet\u0151 el?<\/h3>\n<p>Ezt a term\u00e9ket 0%-5%-os nikotintartalommal k\u00edn\u00e1ljuk, a kiv\u00e1lasztott v\u00e1ltozatt\u00f3l \u00e9s c\u00e9lpiact\u00f3l f\u00fcgg\u0151en.<\/p>\n<h3>Milyen funkci\u00f3k seg\u00edtik a WASPE 40 PWS0 40 standot a WASPE 40 PWS0-ben. ki?<\/h3>\n<p>A legfontosabb \u00e9rt\u00e9kes\u00edt\u00e9si pontok k\u00f6z\u00e9 tartozik a Dual Mesh, a Smart Screen, a Dual Flavor, aminek k\u00f6sz\u00f6nhet\u0151en az eszk\u00f6z k\u00f6nnyebben elmagyar\u00e1zhat\u00f3 a kiskereskedelmi polcokon \u00e9s a forgalmaz\u00f3i katal\u00f3gusokban.<\/p>\n<h3>H\u00e1ny \u00edzv\u00e1ltozat \u00e9rhet\u0151 el?<\/h3>\n<p>Az oldalon 6 \u00edzv\u00e1ltozat tal\u00e1lhat\u00f3, a pontos v\u00e1laszt\u00e9k pedig a v\u00e1lasztott v\u00e1ltozatt\u00f3l \u00e9s az aktu\u00e1lis rakt\u00e1rk\u00e9szlett\u0151l f\u00fcgg.40 a WASPE3&gt;40 Nagykereskedelmi rendel\u00e9sre alkalmas puffok?<\/h3>\n<p>Igen. A WASPE 40K Twins 40000 Puffs olyan vape boltok, viszontelad\u00f3k \u00e9s forgalmaz\u00f3k sz\u00e1m\u00e1ra k\u00e9sz\u00fclt, akik vil\u00e1gos, specifik\u00e1ci\u00f3kon alapul\u00f3 term\u00e9koldalt szeretn\u00e9nek t\u00f6meges rendel\u00e9s eset\u00e9n.<\/p>\n","protected":false},"excerpt":{"rendered":"<p>A WASPE 40K Twins 40000 Puffs ak\u00e1r 40 000 bef\u00faj\u00e1st k\u00edn\u00e1l, 36mL, 850mAh, Dual Mesh, Smart Screen 0%-5% nikotintartalommal. Tiszta v\u00e1laszt\u00e1s a kiskereskedelmi polcokra, a forgalmaz\u00f3i katal\u00f3gusokra \u00e9s a t\u00f6meges eldobhat\u00f3 vape rendel\u00e9sekre.<\/p>\n","protected":false},"featured_media":127273,"comment_status":"open","ping_status":"closed","template":"","meta":[],"product_brand":[],"product_cat":[617,1151,862,1013,1119,826,1261,1294,1225,1327,1471,1545,1406,1365,1509,1439,2176,1598,1674,1636,400,1187,1974,1046,900,391],"product_tag":[1102],"class_list":{"0":"post-163314","1":"product","2":"type-product","3":"status-publish","4":"has-post-thumbnail","6":"product_cat-40000-puff-eldobhato-vape","7":"product_cat-a-legjobb-eldobhato-vape","8":"product_cat-big-puffs-vapes","9":"product_cat-digitalis-doboz-vapes","10":"product_cat-dual-flavor-vapes","11":"product_cat-eldobhato-vape-tipusok","12":"product_cat-eldobhato-vapes-ausztriaban","13":"product_cat-eldobhato-vapes-belgiumban","14":"product_cat-eldobhato-vapes-europaban","15":"product_cat-eldobhato-vapes-franciaorszagban","16":"product_cat-eldobhato-vapes-hollandiaban","17":"product_cat-eldobhato-vapes-lengyelorszagban","18":"product_cat-eldobhato-vapes-magyarorszagon","19":"product_cat-eldobhato-vapes-nemetorszagban","20":"product_cat-eldobhato-vapes-norvegiaban","21":"product_cat-eldobhato-vapes-olaszorszagban","22":"product_cat-eldobhato-vapes-portugaliaban","23":"product_cat-eldobhato-vapes-spanyolorszagban","24":"product_cat-eldobhato-vapes-svajcban","25":"product_cat-eldobhato-vapes-svedorszagban","26":"product_cat-kulonbozo-puffadasu-eldobhato-gozok","27":"product_cat-olcso-ujratoltheto-eldobhato-vape","28":"product_cat-raktaron-eldobhato-vape-eu-raktarban","29":"product_cat-smart-screen-vapes","30":"product_cat-ujratoltheto-vapes","31":"product_cat-waspe","32":"product_tag-legjobb-eldobhato-vape","34":"first","35":"outofstock","36":"shipping-taxable","37":"purchasable","38":"product-type-variable","39":"has-default-attributes"},"jetpack_sharing_enabled":true,"tiered_pricing_type":"fixed","tiered_pricing_fixed_rules":{"30":8.230000000000000426325641456060111522674560546875,"50":7.12999999999999989341858963598497211933135986328125,"100":6.61000000000000031974423109204508364200592041015625,"200":6.21999999999999975131004248396493494510650634765625,"400":5.63999999999999968025576890795491635799407958984375},"tiered_pricing_product_settings":{"layout":"default","base_unit_name":{"singular":null,"plural":null},"default_variation":null},"tiered_pricing_minimum_quantity":10,"tiered_pricing_roles_data":[],"tiered_pricing_percentage_rules":[],"tiered_pricing_maximum_quantity":null,"tiered_pricing_quantity_step":"10","_links":{"self":[{"href":"https:\/\/ricovape.com\/hu\/wp-json\/wp\/v2\/product\/163314","targetHints":{"allow":["GET"]}}],"collection":[{"href":"https:\/\/ricovape.com\/hu\/wp-json\/wp\/v2\/product"}],"about":[{"href":"https:\/\/ricovape.com\/hu\/wp-json\/wp\/v2\/types\/product"}],"replies":[{"embeddable":true,"href":"https:\/\/ricovape.com\/hu\/wp-json\/wp\/v2\/comments?post=163314"}],"wp:featuredmedia":[{"embeddable":true,"href":"https:\/\/ricovape.com\/hu\/wp-json\/wp\/v2\/media\/127273"}],"wp:attachment":[{"href":"https:\/\/ricovape.com\/hu\/wp-json\/wp\/v2\/media?parent=163314"}],"wp:term":[{"taxonomy":"product_brand","embeddable":true,"href":"https:\/\/ricovape.com\/hu\/wp-json\/wp\/v2\/product_brand?post=163314"},{"taxonomy":"product_cat","embeddable":true,"href":"https:\/\/ricovape.com\/hu\/wp-json\/wp\/v2\/product_cat?post=163314"},{"taxonomy":"product_tag","embeddable":true,"href":"https:\/\/ricovape.com\/hu\/wp-json\/wp\/v2\/product_tag?post=163314"}],"curies":[{"name":"wp","href":"https:\/\/api.w.org\/{rel}","templated":true}]}}