{"id":15839,"date":"2025-11-03T07:33:55","date_gmt":"2025-11-03T07:33:55","guid":{"rendered":"https:\/\/stage.jrfer.com\/product\/jnr-rage-gorilla-55k-dual-mesh-55000-puffs-smart-eldobhato-vape\/"},"modified":"2026-04-07T11:21:01","modified_gmt":"2026-04-07T11:21:01","slug":"jnr-rage-gorilla-55k-dual-mesh-55000-puffs-smart-disposable-vape","status":"publish","type":"product","link":"https:\/\/ricovape.com\/hu\/termek\/jnr-rage-gorilla-55k-dual-mesh-55000-puffs-smart-disposable-vape\/","title":{"rendered":"JNR Rage Gorilla 55K | dual mesh 55000 puffs smart eldobhat\u00f3 vape"},"content":{"rendered":"<h2>JNR Rage Gorilla 55K | dual mesh 55000 puffs smart screen eldobhat\u00f3 vape<\/h2>\n<h3>Mi\u00e9rt v\u00e1lassza a JNR Rage Gorilla 55K-t?<\/h3>\n<ul>\n<li>\ud83d\udcaa <strong>T\u00f6meges, 55 000 f\u00faj\u00e1s<\/strong> \u2013 Tart\u00f3ss\u00e1gra \u00e9s egyenletes \u00edzre tervezve az utols\u00f3 f\u00faj\u00e1sig.<\/li>\n<li>\u26a1 <strong>Kett\u0151s h\u00e1l\u00f3s tekercs<\/strong> \u2013 \u00c9lvezze a gazdagabb \u00edzt, a l\u00e1gyabb g\u0151zt \u00e9s a gyorsabb meleg\u00edt\u00e9st.<\/li>\n<li>\ud83d\udd0b <strong>\u00dajrat\u00f6lthet\u0151 950 mAh-s akkumul\u00e1tor<\/strong> \u2013 C t\u00edpus\u00fa gyorst\u00f6lt\u00e9ssel tov\u00e1bb g\u0151z\u00f6l\u00f6ghet.<\/li>\n<li>\ud83d\udcf1 <strong>Intelligens LED-k\u00e9perny\u0151<\/strong> \u2013 Val\u00f3s idej\u0171 kijelz\u00e9s a puffad\u00e1sok sz\u00e1m\u00e1r\u00f3l \u00e9s az akkumul\u00e1tor t\u00f6lt\u00f6tts\u00e9gi szintj\u00e9r\u0151l.<\/li>\n<li>\ud83c\udf08 <strong>Sz\u00e9les \u00edzv\u00e1laszt\u00e9k<\/strong> \u2013 20 finom lehet\u0151s\u00e9g a gy\u00fcm\u00f6lcs\u00f6st\u0151l a jeges kever\u00e9kekig.<\/li>\n<li>\ud83d\udca7 <strong>Hatalmas, 42 ml-es E-folyad\u00e9k \u0171rtartalom<\/strong> \u2013 Nincs sz\u00fcks\u00e9g ut\u00e1nt\u00f6lt\u00e9sre, csak tiszta el\u00e9gedetts\u00e9g.<\/li>\n<li>\ud83d\udcbc Ide\u00e1lis <strong>nagykereskedelmi forgalmaz\u00e1shoz, vape boltokhoz vagy B2B t\u00f6meges rendel\u00e9sekhez<\/strong>.<\/li>\n<\/ul>\n<p><img decoding=\"async\" style=\"max-width: 100%;height: auto;display: block;margin: 0 auto\" src=\"https:\/\/ricovape.com\/wp-content\/uploads\/2025\/11\/JNR-RAGE-GORILLA-55000-Puffs-Dual-Mesh-Authentic-Disposable-Vape-Low-Nicotine-Bulk-Buy-Wholesale-10.JNRscaled-10. 55K \" alt=\"\" title=\"\"><\/p>\n<h3>M\u0171szaki adatok<\/h3>\n<table border=\"1\" cellpadding=\"6\">\n<tbody>\n<tr>\n<td><strong>Hozz\u00e1vet\u0151leges puffad\u00e1ssz\u00e1m<\/strong><\/td>\n<td>55 000<\/td>\n<\/tr>\n<tr>\n<td><strong>E-folyad\u00e9k kapacit\u00e1s<\/strong><\/td>\n<td>42 ml<\/td>\n<\/tr>\n<tr>\n<td><strong>Akkumul\u00e1tor<\/strong><\/td>\n<td>950 mAh (C-t\u00edpuson kereszt\u00fcl \u00fajrat\u00f6lthet\u0151)<\/td>\n<\/tr>\n<tr>\n<td><strong>Tekercsrendszer<\/strong><\/td>\n<td>Kett\u0151s h\u00e1l\u00f3s tekercs<\/td>\n<\/tr>\n<tr>\n<td><strong>Nikotin er\u0151ss\u00e9ge<\/strong><\/td>\n<td>0%, 2%, 5%<\/td>\n<\/tr>\n<tr>\n<td><strong>K\u00e9perny\u0151megjelen\u00edt\u00e9s<\/strong><\/td>\n<td>Smart LED (akkumul\u00e1tor- \u00e9s puffad\u00e1ssz\u00e1ml\u00e1l\u00f3)<\/td>\n<\/tr>\n<tr>\n<td><strong>T\u00f6lt\u0151port<\/strong><\/td>\n<td>C t\u00edpus\u00fa gyorst\u00f6lt\u00e9s<\/td>\n<\/tr>\n<\/tbody>\n<\/table>\n<h3>El\u00e9rhet\u0151 \u00edzek \ud83c\udf53\ud83c\udf4d\ud83c\udf49<\/h3>\n<p>Fedezze fel a mer\u00e9sz \u00e9s l\u00e9d\u00fas \u00edzeket minden \u00edzl\u00e9shez:<\/p>\n<ul>\n<li><strong>Eperj\u00e9g<\/strong> \u2013 Klasszikus bogy\u00f3s \u00e9dess\u00e9g fagyos csavarral.<\/li>\n<li><strong>Cseresznye K\u00f3la<\/strong> \u2013 Pezsg\u0151 \u00e9s cs\u00edp\u0151s k\u00f3la csereszny\u00e9s pops\u00e1val. \ud83e\udd64<\/li>\n<li><strong>G\u00f6r\u00f6gdinnye j\u00e9g<\/strong> \u2013 Friss\u00edt\u0151 ny\u00e1ri hangulat jeges h\u0171v\u00f6ss\u00e9ggel. \ud83c\udf49<\/li>\n<li><strong>K\u00e9k Razz Cseresznye<\/strong> \u2013 \u00c9des, savany\u00fa \u00e9s l\u00e9d\u00fas robban\u00e1s minden puffan\u00e1sban.<\/li>\n<li><strong>Eper Kiwi<\/strong> \u2013 Tr\u00f3pusi gy\u00fcm\u00f6lcs\u00f6k harm\u00f3ni\u00e1ja a sima el\u00e9gedetts\u00e9g\u00e9rt. \ud83c\udf53\ud83e\udd5d<\/li>\n<li><strong>L\u00e9d\u00fas \u0151szibarack<\/strong> \u2013 \u00c9rett, b\u00e1rsonyos \u0151szibarack \u00edz, amely megmarad. \ud83c\udf51<\/li>\n<li><strong>\u00c1fonya j\u00e9g<\/strong> \u2013 Mer\u00e9sz \u00e1fonya jeges frissess\u00e9ggel egyens\u00falyozva. \u2744\ufe0f<\/li>\n<li><strong>Kevert bogy\u00f3s gy\u00fcm\u00f6lcs\u00f6k<\/strong> \u2013 \u00e9des bogy\u00f3s kever\u00e9k, cs\u00edp\u0151s felhanggal.<\/li>\n<li><strong>Dupla alma<\/strong> \u2013 Ropog\u00f3s piros \u00e9s z\u00f6ld alma \u00e9des jegyekkel. \ud83c\udf4f\ud83c\udf4e<\/li>\n<li><strong>Cseresznyebogy\u00f3<\/strong> \u2013 cseresznye \u00e9s erdei bogy\u00f3k gy\u00fcm\u00f6lcs\u00f6s \u00e9s \u00e9des kever\u00e9ke.<\/li>\n<li><strong>\u00c1fonya M\u00e1lna cseresznye<\/strong> \u2013 h\u00e1rmas bogy\u00f3s f\u00fazi\u00f3 a m\u00e9ly \u00edzek rajong\u00f3inak.<\/li>\n<li><strong>Epres g\u00f6r\u00f6gdinnye j\u00e9g<\/strong> \u2013 A l\u00e9d\u00fas \u00e9dess\u00e9g tal\u00e1lkozik a jeges fel\u00fcd\u00fcl\u00e9ssel. \u2744\ufe0f<\/li>\n<li><strong>Kiwi g\u00f6r\u00f6gdinnye j\u00e9g<\/strong> \u2013 cs\u00edp\u0151s kivi csavar\u00e1s hideg dinnye alapon.<\/li>\n<li><strong>\u00c1fonya-savany\u00fa m\u00e1lna<\/strong> \u2013 A fanyar \u00e9des \u00e9s \u00e9des ebben az \u00edzletes kever\u00e9kben.<\/li>\n<li><strong>Feh\u00e9r \u0150szibarack Razz<\/strong> \u2013 Sima \u00e9s kr\u00e9mes \u0151szibarack, m\u00e1ln\u00e1s bevonattal.<\/li>\n<li><strong>Mang\u00f3 golgotagy\u00fcm\u00f6lcs<\/strong> \u2013 Egzotikus tr\u00f3pusi illat, cs\u00edp\u0151s csavarral. \ud83e\udd6d<\/li>\n<li><strong>Peach Mango G\u00f6r\u00f6gdinnye<\/strong> \u2013 T\u00f6bbr\u00e9teg\u0171 gy\u00fcm\u00f6lcs minden felf\u00faj\u00e1sban.<\/li>\n<li><strong>G\u00f6r\u00f6gdinnye r\u00e1g\u00f3gumi<\/strong> \u2013 sz\u00f3rakoztat\u00f3, \u00e9des \u00e9s nosztalgikus \u00edzvil\u00e1g. \ud83c\udf6c<\/li>\n<li><strong>Eperban\u00e1n<\/strong> \u2013 A sima kr\u00e9mes ban\u00e1n tal\u00e1lkozik az \u00e9des eperrel. \ud83c\udf53\ud83c\udf4c<\/li>\n<li><strong>Kiwi Szenved\u00e9ly Guj\u00e1vafa<\/strong> \u2013 Mer\u00e9sz, tr\u00f3pusi \u00e9s \u00e9l\u00e9nk \u2013 az \u00edzvad\u00e1szok \u00e1lma!<\/li>\n<\/ul>\n<h3>T\u00f6k\u00e9letes a k\u00f6vetkez\u0151h\u00f6z:<\/h3>\n<p>A <strong>JNR Rage Gorilla 55K<\/strong> t\u00f6k\u00e9letes a neh\u00e9z felhaszn\u00e1l\u00f3k, az \u00edzek kedvel\u0151inek \u00e9s a felh\u0151k szerelmeseinek, akik tart\u00f3s teljes\u00edtm\u00e9nyre \u00e9s pr\u00e9mium \u00edzre v\u00e1gynak. \ud83d\udca8 A Vape \u00fczletei \u00e9s forgalmaz\u00f3i im\u00e1dni fogj\u00e1k megb\u00edzhat\u00f3 teljes\u00edtm\u00e9ny\u00e9t, hossz\u00fa puffad\u00e1si \u00e9lettartam\u00e1t \u00e9s leny\u0171g\u00f6z\u0151 \u00edzvil\u00e1g\u00e1t \u2013 ide\u00e1lis v\u00e1laszt\u00e1s <strong>nagykereskedelmi t\u00f6meges rendel\u00e9sekhez<\/strong>.<\/p>\n<h3>GYIK \ud83e\uddd0<\/h3>\n<ul>\n<li><strong>K: A JNR Rage Gorilla \u00fajrat\u00f6lthet\u0151?<\/strong><br \/>\nV: Igen! Tartalmaz egy 950 mAh-s akkumul\u00e1tort C t\u00edpus\u00fa gyorst\u00f6lt\u00e9s t\u00e1mogat\u00e1s\u00e1val.<\/li>\n<li><strong>K: Ellen\u0151rizhetem a puffad\u00e1sok sz\u00e1m\u00e1t \u00e9s az akkumul\u00e1tor t\u00f6lt\u00f6tts\u00e9gi szintj\u00e9t?<\/strong><br \/>\nV: Abszol\u00fat. Az intelligens LED-k\u00e9perny\u0151 val\u00f3s idej\u0171 puffan\u00e1ssal \u00e9s akkumul\u00e1torral kapcsolatos inform\u00e1ci\u00f3kat jelen\u00edt meg.<\/li>\n<li><strong>K: H\u00e1ny \u00edz \u00e9rhet\u0151 el?<\/strong><br \/>\nV: T\u00f6bb mint 15 lehet\u0151s\u00e9g gy\u00fcm\u00f6lcs\u00f6s \u00e9s jeges kever\u00e9kekkel, minden \u00edzl\u00e9shez.<\/li>\n<li><strong>K: Kinek ide\u00e1lis ez a vape?<\/strong><br \/>\nV: Szem\u00e9lyes haszn\u00e1latra, vape boltok, forgalmaz\u00f3k \u00e9s B2B nagykeresked\u0151k sz\u00e1m\u00e1ra kiv\u00e1l\u00f3.<\/li>\n<li><strong>K: A nikotin nem k\u00f6telez\u0151?<\/strong><br \/>\nV: Igen, 0%, 2% \u00e9s 5% nikotintartalm\u00fa v\u00e1ltozatban kaphat\u00f3.<\/li>\n<\/ul>\n<p>\ud83d\ude80 Szerezze be a <strong>JNR Rage Gorilla 55000 Puffs eldobhat\u00f3 vape<\/strong>-et m\u00e9g ma, \u00e9s tapasztalja meg a p\u00e1ratlan er\u0151t, \u00edzt \u00e9s k\u00e9nyelmet \u2013 t\u00f6k\u00e9letesen illeszkedik a modern g\u0151z\u00f6l\u0151kh\u00f6z \u00e9s \u00fczleti v\u00e1s\u00e1rl\u00f3khoz egyar\u00e1nt!<\/p>\n","protected":false},"excerpt":{"rendered":"<p>\ud83d\udd25 Az er\u0151 tal\u00e1lkozik az \u00edzzel! A <strong>JNR Rage Gorilla 55000 Puffs eldobhat\u00f3 vape<\/strong> hatalmas felh\u0151ket, rendk\u00edv\u00fcl sima h\u00faz\u00e1st \u00e9s hosszan tart\u00f3 teljes\u00edtm\u00e9nyt biztos\u00edt \u2013 t\u00f6k\u00e9letes mind a vape szerelmeseinek, mind a nagykereskedelmi v\u00e1s\u00e1rl\u00f3knak. \ud83d\udca8<\/p>\n","protected":false},"featured_media":6550,"comment_status":"open","ping_status":"closed","template":"","meta":[],"product_brand":[],"product_cat":[692,1084,1792,1187],"product_tag":[1072,460,1210,1142,1102,1174],"class_list":{"0":"post-15839","1":"product","2":"type-product","3":"status-publish","4":"has-post-thumbnail","6":"product_cat-60000-puff-eldobhato-vape","7":"product_cat-dual-mesh-vapes","8":"product_cat-jnr","9":"product_cat-olcso-ujratoltheto-eldobhato-vape","10":"product_tag-55000-fujas-eldobhato-vape","11":"product_tag-dual-mesh-coil-vape","12":"product_tag-intelligens-kepernyos-vape-eszkoz","13":"product_tag-jnr-rage-gorilla-55k","14":"product_tag-legjobb-eldobhato-vape","15":"product_tag-ujratoltheto-hosszu-elettartamu-vape","17":"first","18":"instock","19":"shipping-taxable","20":"purchasable","21":"product-type-variable","22":"has-default-attributes"},"jetpack_sharing_enabled":true,"tiered_pricing_type":"fixed","tiered_pricing_fixed_rules":{"30":9.6899999999999995026200849679298698902130126953125,"50":7.95999999999999996447286321199499070644378662109375,"100":7.3499999999999996447286321199499070644378662109375,"200":6.980000000000000426325641456060111522674560546875,"400":6.480000000000000426325641456060111522674560546875},"tiered_pricing_product_settings":{"layout":"default","base_unit_name":{"singular":null,"plural":null},"default_variation":null},"tiered_pricing_minimum_quantity":10,"tiered_pricing_roles_data":[],"tiered_pricing_percentage_rules":[],"tiered_pricing_maximum_quantity":null,"tiered_pricing_quantity_step":"10","_links":{"self":[{"href":"https:\/\/ricovape.com\/hu\/wp-json\/wp\/v2\/product\/15839","targetHints":{"allow":["GET"]}}],"collection":[{"href":"https:\/\/ricovape.com\/hu\/wp-json\/wp\/v2\/product"}],"about":[{"href":"https:\/\/ricovape.com\/hu\/wp-json\/wp\/v2\/types\/product"}],"replies":[{"embeddable":true,"href":"https:\/\/ricovape.com\/hu\/wp-json\/wp\/v2\/comments?post=15839"}],"wp:featuredmedia":[{"embeddable":true,"href":"https:\/\/ricovape.com\/hu\/wp-json\/wp\/v2\/media\/6550"}],"wp:attachment":[{"href":"https:\/\/ricovape.com\/hu\/wp-json\/wp\/v2\/media?parent=15839"}],"wp:term":[{"taxonomy":"product_brand","embeddable":true,"href":"https:\/\/ricovape.com\/hu\/wp-json\/wp\/v2\/product_brand?post=15839"},{"taxonomy":"product_cat","embeddable":true,"href":"https:\/\/ricovape.com\/hu\/wp-json\/wp\/v2\/product_cat?post=15839"},{"taxonomy":"product_tag","embeddable":true,"href":"https:\/\/ricovape.com\/hu\/wp-json\/wp\/v2\/product_tag?post=15839"}],"curies":[{"name":"wp","href":"https:\/\/api.w.org\/{rel}","templated":true}]}}