{"id":145143,"date":"2026-04-17T12:27:55","date_gmt":"2026-04-17T12:27:55","guid":{"rendered":"https:\/\/ricovape.com\/product\/fihp-120k-120-000-felfujas-64ml-6-az-1-ben-tobb-izu-led-kepernyo-magas-befujasszam-omlesztett-eldobhato-vape\/"},"modified":"2026-04-18T05:59:26","modified_gmt":"2026-04-18T05:59:26","slug":"fihp-120k","status":"publish","type":"product","link":"https:\/\/ricovape.com\/hu\/termek\/fihp-120k\/","title":{"rendered":"FIHP 120K | 120 000 felf\u00faj\u00e1s, 64mL, 6 az 1-ben, t\u00f6bb \u00edz\u0171, LED-k\u00e9perny\u0151, magas bef\u00faj\u00e1ssz\u00e1m, \u00f6mlesztett eldobhat\u00f3 vape"},"content":{"rendered":"<h2>FIHP 120K 6 az 1-ben 120000 Puff | led k\u00e9perny\u0151 6 \u00edz 1-ben t\u00f6bb \u00edz\u0171 64mL magas puffad\u00e1si sz\u00e1m hosszan tart\u00f3, tart\u00f3s, \u00fajrat\u00f6lthet\u0151 \u00f6mlesztett eldobhat\u00f3 vape<\/h2>\n<h3>Mi\u00e9rt v\u00e1lassza a FIHP 120K Multi-Flavor Vape?<\/h3>\n<ul>\n<li>\ud83d\udca8 <b>Ultra-hossz\u00fa, 120 000 besz\u00edv\u00e1s:<\/b> Ak\u00e1r 120 000 bef\u00faj\u00e1ssal b\u00fcszk\u00e9lkedhet a hosszan tart\u00f3 vaping sor\u00e1n \u2013 neh\u00e9z felhaszn\u00e1l\u00f3k sz\u00e1m\u00e1ra k\u00e9sz\u00fclt, \u00e9s hosszan tart\u00f3 el\u00e9gedetts\u00e9g.<\/li>\n<li>\ud83d\udd04 <b>6 az 1-ben \u00edzrendszer:<\/b> Ig\u00e9ny szerint szabadon v\u00e1lthat hat \u00e1ll\u00edthat\u00f3 gy\u00fcm\u00f6lcs \u00e9s h\u0171v\u00f6s \u00edz k\u00f6z\u00f6tt, \u00edgy b\u00e1rmikor szem\u00e9lyre szabhatja \u00edzl\u00e9s\u00e9t.<\/li>\n<li>\ud83d\udcf1 <b>Intelligens LED-kijelz\u0151:<\/b> A be\u00e9p\u00edtett k\u00e9perny\u0151 val\u00f3s id\u0151ben mutatja az akkumul\u00e1tor \u00e9lettartam\u00e1t \u00e9s az e-folyad\u00e9k szintj\u00e9t, \u00edgy mindig tudja, mennyi gy\u00fcm\u00f6lcsl\u00e9 \u00e9s energi\u00e1ja van h\u00e1tra.<\/li>\n<li>\ud83d\udd25 <b>Kett\u0151s h\u00e1l\u00f3s tekercs:<\/b> Az innovat\u00edv kett\u0151s h\u00e1l\u00f3s tekercsek egyenletesebben meleg\u00edtenek, a gazdagabb \u00edz \u00e9s a s\u0171r\u0171bb felh\u0151k \u00e9rdek\u00e9ben, mint egyetlen tekercs.<\/li>\n<li>\ud83d\udd0b <b>650mAh \u00fajrat\u00f6lthet\u0151 akkumul\u00e1tor:<\/b> A gyors USB-C t\u00f6lt\u00e9snek k\u00f6sz\u00f6nhet\u0151en gyorsan felt\u00f6lt\u0151dik, \u00edgy eg\u00e9sz nap v\u00e1rakoz\u00e1s n\u00e9lk\u00fcl g\u0151z\u00f6l\u00f6ghet.<\/li>\n<li>\ud83d\udca7 <b>Massz\u00edv, 64mL-es E-folyad\u00e9k tart\u00e1ly:<\/b> A nagy kapacit\u00e1s\u00fa tart\u00e1ly rengeteg gy\u00fcm\u00f6lcslevet tartalmaz a zavartalan \u00edz \u00e9rdek\u00e9ben, ami kevesebb ut\u00e1nt\u00f6lt\u00e9st jelent a maratoni edz\u00e9sek sor\u00e1n.<\/li>\n<li>\ud83d\udce6 <b>Nagykereskedelmi haszn\u00e1latra k\u00e9sz csomagol\u00e1s:<\/b> Dobozonk\u00e9nt 10 db van \u2013 ide\u00e1lis a forgalmaz\u00f3knak \u00e9s a v\u00e1m\u00fczleteknek, akik t\u00f6meges \u00e1rucikkeket keresnek.<\/li>\n<\/ul>\n<h3>M\u0171szaki adatok<\/h3>\n<tbody>\n<tr>\n<th>Funkci\u00f3<\/th>\n<th>M\u0171szaki adatok<\/th>\n<\/tr>\n<tr>\n<td>Puff Count<\/td>\n<td>Ak\u00e1r 120 000<\/td>\n<\/tr>\n<tr>\n<td>E-folyad\u00e9k kapacit\u00e1s<\/td>\n<td>64mL<\/td>\n<\/tr>\n<tr>\n<td>\u00cdzek<\/td>\n<td>6 \u00e1ll\u00edthat\u00f3 (t\u00f6bb gy\u00fcm\u00f6lcsb\u0151l \u00e9s j\u00e9gb\u0151l \u00e1ll\u00f3 kever\u00e9kek)<\/td>\n<\/tr>\n<tr>\n<td>Akkumul\u00e1tor<\/td>\n<td>650mAh (\u00fajrat\u00f6lthet\u0151)<\/td>\n<\/tr>\n<tr>\n<td>Tekercs t\u00edpusa<\/td>\n<td>Kett\u0151s h\u00e1l\u00f3<\/td>\n<\/tr>\n<tr>\n<td>Kijelz\u0151<\/td>\n<td>LED k\u00e9perny\u0151 (akkumul\u00e1tor + puff sz\u00e1ml\u00e1l\u00f3)<\/td>\n<\/tr>\n<tr>\n<td>T\u00f6lt\u00e9s<\/td>\n<td>C t\u00edpus\u00fa USB gyorst\u00f6lt\u00e9s<\/td>\n<\/tr>\n<tr>\n<td>Nikotin er\u0151ss\u00e9ge<\/td>\n<td>2% \/ 5% (20 mg \/ 50 mg)<\/td>\n<\/tr>\n<tr>\n<td>Csomagol\u00e1s<\/td>\n<td>10 db dobozonk\u00e9nt<\/td>\n<\/tr>\n<\/tbody>\n<\/table>\n<p><img data-recalc-dims=\"1\" decoding=\"async\" alt=\"FIHP 120K Multi-Flavor Vape\" src=\"https:\/\/i0.wp.com\/aiviouvapes.com\/wp-content\/uploads\/2025\/10\/Y76-10012.jpg?ssl=1\" title=\"\"><\/p>\n<h3>\u00cdzprofilok<\/h3>\n<ul>\n<li><strong>01. csoport:<\/strong> g\u00f6r\u00f6gdinnye j\u00e9g, \u00e1fony\u00e1s j\u00e9g, Red Bull, epres kivi, citromos lime, epres g\u00f6r\u00f6gdinnye \u2013 Bogy\u00f3s, citrusos \u00e9s energiaital jegyek friss\u00edt\u0151 kever\u00e9ke h\u0171v\u00f6s jeges csavarral. \ud83c\udf49\ud83c\udf47\ud83e\udd64\ud83c\udf53\ud83c\udf4b<\/li>\n<li><strong>02-es csoport:<\/strong> eper ban\u00e1n, dupla alma, m\u00e1lna g\u00f6r\u00f6gdinnye, savany\u00fa mang\u00f3 anan\u00e1sz, tr\u00f3pusi gy\u00fcm\u00f6lcs, citromos \u0151szibarack \u2013 Gy\u00fcm\u00f6lcs\u00f6s kever\u00e9k \u00e9des bogy\u00f3kkal, tr\u00f3pusi mang\u00f3val, anan\u00e1sszal \u00e9s \u0151szibarackkal, cs\u00edp\u0151sen. \ud83c\udf53\ud83c\udf4f\ud83e\udd6d\ud83c\udf4d\ud83c\udf4b<\/li>\n<li><strong>03. csoport:<\/strong> eper van\u00edlia k\u00f3la, anan\u00e1szos k\u00f3kusz, k\u00e9k lerak\u00f3, bogy\u00f3kever\u00e9k, mang\u00f3 \u0151szibarack, \u00e1fony\u00e1s m\u00e1lna \u2013 dekadens desszertek \u00e9s tr\u00f3pusi kever\u00e9kek a kr\u00e9mes eper k\u00f3l\u00e1t\u00f3l az egzotikus anan\u00e1sz k\u00f3kuszos \u00e9s vegyes bogy\u00f3s puncsig. \ud83c\udf53\ud83e\udd65\ud83c\udf47\ud83c\udf51<\/li>\n<li><strong>04-es csoport:<\/strong> sz\u0151l\u0151j\u00e9g, fekete s\u00e1rk\u00e1nyj\u00e9g, sz\u00e9nsavas cseresznyej\u00e9g, \u0151szibarackbogy\u00f3, h\u00e1rmas dinnye, gumis medve \u2013 cukorka \u00e9s gy\u00fcm\u00f6lcs f\u00fazi\u00f3ja: sz\u0151l\u0151-s\u00e1rk\u00e1ny-gy\u00fcm\u00f6lcs, sz\u00e9nsavas cseresznye k\u00f3la, barack bogy\u00f3, l\u00e9d\u00fas dinnye \u00e9s \u00e9des gumimaci. \ud83c\udf47\u2744\ufe0f\ud83c\udf52\ud83c\udf51\ud83c\udf49\ud83c\udf6c<\/li>\n<li><strong>05. csoport:<\/strong> Cherry Cola Ice, Mango Ice, Peach Ice, Rainbow Candy, Love 666, Blueberry Cotton Candy \u2013 H\u0171v\u00f6s \u00fcd\u00edt\u0151italok \u00e9s \u00e9dess\u00e9gek: jeges cseresznye k\u00f3la, fagyos mang\u00f3\/barack, \u00e9des sziv\u00e1rv\u00e1nycukor \u00e9s vattacukor. \ud83c\udf52\ud83e\udd64\u2744\ufe0f\ud83c\udf51\ud83c\udf08<\/li>\n<li><strong>06. csoport:<\/strong> aloe licsi j\u00e9g, gleccserj\u00e9g, fekete ribizli j\u00e9g, r\u00f3zsasz\u00edn citrom, feny\u0151t\u0171 menta, g\u00f6r\u00f6gdinnye citrom \u2013 gy\u00f3gyn\u00f6v\u00e9nyek \u00e9s jeges gy\u00fcm\u00f6lcs\u00f6k friss\u00edt\u0151 kever\u00e9kei: aloe licsi, gleccsermenta, fekete ribizli, illatos r\u00f3zsasz\u00edn v\u00edzi citrom, feny\u0151-menta menta. \ud83c\udf3f\ud83c\udf49\ud83c\udf4b\u2744\ufe0f<\/li>\n<\/ul>\n<p>Ak\u00e1r <em>nagy felhaszn\u00e1l\u00f3<\/em>, ak\u00e1r <em>\u00edzkeres\u0151<\/em>, a FIHP 120K 6 az 1-ben eldobhat\u00f3 vape meg\u00e1ll\u00e1s n\u00e9lk\u00fcli \u00e9lvezetet ny\u00fajt. \ud83c\udfaf 120 000 f\u00faj\u00e1s hosszan tart\u00f3 el\u00e9gedetts\u00e9get jelent folyamatos ut\u00e1nt\u00f6lt\u00e9s n\u00e9lk\u00fcl, a 6 az 1-ben fajta pedig izgalomban tartja az \u00edzlel\u0151bimb\u00f3kat. \ud83c\udfea A Vape \u00fczletek \u00e9s forgalmaz\u00f3k im\u00e1dni fogj\u00e1k a 10 darabos t\u00f6meges csomagol\u00e1st, ami megk\u00f6nny\u00edti a rakt\u00e1roz\u00e1st \u00e9s az \u00e9rt\u00e9kes\u00edt\u00e9st. Ez az eszk\u00f6z a t\u00f6k\u00e9letes v\u00e1laszt\u00e1s mindazok sz\u00e1m\u00e1ra, akik teljes\u00edtm\u00e9nyt, v\u00e1ltozatoss\u00e1got \u00e9s k\u00e9nyelmet keresnek egyetlen eleg\u00e1ns csomagol\u00e1sban. \ud83d\ude80<\/p>\n<h3>Gyakran Ism\u00e9telt K\u00e9rd\u00e9sek (GYIK)<\/h3>\n<ul>\n<li><strong>K:<\/strong> <em>H\u00e1ny f\u00faj\u00e1sig tart?<\/em><br \/>\n<strong>V:<\/strong> Ak\u00e1r 120 000 f\u00faj\u00e1s (ez a legt\u00f6bb felhaszn\u00e1l\u00f3 sz\u00e1m\u00e1ra h\u00f3napokig tart\u00f3 g\u0151z\u00f6l\u00e9s).<\/li>\n<li><strong>K:<\/strong> <em>Hogyan v\u00e1lthatok az \u00edzek k\u00f6z\u00f6tt?<\/em><br \/>\n<strong>V:<\/strong> Ez a 6 az 1-ben modell lehet\u0151v\u00e9 teszi az \u00edzek v\u00e1ltogat\u00e1s\u00e1t (\u00e1ltal\u00e1ban egy bekapcsol\u00f3gombbal vagy kapcsol\u00f3val). Mindegyik \u00edz el\u0151re be van t\u00f6ltve, \u00edgy ig\u00e9ny szerint k\u00f6nnyed\u00e9n v\u00e1lthat \u00e9s \u00e9lvezhet \u00faj \u00edzeket.<\/li>\n<li><strong>K:<\/strong> <em>\u00dajrat\u00f6lthet\u0151 az akkumul\u00e1tor?<\/em><br \/>\n<strong>V:<\/strong> Igen \u2013 be\u00e9p\u00edtett 650mAh-s akkumul\u00e1torral rendelkezik, USB Type-C t\u00f6lt\u00e9ssel: a gyors \u00e9s k\u00e9nyelmes \u00fajrat\u00f6lt\u00e9s\u00e9rt.<\/li>\n<li><strong>K:<\/strong> <em>Mit mutat a LED-kijelz\u0151?<\/em><br \/>\n<strong>V:<\/strong> Az intelligens LED-k\u00e9perny\u0151 val\u00f3s idej\u0171 akkumul\u00e1torszintet \u00e9s e-liquid \u00e1llapotot:contentReference mutatja, \u00edgy mindig tudja, mikor kell \u00fajrat\u00f6lteni vagy eszk\u00f6zt v\u00e1ltani.<\/li>\n<li><strong>K:<\/strong> <em>Kinek val\u00f3 ez a term\u00e9k?<\/em><br \/>\n<strong>V:<\/strong> Ide\u00e1lis neh\u00e9z g\u0151z\u00f6l\u0151knek, akiknek hossz\u00fa \u00e9lettartam\u00fa eszk\u00f6zre van sz\u00fcks\u00e9g\u00fck (120 000 f\u00faj\u00e1s), valamint olyan \u00edzkeres\u0151knek, akik szeretik a v\u00e1ltozatoss\u00e1got. Vape boltok \u00e9s nagykeresked\u0151k sz\u00e1m\u00e1ra is t\u00f6k\u00e9letes a k\u00e9nyelmes 10db-os \u00f6mlesztett csomagol\u00e1snak k\u00f6sz\u00f6nhet\u0151en.\ud83d\udc4d<\/li>\n<\/ul>\n","protected":false},"excerpt":{"rendered":"<p>K\u00e9sz\u00fclj\u00f6n fel a FiHP 120K 6 az 1-ben eldobhat\u00f3 vape-ra! 120 000 puffan\u00e1s g\u0151z\u00f6lg\u0151 boldogs\u00e1g 6 v\u00e1lthat\u00f3 \u00edzzel \u00e9s intelligens LED kijelz\u0151vel. \ud83d\udca8 \u00dajrat\u00f6lthet\u0151 \u00e9s nagykeresked\u00e9sre k\u00e9sz, \u00edzkeres\u0151knek \u00e9s nagyv\u00e1s\u00e1rl\u00f3knak t\u00f6k\u00e9letes! \ud83d\udd25<\/p>\n","protected":false},"featured_media":128319,"comment_status":"open","ping_status":"closed","template":"","meta":[],"product_brand":[],"product_cat":[759,692,1545,1406,1365,1439,1598,1867],"product_tag":[408,426,460,477,652,536,505,444,561,588,615],"class_list":{"0":"post-145143","1":"product","2":"type-product","3":"status-publish","4":"has-post-thumbnail","6":"product_cat-100k-puffs-eldobhato-vape","7":"product_cat-60000-puff-eldobhato-vape","8":"product_cat-eldobhato-vapes-lengyelorszagban","9":"product_cat-eldobhato-vapes-magyarorszagon","10":"product_cat-eldobhato-vapes-nemetorszagban","11":"product_cat-eldobhato-vapes-olaszorszagban","12":"product_cat-eldobhato-vapes-spanyolorszagban","13":"product_cat-fihp","14":"product_tag-120000-fujas-vape","15":"product_tag-6-az-1-ben-izes-vape","16":"product_tag-dual-mesh-coil-vape","17":"product_tag-fihp-120k","18":"product_tag-intelligens-kijelzos-vape","19":"product_tag-led-kepernyo-vape","20":"product_tag-nagy-puffadasszamu-eldobhato-vape","21":"product_tag-omlesztett-vape-nagykereskedelem-eu","22":"product_tag-tartos-vape-europe","23":"product_tag-tobb-izu-eldobhato-vape","24":"product_tag-ujratoltheto-eldobhato-vape","26":"first","27":"outofstock","28":"shipping-taxable","29":"purchasable","30":"product-type-variable","31":"has-default-attributes"},"jetpack_sharing_enabled":true,"tiered_pricing_type":"fixed","tiered_pricing_fixed_rules":{"2000":11.9000000000000003552713678800500929355621337890625},"tiered_pricing_product_settings":{"layout":"default","base_unit_name":{"singular":null,"plural":null},"default_variation":null},"tiered_pricing_minimum_quantity":1000,"tiered_pricing_roles_data":[],"tiered_pricing_percentage_rules":[],"tiered_pricing_maximum_quantity":null,"tiered_pricing_quantity_step":"10","_links":{"self":[{"href":"https:\/\/ricovape.com\/hu\/wp-json\/wp\/v2\/product\/145143","targetHints":{"allow":["GET"]}}],"collection":[{"href":"https:\/\/ricovape.com\/hu\/wp-json\/wp\/v2\/product"}],"about":[{"href":"https:\/\/ricovape.com\/hu\/wp-json\/wp\/v2\/types\/product"}],"replies":[{"embeddable":true,"href":"https:\/\/ricovape.com\/hu\/wp-json\/wp\/v2\/comments?post=145143"}],"wp:featuredmedia":[{"embeddable":true,"href":"https:\/\/ricovape.com\/hu\/wp-json\/wp\/v2\/media\/128319"}],"wp:attachment":[{"href":"https:\/\/ricovape.com\/hu\/wp-json\/wp\/v2\/media?parent=145143"}],"wp:term":[{"taxonomy":"product_brand","embeddable":true,"href":"https:\/\/ricovape.com\/hu\/wp-json\/wp\/v2\/product_brand?post=145143"},{"taxonomy":"product_cat","embeddable":true,"href":"https:\/\/ricovape.com\/hu\/wp-json\/wp\/v2\/product_cat?post=145143"},{"taxonomy":"product_tag","embeddable":true,"href":"https:\/\/ricovape.com\/hu\/wp-json\/wp\/v2\/product_tag?post=145143"}],"curies":[{"name":"wp","href":"https:\/\/api.w.org\/{rel}","templated":true}]}}