{"id":144873,"date":"2026-04-17T12:15:30","date_gmt":"2026-04-17T12:15:30","guid":{"rendered":"https:\/\/ricovape.com\/product\/mr-goodie-adjust-flavor-king-60000-puffs-tripla-izu-omlesztett-eldobhato-vape\/"},"modified":"2026-04-18T05:53:19","modified_gmt":"2026-04-18T05:53:19","slug":"mr-goodie-adjust-flavor-king-60000","status":"publish","type":"product","link":"https:\/\/ricovape.com\/hu\/termek\/mr-goodie-adjust-flavor-king-60000\/","title":{"rendered":"Mr.Goodie Adjust Flavor King 60000 Puffs | tripla \u00edz\u0171 \u00f6mlesztett eldobhat\u00f3 vape"},"content":{"rendered":"<p>\ud83d\ude80 K\u00e9sz\u00fclj\u00f6n fel arra, hogy forradalmas\u00edtsa a g\u0151z\u00f6l\u00e9s \u00e9lm\u00e9ny\u00e9t az \u00daJ <b>Mr.Goodie Adjust Flavor King 60000 Puffokkal<\/b>! \ud83d\udc51 Ez nem csak egy vape; ez egy \u00edzbirodalom a zsebedben. A v\u00e9gs\u0151 megel\u00e9gedetts\u00e9gre \u00e9s p\u00e1ratlan hossz\u00fa \u00e9lettartamra tervezett Flavor King hihetetlen 60 000 felf\u00faj\u00e1ssal \u00e9s \u00fatt\u00f6r\u0151 h\u00e1rmas \u00edzrendszerrel b\u00fcszk\u00e9lkedhet. Mondjon b\u00facs\u00fat a h\u00e9tk\u00f6znapi g\u0151z\u00f6l\u00e9snek, \u00e9s k\u00f6sz\u00f6nj\u00f6n az \u00edzek szimf\u00f3ni\u00e1j\u00e1nak! \u2728 Ak\u00e1r egy tapasztalt g\u0151z\u00f6l\u0151 vagy, ak\u00e1r egy bolt, aki a k\u00f6vetkez\u0151 nagy dolgot szeretn\u00e9 beszerezni, a Mr.Goodie Adjust Flavor King az \u00d6n dics\u0151s\u00e9ge. \ud83d\udca8<\/p>\n<h2>A Mr.Goodie Adjust Flavor King 60000 felf\u00fajja a term\u00e9k \u00e1ttekint\u00e9s\u00e9t \u00e9s jellemz\u0151it<\/h2>\n<p>A <b>Mr.Goodie Adjust Flavor King 60000<\/b> egy hatalmas ugr\u00e1s az eldobhat\u00f3 vape technol\u00f3gi\u00e1ban, leny\u0171g\u00f6z\u0151 puffad\u00e1ssz\u00e1mot \u00e9s innovat\u00edv \u00edzv\u00e1lt\u00e1si mechanizmust k\u00edn\u00e1l. Az egy\u00e9ni rajong\u00f3k \u00e9s a B2B v\u00e1s\u00e1rl\u00f3k sz\u00e1m\u00e1ra k\u00e9sz\u00fclt k\u00e9sz\u00fcl\u00e9k \u00fajradefini\u00e1lja a k\u00e9nyelmet \u00e9s a sokoldal\u00fas\u00e1got. \ud83d\ude80<\/p>\n<ul>\n<li><b>P\u00e9ld\u00e1tlan puffad\u00e1ssz\u00e1m:<\/b> \u00c9lvezze az ak\u00e1r <b>60 000 f\u00faj\u00e1st<\/b> egy \u00edz\u0171 m\u00f3dban vagy 30 000 f\u00faj\u00e1st vegyes \u00edz\u0171 m\u00f3dban, \u00edgy biztos\u00edtva a hosszabb haszn\u00e1latot. \ud83e\udd2f\ud83d\udca8<\/li>\n<li><b>Kett\u0151s E-folyad\u00e9k kapacit\u00e1s:<\/b> Hatalmas <b>20mL + 20mL (\u00f6sszesen 40mL)<\/b> e-juice kapacit\u00e1ssal rendelkezik, amely hosszan tart\u00f3 \u00e9lvezetet biztos\u00edt gyakori csere n\u00e9lk\u00fcl. \ud83c\udf0a\ud83d\udd0b<\/li>\n<li><b>\u00c1ll\u00edthat\u00f3 nikotiner\u0151ss\u00e9g:<\/b> <b>2%-os \u00e9s 5%-os nikotintartalm\u00fa v\u00e1ltozatban<\/b> kaphat\u00f3, hogy megfeleljen a k\u00fcl\u00f6nb\u00f6z\u0151 ig\u00e9nyeknek. \u2705 nikotin<\/li>\n<li><b>Er\u0151teljes \u00e9s \u00fajrat\u00f6lthet\u0151:<\/b> Robusztus <b>950mAh \u00fajrat\u00f6lthet\u0151 akkumul\u00e1torral<\/b> \u00e9s k\u00e9nyelmes <b>C t\u00edpus\u00fa t\u00f6lt\u0151porttal<\/b> a megszak\u00edt\u00e1s n\u00e9lk\u00fcli g\u0151z\u00f6l\u00e9s \u00e9rdek\u00e9ben. \ud83d\udcaa\ud83d\udd0c<\/li>\n<li><b>Tov\u00e1bbfejlesztett tekercstechnol\u00f3gia:<\/b> A <b>kett\u0151s h\u00e1l\u00f3s tekercsek<\/b> az \u00e9lvonalbeli <b>iDuomesh technol\u00f3gi\u00e1val<\/b> kombin\u00e1lva egyenletes, gazdag \u00edzt \u00e9s massz\u00edv g\u0151ztermel\u00e9st biztos\u00edtanak. \ud83d\ude80\ud83c\udf2c\ufe0f<\/li>\n<li><b>Intuit\u00edv 3 LCD-kijelz\u0151:<\/b> K\u00f6nnyen nyomon k\u00f6vetheti az akkumul\u00e1tor \u00e9lettartam\u00e1t, az e-folyad\u00e9k szintj\u00e9t \u00e9s az aktu\u00e1lis \u00fczemm\u00f3dot a z\u00f6kken\u0151mentes g\u0151z\u00f6l\u00e9s \u00e9lm\u00e9ny\u00e9hez. \ud83d\udcca\ud83d\udc40<\/li>\n<li><b>H\u00e1rmas \u00edzrendszer:<\/b> Fedezzen fel <b>10 egyedi h\u00e1rmas \u00edzkombin\u00e1ci\u00f3t<\/b>, amely lehet\u0151v\u00e9 teszi, hogy v\u00e1ltson k\u00e9t k\u00fcl\u00f6nb\u00f6z\u0151 \u00edz k\u00f6z\u00f6tt, vagy kombin\u00e1lja \u0151ket az egyed\u00fcl\u00e1ll\u00f3 harmadik \u00e9lm\u00e9ny \u00e9rdek\u00e9ben. \ud83c\udf53\ud83c\udf49\ud83c\udf4d\ud83c\udf4a<\/li>\n<\/ul>\n<h3>M\u0171szaki adatok<\/h3>\n<thead>\n<tr>\n<th>Funkci\u00f3<\/th>\n<th>R\u00e9szletek<\/th>\n<\/tr>\n<\/thead>\n<tbody>\n<tr>\n<td>Nikotin opci\u00f3k<\/td>\n<td>2%, 5%<\/td>\n<\/tr>\n<tr>\n<td>Puffok (egy \u00edz\u0171)<\/td>\n<td>60 000 f\u00faj\u00e1s<\/td>\n<\/tr>\n<tr>\n<td>Puffok (Mix Flavors)<\/td>\n<td>30 000 f\u00faj\u00e1s (A + B kever\u00e9k)<\/td>\n<\/tr>\n<tr>\n<td>E-folyad\u00e9k kapacit\u00e1s<\/td>\n<td>20mL + 20mL (\u00f6sszesen 40mL)<\/td>\n<\/tr>\n<tr>\n<td>Akkumul\u00e1torkapacit\u00e1s<\/td>\n<td>950mAh (\u00fajrat\u00f6lthet\u0151)<\/td>\n<\/tr>\n<tr>\n<td>T\u00f6lt\u0151port<\/td>\n<td>C t\u00edpus\u00fa<\/td>\n<\/tr>\n<tr>\n<td>Tekercs t\u00edpusa<\/td>\n<td>Kett\u0151s h\u00e1l\u00f3s tekercsek, iDuomesh technol\u00f3gia<\/td>\n<\/tr>\n<tr>\n<td>Kijelz\u0151<\/td>\n<td>3 LCD kijelz\u0151<\/td>\n<\/tr>\n<tr>\n<td>\u00cdz m\u00f3dok<\/td>\n<td>Egyetlen \u00edz, vegyes \u00edzek<\/td>\n<\/tr>\n<tr>\n<td>Teljes h\u00e1rmas \u00edz<\/td>\n<td>10 egyedi kombin\u00e1ci\u00f3<\/td>\n<\/tr>\n<\/tbody>\n<\/table>\n<p><span style=\"font-size: 20.16px\">\u00cdzkombin\u00e1ci\u00f3k<\/span><\/p>\n<p>Tapasztalja meg az \u00edzlehet\u0151s\u00e9gek izgalmas t\u00e1rh\u00e1z\u00e1t a Mr.Goodie Adjust Flavor King 60000-el. Mindegyik k\u00e9sz\u00fcl\u00e9k h\u00e1rom k\u00fcl\u00f6nb\u00f6z\u0151 g\u0151z\u00f6l\u00e9si \u00e9lm\u00e9nyt k\u00edn\u00e1l:<\/p>\n<thead>\n<tr>\n<th>Egy \u00edz<\/th>\n<th>B \u00edz<\/th>\n<th>Kombin\u00e1lt (A+B) \u00edz<\/th>\n<\/tr>\n<\/thead>\n<tbody>\n<tr>\n<td>G\u00f6r\u00f6gdinnye j\u00e9g<\/td>\n<td>Rag\u00f3gumi<\/td>\n<td>G\u00f6r\u00f6gdinnye r\u00e1g\u00f3gumi<\/td>\n<\/tr>\n<tr>\n<td>L\u00e9d\u00fas barackj\u00e9g<\/td>\n<td>Cola Ice<\/td>\n<td>Peach Cola Ice<\/td>\n<\/tr>\n<tr>\n<td>K\u00e9k m\u00e1lna<\/td>\n<td>Cherry Lemon<\/td>\n<td>K\u00e9k m\u00e1lna cseresznye citrom<\/td>\n<\/tr>\n<tr>\n<td>Eper<\/td>\n<td>G\u00f6r\u00f6gdinnye<\/td>\n<td>Epres g\u00f6r\u00f6gdinnye<\/td>\n<\/tr>\n<tr>\n<td>Z\u00f6ld alma<\/td>\n<td>Sz\u0151l\u0151<\/td>\n<td>Z\u00f6ld alm\u00e1s sz\u0151l\u0151<\/td>\n<\/tr>\n<tr>\n<td>citrom<\/td>\n<td>Rainbow Candy<\/td>\n<td>Citromos sziv\u00e1rv\u00e1nycukor<\/td>\n<\/tr>\n<tr>\n<td>Miami Mint<\/td>\n<td>citrom<\/td>\n<td>Citrommenta<\/td>\n<\/tr>\n<tr>\n<td>Anan\u00e1szos k\u00f3kusz<\/td>\n<td>Energiaj\u00e9g<\/td>\n<td>K\u00f3kuszos energiaital<\/td>\n<\/tr>\n<tr>\n<td>Sz\u0151l\u0151<\/td>\n<td>M\u00e1lna<\/td>\n<td>Sz\u0151l\u0151 m\u00e1lna<\/td>\n<\/tr>\n<tr>\n<td>Narancsos mang\u00f3-guava<\/td>\n<td>Gumimaci<\/td>\n<td>OMG Blow-Pop<\/td>\n<\/tr>\n<\/tbody>\n<\/table>\n<p>Mi\u00e9rt v\u00e1lassza a Mr.Goodie Adjust Flavor King 60000 Puffot?<\/p>\n<ul>\n<li>\ud83d\udc51 <b>Puffok kir\u00e1lya:<\/b> Ez az eszk\u00f6z ak\u00e1r 60 000 f\u00faj\u00e1ssal a maga bajnoks\u00e1g\u00e1ban \u00e1ll, \u00e9s olyan hossz\u00fa \u00e9lettartamot k\u00edn\u00e1l, amelyr\u0151l a hagyom\u00e1nyos eldobhat\u00f3ak csak \u00e1lmodhatnak.<\/li>\n<li>\ud83c\udf08 <b>H\u00e1rmas \u00edz\u0171 innov\u00e1ci\u00f3:<\/b> Mer\u00fclj\u00f6n el 10 egyedi h\u00e1rmas \u00edzkombin\u00e1ci\u00f3ban, amelyek p\u00e1ratlan v\u00e1ltozatoss\u00e1got biztos\u00edtanak, \u00e9s megakad\u00e1lyozz\u00e1k a g\u0151z\u00f6k nyelv\u00e9t. Ig\u00e9ny szerint kapcsolja be!<\/li>\n<li>\ud83d\udd0b <b>P\u00e1ratlan megb\u00edzhat\u00f3s\u00e1g:<\/b> A 950mAh-s \u00fajrat\u00f6lthet\u0151 akkumul\u00e1tor \u00e9s a Type-C t\u00f6lt\u00e9s biztos\u00edtja, hogy mindig k\u00e9szen \u00e1lljon a k\u00f6vetkez\u0151 f\u00faj\u00e1sra, minimaliz\u00e1lva az \u00e1ll\u00e1sid\u0151t.<\/li>\n<li>\ud83c\udf2c\ufe0f <b>Kiv\u00e1l\u00f3 g\u0151z \u00e9s \u00edz:<\/b> A kett\u0151s h\u00e1l\u00f3s tekercsek \u00e9s az iDuomesh technol\u00f3gia egyenletesen sima, gazdag \u00e9s kiel\u00e9g\u00edt\u0151 g\u0151z\u00f6l\u00e9st garant\u00e1l minden h\u00faz\u00e1sn\u00e1l.<\/li>\n<li>\ud83d\udcca <b>Intelligens \u00e9s felhaszn\u00e1l\u00f3bar\u00e1t:<\/b> A 3 LCD-kijelz\u0151 folyamatosan t\u00e1j\u00e9koztatja \u00d6nt, megk\u00f6nny\u00edtve ezzel a g\u0151z\u00f6l\u00e9s kezel\u00e9s\u00e9t.<\/li>\n<li>\ud83d\udcb0 <b>Kiv\u00e9teles \u00e9rt\u00e9k:<\/b> A neh\u00e9z felhaszn\u00e1l\u00f3k sz\u00e1m\u00e1ra ez az eszk\u00f6z hihetetlen k\u00f6lts\u00e9ghat\u00e9konys\u00e1got k\u00edn\u00e1l puffan\u00e1sonk\u00e9nt. A B2B v\u00e1s\u00e1rl\u00f3k sz\u00e1m\u00e1ra ez egy nagy kereslet\u0171 term\u00e9k, amely lesz\u00e1ll a polcokr\u00f3l.<\/li>\n<li>\ud83c\udf3f <b>Garant\u00e1lt min\u0151s\u00e9g:<\/b> Pr\u00e9mium \u00f6sszetev\u0151kb\u0151l \u00e9s fejlett gy\u00e1rt\u00e1si folyamatokb\u00f3l k\u00e9sz\u00fclt, garant\u00e1lva a biztons\u00e1got \u00e9s az el\u00e9gedetts\u00e9get.<\/li>\n<\/ul>\n<p>A <b>Mr.Goodie Adjust Flavor King 60000 Puffs<\/b> a t\u00f6k\u00e9letes v\u00e1laszt\u00e1s a neh\u00e9z felhaszn\u00e1l\u00f3k \u00e9s az \u00edzek kedvel\u0151i sz\u00e1m\u00e1ra, akik kiterjesztett \u00e9lvezetre \u00e9s v\u00e1ltozatos \u00edzlehet\u0151s\u00e9gekre v\u00e1gynak. Robusztus kialak\u00edt\u00e1sa \u00e9s innovat\u00edv jellemz\u0151i ellen\u00e1llhatatlan aj\u00e1nlatt\u00e1 teszik a pr\u00e9mium eldobhat\u00f3 vape k\u00edn\u00e1latukat b\u0151v\u00edteni k\u00edv\u00e1n\u00f3 <b>vape boltok<\/b> \u00e9s a nagy mennyis\u00e9g\u0171, magas haszonkulcsot keres\u0151 <b>nagykereskedelmi terjeszt\u00e9s<\/b> sz\u00e1m\u00e1ra. K\u00e9sz\u00fclj\u00f6n fel a vaping j\u00f6v\u0151j\u00e9re m\u00e9g ma! \ud83d\udcaa<\/p>\n<h3>GYIK<\/h3>\n<p>K: H\u00e1ny f\u00faj\u00e1st k\u00edn\u00e1l a Mr.Goodie Adjust Flavor King 60000?<br \/>\nV: Ak\u00e1r 60 000 felf\u00faj\u00e1st tesz lehet\u0151v\u00e9 egy \u00edz\u0171 m\u00f3dban \u00e9s 30 000 f\u00faj\u00e1st az \u00edzek kever\u00e9sekor (A + kamra B).<\/p>\n<p>K: Mi az e-folyad\u00e9k kapacit\u00e1sa?<br \/>\nV: A teljes e-folyad\u00e9k kapacit\u00e1sa 40mL, k\u00e9t 20mL-es kamr\u00e1ra osztva (20mL + 20mL).<\/p>\n<p>K: A Mr.Goodie Adjust Flavor King \u00fajrat\u00f6lthet\u0151?<br \/>\nV: Igen, 950mAh-s \u00fajrat\u00f6lthet\u0151 akkumul\u00e1torral rendelkezik, Type-C t\u00f6lt\u0151porttal.<\/p>\n<p>K: Hogyan m\u0171k\u00f6dik a tripla \u00edzrendszer?<br \/>\nV: A k\u00e9sz\u00fcl\u00e9knek k\u00e9t k\u00fcl\u00f6n e-folyad\u00e9kkamr\u00e1ja van (A \u00e9s B). Az A vagy a B \u00edzt p\u00e1rolhatja, vagy kombin\u00e1lhatja \u0151ket egy egyedi, harmadik kevert \u00edz l\u00e9trehoz\u00e1s\u00e1hoz.<\/p>\n<p>K: Milyen er\u0151ss\u00e9g\u0171 nikotin \u00e9rhet\u0151 el?<br \/>\nV: A Mr.Goodie Adjust Flavor King 60000 2%-os \u00e9s 5%-os nikotintartalm\u00fa v\u00e1ltozatban kaphat\u00f3.<\/p>\n<p>K: Hogyan \u00e1llap\u00edthatom meg az akkumul\u00e1tor \u00e9lettartam\u00e1t vagy az e-liquid szintj\u00e9t?<br \/>\nV: A k\u00e9sz\u00fcl\u00e9k 3 LCD kijelz\u0151vel van felszerelve, amely az akkumul\u00e1tor \u00e9lettartam\u00e1t, az e-liquid szintj\u00e9t \u00e9s az aktu\u00e1lis \u00fczemm\u00f3dot mutatja.<\/p>\n<p>K: Alkalmas ez a term\u00e9k nagykereskedelmi forgalomba?<br \/>\nV: Abszol\u00fat! A Mr.Goodie Adjust Flavor King 60000 Puffs nagy kereslet\u00e9nek, egyedi tulajdons\u00e1gainak \u00e9s kiv\u00e9teles \u00e9rt\u00e9k\u00e9nek k\u00f6sz\u00f6nhet\u0151en kiv\u00e1l\u00f3 term\u00e9k a nagykereskedelmi forgalmaz\u00e1sra \u00e9s a vape boltok sz\u00e1m\u00e1ra.<\/p>\n","protected":false},"excerpt":{"rendered":"<p>Tapasztalja meg a t\u00f6k\u00e9letes g\u0151z\u00f6l\u00e9st a Mr.Goodie Adjust Flavor King 60000 Puff seg\u00edts\u00e9g\u00e9vel. Kett\u0151s 20mL-es e-liquid kapacit\u00e1s, 60 000 felf\u00faj\u00e1s, 10 h\u00e1rmas \u00edz. T\u00f6k\u00e9letes a vape \u00fczletek \u00e9s a t\u00f6meges v\u00e1s\u00e1rl\u00f3k sz\u00e1m\u00e1ra!<\/p>\n","protected":false},"featured_media":128118,"comment_status":"open","ping_status":"closed","template":"","meta":[],"product_brand":[],"product_cat":[1545,1406,1365,1439,1598,1938],"product_tag":[],"class_list":{"0":"post-144873","1":"product","2":"type-product","3":"status-publish","4":"has-post-thumbnail","6":"product_cat-eldobhato-vapes-lengyelorszagban","7":"product_cat-eldobhato-vapes-magyarorszagon","8":"product_cat-eldobhato-vapes-nemetorszagban","9":"product_cat-eldobhato-vapes-olaszorszagban","10":"product_cat-eldobhato-vapes-spanyolorszagban","11":"product_cat-mr-goodie","13":"first","14":"outofstock","15":"shipping-taxable","16":"purchasable","17":"product-type-variable","18":"has-default-attributes"},"jetpack_sharing_enabled":true,"tiered_pricing_type":"fixed","tiered_pricing_fixed_rules":[],"tiered_pricing_product_settings":{"layout":"default","base_unit_name":{"singular":null,"plural":null},"default_variation":null},"tiered_pricing_minimum_quantity":1000,"tiered_pricing_roles_data":[],"tiered_pricing_percentage_rules":[],"tiered_pricing_maximum_quantity":null,"tiered_pricing_quantity_step":"10","_links":{"self":[{"href":"https:\/\/ricovape.com\/hu\/wp-json\/wp\/v2\/product\/144873","targetHints":{"allow":["GET"]}}],"collection":[{"href":"https:\/\/ricovape.com\/hu\/wp-json\/wp\/v2\/product"}],"about":[{"href":"https:\/\/ricovape.com\/hu\/wp-json\/wp\/v2\/types\/product"}],"replies":[{"embeddable":true,"href":"https:\/\/ricovape.com\/hu\/wp-json\/wp\/v2\/comments?post=144873"}],"wp:featuredmedia":[{"embeddable":true,"href":"https:\/\/ricovape.com\/hu\/wp-json\/wp\/v2\/media\/128118"}],"wp:attachment":[{"href":"https:\/\/ricovape.com\/hu\/wp-json\/wp\/v2\/media?parent=144873"}],"wp:term":[{"taxonomy":"product_brand","embeddable":true,"href":"https:\/\/ricovape.com\/hu\/wp-json\/wp\/v2\/product_brand?post=144873"},{"taxonomy":"product_cat","embeddable":true,"href":"https:\/\/ricovape.com\/hu\/wp-json\/wp\/v2\/product_cat?post=144873"},{"taxonomy":"product_tag","embeddable":true,"href":"https:\/\/ricovape.com\/hu\/wp-json\/wp\/v2\/product_tag?post=144873"}],"curies":[{"name":"wp","href":"https:\/\/api.w.org\/{rel}","templated":true}]}}