{"id":14444,"date":"2026-03-12T04:24:35","date_gmt":"2026-03-12T04:24:35","guid":{"rendered":"https:\/\/stage.jrfer.com\/product\/waspe-crystal-180k-8-az-1-ben-izkapcsolo-180-000-fujas-led-kijelzo-omlesztett-eldobhato-vape\/"},"modified":"2026-04-07T08:59:58","modified_gmt":"2026-04-07T08:59:58","slug":"waspe-crystal-180k-8-in-1-flavor-switch-180000-puffs-led-display-bulk-disposable-vape","status":"publish","type":"product","link":"https:\/\/ricovape.com\/hu\/termek\/waspe-crystal-180k-8-in-1-flavor-switch-180000-puffs-led-display-bulk-disposable-vape\/","title":{"rendered":"WASPE Crystal 180K | 8 az 1-ben \u00edzkapcsol\u00f3, 180 000 f\u00faj\u00e1s, LED kijelz\u0151, \u00f6mlesztett eldobhat\u00f3 vape"},"content":{"rendered":"<h2>Ismerje meg a WASPE Crystal 8-in-1 180K\ud83d\udc8e<\/h2>\n<p>Olyan eldobhat\u00f3t szeretne, amely \u00fagy \u00e9rzi, mint egy \u201emini \u00edzszelet\u201d a kez\u00e9ben? A <strong>WASPE Crystal 8-in-1 180K<\/strong> a hosszan tart\u00f3 foglalkoz\u00e1sok \u00e9s a v\u00e1ltozatoss\u00e1g szerelmeseinek k\u00e9sz\u00fclt. Az <strong>ak\u00e1r 180 000 bef\u00faj\u00e1s<\/strong>, a nagy <strong>68 ml-es<\/strong> e-folyad\u00e9kkapacit\u00e1s \u00e9s az egyszer\u0171 \u00edzv\u00e1lt\u00f3 rendszer r\u00e9v\u00e9n er\u0151s v\u00e1laszt\u00e1s a neh\u00e9z felhaszn\u00e1l\u00f3k sz\u00e1m\u00e1ra, \u00e9s intelligens SKU az \u00fczletek \u00e9s nagykeresked\u0151k sz\u00e1m\u00e1ra.<\/p>\n<h2>Mi\u00e9rt v\u00e1lassza a WASPE Crystal 180K-t? \u2705<\/h2>\n<ul>\n<li><strong>8 az 1-ben \u00edzkapcsol\u00f3<\/strong> kialak\u00edt\u00e1s \u2013 egy eszk\u00f6z, t\u00f6bbf\u00e9le \u00edzv\u00e1laszt\u00e9k \ud83d\ude0b<\/li>\n<li><strong>Ak\u00e1r 180 000 f\u00faj\u00e1s<\/strong> a hossz\u00fa haszn\u00e1lat \u00e9s a kevesebb csere \u00e9rdek\u00e9ben \ud83d\udd25<\/li>\n<li><strong>68 ml e-liquid<\/strong> kapacit\u00e1s a meghosszabb\u00edtott g\u0151z\u00f6l\u00e9si id\u0151\u00e9rt<\/li>\n<li><strong>N\u00e9gy h\u00e1l\u00f3s tekercsbe\u00e1ll\u00edt\u00e1s<\/strong> (1,0 \u03a9 x 4) a mer\u00e9sz \u00edz\u00e9rt \u00e9s sima g\u0151z\u00e9rt \u2601\ufe0f<\/li>\n<p>A <\/p>\n<li><strong>LED kijelz\u0151<\/strong> seg\u00edts\u00e9g\u00e9vel a felhaszn\u00e1l\u00f3k egyszer\u0171en ellen\u0151rizhetik az \u00e1llapotot \ud83d\udc40<\/li>\n<li><strong>C t\u00edpus\u00fa \u00fajrat\u00f6lthet\u0151<\/strong> 650 mAh-s akkumul\u00e1tor a k\u00e9nyelmes napi haszn\u00e1lat\u00e9rt \u26a1<\/li>\n<li><strong>T\u00f6bbf\u00e9le nikotinv\u00e1laszt\u00e9k<\/strong> (0% \/ 2% \/ 5%) a k\u00fcl\u00f6nb\u00f6z\u0151 piacok \u00e9s v\u00e1s\u00e1rl\u00f3i ig\u00e9nyek szerint<\/li>\n<li><strong>Kiv\u00e1l\u00f3 \u00fczletek \u00e9s nagykeresked\u00e9sek sz\u00e1m\u00e1ra<\/strong> \u2013 nagy kereslet\u0171 \u201enagy puff + t\u00f6bb \u00edz\u0171\u201d kateg\u00f3ria \ud83d\udce6<\/li>\n<\/ul>\n<h2>WASPE Crystal 8-in-1 180K specifik\u00e1ci\u00f3k \ud83d\udccc<\/h2>\n<tbody>\n<tr>\n<td><strong>Term\u00e9kn\u00e9v<\/strong><\/td>\n<td>WASPE Crystal 8-in-1 180K eldobhat\u00f3 vape<\/td>\n<\/tr>\n<tr>\n<td><strong>Maxim\u00e1lis felf\u00faj\u00e1sok<\/strong><\/td>\n<td>Ak\u00e1r 180 000 f\u00faj\u00e1s<\/td>\n<\/tr>\n<tr>\n<td><strong>E-folyad\u00e9k kapacit\u00e1s<\/strong><\/td>\n<td>68 ml<\/td>\n<\/tr>\n<tr>\n<td><strong>Tekercs<\/strong><\/td>\n<td>Mesh tekercs 1,0 \u03a9 x 4<\/td>\n<\/tr>\n<tr>\n<td><strong>Nikotin er\u0151ss\u00e9ge<\/strong><\/td>\n<td>0% \/ 2% \/ 5%<\/td>\n<\/tr>\n<tr>\n<td><strong>Akkumul\u00e1tor<\/strong><\/td>\n<td>650 mAh<\/td>\n<\/tr>\n<tr>\n<td><strong>T\u00f6lt\u00e9s<\/strong><\/td>\n<td>C t\u00edpus\u00fa USB \u00fajrat\u00f6lthet\u0151<\/td>\n<\/tr>\n<tr>\n<td><strong>Kijelz\u0151<\/strong><\/td>\n<td>LED kijelz\u0151<\/td>\n<\/tr>\n<tr>\n<td><strong>Term\u00e9km\u00e9ret<\/strong><\/td>\n<td>53 \u00d7 46 \u00d7 138 mm<\/td>\n<\/tr>\n<tr>\n<td><strong>A term\u00e9k t\u00f6mege<\/strong><\/td>\n<td>150 g \/ db<\/td>\n<\/tr>\n<\/tbody>\n<\/table>\n<h2>8 az 1-ben \u00edzk\u00e9szletek (minden eszk\u00f6z 4 \u00edzt tartalmaz) \ud83c\udf53\ud83c\udf49\ud83e\uddca<\/h2>\n<p>Minden \u00edzk\u00e9szletet \u00fagy terveztek, hogy lefedjen olyan n\u00e9pszer\u0171 profilokat, mint a jeges gy\u00fcm\u00f6lcs, cukorka, sz\u00f3da \u00e9s tr\u00f3pusi kever\u00e9kek. Kiv\u00e1l\u00f3 azoknak az \u00fcgyfeleknek, akik k\u00f6nnyen unatkoznak \u00e9s v\u00e1ltozatoss\u00e1gra v\u00e1gynak!<\/p>\n<h3>1. \u00edzk\u00e9szlet<\/h3>\n<ul>\n<li><strong>G\u00f6r\u00f6gdinnye j\u00e9g<\/strong> \u2013 \u00e9des g\u00f6r\u00f6gdinnye jeges befejez\u00e9ssel \ud83c\udf49\u2744\ufe0f<\/li>\n<li><strong>Lemon Lime<\/strong> \u2013 ragyog\u00f3 citrus, tiszta \u00e9s zamatos \ud83c\udf4b<\/li>\n<li><strong>Sour Mango Ice<\/strong> \u2013 cs\u00edp\u0151s mang\u00f3 h\u0171v\u00f6s \u00fct\u00e9ssel \ud83e\udd6d\ud83e\uddca<\/li>\n<li><strong>Kiwi Melon Ice<\/strong> \u2013 friss kivi + dinnye, h\u0171tve \u00e9s sima \ud83e\udd5d\ud83c\udf48<\/li>\n<\/ul>\n<h3>2. \u00edzk\u00e9szlet<\/h3>\n<ul>\n<li><strong>Blueberry Ice<\/strong> \u2013 l\u00e9d\u00fas \u00e1fonya fagyos jegyekkel \ud83e\uded0\u2744\ufe0f<\/li>\n<li><strong>Cherry Cola<\/strong> \u2013 klasszikus k\u00f3la \u00e9des cseresznye poppal \ud83e\udd64\ud83c\udf52<\/li>\n<li><strong>Epervan\u00edlia<\/strong> \u2013 kr\u00e9mes epres desszert hangulat \ud83c\udf53\ud83c\udf66<\/li>\n<li><strong>Citromcseresznye<\/strong> \u2013 cseresznye citrusos csavarral \ud83c\udf52\ud83c\udf4b<\/li>\n<\/ul>\n<h3>3. \u00edzk\u00e9szlet<\/h3>\n<ul>\n<li><strong>Red Bull Ice<\/strong> \u2013 energiaital st\u00edlus h\u0171s\u00edt\u0151 fel\u00fclettel \u26a1\ud83e\uddca<\/li>\n<li><strong>Eperj\u00e9g<\/strong> \u2013 ropog\u00f3s eper, extra friss\u00edt\u0151 \ud83c\udf53\u2744\ufe0f<\/li>\n<li><strong>Sour Fcuking Fab<\/strong> \u2013 mer\u00e9sz savany\u00fa cukorka st\u00edlus\u00fa kever\u00e9k \ud83c\udf6c\ud83d\ude2e<\/li>\n<li><strong>Cola Ice<\/strong> \u2013 sz\u00e9nsavas k\u00f3la \u00edz jeges hideggel \ud83e\udd64\u2744\ufe0f<\/li>\n<\/ul>\n<h3>4. \u00edzk\u00e9szlet<\/h3>\n<ul>\n<li><strong>Grape Ice<\/strong> \u2013 gazdag sz\u0151l\u0151 \u00e9dess\u00e9g, h\u0171v\u00f6s \u00e9s tiszta \ud83c\udf47\ud83e\uddca<\/li>\n<li><strong>Eper Kiwi<\/strong> \u2013 klasszikus gy\u00fcm\u00f6lcs\u00f6s du\u00f3, kiegyens\u00falyozott \u00e9s f\u00e9nyes \ud83c\udf53\ud83e\udd5d<\/li>\n<li><strong>G\u00f6r\u00f6gdinnye j\u00e9g<\/strong> \u2013 az \u00e9des \u00e9s jeges g\u00f6r\u00f6gdinnye ism\u00e9tl\u0151d\u0151 kedvence \ud83c\udf49\u2744\ufe0f<\/li>\n<li><strong>Blue Rancher<\/strong> \u2013 k\u00e9k cukorka st\u00edlus\u00fa \u00edz, sz\u00f3rakoztat\u00f3 \u00e9s \u00fct\u0151s \ud83d\udc99\ud83c\udf6c<\/li>\n<\/ul>\n<h3>5. \u00edzk\u00e9szlet<\/h3>\n<ul>\n<li><strong>Dinnye maracuja<\/strong> \u2013 l\u00e1gy dinnye tr\u00f3pusi passi\u00f3gy\u00fcm\u00f6lccsel \ud83c\udf48\ud83e\udd6d<\/li>\n<li><strong>Sour Mango Anan\u00e1sz<\/strong> \u2013 cs\u00edp\u0151s mang\u00f3 + anan\u00e1szfalat \ud83e\udd6d\ud83c\udf4d<\/li>\n<li><strong>Banana Toffee Candy<\/strong> \u2013 \u00e9des ban\u00e1nos cukorka karamell\u00e1s jegyekkel \ud83c\udf4c\ud83c\udf6c<\/li>\n<li><strong>Eperbogy\u00f3<\/strong> \u2013 bogy\u00f3kever\u00e9k eperrel \ud83c\udf53\ud83e\uded0<\/li>\n<\/ul>\n<h3>6. \u00edzk\u00e9szlet<\/h3>\n<ul>\n<li><strong>Eper g\u00f6r\u00f6gdinnye<\/strong> \u2013 l\u00e9d\u00fas gy\u00fcm\u00f6lcskomb\u00f3 eg\u00e9sz napos haszn\u00e1latra \ud83c\udf53\ud83c\udf49<\/li>\n<li><strong>Cool Mint<\/strong> \u2013 tiszta mentah\u0171t\u00e9s, szuper friss\u00edt\u0151 \ud83c\udf3f\ud83e\uddca<\/li>\n<li><strong>Blue Razz Ice<\/strong> \u2013 k\u00e9k m\u00e1ln\u00e1s cukorka jeges bevonattal \ud83d\udc99\u2744\ufe0f<\/li>\n<li><strong>Feketeribizli j\u00e9g<\/strong> \u2013 m\u00e9ly bogy\u00f3s \u00edz, h\u0171v\u00f6s \u00e9s er\u0151s \ud83d\udda4\ud83e\uded0<\/li>\n<\/ul>\n<h3>7. \u00edzk\u00e9szlet<\/h3>\n<ul>\n<li><strong>Blackberry Ice<\/strong> \u2013 s\u00f6t\u00e9t bogy\u00f3s \u00e9dess\u00e9g h\u0171t\u00e9ssel \u2744\ufe0f\ud83e\uded0<\/li>\n<li><strong>Dupla alma<\/strong> \u2013 klasszikus almakever\u00e9k, \u00e9des \u00e9s mer\u00e9sz \ud83c\udf4f\ud83c\udf4e<\/li>\n<li><strong>Black Dragon Ice<\/strong> \u2013 titokzatos s\u00f6t\u00e9t-gy\u00fcm\u00f6lcs j\u00e9gkever\u00e9k, er\u0151teljes hangulat \ud83d\udc09\ud83e\uddca<\/li>\n<li><strong>Epres kiwi<\/strong> \u2013 sima gy\u00fcm\u00f6lcs\u00f6s egyens\u00faly \ud83c\udf53\ud83e\udd5d<\/li>\n<\/ul>\n<h3>8. \u00edzk\u00e9szlet<\/h3>\n<ul>\n<li><strong>Eper Red Bull<\/strong> \u2013 bogy\u00f3 + energia st\u00edlus kever\u00e9k \u26a1\ud83c\udf53<\/li>\n<li><strong>Cherry Cola<\/strong> \u2013 klasszikus sz\u00f3da csereszny\u00e9s \u00fct\u00e9ssel \ud83e\udd64\ud83c\udf52<\/li>\n<li><strong>Cherry Lemon<\/strong> \u2013 \u00e9des-meggyes citrusf\u00e9l\u00e9k \ud83c\udf52\ud83c\udf4b<\/li>\n<li><strong>Tr\u00f3pusi gy\u00fcm\u00f6lcs<\/strong> \u2013 vegyes tr\u00f3pusi kever\u00e9k, nyaral\u00e1s hangulata \ud83c\udf34\ud83e\udd6d<\/li>\n<\/ul>\n<h3>9. \u00edzk\u00e9szlet<\/h3>\n<ul>\n<li><strong>Vegyes bogy\u00f3k<\/strong> \u2013 r\u00e9teges bogy\u00f3kever\u00e9k, l\u00e9d\u00fas \u00e9s sima \ud83e\uded0\ud83c\udf53<\/li>\n<li><strong>Lemon Lime<\/strong> \u2013 friss citrusf\u00e9l\u00e9k \ud83c\udf4b<\/li>\n<li><strong>Blueberry Raspberry<\/strong> \u2013 \u00e9des \u00e1fonya + fanyar m\u00e1lna kever\u00e9k \ud83e\uded0\u2764\ufe0f<\/li>\n<li><strong>Z\u00f6ld alma<\/strong> \u2013 ropog\u00f3s, enyh\u00e9n savanyk\u00e1s almafalat \ud83c\udf4f<\/li>\n<\/ul>\n<h3>10. \u00edzk\u00e9szlet<\/h3>\n<ul>\n<li><strong>Epres m\u00e1lna cseresznye<\/strong> \u2013 h\u00e1rmas bogy\u00f3s-cseresznye puncs \ud83c\udf53\ud83c\udf52<\/li>\n<li><strong>Epres g\u00f6r\u00f6gdinnye<\/strong> \u2013 sima gy\u00fcm\u00f6lcs\u00f6s eg\u00e9sz napos opci\u00f3 \ud83c\udf53\ud83c\udf49<\/li>\n<li><strong>Kiwi g\u00f6r\u00f6gdinnye<\/strong> \u2013 l\u00e9d\u00fas g\u00f6r\u00f6gdinnye kivi csillog\u00e1ssal \ud83e\udd5d\ud83c\udf49<\/li>\n<li><strong>Lemon Lime<\/strong> \u2013 tiszta citrusos reset az \u00edzek k\u00f6z\u00f6tt \ud83c\udf4b<\/li>\n<\/ul>\n<h3>11. \u00edzk\u00e9szlet<\/h3>\n<ul>\n<li><strong>Eperban\u00e1n<\/strong> \u2013 kr\u00e9mes gy\u00fcm\u00f6lcsturmix hangulat \ud83c\udf53\ud83c\udf4c<\/li>\n<li><strong>Mango Peach<\/strong> \u2013 \u00e9des tr\u00f3pusi mang\u00f3 puha barackkal \ud83e\udd6d\ud83c\udf51<\/li>\n<li><strong>Triple Berries<\/strong> \u2013 gazdag bogy\u00f3kever\u00e9k, mer\u00e9sz \u00e9s \u00e9des \ud83e\uded0\ud83c\udf53<\/li>\n<li><strong>Epres anan\u00e1sz<\/strong> \u2013 \u00e9des eper + tr\u00f3pusi anan\u00e1sz \ud83c\udf53\ud83c\udf4d<\/li>\n<\/ul>\n<h3>12. \u00edzk\u00e9szlet<\/h3>\n<ul>\n<li><strong>Blue Razz Limon\u00e1d\u00e9<\/strong> \u2013 k\u00e9k cukorka + limon\u00e1d\u00e9fr\u00f6ccs \ud83d\udc99\ud83c\udf4b<\/li>\n<li><strong>Cherry Lemon<\/strong> \u2013 cseresznye citrusos csillog\u00e1s \ud83c\udf52\ud83c\udf4b<\/li>\n<li><strong>Blueberry Ice<\/strong> \u2013 h\u0171v\u00f6s \u00e1fony\u00e1s friss\u00edt\u0151 \ud83e\uded0\u2744\ufe0f<\/li>\n<li><strong>G\u00f6r\u00f6gdinnye \u0151szibarack<\/strong> \u2013 l\u00e9d\u00fas g\u00f6r\u00f6gdinnye barack \u00e9dess\u00e9ggel \ud83c\udf49\ud83c\udf51<\/li>\n<\/ul>\n<h2>\u00cdzek v\u00e1lt\u00e1sa \ud83d\udd04<\/h2>\n<p><strong>H\u00fazza fel a sz\u00e1jr\u00e9szt, \u00e9s forgassa el<\/strong> az \u00edzek v\u00e1lt\u00e1s\u00e1hoz. Egyszer\u0171, gyors \u00e9s sz\u00f3rakoztat\u00f3 \u2013 t\u00f6k\u00e9letes azoknak a v\u00e1s\u00e1rl\u00f3knak, akik b\u00e1rmikor szeretnek \u00edzl\u00e9st v\u00e1ltoztatni.<\/p>\n<h2>Kis- \u00e9s nagykereskedelmi siker \ud83c\udfea\ud83d\udce6<\/h2>\n<p>A <\/p>\n<p><strong>WASPE Crystal 8-in-1 180K<\/strong> kiv\u00e1l\u00f3an illeszkedik a <strong>s\u00falyos felhaszn\u00e1l\u00f3khoz<\/strong>, akik tart\u00f3s teljes\u00edtm\u00e9nyre v\u00e1gynak, az <strong>\u00edzkeres\u0151knek<\/strong>, akik szeretik a v\u00e1ltakoz\u00f3 \u00edzeket, \u00e9s a <strong>vape shopok<\/strong> sz\u00e1m\u00e1ra, akik er\u0151s \u201ewow\u201d term\u00e9ket szeretn\u00e9nek a polcon. A <strong>forgalmaz\u00f3k \u00e9s nagykeresked\u0151k<\/strong> sz\u00e1m\u00e1ra ez egy egyszer\u0171 kateg\u00f3riagy\u0151ztes: nagy mennyis\u00e9g, t\u00f6bb \u00edz\u0171 funkci\u00f3 \u00e9s n\u00e9pszer\u0171 profilok, amelyek gyorsan mozognak.<\/p>\n<h2>WASPE Crystal 180K GYIK \u2753<\/h2>\n<h3>Hogyan v\u00e1ltoztathatom meg az \u00edzeket?<\/h3>\n<p>H\u00fazza fel a sz\u00e1jr\u00e9szt, \u00e9s forgassa el az \u00edzek v\u00e1lt\u00e1s\u00e1hoz. \ud83d\udd04<\/p>\n<h3>Ez az eszk\u00f6z \u00fajrat\u00f6lthet\u0151?<\/h3>\n<p>Igen. <strong>650 mAh<\/strong> akkumul\u00e1torral rendelkezik, \u00e9s t\u00e1mogatja az <strong>USB Type-C<\/strong> t\u00f6lt\u00e9st. \u26a1<\/p>\n<h3>Milyen er\u0151ss\u00e9g\u0171 nikotin \u00e9rhet\u0151 el?<\/h3>\n<p>T\u00e1mogatja a <strong>0%<\/strong>, <strong>2%<\/strong> \u00e9s <strong>5%<\/strong> nikotin opci\u00f3kat, az \u00d6n piaci ig\u00e9nyeit\u0151l f\u00fcgg\u0151en.<\/p>\n<h3>H\u00e1ny tekercset haszn\u00e1l?<\/h3>\n<p>Egy 1,0 \u03a9 x 4-es h\u00e1l\u00f3tekercset haszn\u00e1l<\/strong>, amely a sima \u00fct\u00e9sek \u00e9s az er\u0151s \u00edz \u00e9rdek\u00e9ben k\u00e9sz\u00fclt. \u2601\ufe0f<\/p>\n<h3>Mennyi e-liquid van benne?<\/h3>\n<p>A term\u00e9k <strong>68 ml-es<\/strong> e-folyad\u00e9kkapacit\u00e1ssal rendelkezik a hosszabb haszn\u00e1lat \u00e9rdek\u00e9ben.<\/p>\n<h3>Vape boltokhoz \u00e9s nagykereskedelmi rendel\u00e9sekhez j\u00f3?<\/h3>\n<p>Igen. A 8 az 1-ben funkci\u00f3 \u00e9s az ultramagas puffad\u00e1ssz\u00e1m sok piacon n\u00e9pszer\u0171, \u00edgy kiv\u00e1l\u00f3 v\u00e1laszt\u00e1s a <strong>kiskereskedelmi polcokra<\/strong> \u00e9s a <strong>t\u00f6meges forgalmaz\u00e1sra<\/strong>. \ud83d\udce6<\/p>\n<h3>Mi az eszk\u00f6z m\u00e9rete \u00e9s s\u00falya?<\/h3>\n<p>M\u00e9ret: <strong>53 \u00d7 46 \u00d7 138 mm<\/strong>. S\u00faly: <strong>150 g darabonk\u00e9nt<\/strong>.<\/p>\n<p><img data-recalc-dims=\"1\" decoding=\"async\" class=\"alignnone size-full wp-image-102961\" src=\"https:\/\/i0.wp.com\/aiviouvapes.com\/wp-content\/uploads\/2026\/01\/Waspe-Crystal-8-in-1-180K-puff6.jpg?h=1929&#038;ssl=1\" alt=\"\"  title=\"\"><\/p>\n","protected":false},"excerpt":{"rendered":"<p>WASPE Crystal 8 az 1-ben 180K eldobhat\u00f3 vape LED kijelz\u0151vel, Type-C t\u00f6lt\u00e9ssel \u00e9s 8 \u00edzzel egy k\u00e9sz\u00fcl\u00e9kben. Hatalmas 68 ml-es e-liquid + quad mesh tekercsek \u2013 t\u00f6k\u00e9letesek kis- \u00e9s nagykereskedelmi v\u00e1s\u00e1rl\u00f3k sz\u00e1m\u00e1ra. \u2728<\/p>\n<h3>\ud83d\udc49Ez a term\u00e9k rakt\u00e1ron van EU-s rakt\u00e1runkban!<\/h3>\n<h4>\ud83c\udf89Kihagyja a v\u00e1rakoz\u00e1st:\u00a0<strong>5\u20137 napos sz\u00e1ll\u00edt\u00e1s az eur\u00f3pai sz\u00e9khely\u0171<\/strong> rakt\u00e1runkb\u00f3l (csak az alap\u00e9rtelmezett <strong>2%-os nikotiner\u0151ss\u00e9g<\/strong> verzi\u00f3hoz).<\/h4>\n<p><span style=\"font-size: 75%\"><em>\ud83d\udd39 A legt\u00f6bb rendel\u00e9st eur\u00f3pai rakt\u00e1runkb\u00f3l sz\u00e1ll\u00edtjuk, ha van ilyen. Alkalmank\u00e9nt, ha nincs rakt\u00e1ron, ink\u00e1bb K\u00edn\u00e1b\u00f3l sz\u00e1ll\u00edtjuk.<\/em><\/span><\/p>\n","protected":false},"featured_media":6981,"comment_status":"open","ping_status":"closed","template":"","meta":[],"product_brand":[],"product_cat":[759,1974,391],"product_tag":[1066,1103,770,615,1137],"class_list":{"0":"post-14444","1":"product","2":"type-product","3":"status-publish","4":"has-post-thumbnail","6":"product_cat-100k-puffs-eldobhato-vape","7":"product_cat-raktaron-eldobhato-vape-eu-raktarban","8":"product_cat-waspe","9":"product_tag-180000-puff-vape","10":"product_tag-8-az-1-ben-eldobhato-vape","11":"product_tag-omlesztett-eldobhato-vape","12":"product_tag-ujratoltheto-eldobhato-vape","13":"product_tag-waspe-eldobhato-vape","15":"first","16":"instock","17":"shipping-taxable","18":"purchasable","19":"product-type-variable","20":"has-default-attributes"},"jetpack_sharing_enabled":true,"tiered_pricing_type":"fixed","tiered_pricing_fixed_rules":{"30":10.17999999999999971578290569595992565155029296875,"50":8.75,"100":7.96999999999999975131004248396493494510650634765625,"200":7.5800000000000000710542735760100185871124267578125,"400":7.0999999999999996447286321199499070644378662109375},"tiered_pricing_product_settings":{"layout":"default","base_unit_name":{"singular":null,"plural":null},"default_variation":null},"tiered_pricing_minimum_quantity":10,"tiered_pricing_roles_data":[],"tiered_pricing_percentage_rules":[],"tiered_pricing_maximum_quantity":null,"tiered_pricing_quantity_step":"10","_links":{"self":[{"href":"https:\/\/ricovape.com\/hu\/wp-json\/wp\/v2\/product\/14444","targetHints":{"allow":["GET"]}}],"collection":[{"href":"https:\/\/ricovape.com\/hu\/wp-json\/wp\/v2\/product"}],"about":[{"href":"https:\/\/ricovape.com\/hu\/wp-json\/wp\/v2\/types\/product"}],"replies":[{"embeddable":true,"href":"https:\/\/ricovape.com\/hu\/wp-json\/wp\/v2\/comments?post=14444"}],"wp:featuredmedia":[{"embeddable":true,"href":"https:\/\/ricovape.com\/hu\/wp-json\/wp\/v2\/media\/6981"}],"wp:attachment":[{"href":"https:\/\/ricovape.com\/hu\/wp-json\/wp\/v2\/media?parent=14444"}],"wp:term":[{"taxonomy":"product_brand","embeddable":true,"href":"https:\/\/ricovape.com\/hu\/wp-json\/wp\/v2\/product_brand?post=14444"},{"taxonomy":"product_cat","embeddable":true,"href":"https:\/\/ricovape.com\/hu\/wp-json\/wp\/v2\/product_cat?post=14444"},{"taxonomy":"product_tag","embeddable":true,"href":"https:\/\/ricovape.com\/hu\/wp-json\/wp\/v2\/product_tag?post=14444"}],"curies":[{"name":"wp","href":"https:\/\/api.w.org\/{rel}","templated":true}]}}