{"id":143433,"date":"2026-04-17T11:10:40","date_gmt":"2026-04-17T11:10:40","guid":{"rendered":"https:\/\/ricovape.com\/product\/vapme-shisha-pro-max-20000-puffs-0-5-nikotin-28ml-24-iz-omlesztett-eldobhato-vape\/"},"modified":"2026-04-19T15:34:32","modified_gmt":"2026-04-19T15:34:32","slug":"vapme-shisha-pro-max-20000","status":"publish","type":"product","link":"https:\/\/ricovape.com\/hu\/termek\/vapme-shisha-pro-max-20000\/","title":{"rendered":"Vapme Shisha Pro Max 20000 Puffs | 0%-5% nikotin, 28mL, 24 \u00edz, \u00f6mlesztett eldobhat\u00f3 vape"},"content":{"rendered":"<h2>Vapme Shisha Pro Max 20000 Puffs<\/h2>\n<p>A <strong>Vapme Shisha Pro Max 20000 Puffs<\/strong> egy v\u00edzipip\u00e1val eldobhat\u00f3 v\u00edzipipa kis- \u00e9s nagykereskedelmi v\u00e1s\u00e1rl\u00f3k sz\u00e1m\u00e1ra, akik praktikus, k\u00f6nnyen elmagyar\u00e1zhat\u00f3 term\u00e9koldalt szeretn\u00e9nek. 20 000 bef\u00faj\u00e1st, 28mL-t egyes\u00edt, hogy a v\u00e1s\u00e1rl\u00f3k tiszt\u00e1bb pozicion\u00e1l\u00e1ssal \u00e9s er\u0151sebb polcvonzat\u00fa eszk\u00f6zt kapjanak.<\/p>\n<h2>Mi\u00e9rt v\u00e1lassza ezt a term\u00e9ket?<\/h2>\n<ul>\n<li><strong>Ak\u00e1r 20 000 f\u00faj\u00e1s<\/strong> egy hosszabb \u00e9lettartam\u00fa eszk\u00f6z\u00e9rt, amelyet k\u00f6nnyen elhelyezhet a nagykereskedelmi katal\u00f3gusokban.<\/li>\n<li><strong>28mL e-liquid kapacit\u00e1s<\/strong> a hosszabb haszn\u00e1lat \u00e9s kevesebb eszk\u00f6zcsere t\u00e1mogat\u00e1s\u00e1hoz.<\/li>\n<li><strong>650mAh<\/strong>, hogy az eszk\u00f6z praktikus legyen a napi ism\u00e9telt haszn\u00e1lathoz.<\/li>\n<li><strong>0%-5%-os nikotinv\u00e1laszt\u00e9k<\/strong> a k\u00fcl\u00f6nb\u00f6z\u0151 piaci \u00e9s v\u00e1s\u00e1rl\u00f3i k\u00f6vetelm\u00e9nyekhez.<\/li>\n<p>A <\/p>\n<li><strong>Shisha<\/strong> egy\u00e9rtelm\u0171 \u00e9rt\u00e9kes\u00edt\u00e9si pontot jelent azon kiskeresked\u0151k sz\u00e1m\u00e1ra, akiknek megk\u00fcl\u00f6nb\u00f6ztetett cikksz\u00e1mra van sz\u00fcks\u00e9g\u00fck.<\/li>\n<li><strong>Nagykereskedelem-bar\u00e1t helymeghat\u00e1roz\u00e1s<\/strong> vape \u00fczletek, forgalmaz\u00f3k \u00e9s t\u00f6meges rendel\u00e9si programok sz\u00e1m\u00e1ra.<\/li>\n<\/ul>\n<h2>M\u0171szaki adatok<\/h2>\n<table>\n<tbody>\n<tr>\n<td><strong>Term\u00e9kn\u00e9v<\/strong><\/td>\n<td>Vapme Shisha Pro Max 20000 Puffs<\/td>\n<\/tr>\n<tr>\n<td><strong>Puff Count<\/strong><\/td>\n<td>Ak\u00e1r 20 000 f\u00faj\u00e1s<\/td>\n<\/tr>\n<tr>\n<td><strong>E-folyad\u00e9k kapacit\u00e1s<\/strong><\/td>\n<td>28mL<\/td>\n<\/tr>\n<tr>\n<td><strong>Akkumul\u00e1tor<\/strong><\/td>\n<td>650mAh<\/td>\n<\/tr>\n<tr>\n<td><strong>Nikotin er\u0151ss\u00e9ge<\/strong><\/td>\n<td>0%-5%<\/td>\n<\/tr>\n<tr>\n<td><strong>Form\u00e1tum<\/strong><\/td>\n<td>Shisha<\/td>\n<\/tr>\n<\/tbody>\n<\/table>\n<h2>\u00cdzlehet\u0151s\u00e9gek<\/h2>\n<p>A Vapme Shisha Pro Max 20000 Puffs 24 f\u00e9le \u00edzben kaphat\u00f3, bele\u00e9rtve a meghosszabb\u00edtott felf\u00faj\u00e1si kapacit\u00e1st: ak\u00e1r 20 000 felf\u00faj\u00e1st, hosszan tart\u00f3 el\u00e9gedetts\u00e9get \u00e9s \u00e9lvezetet biztos\u00edt. Nagy e-folyad\u00e9kkapacit\u00e1s: 28mL-es tart\u00e1ly minim\u00e1lisra cs\u00f6kkenti a gyakori ut\u00e1nt\u00f6lt\u00e9s sz\u00fcks\u00e9gess\u00e9g\u00e9t, az elemek hozz\u00e1ad\u00e1s\u00e1t. A 650mAh-s \u00fajrat\u00f6lthet\u0151 akkumul\u00e1tor egyenletes teljes\u00edtm\u00e9nyt biztos\u00edt a hosszabb ideig tart\u00f3 haszn\u00e1lathoz. V\u00e1ltozatos \u00edzv\u00e1laszt\u00e9k: V\u00e1lasszon a 24 egyedi \u00edz k\u00f6z\u00fcl, hogy minden \u00edzl\u00e9snek \u00e9s preferenci\u00e1nak megfeleljen.<\/p>\n<ul>\n<li>Kib\u0151v\u00edtett sz\u00edv\u00e1s: \u00c9lvezze ak\u00e1r 20 000 sz\u00edv\u00e1st, hosszan tart\u00f3 el\u00e9gedetts\u00e9get \u00e9s \u00e9lvezetet biztos\u00edtva.<\/li>\n<li>Nagy e-folyad\u00e9kkapacit\u00e1s: 28mL-es tart\u00e1ly minim\u00e1lisra cs\u00f6kkenti a gyakori ut\u00e1nt\u00f6lt\u00e9sek sz\u00fcks\u00e9gess\u00e9g\u00e9t, n\u00f6velve a k\u00e9nyelmet.<\/li>\n<li>Megb\u00edzhat\u00f3 akkumul\u00e1tor: A 650mAh-s \u00fajrat\u00f6lthet\u0151 akkumul\u00e1tor egyenletes \u00e1ramell\u00e1t\u00e1st biztos\u00edt a hosszabb munkamenetekhez.<\/li>\n<li>V\u00e1ltozatos \u00edzv\u00e1laszt\u00e9k: V\u00e1lasszon a 24 egyedi \u00edz k\u00f6z\u00fcl, hogy minden \u00edzl\u00e9snek \u00e9s preferenci\u00e1nak megfeleljen.<\/li>\n<\/ul>\n<h2>Kis- \u00e9s nagykereskedelmi illeszked\u00e9s<\/h2>\n<p><strong>Vapme Shisha Pro Max 20000 Puffs<\/strong> a legjobban olyan vape boltok, forgalmaz\u00f3k \u00e9s viszontelad\u00f3i katal\u00f3gusok sz\u00e1m\u00e1ra m\u0171k\u00f6dik, amelyeknek specifik\u00e1ci\u00f3n alapul\u00f3 term\u00e9koldalra van sz\u00fcks\u00e9g\u00fck t\u00f6lt\u0151anyag n\u00e9lk\u00fcl. A leger\u0151sebb \u00e9rt\u00e9kes\u00edt\u00e9si pontok az eszk\u00f6z form\u00e1tuma, a c\u00edmsor jellemz\u0151i, valamint a hasonl\u00f3 cikksz\u00e1mokat \u00f6sszehasonl\u00edt\u00f3 v\u00e1s\u00e1rl\u00f3k k\u00f6nnyebb nagykereskedelmi keretez\u00e9se.<\/p>\n<h2>GYIK<\/h2>\n<h3>H\u00e1ny puffot k\u00edn\u00e1l a Vapme Shisha Pro Max 20000 Puffs?<\/h3>\n<p>A Vapme Shisha Pro Max 20000 Puffs a kiv\u00e1lasztott t\u00edpust\u00f3l f\u00fcgg\u0151en legfeljebb 20,0 \u00e9s 0 puffos. vari\u00e1ci\u00f3.<\/p>\n<h3>A Vapme Shisha Pro Max 20000 Puffs \u00fajrat\u00f6lthet\u0151?<\/h3>\n<p>Igen. 650mAh-t haszn\u00e1l az ism\u00e9telt haszn\u00e1lat t\u00e1mogat\u00e1s\u00e1ra, am\u00edg az e-liquid el nem k\u00e9sz\u00fcl.<\/p>\n<h3>Milyen er\u0151ss\u00e9g\u0171 nikotin \u00e9rhet\u0151 el?<\/h3>\n<p>Ezt a term\u00e9ket 0%-5%-os nikotintartalommal k\u00edn\u00e1ljuk, a kiv\u00e1lasztott v\u00e1ltozatt\u00f3l \u00e9s c\u00e9lpiact\u00f3l f\u00fcgg\u0151en.<\/p>\n<h3>Milyen funkci\u00f3k seg\u00edtik a Vapme Shisha Pro Max 20000 Puffs kit\u0171n\u00e9s\u00e9t?<\/h3>\n<p>A legfontosabb \u00e9rt\u00e9kes\u00edt\u00e9si pontok k\u00f6z\u00e9 tartozik a Shisha, amelynek k\u00f6sz\u00f6nhet\u0151en az eszk\u00f6z k\u00f6nnyebben elmagyar\u00e1zhat\u00f3 a kiskereskedelmi polcokon \u00e9s a forgalmaz\u00f3i katal\u00f3gusokban.<\/p>\n<h3>H\u00e1ny \u00edzv\u00e1ltozat \u00e9rhet\u0151 el?<\/h3>\n<p>Az oldalon 24 \u00edzlehet\u0151s\u00e9g tal\u00e1lhat\u00f3, \u00e9s a pontos v\u00e1laszt\u00e9k a v\u00e1lasztott v\u00e1ltozatt\u00f3l \u00e9s az aktu\u00e1lis rakt\u00e1rk\u00e9szlett\u0151l f\u00fcgg.<\/p>\n<p> Vapme Shisha Pro Max 20000 Puffs alkalmas nagykereskedelmi rendel\u00e9sekre?<\/h3>\n<p>Igen. A Vapme Shisha Pro Max 20000 Puffs olyan vape boltok, viszontelad\u00f3k \u00e9s forgalmaz\u00f3k sz\u00e1m\u00e1ra k\u00e9sz\u00fclt, akik vil\u00e1gos, specifik\u00e1ci\u00f3kon alapul\u00f3 term\u00e9koldalt szeretn\u00e9nek t\u00f6meges rendel\u00e9s eset\u00e9n.<\/p>\n","protected":false},"excerpt":{"rendered":"<p>A Vapme Shisha Pro Max 20000 Puffs ak\u00e1r 20 000 bef\u00faj\u00e1st k\u00edn\u00e1l, 28mL-es, 650mAh-s kapacit\u00e1ssal, 0%-5%-os nikotintartalommal. Tiszta v\u00e1laszt\u00e1s a kiskereskedelmi polcokra, a forgalmaz\u00f3i katal\u00f3gusokra \u00e9s a t\u00f6meges eldobhat\u00f3 vape rendel\u00e9sekre.<\/p>\n","protected":false},"featured_media":127148,"comment_status":"open","ping_status":"closed","template":"","meta":[],"product_brand":[],"product_cat":[511,862,826,1261,1294,1225,1327,1471,1545,1406,1365,1509,1439,2176,1598,1674,1636,400,944,1046,900,373],"product_tag":[],"class_list":{"0":"post-143433","1":"product","2":"type-product","3":"status-publish","4":"has-post-thumbnail","6":"product_cat-20000-puff-eldobhato-vape","7":"product_cat-big-puffs-vapes","8":"product_cat-eldobhato-vape-tipusok","9":"product_cat-eldobhato-vapes-ausztriaban","10":"product_cat-eldobhato-vapes-belgiumban","11":"product_cat-eldobhato-vapes-europaban","12":"product_cat-eldobhato-vapes-franciaorszagban","13":"product_cat-eldobhato-vapes-hollandiaban","14":"product_cat-eldobhato-vapes-lengyelorszagban","15":"product_cat-eldobhato-vapes-magyarorszagon","16":"product_cat-eldobhato-vapes-nemetorszagban","17":"product_cat-eldobhato-vapes-norvegiaban","18":"product_cat-eldobhato-vapes-olaszorszagban","19":"product_cat-eldobhato-vapes-portugaliaban","20":"product_cat-eldobhato-vapes-spanyolorszagban","21":"product_cat-eldobhato-vapes-svajcban","22":"product_cat-eldobhato-vapes-svedorszagban","23":"product_cat-kulonbozo-puffadasu-eldobhato-gozok","24":"product_cat-shisha-hookah-vapes","25":"product_cat-smart-screen-vapes","26":"product_cat-ujratoltheto-vapes","27":"product_cat-vapme","29":"first","30":"instock","31":"shipping-taxable","32":"purchasable","33":"product-type-variable","34":"has-default-attributes"},"jetpack_sharing_enabled":true,"tiered_pricing_type":"fixed","tiered_pricing_fixed_rules":{"2000":5.88999999999999968025576890795491635799407958984375},"tiered_pricing_product_settings":{"layout":"default","base_unit_name":{"singular":null,"plural":null},"default_variation":null},"tiered_pricing_minimum_quantity":1000,"tiered_pricing_roles_data":[],"tiered_pricing_percentage_rules":[],"tiered_pricing_maximum_quantity":null,"tiered_pricing_quantity_step":"10","_links":{"self":[{"href":"https:\/\/ricovape.com\/hu\/wp-json\/wp\/v2\/product\/143433","targetHints":{"allow":["GET"]}}],"collection":[{"href":"https:\/\/ricovape.com\/hu\/wp-json\/wp\/v2\/product"}],"about":[{"href":"https:\/\/ricovape.com\/hu\/wp-json\/wp\/v2\/types\/product"}],"replies":[{"embeddable":true,"href":"https:\/\/ricovape.com\/hu\/wp-json\/wp\/v2\/comments?post=143433"}],"wp:featuredmedia":[{"embeddable":true,"href":"https:\/\/ricovape.com\/hu\/wp-json\/wp\/v2\/media\/127148"}],"wp:attachment":[{"href":"https:\/\/ricovape.com\/hu\/wp-json\/wp\/v2\/media?parent=143433"}],"wp:term":[{"taxonomy":"product_brand","embeddable":true,"href":"https:\/\/ricovape.com\/hu\/wp-json\/wp\/v2\/product_brand?post=143433"},{"taxonomy":"product_cat","embeddable":true,"href":"https:\/\/ricovape.com\/hu\/wp-json\/wp\/v2\/product_cat?post=143433"},{"taxonomy":"product_tag","embeddable":true,"href":"https:\/\/ricovape.com\/hu\/wp-json\/wp\/v2\/product_tag?post=143433"}],"curies":[{"name":"wp","href":"https:\/\/api.w.org\/{rel}","templated":true}]}}