{"id":13536,"date":"2025-11-03T07:33:55","date_gmt":"2025-11-03T07:33:55","guid":{"rendered":"https:\/\/stage.jrfer.com\/product\/bang-legend-150k-6-az-1-ben-150-000-fujas-smart-led-tripla-tank-omlesztett-eldobhato-vape\/"},"modified":"2026-04-07T11:09:38","modified_gmt":"2026-04-07T11:09:38","slug":"bang-legend-150k-6-in-1-150000-puffs","status":"publish","type":"product","link":"https:\/\/ricovape.com\/hu\/termek\/bang-legend-150k-6-in-1-150000-puffs\/","title":{"rendered":"Bang Legend 150K 6 az 1-ben 150 000 f\u00faj\u00e1s | smart led tripla tank \u00f6mlesztett eldobhat\u00f3 vape"},"content":{"rendered":"<h2>Bang Legend 150K 6 az 1-ben 150 000 f\u00faj\u00e1s | smart led triple tank bulk eldobhat\u00f3 vape<\/h2>\n<h3>Mi\u00e9rt v\u00e1lassza a Bang Legend 150K Puffokat?<\/h3>\n<ul>\n<li>\ud83d\udd25 <strong>T\u00f6meges, 150 000 bef\u00faj\u00e1s<\/strong> \u2013 Hosszan tart\u00f3 haszn\u00e1latra tervezt\u00e9k, ide\u00e1lis neh\u00e9z g\u0151z\u00f6l\u0151knek \u00e9s nagykereskedelmi v\u00e1s\u00e1rl\u00f3knak.<\/li>\n<li>\ud83c\udf9b\ufe0f <strong>6 egyedi \u00edzm\u00f3d (A, B, C, A+B, A+C, B+C)<\/strong> \u2013 testreszabhatja \u00edzl\u00e9s\u00e9t a t\u00f6bbtart\u00e1lyos rugalmass\u00e1ggal.<\/li>\n<li>\ud83d\udca1 <strong>Intelligens LED-kijelz\u0151<\/strong> \u2013 Val\u00f3s id\u0151ben mutatja az akkumul\u00e1tor t\u00f6lt\u00f6tts\u00e9gi szintj\u00e9t, a puffad\u00e1sok sz\u00e1m\u00e1t \u00e9s a tank aktivit\u00e1s\u00e1t.<\/li>\n<li>\ud83d\udd0b <strong>850 mAh \u00fajrat\u00f6lthet\u0151 akkumul\u00e1tor<\/strong> \u2013 Hat\u00e9kony \u00e9s hossz\u00fa \u00e9lettartam\u00fa, gyors Type-C t\u00f6lt\u00e9ssel.<\/li>\n<li>\ud83d\udca7 <strong>Triple Oil Tank System<\/strong> \u2013 V\u00e1ltson azonnal h\u00e1rom k\u00fcl\u00f6nb\u00f6z\u0151 \u00edz k\u00f6z\u00f6tt.<\/li>\n<li>\ud83c\udf00 <strong>Mesh Coil technol\u00f3gia<\/strong> \u2013 Tiszta, intenz\u00edv \u00edzt \u00e9s gazdag p\u00e1r\u00e1t hoz l\u00e9tre minden f\u00faj\u00e1ssal.<\/li>\n<li>\ud83d\udce6 <strong>T\u00f6k\u00e9letes t\u00f6meges megrendel\u00e9sekhez<\/strong> \u2013 10 db-os csomagban dobozonk\u00e9nt, kiv\u00e1l\u00f3an alkalmas B2B \u00e9s kiskereskedelmi ki\u00e1ll\u00edt\u00f3helyek sz\u00e1m\u00e1ra.<\/li>\n<\/ul>\n<h3>M\u0171szaki adatok<\/h3>\n<table border=\"1\" cellpadding=\"6\">\n<tbody>\n<tr>\n<td><strong>Puff Count<\/strong><\/td>\n<td>Ak\u00e1r 150 000 sz\u00edv\u00e1s<\/td>\n<\/tr>\n<tr>\n<td><strong>Nikotin er\u0151ss\u00e9ge<\/strong><\/td>\n<td>2% \/ 3% \/ 5%<\/td>\n<\/tr>\n<tr>\n<td><strong>\u00cdzm\u00f3dok<\/strong><\/td>\n<td>A, B, C, A+B, A+C, B+C<\/td>\n<\/tr>\n<tr>\n<td><strong>Olajtart\u00e1ly<\/strong><\/td>\n<td>3 f\u00fcggetlen tank<\/td>\n<\/tr>\n<tr>\n<td><strong>Akkumul\u00e1tor<\/strong><\/td>\n<td>850 mAh \u00fajrat\u00f6lthet\u0151<\/td>\n<\/tr>\n<tr>\n<td><strong>Tekercs<\/strong><\/td>\n<td>Mesh Coil<\/td>\n<\/tr>\n<tr>\n<td><strong>LED-k\u00e9perny\u0151<\/strong><\/td>\n<td>Intelligens kijelz\u0151<\/td>\n<\/tr>\n<tr>\n<td><strong>T\u00f6lt\u0151port<\/strong><\/td>\n<td>C t\u00edpus\u00fa gyorst\u00f6lt\u00e9s<\/td>\n<\/tr>\n<tr>\n<td><strong>Csomagol\u00e1s<\/strong><\/td>\n<td>10 db csomagonk\u00e9nt<\/td>\n<\/tr>\n<tr>\n<td><strong>\u00cdzlehet\u0151s\u00e9gek<\/strong><\/td>\n<td>12 kombin\u00e1ci\u00f3 \u00e9rhet\u0151 el<\/td>\n<\/tr>\n<\/tbody>\n<\/table>\n<h3>\u00cdz\u00e9lm\u00e9ny \ud83c\udf53\ud83c\udf4d\ud83c\udf47<\/h3>\n<p>A <strong>Bang Legend 150K<\/strong> seg\u00edts\u00e9g\u00e9vel 12 finom \u00edzkombin\u00e1ci\u00f3t fedezhet fel \u2013 a jeges gy\u00fcm\u00f6lcskever\u00e9kekt\u0151l a tr\u00f3pusi \u00e9dess\u00e9gig \u2013, v\u00e1lthat a tart\u00e1lyok k\u00f6z\u00f6tt, vagy keverheti \u0151ket 6 \u00edzm\u00f3ddal a v\u00e9gtelen kreativit\u00e1s \u00e9rdek\u00e9ben!<\/p>\n<ul>\n<li><strong>1\ufe0f\u20e3 \u0150szibarack j\u00e9g \/ mang\u00f3 \u0151szibarack \/ \u00e1fony\u00e1s \u0151szibarack<\/strong> \u2013 \u0151szibarack \u00e9dess\u00e9g h\u00e1rmasa tr\u00f3pusi hangulattal. \ud83c\udf51\ud83d\udca8<\/li>\n<li><strong>2\ufe0f\u20e3 Anan\u00e1sz j\u00e9g \/ anan\u00e1sz k\u00f3kusz \/ kiwi gy\u00fcm\u00f6lcs anan\u00e1sz j\u00e9g<\/strong> \u2013 friss\u00edt\u0151, kr\u00e9mes \u00e9s cs\u00edp\u0151s anan\u00e1szos paradicsom. \ud83c\udf4d\ud83e\udd65<\/li>\n<li><strong>3\ufe0f\u20e3 Sz\u0151l\u0151 j\u00e9g \/ Sz\u0151l\u0151 r\u00e1g\u00f3gumi \/ M\u00e1lna sz\u0151l\u0151<\/strong> \u2013 \u00c9des, l\u00e9d\u00fas sz\u0151l\u0151jegyek, \u00e9desk\u00e9s hangulattal. \ud83c\udf47\ud83c\udf6c<\/li>\n<li><strong>4\ufe0f\u20e3 G\u00f6r\u00f6gdinnye j\u00e9g \/ g\u00f6r\u00f6gdinnye bogy\u00f3k \/ epres g\u00f6r\u00f6gdinnye<\/strong> \u2013 dinnye \u00e9s bogy\u00f3s gy\u00fcm\u00f6lcs\u00f6k friss kever\u00e9ke, h\u0171v\u00f6s csavarral. \ud83c\udf49\u2744\ufe0f<\/li>\n<li><strong>5\ufe0f\u20e3 \u00c1fonya j\u00e9g \/ \u00c1fonya m\u00e1lna \/ \u00c1fonya \u00e1fonya cseresznye<\/strong> \u2013 \u00c1fonya dominancia r\u00e9teges bogy\u00f3m\u00e9lys\u00e9ggel. \ud83e\uded0\ud83c\udf52<\/li>\n<li><strong>6\ufe0f\u20e3 Ban\u00e1n j\u00e9g \/ eper ban\u00e1n \/ citromsav narancs<\/strong> \u2013 Kr\u00e9mes ban\u00e1n cs\u00edp\u0151s naranccsal a turmixszer\u0171 vape-\u00e9rt. \ud83c\udf4c\ud83c\udf4a<\/li>\n<li><strong>7\ufe0f\u20e3 Almaj\u00e9g \/ Alma sz\u0151l\u0151 \/ \u00c1fonya sz\u0151l\u0151<\/strong> \u2013 A ropog\u00f3s alma tal\u00e1lkozik a l\u00e9d\u00fas sz\u0151l\u0151vel \u00e9s a jeges frissess\u00e9ggel. \ud83c\udf4f\ud83c\udf47<\/li>\n<li><strong>8\ufe0f\u20e3 Mang\u00f3j\u00e9g \/ \u0150szibarack Mang\u00f3 G\u00f6r\u00f6gdinnye \/ Gumitartalm\u00fa Medve<\/strong> \u2013 Tr\u00f3pusi \u00e9s \u00e9des, t\u00f6k\u00e9letes a ny\u00e1ri hangulathoz. \ud83e\udd6d\ud83c\udf49\ud83c\udf6c<\/li>\n<li><strong>9\ufe0f\u20e3 Cseresznyej\u00e9g \/ Vegyes bogy\u00f3k \/ V\u00f6r\u00f6s k\u00f3la<\/strong> \u2013 \u00c9des cseresznye pezsg\u0151 nosztalgikus sz\u00f3d\u00e1val. \ud83c\udf52\ud83e\udd64<\/li>\n<li><strong>\ud83d\udd1f Red Bull \/ G\u00f6r\u00f6gdinnye r\u00e1g\u00f3gumi \/ Szerelem 66<\/strong> \u2013 Az \u00e9dess\u00e9g, az ital \u00e9s a klasszikus v\u00edzipipa jegyek energiz\u00e1l\u00f3 \u00e9s egyedi kever\u00e9ke. \u26a1\ud83c\udf49<\/li>\n<li><strong>11\ufe0f\u20e3 Eper j\u00e9g \/ Epres Kiwi \/ Strawberry Lichee<\/strong> \u2013 Tripla eper \u00e9lvezet egzotikus csavarokkal. \ud83c\udf53\ud83e\udd5d<\/li>\n<li><strong>12\ufe0f\u20e3 Passion Fruit \/ Guj\u00e1vafa M\u00e9sz \/ Szenved\u00e9ly Gy\u00fcm\u00f6lcs citrom<\/strong> \u2013 \u00c9l\u00e9nk, tr\u00f3pusi \u00e9s friss\u00edt\u0151 az eg\u00e9sz napos g\u0151z\u00f6l\u00e9shez. \ud83e\udd6d\ud83c\udf4b<\/li>\n<\/ul>\n<h3>T\u00f6k\u00e9letes a k\u00f6vetkez\u0151h\u00f6z: \ud83d\udc51<\/h3>\n<p>\u2705 <strong>Neh\u00e9z g\u0151z\u00f6k<\/strong>, akik hosszabb \u00e9lettartamra \u00e9s hatalmas \u00edzkapacit\u00e1sra v\u00e1gynak.<br \/>\n\u2705 <strong>\u00cdzkeres\u0151k<\/strong>, akik szeretnek keverni, p\u00e1ros\u00edtani \u00e9s szem\u00e9lyre szabni.<br \/>\n\u2705 <strong>Vape \u00fczlettulajdonosok<\/strong>, akik pr\u00e9mium, magas \u00e1rr\u00e9s\u0171 term\u00e9keket keresnek.<br \/>\n\u2705 <strong>Forgalmaz\u00f3k \u00e9s nagykeresked\u0151k<\/strong>, akik fejlett funkci\u00f3kkal rendelkez\u0151, kiemelked\u0151 eszk\u00f6z\u00f6ket keresnek.<\/p>\n<h3>GYIK \u2753<\/h3>\n<p><strong>K: H\u00e1ny \u00edzm\u00f3ddal rendelkezik a Bang Legend?<\/strong><br \/>\nV: 6 m\u00f3dot k\u00edn\u00e1l \u2013 A, B, C, A+B, A+C, B+C \u2013 a sokoldal\u00fa \u00edzkever\u00e9shez.<\/p>\n<p><strong>K: Mennyi ideig b\u00edrja az akkumul\u00e1tor?<\/strong><br \/>\nV: A 850 mAh-s \u00fajrat\u00f6lthet\u0151 akkumul\u00e1tor hossz\u00fa \u00fczemid\u0151t biztos\u00edt, \u00e9s t\u00e1mogatja a C t\u00edpus\u00fa gyorst\u00f6lt\u00e9st.<\/p>\n<p><strong>K: Van kijelz\u0151je?<\/strong><br \/>\nV: Igen! Az intelligens LED-k\u00e9perny\u0151 val\u00f3s id\u0151ben mutatja a puffad\u00e1sok sz\u00e1m\u00e1t, az akkumul\u00e1tor \u00e1llapot\u00e1t \u00e9s a tankhaszn\u00e1latot.<\/p>\n<p><strong>K: H\u00e1ny f\u00faj\u00e1st ad ki?<\/strong><br \/>\nV: Ak\u00e1r massz\u00edv <strong>150 000 f\u00faj\u00e1s<\/strong>, \u00edgy az egyik leghosszabb ideig tart\u00f3 vape a piacon.<\/p>\n<p><strong>K: Kinek a legjobb?<\/strong><br \/>\nV: T\u00f6k\u00e9letes a <strong>tapasztalt g\u0151z\u00f6l\u0151k, B2B forgalmaz\u00f3k \u00e9s vape boltok kiskeresked\u0151i sz\u00e1m\u00e1ra<\/strong>, akik \u00e9rt\u00e9kelik a hossz\u00fa \u00e9lettartamot \u00e9s az \u00edz innov\u00e1ci\u00f3t.<\/p>\n<h3>K\u00f6vetkeztet\u00e9s \ud83d\ude80<\/h3>\n<p>A <strong>Bang Legend 150K Puffs<\/strong> \u00fajradefini\u00e1lja az eldobhat\u00f3 vape teljes\u00edtm\u00e9ny\u00e9t h\u00e1romtart\u00e1lyos rendszer\u00e9vel, intelligens LED-kijelz\u0151j\u00e9vel \u00e9s hat keverhet\u0151 \u00edzm\u00f3dj\u00e1val. Tart\u00f3ss\u00e1gra \u00e9s sokoldal\u00fas\u00e1gra k\u00e9sz\u00fclt, ez\u00e9rt elengedhetetlen a pr\u00e9mium min\u0151s\u00e9get \u00e9s a verhetetlen \u00e9rt\u00e9ket keres\u0151 <strong>\u00edzek kedvel\u0151inek, nagy mennyis\u00e9gben haszn\u00e1l\u00f3knak \u00e9s nagykereskedelmi partnereknek<\/strong>. \ud83c\udf1f<\/p>\n","protected":false},"excerpt":{"rendered":"<p>\ud83d\udca8 Tapasztalja meg az \u00edzek maxim\u00e1lis rugalmass\u00e1g\u00e1t \u00e9s erej\u00e9t a <strong>Bang Legend 150K Puffs<\/strong> seg\u00edts\u00e9g\u00e9vel \u2013 egy intelligens LED-es eldobhat\u00f3 g\u0151z\u00f6l\u0151vel, amely 6 \u00e1ll\u00edthat\u00f3 \u00edzm\u00f3ddal, h\u00e1rom olajtart\u00e1llyal \u00e9s ak\u00e1r 150 000 f\u00faj\u00e1ssal rendelkezik. T\u00f6k\u00e9letes vape boltoknak, forgalmaz\u00f3knak \u00e9s komoly felh\u0151keres\u0151knek. \u26a1<\/p>\n","protected":false},"featured_media":6551,"comment_status":"open","ping_status":"closed","template":"","meta":[],"product_brand":[],"product_cat":[759,346,1187,1922],"product_tag":[1248,1285,1329,1102,1397,1364],"class_list":{"0":"post-13536","1":"product","2":"type-product","3":"status-publish","4":"has-post-thumbnail","6":"product_cat-100k-puffs-eldobhato-vape","7":"product_cat-bang","8":"product_cat-olcso-ujratoltheto-eldobhato-vape","9":"product_cat-uj","10":"product_tag-150-000-fujas-vape","11":"product_tag-6-iz-1-vape-ban","12":"product_tag-bang-legend-150k-eldobhato-vape","13":"product_tag-legjobb-eldobhato-vape","14":"product_tag-nagykereskedelmi-ujratoltheto-vape","15":"product_tag-tartos-intelligens-vape","17":"first","18":"instock","19":"shipping-taxable","20":"purchasable","21":"product-type-variable","22":"has-default-attributes"},"jetpack_sharing_enabled":true,"tiered_pricing_type":"fixed","tiered_pricing_fixed_rules":{"30":8.8900000000000005684341886080801486968994140625,"50":7.160000000000000142108547152020037174224853515625,"100":6.54000000000000003552713678800500929355621337890625,"200":5.9900000000000002131628207280300557613372802734375,"400":5.42999999999999971578290569595992565155029296875},"tiered_pricing_product_settings":{"layout":"default","base_unit_name":{"singular":null,"plural":null},"default_variation":null},"tiered_pricing_minimum_quantity":10,"tiered_pricing_roles_data":[],"tiered_pricing_percentage_rules":[],"tiered_pricing_maximum_quantity":null,"tiered_pricing_quantity_step":"10","_links":{"self":[{"href":"https:\/\/ricovape.com\/hu\/wp-json\/wp\/v2\/product\/13536","targetHints":{"allow":["GET"]}}],"collection":[{"href":"https:\/\/ricovape.com\/hu\/wp-json\/wp\/v2\/product"}],"about":[{"href":"https:\/\/ricovape.com\/hu\/wp-json\/wp\/v2\/types\/product"}],"replies":[{"embeddable":true,"href":"https:\/\/ricovape.com\/hu\/wp-json\/wp\/v2\/comments?post=13536"}],"wp:featuredmedia":[{"embeddable":true,"href":"https:\/\/ricovape.com\/hu\/wp-json\/wp\/v2\/media\/6551"}],"wp:attachment":[{"href":"https:\/\/ricovape.com\/hu\/wp-json\/wp\/v2\/media?parent=13536"}],"wp:term":[{"taxonomy":"product_brand","embeddable":true,"href":"https:\/\/ricovape.com\/hu\/wp-json\/wp\/v2\/product_brand?post=13536"},{"taxonomy":"product_cat","embeddable":true,"href":"https:\/\/ricovape.com\/hu\/wp-json\/wp\/v2\/product_cat?post=13536"},{"taxonomy":"product_tag","embeddable":true,"href":"https:\/\/ricovape.com\/hu\/wp-json\/wp\/v2\/product_tag?post=13536"}],"curies":[{"name":"wp","href":"https:\/\/api.w.org\/{rel}","templated":true}]}}