{"id":13481,"date":"2026-03-12T04:24:33","date_gmt":"2026-03-12T04:24:33","guid":{"rendered":"https:\/\/stage.jrfer.com\/product\/vopk-btc-35k-intelligens-kepernyo-35000-fujas-kettos-halo-allithato-legaramlas-tomeges-eldobhato-vape\/"},"modified":"2026-04-07T09:58:34","modified_gmt":"2026-04-07T09:58:34","slug":"vopk-btc-35k-smart-screen-35000-puffs-dual-mesh-adjustable-airflow-bulk-disposable-vape","status":"publish","type":"product","link":"https:\/\/ricovape.com\/hu\/termek\/vopk-btc-35k-smart-screen-35000-puffs-dual-mesh-adjustable-airflow-bulk-disposable-vape\/","title":{"rendered":"VOPK BTC 35K | intelligens k\u00e9perny\u0151, 35000 f\u00faj\u00e1s, kett\u0151s h\u00e1l\u00f3, \u00e1ll\u00edthat\u00f3 l\u00e9g\u00e1raml\u00e1s, t\u00f6meges eldobhat\u00f3 vape"},"content":{"rendered":"<p>A <\/p>\n<p><strong>VOPK BTC 35000 puffant\u00f3 eldobhat\u00f3 vape<\/strong> olyan felhaszn\u00e1l\u00f3k sz\u00e1m\u00e1ra k\u00e9sz\u00fclt, akik teljes\u00edtm\u00e9nyre, st\u00edlusra \u00e9s vez\u00e9rl\u00e9sre v\u00e1gynak egyetlen fejlett eszk\u00f6zben. A mer\u00e9sz Bitcoin-st\u00edlus\u00fa diz\u00e1jn ihlette, ez az \u00fajrat\u00f6lthet\u0151 eldobhat\u00f3 k\u00e9sz\u00fcl\u00e9k nagy interakt\u00edv k\u00e9perny\u0151vel, kett\u0151s h\u00e1l\u00f3s tekercsrendszerrel \u00e9s \u00e1ll\u00edthat\u00f3 l\u00e9g\u00e1raml\u00e1ssal rendelkezik. Mind a neh\u00e9z felhaszn\u00e1l\u00f3k, mind a professzion\u00e1lis vape forgalmaz\u00f3k sz\u00e1m\u00e1ra k\u00e9sz\u00fclt, egyenletes \u00edzt, hatalmas felh\u0151ket \u00e9s kiv\u00e1l\u00f3 polcot biztos\u00edt a kiskereskedelemben.<\/p>\n<h2>Mi\u00e9rt v\u00e1lassza a VOPK BTC 35000 Puffokat?<\/h2>\n<ul>\n<li>\ud83d\udca8 Ak\u00e1r <strong>35 000 f\u00faj\u00e1s<\/strong> a hosszabb haszn\u00e1lat \u00e9s a magasabb \u00fcgyf\u00e9l-el\u00e9gedetts\u00e9g \u00e9rdek\u00e9ben<\/li>\n<li>\ud83d\udcf1 <strong>A teljes intelligens k\u00e9perny\u0151<\/strong> egy\u00e9rtelm\u0171en mutatja az akkumul\u00e1tor \u00e9s az e-liquid t\u00f6lt\u00f6tts\u00e9gi szintj\u00e9t<\/li>\n<li>\ud83c\udf2c\ufe0f <strong>Kett\u0151s h\u00e1l\u00f3s tekercsrendszer<\/strong> az er\u0151sebb \u00edz\u00e9rt \u00e9s sim\u00e1bb g\u0151z\u00e9rt<\/li>\n<li>\ud83c\udf9b\ufe0f <strong>\u00c1ll\u00edthat\u00f3 l\u00e9g\u00e1raml\u00e1si \u00e9s teljes\u00edtm\u00e9ny \u00fczemm\u00f3dok<\/strong> a szem\u00e9lyre szabott g\u0151z\u00f6l\u00e9shez<\/li>\n<li>\ud83d\udd0b <strong>850 mAh \u00fajrat\u00f6lthet\u0151 akkumul\u00e1tor<\/strong> C t\u00edpus\u00fa gyors t\u00f6lt\u00e9ssel<\/li>\n<li>\ud83d\udc41\ufe0f L\u00e1that\u00f3 e-folyad\u00e9k tart\u00e1ly \u2013 nincs tal\u00e1lgat\u00e1s, b\u00e1tran g\u0151z\u00f6lj\u00f6n<\/li>\n<li>\ud83d\udce6 Ide\u00e1lis <strong>t\u00f6meges megrendel\u00e9sekhez, vape boltokhoz \u00e9s nagykereskedelmi forgalmaz\u00e1shoz<\/strong><\/li>\n<\/ul>\n<p>[videopress uWXiLczv]<\/p>\n<h3>VOPK BTC 35K specifik\u00e1ci\u00f3i<\/h3>\n<tbody>\n<tr>\n<th>Funkci\u00f3<\/th>\n<th>R\u00e9szletek<\/th>\n<\/tr>\n<tr>\n<td>Maxim\u00e1lis bef\u00faj\u00e1sok<\/td>\n<td>35 000 f\u00faj\u00e1s<\/td>\n<\/tr>\n<tr>\n<td>E-folyad\u00e9k kapacit\u00e1s<\/td>\n<td>22 ml (l\u00e1that\u00f3 tart\u00e1ly)<\/td>\n<\/tr>\n<tr>\n<td>Akkumul\u00e1tor<\/td>\n<td>850 mAh \u00fajrat\u00f6lthet\u0151<\/td>\n<\/tr>\n<tr>\n<td>T\u00f6lt\u00e9s<\/td>\n<td>C t\u00edpus\u00fa gyorst\u00f6lt\u00e9s<\/td>\n<\/tr>\n<tr>\n<td>Tekercs t\u00edpusa<\/td>\n<td>0,8\u03a9 kett\u0151s h\u00e1l\u00f3s tekercs<\/td>\n<\/tr>\n<tr>\n<td>L\u00e9g\u00e1raml\u00e1s<\/td>\n<td>\u00c1ll\u00edthat\u00f3<\/td>\n<\/tr>\n<tr>\n<td>Kijelz\u0151<\/td>\n<td>3D intelligens k\u00e9perny\u0151 (akkumul\u00e1tor \u00e9s kapacit\u00e1s)<\/td>\n<\/tr>\n<tr>\n<td>Csomagol\u00e1s<\/td>\n<td>150 db kartononk\u00e9nt (kb. 17,5 kg)<\/td>\n<\/tr>\n<\/tbody>\n<\/table>\n<h3>VOPK BTC 35K el\u00e9rhet\u0151 \u00edzek<\/h3>\n<ul>\n<li>\ud83c\udf49 <strong>G\u00f6r\u00f6gdinnye j\u00e9g<\/strong> \u2013 l\u00e9d\u00fas g\u00f6r\u00f6gdinnye h\u0171v\u00f6s, jeges lecseng\u00e9ssel<\/li>\n<li>\ud83e\uded0 <strong>K\u00e9k Razz J\u00e9g<\/strong> \u2013 \u00e9des k\u00e9k m\u00e1lna friss\u00edt\u0151 hideggel<\/li>\n<li>\ud83c\udf53 <strong>Eper Robban\u00e1s<\/strong> \u2013 mer\u00e9sz \u00e9s \u00e9des eper \u00edz<\/li>\n<li>\ud83c\udf51 <strong>Gr\u00fazia \u0150szibarack<\/strong> \u2013 sima, \u00e9rett barack \u00edz<\/li>\n<li>\ud83e\udd5d <strong>Szenved\u00e9ly Kiwi<\/strong> \u2013 tr\u00f3pusi passi\u00f3gy\u00fcm\u00f6lcs kivivel keverve<\/li>\n<li>\ud83c\udf4a <strong>Narancsos \u00e1fony\u00e1s lime j\u00e9g<\/strong> \u2013 citruskever\u00e9k jeges frissess\u00e9ggel<\/li>\n<li>\ud83c\udf3f <strong>H\u0171v\u00f6s Menta<\/strong> \u2013 tiszta \u00e9s friss\u00edt\u0151 mentap\u00e1ra<\/li>\n<li>\ud83e\udd6d <strong>Savany\u00fa mang\u00f3 anan\u00e1sz<\/strong> \u2013 cs\u00edp\u0151s mang\u00f3 \u00e9des anan\u00e1szsal<\/li>\n<li>\ud83c\udf51 <strong>Feh\u00e9r \u0151szibarack m\u00e1lna<\/strong> \u2013 puha barack m\u00e1ln\u00e1val egyens\u00falyozva<\/li>\n<li>\ud83c\udf4c <strong>Ban\u00e1n H\u00edzelg\u00e9s Fagy<\/strong> \u2013 kr\u00e9mes ban\u00e1ncukorka jeges \u00e9rint\u00e9ssel<\/li>\n<\/ul>\n<h3>VOPK BTC 35K Pro tipp \ud83d\udca1<\/h3>\n<p>V\u00e1ltson az egy- \u00e9s k\u00e9ttekercses \u00fczemm\u00f3dok k\u00f6z\u00f6tt, hogy ir\u00e1ny\u00edtsa az \u00e9lm\u00e9nyt. A kett\u0151s m\u00f3d er\u0151sebb felh\u0151ket \u00e9s \u00edzeket biztos\u00edt, m\u00edg az egy m\u00f3d seg\u00edt meghosszabb\u00edtani az akkumul\u00e1tor \u00e9lettartam\u00e1t \u00e9s az e-folyad\u00e9k haszn\u00e1lat\u00e1t.<\/p>\n<h3>Gyakran Ism\u00e9telt K\u00e9rd\u00e9sek (GYIK) a VOPK BTC 35K-val kapcsolatban<\/h3>\n<p><strong>K: Honnan tudhatom, hogy a vape kifogy?<\/strong><br \/>\nAz intelligens 3D-s k\u00e9perny\u0151 az akkumul\u00e1tor \u00e9s az e-folyad\u00e9k sz\u00e1zal\u00e9kos ar\u00e1ny\u00e1t mutatja, az \u00e1tl\u00e1tsz\u00f3 tart\u00e1ly pedig lehet\u0151v\u00e9 teszi a marad\u00e9k gy\u00fcm\u00f6lcsl\u00e9 k\u00f6nny\u0171 megtekint\u00e9s\u00e9t.<\/p>\n<p><strong>K: Alkalmas ez az eszk\u00f6z nagykereskedelmi \u00e9s t\u00f6meges rendel\u00e9sekre?<\/strong><br \/>\nIgen. A VOPK BTC 35K g\u0151z\u00fczletek, forgalmaz\u00f3k \u00e9s t\u00f6meges v\u00e1s\u00e1rl\u00f3k sz\u00e1m\u00e1ra k\u00e9sz\u00fclt, akik nagy kereslet\u0171 eldobhat\u00f3 g\u0151z\u00f6ket keresnek.<\/p>\n<p><strong>K: Mennyi ideig tart a t\u00f6lt\u00e9s?<\/strong><br \/>\nA Type-C gyorst\u00f6lt\u0151 portnak k\u00f6sz\u00f6nhet\u0151en az eszk\u00f6z gyorsan t\u00f6lt\u0151dik, \u00edgy a felhaszn\u00e1l\u00f3k minim\u00e1lis \u00e1ll\u00e1sid\u0151vel \u00fajra g\u0151z\u00f6lhetnek.<\/p>\n<p><strong>K: Kinek a legjobb ez a vape?<\/strong><br \/>\nIde\u00e1lis azoknak a nagy felhaszn\u00e1l\u00f3knak, \u00edzkeres\u0151knek, vape-kiskeresked\u0151knek \u00e9s nagykeresked\u0151knek, akik pr\u00e9mium min\u0151s\u00e9g\u0171, hossz\u00fa \u00e9lettartam\u00fa eldobhat\u00f3 vape-ra v\u00e1gynak.<\/p>\n<hr \/>\n<p><strong>A VOPK BTC 35000 eldobhat\u00f3 vape f\u00faj\u00e1sa<\/strong> a fejlett technol\u00f3gi\u00e1t, a mer\u00e9sz diz\u00e1jnt \u00e9s a hatalmas puffad\u00e1skapacit\u00e1st \u00f6tv\u00f6zi egyetlen nagy teljes\u00edtm\u00e9ny\u0171 eszk\u00f6zben. Ak\u00e1r rakt\u00e1rr\u00f3l van sz\u00f3 a vape \u00fczlet\u00e9ben, ak\u00e1r a nagykereskedelmi forgalmaz\u00e1sra sz\u00e1nt term\u00e9keket v\u00e1s\u00e1rolja meg, ez a modell \u00fagy k\u00e9sz\u00fclt, hogy leny\u0171g\u00f6zze az \u00fcgyfeleket \u00e9s \u00f6szt\u00f6n\u00f6zze az ism\u00e9telt elad\u00e1sokat \ud83d\ude80<\/p>\n<p><img data-recalc-dims=\"1\" decoding=\"async\" class=\"alignnone size-full wp-image-96547\" src=\"https:\/\/i0.wp.com\/aiviouvapes.com\/wp-content\/uploads\/2025\/12\/VOPK-BTC-35K-16.jpg?w=1200&#038;ssl=1\" alt=\"VOPK BTC 35K\"  title=\"\">2&#8243;<\/p>\n","protected":false},"excerpt":{"rendered":"<p>Cs\u00facstechnol\u00f3gi\u00e1s, 35 000 puffad\u00e1sos VOPK BTC 35K eldobhat\u00f3 vape intelligens k\u00e9perny\u0151vel, kett\u0151s h\u00e1l\u00f3s tekercsekkel \u00e9s \u00e1ll\u00edthat\u00f3 l\u00e9g\u00e1raml\u00e1ssal. T\u00f6k\u00e9letes a vape boltok \u00e9s a nagykereskedelmi v\u00e1s\u00e1rl\u00f3k sz\u00e1m\u00e1ra, akik pr\u00e9mium, hossz\u00fa \u00e9lettartam\u00fa eszk\u00f6z\u00f6ket keresnek.<\/p>\n","protected":false},"featured_media":6842,"comment_status":"open","ping_status":"closed","template":"","meta":[],"product_brand":[],"product_cat":[566,617,367],"product_tag":[989,1058,1093,1023,615],"class_list":{"0":"post-13481","1":"product","2":"type-product","3":"status-publish","4":"has-post-thumbnail","6":"product_cat-30000-puff-eldobhato-vape","7":"product_cat-40000-puff-eldobhato-vape","8":"product_cat-vopk","9":"product_tag-35000-fujas-vape","10":"product_tag-eldobhato-vape","11":"product_tag-intelligens-kepernyos-vape","12":"product_tag-omlesztett-eldobhato-vape-nagykereskedelem","13":"product_tag-ujratoltheto-eldobhato-vape","15":"first","16":"instock","17":"shipping-taxable","18":"purchasable","19":"product-type-variable","20":"has-default-attributes"},"jetpack_sharing_enabled":true,"tiered_pricing_type":"fixed","tiered_pricing_fixed_rules":[],"tiered_pricing_product_settings":{"layout":"default","base_unit_name":{"singular":null,"plural":null},"default_variation":null},"tiered_pricing_minimum_quantity":1000,"tiered_pricing_roles_data":[],"tiered_pricing_percentage_rules":[],"tiered_pricing_maximum_quantity":null,"tiered_pricing_quantity_step":"10","_links":{"self":[{"href":"https:\/\/ricovape.com\/hu\/wp-json\/wp\/v2\/product\/13481","targetHints":{"allow":["GET"]}}],"collection":[{"href":"https:\/\/ricovape.com\/hu\/wp-json\/wp\/v2\/product"}],"about":[{"href":"https:\/\/ricovape.com\/hu\/wp-json\/wp\/v2\/types\/product"}],"replies":[{"embeddable":true,"href":"https:\/\/ricovape.com\/hu\/wp-json\/wp\/v2\/comments?post=13481"}],"wp:featuredmedia":[{"embeddable":true,"href":"https:\/\/ricovape.com\/hu\/wp-json\/wp\/v2\/media\/6842"}],"wp:attachment":[{"href":"https:\/\/ricovape.com\/hu\/wp-json\/wp\/v2\/media?parent=13481"}],"wp:term":[{"taxonomy":"product_brand","embeddable":true,"href":"https:\/\/ricovape.com\/hu\/wp-json\/wp\/v2\/product_brand?post=13481"},{"taxonomy":"product_cat","embeddable":true,"href":"https:\/\/ricovape.com\/hu\/wp-json\/wp\/v2\/product_cat?post=13481"},{"taxonomy":"product_tag","embeddable":true,"href":"https:\/\/ricovape.com\/hu\/wp-json\/wp\/v2\/product_tag?post=13481"}],"curies":[{"name":"wp","href":"https:\/\/api.w.org\/{rel}","templated":true}]}}