{"id":12931,"date":"2026-03-12T04:24:35","date_gmt":"2026-03-12T04:24:35","guid":{"rendered":"https:\/\/stage.jrfer.com\/product\/bang-box-160k-4-az-1-ben-160-000-fujas-negy-izu-10-%cf%89-os-halos-tekercs-lcd-kijelzo-0-5-nikotin-ujratoltheto-eldobhato-vape\/"},"modified":"2026-04-07T08:50:09","modified_gmt":"2026-04-07T08:50:09","slug":"bang-box-160k-4-in-1-160000-puffs-quad-flavor-1-0%cf%89-mesh-coil-lcd-display-0-5-nicotine-rechargeable-bulk-disposable-vape","status":"publish","type":"product","link":"https:\/\/ricovape.com\/hu\/termek\/bang-box-160k-4-in-1-160000-puffs-quad-flavor-1-0%cf%89-mesh-coil-lcd-display-0-5-nicotine-rechargeable-bulk-disposable-vape\/","title":{"rendered":"Bang Box 160K | 4 az 1-ben, 160 000 f\u00faj\u00e1s, n\u00e9gy \u00edz\u0171, 1,0 \u03a9-os h\u00e1l\u00f3s tekercs, LCD kijelz\u0151, 0\u20135% nikotin, \u00fajrat\u00f6lthet\u0151, eldobhat\u00f3 vape"},"content":{"rendered":"<h3>\ud83d\udd25 Bang Box 160K 4 az 1-ben eldobhat\u00f3 vape \u00e1ttekint\u00e9se<\/h3>\n<p>Ismerje meg a <strong>Bang Box 160K 4 az 1-ben eldobhat\u00f3 vape<\/strong>t \u2013 egy nagy teljes\u00edtm\u00e9ny\u0171 eszk\u00f6zt, amelyet rendk\u00edv\u00fcl hossz\u00fa \u00e9lettartamra, mer\u00e9sz \u00edzteljes\u00edtm\u00e9nyre \u00e9s kereskedelmi vonzer\u0151re terveztek. A <strong>n\u00e9gy \u00edzzel egy eszk\u00f6zben<\/strong> tervezett nagy kapacit\u00e1s\u00fa eldobhat\u00f3 ak\u00e1r <strong>160 000 f\u00faj\u00e1st<\/strong> is kiad, egyenletes kibocs\u00e1t\u00e1ssal \u00e9s egyenletes g\u0151ztermel\u00e9ssel.<\/p>\n<p>Az <strong>1,0 \u03a9-os h\u00e1l\u00f3tekerccsel<\/strong>, az <strong>LCD-kijelz\u0151vel<\/strong> \u00e9s a <strong>650 mAh-s \u00fajrat\u00f6lthet\u0151 Type-C akkumul\u00e1torral<\/strong> felszerelt Bang Box 160K \u00f6tv\u00f6zi a cs\u00facstechnol\u00f3gi\u00e1t az \u00edzek sokoldal\u00fas\u00e1g\u00e1val. T\u00f6k\u00e9letes a neh\u00e9z felhaszn\u00e1l\u00f3k, a vape \u00fczletek, a forgalmaz\u00f3k \u00e9s a t\u00f6meges v\u00e1s\u00e1rl\u00f3k sz\u00e1m\u00e1ra, akik pr\u00e9mium, magas \u00e1rr\u00e9s\u0171 term\u00e9ket keresnek. \ud83d\udca8\u26a1<\/p>\n<h3>\u2699\ufe0f Bang Box 160K 4 az 1-ben m\u0171szaki adatok<\/h3>\n<tbody>\n<tr>\n<td><strong>Eszk\u00f6zn\u00e9v<\/strong><\/td>\n<td>Bang Box 160K 4 az 1-ben eldobhat\u00f3 vape<\/td>\n<\/tr>\n<tr>\n<td><strong>Puff Count<\/strong><\/td>\n<td>Ak\u00e1r 160 000 sz\u00edv\u00e1s<\/td>\n<\/tr>\n<tr>\n<td><strong>\u00cdzrendszer<\/strong><\/td>\n<td>4 \u00edz egy eszk\u00f6zben<\/td>\n<\/tr>\n<tr>\n<td><strong>Nikotin er\u0151ss\u00e9ge<\/strong><\/td>\n<td>0% \/ 2% \/ 3% \/ 5%<\/td>\n<\/tr>\n<tr>\n<td><strong>Akkumul\u00e1torkapacit\u00e1s<\/strong><\/td>\n<td>650 mAh \u00fajrat\u00f6lthet\u0151<\/td>\n<\/tr>\n<tr>\n<td><strong>T\u00f6lt\u0151port<\/strong><\/td>\n<td>C t\u00edpus\u00fa<\/td>\n<\/tr>\n<tr>\n<td><strong>Tekercs t\u00edpusa<\/strong><\/td>\n<td>1,0\u03a9 mesh tekercs<\/td>\n<\/tr>\n<tr>\n<td><strong>Kijelz\u0151<\/strong><\/td>\n<td>LCD k\u00e9perny\u0151<\/td>\n<\/tr>\n<tr>\n<td><strong>\u00cdzlehet\u0151s\u00e9gek<\/strong><\/td>\n<td>10 n\u00e9gy \u00edz\u0171 kiad\u00e1s<\/td>\n<\/tr>\n<\/tbody>\n<\/table>\n<h3>\ud83c\udf53 Bang Box 160K 4 az 1-ben \u00edzkombin\u00e1ci\u00f3k (4 az 1-ben kiad\u00e1sok)<\/h3>\n<tbody>\n<tr>\n<td><strong>Kiad\u00e1s<\/strong><\/td>\n<td><strong>1. \u00edz<\/strong><\/td>\n<td><strong>2. \u00edz<\/strong><\/td>\n<td><strong>3. \u00edz<\/strong><\/td>\n<td><strong>4. \u00edz<\/strong><\/td>\n<\/tr>\n<tr>\n<td>01<\/td>\n<td>Cseresznye \u00e1fonya<\/td>\n<td>h\u00e1rmas bogy\u00f3<\/td>\n<td>Eper Pitaya<\/td>\n<td>G\u00f6r\u00f6gdinnye r\u00e1g\u00f3gumi<\/td>\n<\/tr>\n<tr>\n<td>02<\/td>\n<td>Sz\u0151l\u0151j\u00e9g<\/td>\n<td>L\u00edcsi j\u00e9g<\/td>\n<td>\u0150szibarack bogy\u00f3<\/td>\n<td>Kivi maracuja-guava<\/td>\n<\/tr>\n<tr>\n<td>03<\/td>\n<td>citrom m\u00e9sz<\/td>\n<td>Eperj\u00e9g<\/td>\n<td>M\u00e1lna g\u00f6r\u00f6gdinnye<\/td>\n<td>Mang\u00f3barack<\/td>\n<\/tr>\n<tr>\n<td>04<\/td>\n<td>citrom m\u00e9sz<\/td>\n<td>G\u00f6r\u00f6gdinnye j\u00e9g<\/td>\n<td>Fekete j\u00e9g s\u00e1rk\u00e1ny gy\u00fcm\u00f6lcs eper<\/td>\n<td>Szerelem66<\/td>\n<\/tr>\n<tr>\n<td>05<\/td>\n<td>Epres g\u00f6r\u00f6gdinnye<\/td>\n<td>R\u00f3zsasz\u00edn limon\u00e1d\u00e9<\/td>\n<td>h\u00e1rmas m\u00e9zharmat<\/td>\n<td>Fekete s\u00e1rk\u00e1nyj\u00e9g<\/td>\n<\/tr>\n<tr>\n<td>06<\/td>\n<td>Savany\u00fa mang\u00f3 anan\u00e1sz<\/td>\n<td>Citromos k\u00f3lasz\u00f3da<\/td>\n<td>\u0150szibarack bogy\u00f3<\/td>\n<td>Eperban\u00e1n<\/td>\n<\/tr>\n<tr>\n<td>07<\/td>\n<td>Epermang\u00f3<\/td>\n<td>Epres van\u00edlia k\u00f3la<\/td>\n<td>k\u00e9k razz j\u00e9g<\/td>\n<td>Epres kiwi<\/td>\n<\/tr>\n<tr>\n<td>08<\/td>\n<td>Epres g\u00f6r\u00f6gdinnye<\/td>\n<td>Red Bull<\/td>\n<td>L\u00e9d\u00fas barackj\u00e9g<\/td>\n<td>Grapefruit Friss\u00edt\u0151<\/td>\n<\/tr>\n<tr>\n<td>09<\/td>\n<td>Van\u00edlia Cola<\/td>\n<td>citrombarack<\/td>\n<td>Epres m\u00e1lna cseresznye j\u00e9g<\/td>\n<td>Sz\u0151l\u0151j\u00e9g<\/td>\n<\/tr>\n<tr>\n<td>10<\/td>\n<td>G\u00f6r\u00f6gdinnye j\u00e9g<\/td>\n<td>Epermang\u00f3<\/td>\n<td>\u00e1fony\u00e1s j\u00e9g<\/td>\n<td>sz\u00e9nsavas cseresznye<\/td>\n<\/tr>\n<\/tbody>\n<\/table>\n<h3>\ud83d\udc8e Mi\u00e9rt v\u00e1lassza a Bang Box 160K-t?<\/h3>\n<ul>\n<li>\ud83d\udd25 Hatalmas <strong>160 000 puff<\/strong> kapacit\u00e1s a hossz\u00fa t\u00e1v\u00fa haszn\u00e1latra<\/li>\n<li>\ud83c\udfaf 4 az 1-ben t\u00f6bb \u00edz v\u00e1lt\u00e1s a maxim\u00e1lis v\u00e1ltozatoss\u00e1g \u00e9rdek\u00e9ben<\/li>\n<li>\u26a1 \u00dajrat\u00f6lthet\u0151 650 mAh-s akkumul\u00e1tor C t\u00edpus\u00fa gyorst\u00f6lt\u00e9ssel<\/li>\n<li>\ud83d\udcca Intelligens LCD kijelz\u0151 az akkumul\u00e1tor \u00e9s a haszn\u00e1lat figyel\u00e9s\u00e9hez<\/li>\n<li>\ud83d\udca8 1,0\u03a9 h\u00e1l\u00f3s tekercs a sima, s\u0171r\u0171 g\u0151ztermel\u00e9s\u00e9rt<\/li>\n<li>\ud83d\udce6 Ide\u00e1lis nagykereskedelmi forgalmaz\u00e1shoz \u00e9s magas \u00e1rr\u00e9ssel rendelkez\u0151 kiskereskedelmi \u00e9rt\u00e9kes\u00edt\u00e9shez<\/li>\n<li>\ud83c\udf0d T\u00f6bbf\u00e9le nikotinv\u00e1laszt\u00e9k a piaci kereslethez igazodva<\/li>\n<\/ul>\n<h3>\ud83d\ude80 T\u00f6k\u00e9letes kis- \u00e9s nagykereskedelmi v\u00e1s\u00e1rl\u00f3k sz\u00e1m\u00e1ra<\/h3>\n<p>A Bang Box 160K a kitart\u00e1st ig\u00e9nyl\u0151 <strong>er\u0151s felhaszn\u00e1l\u00f3knak<\/strong>, a v\u00e1ltozatoss\u00e1gra v\u00e1gy\u00f3 <strong>\u00edzkeres\u0151knek<\/strong>, valamint a <strong>vape boltoknak \u00e9s forgalmaz\u00f3knak<\/strong> k\u00e9sz\u00fclt, akik egy pr\u00e9mium, nagy kapacit\u00e1s\u00fa eszk\u00f6zt keresnek, amely kiemelkedik a polcokr\u00f3l. N\u00e9gy \u00edzes\u00edt\u00e9s\u0171 rendszere, hossz\u00fa \u00e9lettartama \u00e9s modern LCD-kijelz\u0151je hat\u00e9kony kieg\u00e9sz\u00edt\u0151v\u00e9 teszik b\u00e1rmely t\u00f6meges k\u00e9szletet.<\/p>\n<p>Ha nagy mennyis\u00e9gben eldobhat\u00f3 vape v\u00e1s\u00e1rl\u00f3kat c\u00e9loz meg, vagy nagykereskedelmi katal\u00f3gus\u00e1t egy k\u00f6vetkez\u0151 szint\u0171 eszk\u00f6zzel b\u0151v\u00edti, a Bang Box 160K 4 az 1-ben k\u00e9sz\u00fcl\u00e9ket \u00fagy tervezt\u00e9k, hogy az ism\u00e9telt elad\u00e1sokat \u00e9s er\u0151s haszonkulcsot eredm\u00e9nyezzen. \ud83d\udcbc\ud83d\udca8<\/p>\n<h3>\u2753 GYIK<\/h3>\n<p><strong>1. k\u00e9rd\u00e9s: Mennyi ideig b\u00edrja a Bang Box 160K?<\/strong><br \/>\nAk\u00e1r 160 000 f\u00faj\u00e1st is kiad a haszn\u00e1lati szok\u00e1sokt\u00f3l \u00e9s a nikotin er\u0151ss\u00e9g\u00e9t\u0151l f\u00fcgg\u0151en.<\/p>\n<p><strong>2. k\u00e9rd\u00e9s: Az eszk\u00f6z \u00fajrat\u00f6lthet\u0151?<\/strong><br \/>\nIgen. 650 mAh-s \u00fajrat\u00f6lthet\u0151 akkumul\u00e1torral rendelkezik, amely t\u00e1mogatja a Type-C t\u00f6lt\u00e9st.<\/p>\n<p><strong>3. k\u00e9rd\u00e9s: V\u00e1lthatnak a felhaszn\u00e1l\u00f3k az \u00edzek k\u00f6z\u00f6tt?<\/strong><br \/>\nIgen. Minden eszk\u00f6z n\u00e9gy integr\u00e1lt \u00edzt tartalmaz egy egys\u00e9gben.<\/p>\n<p><strong>4. k\u00e9rd\u00e9s: Milyen er\u0151ss\u00e9g\u0171 nikotin kaphat\u00f3?<\/strong><br \/>\n0%, 2%, 3% \u00e9s 5% nikotintartalm\u00fa opci\u00f3kban kaphat\u00f3.<\/p>\n<p><strong>5. k\u00e9rd\u00e9s: Alkalmas nagykereskedelmi rendel\u00e9sekhez?<\/strong><br \/>\nAbszol\u00fat. A Bang Box 160K t\u00f6meges v\u00e1s\u00e1rl\u00f3knak, forgalmaz\u00f3knak \u00e9s vape-kiskeresked\u0151knek k\u00e9sz\u00fclt, akik nagy kapacit\u00e1s\u00fa, ig\u00e9nyes eldobhat\u00f3 eszk\u00f6z\u00f6ket keresnek.<\/p>\n","protected":false},"excerpt":{"rendered":"<p>A Bang Box 160K 4 az 1-ben eldobhat\u00f3 vape 160 000 f\u00faj\u00e1st, n\u00e9gy \u00edzes\u00edt\u00e9st, h\u00e1l\u00f3s tekercs teljes\u00edtm\u00e9nyt \u00e9s \u00fajrat\u00f6lthet\u0151 k\u00e9nyelmet biztos\u00edt a kis- \u00e9s nagykereskedelmi v\u00e1s\u00e1rl\u00f3k sz\u00e1m\u00e1ra.<\/p>\n","protected":false},"featured_media":6994,"comment_status":"open","ping_status":"closed","template":"","meta":[],"product_brand":[],"product_cat":[415,655,346],"product_tag":[1176,1211,1242,1205],"class_list":{"0":"post-12931","1":"product","2":"type-product","3":"status-publish","4":"has-post-thumbnail","6":"product_cat-15000-puff-eldobhato-vape","7":"product_cat-16000-puff-eldobhato-vape","8":"product_cat-bang","9":"product_tag-160-000-fujas-eldobhato-vape","10":"product_tag-4-az-1-ben-izes-vape","11":"product_tag-nagy-kapacitasu-mesh-coil-vape","12":"product_tag-ujratoltheto-omlesztett-eldobhato-vape","14":"first","15":"instock","16":"shipping-taxable","17":"purchasable","18":"product-type-variable","19":"has-default-attributes"},"jetpack_sharing_enabled":true,"tiered_pricing_type":"fixed","tiered_pricing_fixed_rules":{"30":9.4000000000000003552713678800500929355621337890625,"50":7.839999999999999857891452847979962825775146484375,"100":7.32000000000000028421709430404007434844970703125,"200":6.79999999999999982236431605997495353221893310546875,"400":6.160000000000000142108547152020037174224853515625},"tiered_pricing_product_settings":{"layout":"default","base_unit_name":{"singular":null,"plural":null},"default_variation":null},"tiered_pricing_minimum_quantity":10,"tiered_pricing_roles_data":[],"tiered_pricing_percentage_rules":[],"tiered_pricing_maximum_quantity":null,"tiered_pricing_quantity_step":"10","_links":{"self":[{"href":"https:\/\/ricovape.com\/hu\/wp-json\/wp\/v2\/product\/12931","targetHints":{"allow":["GET"]}}],"collection":[{"href":"https:\/\/ricovape.com\/hu\/wp-json\/wp\/v2\/product"}],"about":[{"href":"https:\/\/ricovape.com\/hu\/wp-json\/wp\/v2\/types\/product"}],"replies":[{"embeddable":true,"href":"https:\/\/ricovape.com\/hu\/wp-json\/wp\/v2\/comments?post=12931"}],"wp:featuredmedia":[{"embeddable":true,"href":"https:\/\/ricovape.com\/hu\/wp-json\/wp\/v2\/media\/6994"}],"wp:attachment":[{"href":"https:\/\/ricovape.com\/hu\/wp-json\/wp\/v2\/media?parent=12931"}],"wp:term":[{"taxonomy":"product_brand","embeddable":true,"href":"https:\/\/ricovape.com\/hu\/wp-json\/wp\/v2\/product_brand?post=12931"},{"taxonomy":"product_cat","embeddable":true,"href":"https:\/\/ricovape.com\/hu\/wp-json\/wp\/v2\/product_cat?post=12931"},{"taxonomy":"product_tag","embeddable":true,"href":"https:\/\/ricovape.com\/hu\/wp-json\/wp\/v2\/product_tag?post=12931"}],"curies":[{"name":"wp","href":"https:\/\/api.w.org\/{rel}","templated":true}]}}