{"id":11659,"date":"2026-03-12T04:24:35","date_gmt":"2026-03-12T04:24:35","guid":{"rendered":"https:\/\/stage.jrfer.com\/product\/bang-box-50k-50-ml-50-000-felfujas-kettos-izu-lcd-kepernyo-850-mah-ujratoltheto-nagykereskedelmi-eldobhato-vape\/"},"modified":"2026-04-07T08:43:19","modified_gmt":"2026-04-07T08:43:19","slug":"bang-box-50k-50ml-50000-puffs-dual-flavor-lcd-screen-850mah-rechargeable-bulk-wholesale-disposable-vape","status":"publish","type":"product","link":"https:\/\/ricovape.com\/hu\/termek\/bang-box-50k-50ml-50000-puffs-dual-flavor-lcd-screen-850mah-rechargeable-bulk-wholesale-disposable-vape\/","title":{"rendered":"Bang Box 50K | 50 ml 50 000 felf\u00faj\u00e1s, kett\u0151s \u00edz\u0171, LCD k\u00e9perny\u0151, 850 mAh \u00fajrat\u00f6lthet\u0151, nagykereskedelmi eldobhat\u00f3 vape"},"content":{"rendered":"<h3>\ud83d\udd25Bang Box 50K 50000 f\u00faj\u00e1s | kett\u0151s \u00edz\u0171 \u00f6mlesztett, eldobhat\u00f3 vape LCD k\u00e9perny\u0151vel<\/h3>\n<p>A <\/p>\n<p><strong>Bang Box 50K eldobhat\u00f3 vape<\/strong>-t komoly g\u0151z\u00f6l\u0151knek \u00e9s nagy mennyis\u00e9gben v\u00e1s\u00e1rl\u00f3knak tervezt\u00e9k, akik teljes\u00edtm\u00e9nyt, hossz\u00fa \u00e9lettartamot \u00e9s \u00edzinnov\u00e1ci\u00f3t ig\u00e9nyelnek. Ak\u00e1r <strong>50 000 f\u00faj\u00e1st<\/strong> is k\u00e9pes leadni, ez a nagy kapacit\u00e1s\u00fa, kett\u0151s \u00edz\u0171 k\u00e9sz\u00fcl\u00e9k a teljes\u00edtm\u00e9nyt \u00e9s a k\u00e9nyelmet egyetlen eleg\u00e1ns egys\u00e9gben \u00f6tv\u00f6zi.<\/p>\n<p>Az <strong>1,0 \u03a9 mesh tekercssel<\/strong>, az <strong>50 ml-es pr\u00e9mium e-folyad\u00e9kkal<\/strong> \u00e9s az <strong>\u00fajrat\u00f6lthet\u0151 850 mAh-s akkumul\u00e1torral<\/strong> felszerelve a Bang Box 50K z\u00f6kken\u0151mentes g\u0151ztermel\u00e9st \u00e9s egyenletes \u00edzkibocs\u00e1t\u00e1st biztos\u00edt az els\u0151 f\u00faj\u00e1st\u00f3l az utols\u00f3ig. A be\u00e9p\u00edtett <strong>digit\u00e1lis LCD-kijelz\u0151<\/strong> egy\u00e9rtelm\u0171en mutatja az akkumul\u00e1tor \u00e9s az e-liquid t\u00f6lt\u00f6tts\u00e9gi szintj\u00e9t, \u00edgy a felhaszn\u00e1l\u00f3k teljes k\u00f6r\u0171en ir\u00e1ny\u00edthatj\u00e1k.<\/p>\n<p>Az <strong>\u00e1ll\u00edthat\u00f3 l\u00e9g\u00e1raml\u00e1ssal<\/strong> \u00e9s a t\u00f6bbsz\u00f6r\u00f6s nikotiner\u0151ss\u00e9gekkel (0%, 2%, 3%, 5%) egyar\u00e1nt kiel\u00e9g\u00edti a felh\u0151t keres\u0151ket \u00e9s a nikotint haszn\u00e1l\u00f3kat. T\u00f6k\u00e9letes kiskereskedelmi polcokhoz, vape boltokhoz \u00e9s nagykereskedelmi \u00e9rt\u00e9kes\u00edt\u00e9si csatorn\u00e1khoz.<\/p>\n<h3>\u2699 Bang Box 50K m\u0171szaki adatok<\/h3>\n<tbody>\n<tr>\n<th>Funkci\u00f3<\/th>\n<th>R\u00e9szletek<\/th>\n<\/tr>\n<tr>\n<td>Puff Count<\/td>\n<td>Ak\u00e1r 50 000 sz\u00edv\u00e1s<\/td>\n<\/tr>\n<tr>\n<td>E-folyad\u00e9k kapacit\u00e1s<\/td>\n<td>50 ml<\/td>\n<\/tr>\n<tr>\n<td>Akkumul\u00e1tor<\/td>\n<td>850 mAh \u00fajrat\u00f6lthet\u0151<\/td>\n<\/tr>\n<tr>\n<td>Tekercs<\/td>\n<td>1,0\u03a9 mesh tekercs<\/td>\n<\/tr>\n<tr>\n<td>Nikotin er\u0151ss\u00e9ge<\/td>\n<td>0% \/ 2% \/ 3% \/ 5%<\/td>\n<\/tr>\n<tr>\n<td>Kijelz\u0151<\/td>\n<td>LCD-k\u00e9perny\u0151 (akkumul\u00e1tor + folyad\u00e9kjelz\u0151)<\/td>\n<\/tr>\n<tr>\n<td>L\u00e9g\u00e1raml\u00e1s<\/td>\n<td>\u00c1ll\u00edthat\u00f3<\/td>\n<\/tr>\n<tr>\n<td>\u00cdzlehet\u0151s\u00e9gek<\/td>\n<td>12 kett\u0151s \u00edzkombin\u00e1ci\u00f3<\/td>\n<\/tr>\n<\/tbody>\n<\/table>\n<h3>\ud83c\udf53 Bang Box 50K \u00edzkombin\u00e1ci\u00f3k (kett\u0151s \u00edz\u0171)<\/h3>\n<tbody>\n<tr>\n<th>A \u00edz<\/th>\n<th>B \u00edz<\/th>\n<\/tr>\n<tr>\n<td>Epres kiwi<\/td>\n<td>Double Grape<\/td>\n<\/tr>\n<tr>\n<td>\u0150szibarackl\u00e9<\/td>\n<td>Blue Razz Limon\u00e1d\u00e9<\/td>\n<\/tr>\n<tr>\n<td>Anan\u00e1sz mang\u00f3 \u0151szibarack<\/td>\n<td>Epres cseresznye<\/td>\n<\/tr>\n<tr>\n<td>\u00c1fonya-savany\u00fa m\u00e1lnaj\u00e9g<\/td>\n<td>Vegyes gy\u00fcm\u00f6lcs<\/td>\n<\/tr>\n<tr>\n<td>Blueberry Ice<\/td>\n<td>Citromos k\u00f3lasz\u00f3da<\/td>\n<\/tr>\n<tr>\n<td>Epres m\u00e1lnacukorka<\/td>\n<td>Szerelem 666<\/td>\n<\/tr>\n<tr>\n<td>Eperj\u00e9g<\/td>\n<td>Maracuja<\/td>\n<\/tr>\n<tr>\n<td>G\u00f6r\u00f6gdinnye r\u00e1g\u00f3gumi<\/td>\n<td>Epres g\u00f6r\u00f6gdinnye<\/td>\n<\/tr>\n<tr>\n<td>Fekete s\u00e1rk\u00e1nyj\u00e9g<\/td>\n<td>Mang\u00f3barack g\u00f6r\u00f6gdinnye<\/td>\n<\/tr>\n<tr>\n<td>Almak\u00f6rte<\/td>\n<td>Kivi maracuja-guava<\/td>\n<\/tr>\n<tr>\n<td>Blue Razz Ice<\/td>\n<td>Lemon Lime<\/td>\n<\/tr>\n<tr>\n<td>Red Bull<\/td>\n<td>G\u00f6r\u00f6gdinnye j\u00e9g<\/td>\n<\/tr>\n<\/tbody>\n<\/table>\n<h3>\ud83c\udf08 Bang Box 50K kaphat\u00f3 \u00edzek<\/h3>\n<p>Eper Kiwi \u00e9s Double Grape | Peach Juice &amp; Blue Razz Limon\u00e1d\u00e9 | Anan\u00e1sz mang\u00f3 \u0151szibarack \u00e9s eper cseresznye | \u00c1fonya savany\u00fa m\u00e1lna j\u00e9g \u00e9s vegyes gy\u00fcm\u00f6lcs | Blueberry Ice &amp; Lemon Cola Soda | Strawberry Raspberry Candy &amp; Love 666 | Strawberry Ice &amp; Passion Fruit | G\u00f6r\u00f6gdinnye r\u00e1g\u00f3gumi \u00e9s eper g\u00f6r\u00f6gdinnye | Black Dragon Ice &amp; Mango Peach G\u00f6r\u00f6gdinnye | Almak\u00f6rte \u00e9s kivi maracuja-guava | Blue Razz Ice &amp; Lemon Lime | Red Bull &amp; Watermelon Ice<\/p>\n<h3>\ud83d\ude80 Mi\u00e9rt v\u00e1lassza a Bang Box 50K-t?<\/h3>\n<ul>\n<li>\u2714 Hatalmas, 50 000 puffad\u00e1sos kapacit\u00e1s a hossz\u00fa t\u00e1v\u00fa haszn\u00e1latra<\/li>\n<li>\u2714 Kett\u0151s \u00edzv\u00e1lt\u00e1s a dinamikus g\u0151z\u00f6l\u00e9s\u00e9rt<\/li>\n<li>\u2714 LCD k\u00e9perny\u0151 az intelligens akkumul\u00e1tor- \u00e9s folyad\u00e9kfigyel\u00e9shez<\/li>\n<li>\u2714 \u00c1ll\u00edthat\u00f3 l\u00e9g\u00e1raml\u00e1s a testreszabhat\u00f3 h\u00faz\u00e1shoz<\/li>\n<li>\u2714 H\u00e1l\u00f3s tekercs a sim\u00e1bb, gazdagabb g\u0151z\u00e9rt<\/li>\n<li>\u2714 T\u00f6bbf\u00e9le nikotiner\u0151ss\u00e9g a k\u00fcl\u00f6nb\u00f6z\u0151 piacokon<\/li>\n<li>\u2714 Ide\u00e1lis nagykeresked\u0151k, forgalmaz\u00f3k \u00e9s vape \u00fczletek sz\u00e1m\u00e1ra<\/li>\n<\/ul>\n<p>Legyen sz\u00f3 <strong>nagyobb teljes\u00edtm\u00e9nyre t\u00f6rekv\u0151 er\u0151s felhaszn\u00e1l\u00f3r\u00f3l<\/strong>, <strong>v\u00e1ltozatoss\u00e1gra v\u00e1gy\u00f3 \u00edzkeres\u0151<\/strong>r\u0151l vagy <strong>magas \u00e1rr\u00e9s\u0171 bestsellereket v\u00e1s\u00e1rol\u00f3 vape boltr\u00f3l<\/strong>, a Bang Box 50K pr\u00e9mium min\u0151s\u00e9get, er\u0151s polcot \u00e9s megb\u00edzhat\u00f3 nagykereskedelmi \u00e9rt\u00e9ket k\u00edn\u00e1l. Nagy volumen\u0171 \u00e9rt\u00e9kes\u00edt\u00e9shez \u00e9s visszat\u00e9r\u0151 \u00fcgyfelekhez k\u00e9sz\u00fclt.<\/p>\n<h3>\u2753 Bang Box 50K GYIK<\/h3>\n<p><strong>1. k\u00e9rd\u00e9s: A Bang Box 50K \u00fajrat\u00f6lthet\u0151?<\/strong><br \/>\nIgen, 850 mAh-s \u00fajrat\u00f6lthet\u0151 akkumul\u00e1torral rendelkezik, amely biztos\u00edtja az 50 ml-es e-liquid teljes felhaszn\u00e1l\u00e1s\u00e1t.<\/p>\n<p><strong>2. k\u00e9rd\u00e9s: Honnan tudj\u00e1k a felhaszn\u00e1l\u00f3k, hogy mikor kell \u00fajrat\u00f6lteni?<\/strong><br \/>\nAz LCD digit\u00e1lis k\u00e9perny\u0151 egy\u00e9rtelm\u0171en mutatja az akkumul\u00e1tor sz\u00e1zal\u00e9kos ar\u00e1ny\u00e1t \u00e9s az e-liquid szintj\u00e9t.<\/p>\n<p><strong>3. k\u00e9rd\u00e9s: V\u00e1lthatnak az \u00fcgyfelek az \u00edzek k\u00f6z\u00f6tt?<\/strong><br \/>\nIgen, ez egy kett\u0151s \u00edz\u0171 eldobhat\u00f3 vape, amely lehet\u0151v\u00e9 teszi a felhaszn\u00e1l\u00f3k sz\u00e1m\u00e1ra, hogy k\u00e9t \u00edzt \u00e9lvezzenek egy eszk\u00f6z\u00f6n.<\/p>\n<p><strong>4. k\u00e9rd\u00e9s: Milyen er\u0151ss\u00e9g\u0171 nikotin kaphat\u00f3?<\/strong><br \/>\n0%, 2%, 3% \u00e9s 5% nikotin v\u00e1laszthat\u00f3 a k\u00fcl\u00f6nb\u00f6z\u0151 piaci ig\u00e9nyekhez.<\/p>\n<p><strong>5. k\u00e9rd\u00e9s: Alkalmas ez a term\u00e9k nagykereskedelmi rendel\u00e9sekre?<\/strong><br \/>\nAbszol\u00fat. A nagy puffad\u00e1ssz\u00e1m, a kett\u0151s \u00edz\u0171 funkci\u00f3 \u00e9s az er\u0151s kiskereskedelmi vonzer\u0151 ide\u00e1liss\u00e1 teszik a t\u00f6meges v\u00e1s\u00e1rl\u00e1shoz \u00e9s forgalmaz\u00e1shoz.<\/p>\n","protected":false},"excerpt":{"rendered":"<p>A Bang Box 50000 dupla \u00edz\u0171, eldobhat\u00f3 g\u0151zt f\u00faj ki 50 ml-es e-folyad\u00e9kkal, LCD-k\u00e9perny\u0151vel, 850 mAh-s \u00fajrat\u00f6lthet\u0151 akkumul\u00e1torral, \u00e1ll\u00edthat\u00f3 l\u00e9g\u00e1raml\u00e1ssal, nagykereskedelmi k\u00e9szenl\u00e9tben.<\/p>\n","protected":false},"featured_media":7007,"comment_status":"open","ping_status":"closed","template":"","meta":[],"product_brand":[],"product_cat":[346],"product_tag":[1275,1673,1341,1307],"class_list":{"0":"post-11659","1":"product","2":"type-product","3":"status-publish","4":"has-post-thumbnail","6":"product_cat-bang","7":"product_tag-50-ml-es-ujratoltheto-vape-850-mah","8":"product_tag-kettos-izu-eldobhato-vape","9":"product_tag-lcd-kepernyos-eldobhato-vape","10":"product_tag-tomeges-nagykereskedelmi-eldobhato-vape","12":"first","13":"instock","14":"shipping-taxable","15":"purchasable","16":"product-type-variable","17":"has-default-attributes"},"jetpack_sharing_enabled":true,"tiered_pricing_type":"fixed","tiered_pricing_fixed_rules":{"30":8.8100000000000004973799150320701301097869873046875,"50":7.2599999999999997868371792719699442386627197265625,"100":6.7400000000000002131628207280300557613372802734375,"200":6.089999999999999857891452847979962825775146484375,"400":5.57000000000000028421709430404007434844970703125},"tiered_pricing_product_settings":{"layout":"default","base_unit_name":{"singular":null,"plural":null},"default_variation":null},"tiered_pricing_minimum_quantity":10,"tiered_pricing_roles_data":[],"tiered_pricing_percentage_rules":[],"tiered_pricing_maximum_quantity":null,"tiered_pricing_quantity_step":"10","_links":{"self":[{"href":"https:\/\/ricovape.com\/hu\/wp-json\/wp\/v2\/product\/11659","targetHints":{"allow":["GET"]}}],"collection":[{"href":"https:\/\/ricovape.com\/hu\/wp-json\/wp\/v2\/product"}],"about":[{"href":"https:\/\/ricovape.com\/hu\/wp-json\/wp\/v2\/types\/product"}],"replies":[{"embeddable":true,"href":"https:\/\/ricovape.com\/hu\/wp-json\/wp\/v2\/comments?post=11659"}],"wp:featuredmedia":[{"embeddable":true,"href":"https:\/\/ricovape.com\/hu\/wp-json\/wp\/v2\/media\/7007"}],"wp:attachment":[{"href":"https:\/\/ricovape.com\/hu\/wp-json\/wp\/v2\/media?parent=11659"}],"wp:term":[{"taxonomy":"product_brand","embeddable":true,"href":"https:\/\/ricovape.com\/hu\/wp-json\/wp\/v2\/product_brand?post=11659"},{"taxonomy":"product_cat","embeddable":true,"href":"https:\/\/ricovape.com\/hu\/wp-json\/wp\/v2\/product_cat?post=11659"},{"taxonomy":"product_tag","embeddable":true,"href":"https:\/\/ricovape.com\/hu\/wp-json\/wp\/v2\/product_tag?post=11659"}],"curies":[{"name":"wp","href":"https:\/\/api.w.org\/{rel}","templated":true}]}}