{"id":11295,"date":"2026-03-12T04:24:35","date_gmt":"2026-03-12T04:24:35","guid":{"rendered":"https:\/\/stage.jrfer.com\/product\/fihp-90k-3-az-1-ben-90-000-felfujas-42-ml-harom-izu-led-kepernyo-eldobhato-vape\/"},"modified":"2026-04-07T08:38:09","modified_gmt":"2026-04-07T08:38:09","slug":"fihp-90k-3-in-1-90000-puffs-42ml-triple-flavor-led-screen-disposable-vape","status":"publish","type":"product","link":"https:\/\/ricovape.com\/hu\/termek\/fihp-90k-3-in-1-90000-puffs-42ml-triple-flavor-led-screen-disposable-vape\/","title":{"rendered":"FIHP 90K 3 az 1-ben | 90 000 felf\u00faj\u00e1s, 42 ml, h\u00e1rom \u00edz\u0171, LED k\u00e9perny\u0151, eldobhat\u00f3 vape"},"content":{"rendered":"<p><!-- R\u00f6vid SEO le\u00edr\u00e1s --><\/p>\n<h2>FIHP 90000 3 az 1-ben 90 000 f\u00faj\u00e1s | tripla \u00edz\u0171 LED-k\u00e9perny\u0151s \u00fajrat\u00f6lthet\u0151 eldobhat\u00f3 vape<\/h2>\n<p>\ud83d\udd25 <strong>H\u00e1rmas \u00edzer\u0151. Hatalmas 90K teljes\u00edtm\u00e9ny. Intelligens LED-vez\u00e9rl\u00e9s.<\/strong> \ud83d\udd25<\/p>\n<p>A <\/p>\n<p><strong>FIHP 90000 90K felf\u00fajhat\u00f3 eldobhat\u00f3 vape<\/strong> olyan komoly g\u0151z\u00f6l\u0151kh\u00f6z k\u00e9sz\u00fclt, amelyek rendk\u00edv\u00fcli hossz\u00fa \u00e9lettartamot, mer\u00e9sz \u00edzkiad\u00e1st \u00e9s okos haszn\u00e1lhat\u00f3s\u00e1got ig\u00e9nyelnek. Az innovat\u00edv <strong>3 az 1-ben h\u00e1rmas \u00edzrendszerrel<\/strong> rendelkez\u0151 eszk\u00f6z h\u00e1rom pr\u00e9mium \u00edzt egyes\u00edt egyetlen er\u0151teljes egys\u00e9gben, hatalmas <strong>42 ml-es e-folyad\u00e9k kapacit\u00e1ssal<\/strong>.<\/p>\n<p>Az er\u0151s felhaszn\u00e1l\u00f3k \u00e9s a nagykereskedelmi piacok sz\u00e1m\u00e1ra tervezt\u00e9k, \u00e9s ak\u00e1r <strong>90 000 f\u00faj\u00e1st<\/strong> is lead, mik\u00f6zben egyenletes, egyenletes g\u0151zt biztos\u00edt az els\u0151 sz\u00edv\u00e1st\u00f3l az utols\u00f3ig. A <strong>0,9 \u03a9 dual mesh tekercssel<\/strong> \u00e9s a <strong>650 mAh-s \u00fajrat\u00f6lthet\u0151 akkumul\u00e1torral<\/strong> \u00e9s Type-C gyorst\u00f6lt\u00e9ssel ell\u00e1tott, fejlett eldobhat\u00f3 k\u00e9sz\u00fcl\u00e9k s\u0171r\u0171 felh\u0151ket \u00e9s kiv\u00e1l\u00f3 \u00edztisztas\u00e1got biztos\u00edt minden alkalommal.<\/p>\n<h3>A FIHP 90K \u00e1ttekint\u00e9se \u00e9s jellemz\u0151i<\/h3>\n<p>\u2022 Ak\u00e1r 90 000 f\u00faj\u00e1s ultra-hossz\u00fa teljes\u00edtm\u00e9ny<br \/>\n\u2022 3 az 1-ben h\u00e1rmas \u00edzes\u00edt\u0151 rendszer (42 ml teljes kapacit\u00e1s)<br \/>\n\u2022 0,9\u03a9 kett\u0151s h\u00e1l\u00f3s tekercs a fokozott g\u0151zs\u0171r\u0171s\u00e9g\u00e9rt<br \/>\n\u2022 650 mAh-s \u00fajrat\u00f6lthet\u0151 akkumul\u00e1tor<br \/>\n\u2022 C t\u00edpus\u00fa gyorst\u00f6lt\u00e9s t\u00e1mogat\u00e1sa<br \/>\n\u2022 Intelligens LED-k\u00e9perny\u0151 val\u00f3s idej\u0171 akkumul\u00e1tor-sz\u00e1zal\u00e9kkal<br \/>\n\u2022 2% \u00e9s 5% nikotint tartalmaz\u00f3 er\u0151ss\u00e9gben kaphat\u00f3<br \/>\n\u2022 10 pr\u00e9mium \u00edzkombin\u00e1ci\u00f3<br \/>\n\u2022 Dobozonk\u00e9nt 10 db \u2013 nagykeresked\u00e9sbar\u00e1t csomagol\u00e1s<\/p>\n<h3>FIHP 90K specifik\u00e1ci\u00f3k<\/h3>\n<tbody>\n<tr>\n<th>Funkci\u00f3<\/th>\n<th>R\u00e9szletek<\/th>\n<\/tr>\n<tr>\n<td>Puff Count<\/td>\n<td>Ak\u00e1r 90 000 sz\u00edv\u00e1s<\/td>\n<\/tr>\n<tr>\n<td>E-folyad\u00e9k kapacit\u00e1s<\/td>\n<td>42 ml (Triple Flavor System)<\/td>\n<\/tr>\n<tr>\n<td>Tekercs<\/td>\n<td>0,9\u03a9 kett\u0151s h\u00e1l\u00f3s tekercs<\/td>\n<\/tr>\n<tr>\n<td>Akkumul\u00e1tor<\/td>\n<td>650 mAh \u00fajrat\u00f6lthet\u0151<\/td>\n<\/tr>\n<tr>\n<td>T\u00f6lt\u00e9s<\/td>\n<td>C t\u00edpus\u00fa gyorst\u00f6lt\u00e9s<\/td>\n<\/tr>\n<tr>\n<td>Kijelz\u0151<\/td>\n<td>Smart LED (val\u00f3s idej\u0171 akkumul\u00e1tor %)<\/td>\n<\/tr>\n<tr>\n<td>Nikotin er\u0151ss\u00e9ge<\/td>\n<td>2% \/ 5%<\/td>\n<\/tr>\n<tr>\n<td>Csomagol\u00e1s<\/td>\n<td>10 db dobozonk\u00e9nt<\/td>\n<\/tr>\n<\/tbody>\n<\/table>\n<h3>FIHP 90K \u00edzkombin\u00e1ci\u00f3k (3 az 1-ben rendszer)<\/h3>\n<tbody>\n<tr>\n<th>\u00cdzkombin\u00e1ci\u00f3<\/th>\n<th>Triple Blend<\/th>\n<\/tr>\n<tr>\n<td>1. kombin\u00e1ci\u00f3<\/td>\n<td>Fizzy Cherry | Lady Killer | M\u00e9zg\u00e1s Medve<\/td>\n<\/tr>\n<tr>\n<td>2. kombin\u00e1ci\u00f3<\/td>\n<td>\u00c1fonya m\u00e1lna | Szerelem 666 | Barackj\u00e9g<\/td>\n<\/tr>\n<tr>\n<td>3. kombin\u00e1ci\u00f3<\/td>\n<td>M\u00e1lna g\u00f6r\u00f6gdinnye | Bogy\u00f3kever\u00e9k | Mang\u00f3 \u0151szibarack<\/td>\n<\/tr>\n<tr>\n<td>4-es kombin\u00e1ci\u00f3<\/td>\n<td>Blue Razz Limon\u00e1d\u00e9 | Eper M\u00e1lna | Sziv\u00e1rv\u00e1nycukor<\/td>\n<\/tr>\n<tr>\n<td>5-\u00f6s kombin\u00e1ci\u00f3<\/td>\n<td>G\u00f6r\u00f6gdinnye r\u00e1g\u00f3gumi | Sz\u0151l\u0151j\u00e9g | Black Dragon Ice<\/td>\n<\/tr>\n<tr>\n<td>6-os kombin\u00e1ci\u00f3<\/td>\n<td>Anan\u00e1sz k\u00f3kuszdi\u00f3 | Vegyes gy\u00fcm\u00f6lcs | Citrombarack<\/td>\n<\/tr>\n<tr>\n<td>7-es kombin\u00e1ci\u00f3<\/td>\n<td>Dupla Apple | Eper ban\u00e1n | M\u00e1ln\u00e1s g\u00f6r\u00f6gdinnye<\/td>\n<\/tr>\n<tr>\n<td>8-as kombin\u00e1ci\u00f3<\/td>\n<td>G\u00f6r\u00f6gdinnye j\u00e9g | Red Bull | Epres Kiwi<\/td>\n<\/tr>\n<tr>\n<td>9-es kombin\u00e1ci\u00f3<\/td>\n<td>Blueberry Ice | Epres g\u00f6r\u00f6gdinnye | Citrom lime<\/td>\n<\/tr>\n<tr>\n<td>10-es kombin\u00e1ci\u00f3<\/td>\n<td>\u0150szibarack bogy\u00f3 | Triple Melon | G\u00f6r\u00f6gdinnye j\u00e9g<\/td>\n<\/tr>\n<\/tbody>\n<\/table>\n<h3>FIHP 90K el\u00e9rhet\u0151 \u00edzek<\/h3>\n<p>Fizzy Cherry &amp; Lady Killer &amp; Gummy Bear<br \/>\nBlueberry Raspberry &amp; Love 666 &amp; Peach Ice<br \/>\nM\u00e1lna g\u00f6r\u00f6gdinnye \u00e9s vegyes bogy\u00f3k \u00e9s mang\u00f3 \u0151szibarack<br \/>\nBlue Razz Limon\u00e1d\u00e9 \u00e9s Eper M\u00e1lna \u00e9s Sziv\u00e1rv\u00e1nycukor<br \/>\nG\u00f6r\u00f6gdinnye r\u00e1g\u00f3gumi \u00e9s sz\u0151l\u0151j\u00e9g \u00e9s fekete s\u00e1rk\u00e1nyj\u00e9g<br \/>\nAnan\u00e1sz k\u00f3kusz \u00e9s vegyes gy\u00fcm\u00f6lcs \u00e9s citrom \u0151szibarack<br \/>\nDupla alma \u00e9s eper ban\u00e1n \u00e9s m\u00e1lna g\u00f6r\u00f6gdinnye<br \/>\nG\u00f6r\u00f6gdinnye j\u00e9g &amp; Red Bull &amp; Strawberry Kiwi<br \/>\n\u00c1fonya j\u00e9g \u00e9s eper g\u00f6r\u00f6gdinnye \u00e9s citrom M\u00e9sz<br \/>\nBarackbogy\u00f3 \u00e9s h\u00e1rmasdinnye \u00e9s g\u00f6r\u00f6gdinnye j\u00e9g<\/p>\n<h3>Mi\u00e9rt v\u00e1lassza a FIHP 90000 3 az 1-ben 90K-t?<\/h3>\n<ul>\n<li>\ud83d\ude80 Az extr\u00e9m 90 000 puffad\u00e1si kapacit\u00e1s cs\u00f6kkenti a csere gyakoris\u00e1g\u00e1t<\/li>\n<li>\ud83c\udf53 H\u00e1romszoros \u00edzv\u00e1lt\u00e1s a nagyobb v\u00e1ltozatoss\u00e1g \u00e9rdek\u00e9ben<\/li>\n<li>\ud83d\udca8 Kett\u0151s h\u00e1l\u00f3s tekercs a hatalmas felh\u0151k\u00e9rt \u00e9s a gazdag \u00edz\u00e9rt<\/li>\n<li>\ud83d\udd0b \u00dajrat\u00f6lthet\u0151 LED akkumul\u00e1tor-fel\u00fcgyelettel<\/li>\n<li>\u26a1 C t\u00edpus\u00fa gyorst\u00f6lt\u00e9si k\u00e9nyelem<\/li>\n<li>\ud83d\udce6 Nagykereskedelmi k\u00e9sz 10 db\/doboz kiszerel\u00e9s<\/li>\n<li>\ud83c\udfea Ide\u00e1lis vape \u00fczletek, forgalmaz\u00f3k \u00e9s t\u00f6meges v\u00e1s\u00e1rl\u00f3k sz\u00e1m\u00e1ra.<\/li>\n<\/ul>\n<p>A <\/p>\n<p><strong>FIHP 90000 3 az 1-ben eldobhat\u00f3 vape<\/strong> olyan neh\u00e9z felhaszn\u00e1l\u00f3knak, \u00edzkeres\u0151knek \u00e9s nagykereskedelmi forgalmaz\u00f3knak k\u00e9sz\u00fclt, akik nagy kapacit\u00e1s\u00fa, pr\u00e9mium teljes\u00edtm\u00e9ny\u0171 eszk\u00f6z\u00f6ket keresnek. H\u00e1rom \u00edz\u0171 innov\u00e1ci\u00f3val, hatalmas puffad\u00e1si teljes\u00edtm\u00e9ny\u00e9vel \u00e9s intelligens LED-vez\u00e9rl\u00e9s\u00e9vel hat\u00e9konyan kieg\u00e9sz\u00edti b\u00e1rmely vape bolt k\u00e9szlet\u00e9t vagy nagyszab\u00e1s\u00fa disztrib\u00faci\u00f3s portf\u00f3li\u00f3j\u00e1t.<\/p>\n<h3>FIHP 90K GYIK<\/h3>\n<p><strong>1. k\u00e9rd\u00e9s: Mennyi ideig b\u00edrja a FIHP 90000?<\/strong><br \/>\nV: A haszn\u00e1lati szok\u00e1sokt\u00f3l f\u00fcgg\u0151en ak\u00e1r 90 000 f\u00faj\u00e1st is lead, jelent\u0151sen cs\u00f6kkentve a csere gyakoris\u00e1g\u00e1t.<\/p>\n<p><strong>2. k\u00e9rd\u00e9s: Az eszk\u00f6z \u00fajrat\u00f6lthet\u0151?<\/strong><br \/>\nV: Igen, 650 mAh-s \u00fajrat\u00f6lthet\u0151 akkumul\u00e1torral rendelkezik, C t\u00edpus\u00fa gyorst\u00f6lt\u00e9ssel.<\/p>\n<p><strong>3. k\u00e9rd\u00e9s: V\u00e1lthatnak a felhaszn\u00e1l\u00f3k az \u00edzek k\u00f6z\u00f6tt?<\/strong><br \/>\nV: Igen, a 3 az 1-ben rendszer h\u00e1rom \u00edzt integr\u00e1l egyetlen eszk\u00f6zbe a dinamikus g\u0151z\u00f6l\u00e9si \u00e9lm\u00e9ny \u00e9rdek\u00e9ben.<\/p>\n<p><strong>4. k\u00e9rd\u00e9s: Milyen er\u0151ss\u00e9g\u0171 nikotin kaphat\u00f3?<\/strong><br \/>\nV: 2%-os \u00e9s 5%-os nikotintartalm\u00fa v\u00e1ltozatban kaphat\u00f3.<\/p>\n<p><strong>5. k\u00e9rd\u00e9s: Alkalmas-e nagykereskedelemre?<\/strong><br \/>\nV: Abszol\u00fat. Dobozonk\u00e9nt 10 db van bel\u0151le, \u00edgy ide\u00e1lis vape boltokhoz \u00e9s t\u00f6meges forgalmaz\u00e1shoz.<\/p>\n","protected":false},"excerpt":{"rendered":"<p>A <\/p>\n<p><strong>FIHP 90000 3 az 1-ben eldobhat\u00f3 vape<\/strong> ak\u00e1r 90 000 f\u00faj\u00e1st is kibocs\u00e1t h\u00e1rom \u00edzes\u00edt\u00e9ssel, 42 ml-es e-folyad\u00e9kkal, LED k\u00e9perny\u0151vel \u00e9s \u00fajrat\u00f6lthet\u0151 t\u00e1pell\u00e1t\u00e1ssal, kett\u0151s h\u00e1l\u00f3s tekercsekkel, hatalmas felh\u0151kkel, nagykereskedelmi k\u00e9sz csomagol\u00e1ssal.<\/p>\n","protected":false},"featured_media":7020,"comment_status":"open","ping_status":"closed","template":"","meta":[],"product_brand":[],"product_cat":[1867],"product_tag":[1374,1494,1417,1455,460,1570,1530,1029,770,615],"class_list":{"0":"post-11295","1":"product","2":"type-product","3":"status-publish","4":"has-post-thumbnail","6":"product_cat-fihp","7":"product_tag-3-az-1-ben-vape","8":"product_tag-90-000-fihp","9":"product_tag-90000-fujas-vape","10":"product_tag-90k-eldobhato-vape","11":"product_tag-dual-mesh-coil-vape","12":"product_tag-harmas-izu-vape","13":"product_tag-led-kepernyo-eldobhato-vape","14":"product_tag-nagykereskedelmi-vape-szallito","15":"product_tag-omlesztett-eldobhato-vape","16":"product_tag-ujratoltheto-eldobhato-vape","18":"first","19":"instock","20":"shipping-taxable","21":"purchasable","22":"product-type-variable","23":"has-default-attributes"},"jetpack_sharing_enabled":true,"tiered_pricing_type":"fixed","tiered_pricing_fixed_rules":{"30":9.589999999999999857891452847979962825775146484375,"50":7.910000000000000142108547152020037174224853515625,"100":7.38999999999999968025576890795491635799407958984375,"200":6.7400000000000002131628207280300557613372802734375,"400":6.21999999999999975131004248396493494510650634765625},"tiered_pricing_product_settings":{"layout":"default","base_unit_name":{"singular":null,"plural":null},"default_variation":null},"tiered_pricing_minimum_quantity":10,"tiered_pricing_roles_data":[],"tiered_pricing_percentage_rules":[],"tiered_pricing_maximum_quantity":null,"tiered_pricing_quantity_step":"10","_links":{"self":[{"href":"https:\/\/ricovape.com\/hu\/wp-json\/wp\/v2\/product\/11295","targetHints":{"allow":["GET"]}}],"collection":[{"href":"https:\/\/ricovape.com\/hu\/wp-json\/wp\/v2\/product"}],"about":[{"href":"https:\/\/ricovape.com\/hu\/wp-json\/wp\/v2\/types\/product"}],"replies":[{"embeddable":true,"href":"https:\/\/ricovape.com\/hu\/wp-json\/wp\/v2\/comments?post=11295"}],"wp:featuredmedia":[{"embeddable":true,"href":"https:\/\/ricovape.com\/hu\/wp-json\/wp\/v2\/media\/7020"}],"wp:attachment":[{"href":"https:\/\/ricovape.com\/hu\/wp-json\/wp\/v2\/media?parent=11295"}],"wp:term":[{"taxonomy":"product_brand","embeddable":true,"href":"https:\/\/ricovape.com\/hu\/wp-json\/wp\/v2\/product_brand?post=11295"},{"taxonomy":"product_cat","embeddable":true,"href":"https:\/\/ricovape.com\/hu\/wp-json\/wp\/v2\/product_cat?post=11295"},{"taxonomy":"product_tag","embeddable":true,"href":"https:\/\/ricovape.com\/hu\/wp-json\/wp\/v2\/product_tag?post=11295"}],"curies":[{"name":"wp","href":"https:\/\/api.w.org\/{rel}","templated":true}]}}