{"id":10305,"date":"2026-03-12T04:25:06","date_gmt":"2026-03-12T04:25:06","guid":{"rendered":"https:\/\/stage.jrfer.com\/product\/bang-king-250k-4-az-1-ben-negy-izu-250-000-fujas-hosszantarto-omlesztett-eldobhato-vape\/"},"modified":"2026-04-07T09:04:40","modified_gmt":"2026-04-07T09:04:40","slug":"bang-king-250k-4-in-1-quad-flavor-250000-puffs-long-lasting-bulk-disposable-vape","status":"publish","type":"product","link":"https:\/\/ricovape.com\/hu\/termek\/bang-king-250k-4-in-1-quad-flavor-250000-puffs-long-lasting-bulk-disposable-vape\/","title":{"rendered":"Bang King 250K | 4 az 1-ben n\u00e9gy \u00edz\u0171, 250 000 f\u00faj\u00e1s, hosszantart\u00f3, \u00f6mlesztett eldobhat\u00f3 vape"},"content":{"rendered":"<h2>Bang King 250K | 4 az 1-ben n\u00e9gy \u00edz\u0171 250 000 f\u00faj\u00e1s nagy kapacit\u00e1s\u00fa, t\u00f6meges eldobhat\u00f3 vape<\/h2>\n<p>A <\/p>\n<p><strong>Bang King 250K quad \u00edz\u0171, 4 az 1-ben eldobhat\u00f3 vape<\/strong> a maxim\u00e1lis teljes\u00edtm\u00e9nyre \u00e9s v\u00e1ltozatoss\u00e1gra k\u00e9sz\u00fclt. 4 be\u00e9p\u00edtett arom\u00e1val egy k\u00e9sz\u00fcl\u00e9kben, hatalmas e-liquid kapacit\u00e1ssal \u00e9s nagy teljes\u00edtm\u00e9ny\u0171, n\u00e9gy 1,0 \u03a9-os tekercsekkel, ez a nagy puffad\u00e1s\u00fa eldobhat\u00f3 k\u00e9sz\u00fcl\u00e9k ide\u00e1lis vape boltok, forgalmaz\u00f3k \u00e9s nagy felhaszn\u00e1l\u00f3k sz\u00e1m\u00e1ra, akik hosszan tart\u00f3 \u00e9rt\u00e9kre \u00e9s izgalmas \u00edzv\u00e1lt\u00e1sra v\u00e1gynak. \ud83d\udd25\ud83d\udca8<\/p>\n<h3>Mi\u00e9rt v\u00e1lassza a Bang King 250K quad \u00edz\u0171, 4 az 1-ben eldobhat\u00f3 vape-ot? \ud83d\ude80<\/h3>\n<ul>\n<li><strong>Ak\u00e1r 250 000 bef\u00faj\u00e1s:<\/strong> Ultra magas bef\u00faj\u00e1ssz\u00e1m a hossz\u00fa t\u00e1v\u00fa haszn\u00e1latra \u00e9s er\u0151s kiskereskedelmi vonzer\u0151re tervezve.<\/li>\n<li><strong>N\u00e9gy az 1-ben n\u00e9gy \u00edzes\u00edt\u00e9s\u0171 rendszer:<\/strong> V\u00e1ltson n\u00e9gy \u00edz k\u00f6z\u00f6tt egy eszk\u00f6zben \u2013 m\u00e9g t\u00f6bb m\u00f3ka, t\u00f6bb v\u00e1ltozatoss\u00e1g! \ud83c\udf53\ud83c\udf49\ud83c\udf4b<\/li>\n<li><strong>4 x 15 ml E-folyad\u00e9k \u0171rtartalom:<\/strong> \u00d6sszesen 60 ml hosszan tart\u00f3 g\u0151z\u00f6l\u00e9shez gyakori csere n\u00e9lk\u00fcl.<\/li>\n<li><strong>650 mAh be\u00e9p\u00edtett akkumul\u00e1tor:<\/strong> Stabil teljes\u00edtm\u00e9ny a sima \u00e9s egyenletes teljes\u00edtm\u00e9ny\u00e9rt.<\/li>\n<li><strong>1,0 \u03a9 x4 mesh tekercsek:<\/strong> Er\u0151s \u00edzlead\u00e1s \u00e9s s\u0171r\u0171 g\u0151ztermel\u00e9s.<\/li>\n<li><strong>Nagykereskedelmi k\u00e9sz csomagol\u00e1s:<\/strong> Optimaliz\u00e1lt kartonm\u00e9ret t\u00f6meges sz\u00e1ll\u00edt\u00e1shoz \u00e9s forgalmaz\u00e1shoz.<\/li>\n<li><strong>Neh\u00e9zs\u00faly\u00fa pr\u00e9mium \u00e9rzet:<\/strong> 130 g eszk\u00f6z\u00f6nk\u00e9nt a szil\u00e1rd \u00e9s cs\u00facsmin\u0151s\u00e9g\u0171 k\u00e9z\u00e9rzet\u00e9rt.<\/li>\n<\/ul>\n<h3>A Bang King 250K specifik\u00e1ci\u00f3i \ud83d\udcca<\/h3>\n<tbody>\n<tr>\n<td><strong>Term\u00e9kn\u00e9v<\/strong><\/td>\n<td>Bang King 250K n\u00e9gy \u00edz\u0171, 4 az 1-ben eldobhat\u00f3 vape<\/td>\n<\/tr>\n<tr>\n<td><strong>Puff Count<\/strong><\/td>\n<td>Ak\u00e1r 250 000 f\u00faj\u00e1s<\/td>\n<\/tr>\n<tr>\n<td><strong>Akkumul\u00e1torkapacit\u00e1s<\/strong><\/td>\n<td>650 mAh be\u00e9p\u00edtett akkumul\u00e1tor<\/td>\n<\/tr>\n<tr>\n<td><strong>E-folyad\u00e9k kapacit\u00e1s<\/strong><\/td>\n<td>15 ml x 4 (\u00f6sszesen 60 ml)<\/td>\n<\/tr>\n<tr>\n<td><strong>Tekercs<\/strong><\/td>\n<td>1,0\u03a9 x4 tekercsek<\/td>\n<\/tr>\n<tr>\n<td><strong>Eszk\u00f6z s\u00falya<\/strong><\/td>\n<td>130 g egys\u00e9genk\u00e9nt<\/td>\n<\/tr>\n<tr>\n<td><strong>10 egys\u00e9gnyi t\u00f6meg<\/strong><\/td>\n<td>1300 g<\/td>\n<\/tr>\n<tr>\n<td><strong>200 egys\u00e9gnyi t\u00f6meg<\/strong><\/td>\n<td>27 kg<\/td>\n<\/tr>\n<tr>\n<td><strong>Doboz m\u00e9rete<\/strong><\/td>\n<td>227 x 92 x 128 mm<\/td>\n<\/tr>\n<tr>\n<td><strong>Karton m\u00e9rete<\/strong><\/td>\n<td>48 x 47 x 28 cm<\/td>\n<\/tr>\n<\/tbody>\n<\/table>\n<h3>\u00cdzk\u00e9szletek \u2013 4 \u00edz 1 k\u00e9sz\u00fcl\u00e9kben \ud83c\udf79\ud83c\udf53<\/h3>\n<p><strong>Citromos lime \/ g\u00f6r\u00f6gdinnye j\u00e9g \/ fekete j\u00e9g s\u00e1rk\u00e1nygy\u00fcm\u00f6lcs eper \/ Szerelem 66<\/strong><br \/>\nFriss citrusf\u00e9l\u00e9k, jeges g\u00f6r\u00f6gdinnye-h\u0171t\u00e9s, egzotikus s\u00e1rk\u00e1nygy\u00fcm\u00f6lcs kever\u00e9k \u00e9s klasszikus Szerelem 66 shisha st\u00edlus\u00fa kever\u00e9k.<\/p>\n<p><strong>Citromos lime \/ Eper j\u00e9g \/ M\u00e1lna g\u00f6r\u00f6gdinnye \/ Fizy Cseresznye<\/strong><br \/>\n\u00c9des epres h\u0171v\u00f6ss\u00e9g, l\u00e9d\u00fas m\u00e1ln\u00e1s g\u00f6r\u00f6gdinnye \u00e9s csillog\u00f3 cseresznye.<\/p>\n<p><strong>Van\u00edli\u00e1s k\u00f3la \/ Citromos \u0151szibarack \/ Eper m\u00e1lna cseresznye j\u00e9g \/ Sz\u0151l\u0151j\u00e9g<\/strong><br \/>\nKr\u00e9mes k\u00f3l\u00e1s \u00e9dess\u00e9g, gy\u00fcm\u00f6lcs\u00f6s \u0151szibarack citromegyens\u00faly, tripla bogy\u00f3s j\u00e9gsug\u00e1r \u00e9s h\u0171v\u00f6s sz\u0151l\u0151.<\/p>\n<p><strong>R\u00f3zsasz\u00edn limon\u00e1d\u00e9 \/ Kiwi passi\u00f3gy\u00fcm\u00f6lcs guava \/ \u0151szibarack bogy\u00f3 \/ eper ban\u00e1n<\/strong><br \/>\nTr\u00f3pusi \u00e9dess\u00e9g sima ban\u00e1nnal \u00e9s friss\u00edt\u0151 citrusos csavarral.<\/p>\n<p><strong>Sz\u0151l\u0151robban\u00e1s \/ Licsi j\u00e9g \/ Barackbogy\u00f3 \/ Kiwi Passi\u00f3gy\u00fcm\u00f6lcs Guava<\/strong><br \/>\nMer\u00e9sz sz\u0151l\u0151cukorka, jeges licsi frissess\u00e9g \u00e9s tr\u00f3pusi gy\u00fcm\u00f6lcs\u00f6k f\u00fazi\u00f3ja.<\/p>\n<p><strong>Epres mang\u00f3 \/ K\u00e9k Razz Limon\u00e1d\u00e9 \/ Van\u00edlia fagylalt \/ Savany\u00fa h\u00e1rmas bogy\u00f3<\/strong><br \/>\n\u00c9des mang\u00f3kever\u00e9k, cs\u00edp\u0151s k\u00e9k razz limon\u00e1d\u00e9, kr\u00e9mes desszertt\u00f3nus \u00e9s savany\u00fa bogy\u00f3s puncs.<\/p>\n<p><strong>G\u00f6r\u00f6gdinnye j\u00e9g \/ Epres mang\u00f3 \/ \u00c1fonya j\u00e9g \/ Fizy Cseresznye<\/strong><br \/>\nKlasszikus jeges gy\u00fcm\u00f6lcs\u00f6k \u00e9des bogy\u00f3s csillog\u00e1ssal.<\/p>\n<p><strong>Kevert bogy\u00f3 \/ cseresznye citrom \/ eper kivi \/ eper g\u00f6r\u00f6gdinnye r\u00e1g\u00f3gumi<\/strong><br \/>\nCandy st\u00edlus\u00fa gy\u00fcm\u00f6lcskombin\u00e1ci\u00f3k friss\u00edt\u0151 citrusos r\u00e9tegekkel.<\/p>\n<p><strong>Epres g\u00f6r\u00f6gdinnye \/ cseresznye k\u00f3la \/ l\u00e9d\u00fas \u0151szibarack j\u00e9g \/ grapefruit friss\u00edt\u0151<\/strong><br \/>\n\u00c9des du\u00f3 gy\u00fcm\u00f6lcs\u00f6k, k\u00f3la pezsg\u0151, barack j\u00e9g sima \u00e9s citrusos grapefruit kick.<\/p>\n<p><strong>Mojito \/ Sz\u00f6rnyeteg Mang\u00f3 \/ H\u00f6lgy Gyilkos \/ R\u00f3zsasz\u00edn limon\u00e1d\u00e9<\/strong><br \/>\nMent\u00e1s mojito frissess\u00e9g, mer\u00e9sz mang\u00f3 energia, pr\u00e9mium shisha kever\u00e9k \u00e9s illatos r\u00f3zsasz\u00edn limon\u00e1d\u00e9.<\/p>\n<h3>T\u00f6k\u00e9letes kis- \u00e9s nagykereskedelmi forgalmaz\u00e1sra \ud83c\udfea\ud83d\udce6<\/h3>\n<p>A Bang King 250K azoknak a neh\u00e9z felhaszn\u00e1l\u00f3knak k\u00e9sz\u00fclt, akik hosszan tart\u00f3 g\u0151z\u00f6l\u00e9st szeretn\u00e9nek, az \u00edzek kedvel\u0151inek, akik szeretik az \u00edzek cser\u00e9j\u00e9t, \u00e9s a nagy haszonkulcsot k\u00edn\u00e1l\u00f3, \u00f6mlesztett eldobhat\u00f3 eszk\u00f6z\u00f6ket keres\u0151 vape boltoknak. Er\u0151s puffad\u00e1si sz\u00e1ma \u00e9s t\u00f6bb \u00edzes\u00edt\u00e9s\u0171 rendszere rendk\u00edv\u00fcl vonz\u00f3v\u00e1 teszi a kiskereskedelmi bemutat\u00f3k \u00e9s a nagykereskedelmi forgalmaz\u00e1s sz\u00e1m\u00e1ra vil\u00e1gszerte.<\/p>\n<h3>GYIK\u2753 \u00a0Bang King 250K<\/h3>\n<p><strong>1. k\u00e9rd\u00e9s: A Bang King 250K \u00fajrat\u00f6lthet\u0151?<\/strong><br \/>\nAz eszk\u00f6z egy be\u00e9p\u00edtett 650 mAh-s akkumul\u00e1torral rendelkezik, amely t\u00e1mogatja a nagy e-liquid kapacit\u00e1st a hossz\u00fa haszn\u00e1lathoz.<\/p>\n<p><strong>2. k\u00e9rd\u00e9s: Hogyan m\u0171k\u00f6dik a 4 az 1-ben \u00edzrendszer?<\/strong><br \/>\nMindegyik eszk\u00f6z n\u00e9gy k\u00fcl\u00f6n\u00e1ll\u00f3 15 ml-es \u00edzkamr\u00e1t tartalmaz, amelyek lehet\u0151v\u00e9 teszik a felhaszn\u00e1l\u00f3k sz\u00e1m\u00e1ra, hogy b\u00e1rmikor v\u00e1lthassanak az \u00edzek k\u00f6z\u00f6tt, hogy friss \u00e9lm\u00e9nyt kapjanak.<\/p>\n<p><strong>3. k\u00e9rd\u00e9s: Alkalmas ez a term\u00e9k nagykereskedelmi rendel\u00e9sekre?<\/strong><br \/>\nIgen. Az optimaliz\u00e1lt kartonm\u00e9rettel \u00e9s \u00f6mlesztett csomagol\u00e1ssal (kartononk\u00e9nt 200 egys\u00e9g) ide\u00e1lis a forgalmaz\u00f3k \u00e9s a nagy volumen\u0171 v\u00e1s\u00e1rl\u00f3k sz\u00e1m\u00e1ra.<\/p>\n<p><strong>4. k\u00e9rd\u00e9s: Kinek a legjobb ez az eszk\u00f6z?<\/strong><br \/>\nT\u00f6k\u00e9letes a neh\u00e9z felhaszn\u00e1l\u00f3k, az \u00edzek szerelmeseinek, a vape boltok kiskeresked\u0151inek \u00e9s a glob\u00e1lis nagykereskedelmi v\u00e1s\u00e1rl\u00f3knak, akik nagy puffad\u00e1s\u00fa pr\u00e9mium eldobhat\u00f3 term\u00e9keket keresnek.<\/p>\n<p><strong>5. k\u00e9rd\u00e9s: Mit\u0151l t\u0171nik ki ez a modell a piacon?<\/strong><br \/>\nUltramagas puffad\u00e1ssz\u00e1ma, n\u00e9gy \u00edz\u0171 kapcsol\u00f3rendszere \u00e9s 1,0 \u03a9-os tekercsekb\u0151l sz\u00e1rmaz\u00f3 er\u0151s \u00edzkibocs\u00e1t\u00e1sa versenyk\u00e9pes bestsellerr\u00e9 teszi az eldobhat\u00f3 vape piac\u00e1n. \ud83d\udca8\ud83d\udd25<\/p>\n<h3><img data-recalc-dims=\"1\" decoding=\"async\" class=\"alignnone size-full wp-image-111896\" src=\"https:\/\/i0.wp.com\/aiviouvapes.com\/wp-content\/uploads\/2026\/02\/Bang-King-250k-11.jpg?w=724&#038;ssl=1\" alt=\"Bang King 250k\"  title=\"\">&#8222;<\/p>\n","protected":false},"excerpt":{"rendered":"<p>Bang King 250K quad \u00edz\u0171 4 az 1-ben eldobhat\u00f3 vape ak\u00e1r 250 000 f\u00faj\u00e1ssal, 650 mAh-s akkumul\u00e1torral, 4&#215;15 ml e-folyad\u00e9kkal \u00e9s 1,0 \u03a9-os quad tekercsekkel. T\u00f6k\u00e9letes a nagykereskedelmi, forgalmaz\u00f3i \u00e9s neh\u00e9z vape felhaszn\u00e1l\u00f3k sz\u00e1m\u00e1ra, akik nagy puffad\u00e1s\u00fa \u00f6mlesztett eszk\u00f6z\u00f6ket keresnek.<\/p>\n","protected":false},"featured_media":7046,"comment_status":"open","ping_status":"closed","template":"","meta":[],"product_brand":[],"product_cat":[759,346],"product_tag":[1661,1957,1587,770,1699],"class_list":{"0":"post-10305","1":"product","2":"type-product","3":"status-publish","4":"has-post-thumbnail","6":"product_cat-100k-puffs-eldobhato-vape","7":"product_cat-bang","8":"product_tag-250k-eldobhato-vape","9":"product_tag-4-az-1-ben-eldobhato-vape","10":"product_tag-nagy-puffadasu-eldobhato-vape","11":"product_tag-omlesztett-eldobhato-vape","12":"product_tag-quad-izu-vape","14":"first","15":"instock","16":"shipping-taxable","17":"purchasable","18":"product-type-variable","19":"has-default-attributes"},"jetpack_sharing_enabled":true,"tiered_pricing_type":"fixed","tiered_pricing_fixed_rules":{"30":9.589999999999999857891452847979962825775146484375,"50":7.9900000000000002131628207280300557613372802734375,"100":7.519999999999999573674358543939888477325439453125,"200":6.87000000000000010658141036401502788066864013671875,"400":6.3499999999999996447286321199499070644378662109375},"tiered_pricing_product_settings":{"layout":"default","base_unit_name":{"singular":null,"plural":null},"default_variation":null},"tiered_pricing_minimum_quantity":10,"tiered_pricing_roles_data":[],"tiered_pricing_percentage_rules":[],"tiered_pricing_maximum_quantity":null,"tiered_pricing_quantity_step":"10","_links":{"self":[{"href":"https:\/\/ricovape.com\/hu\/wp-json\/wp\/v2\/product\/10305","targetHints":{"allow":["GET"]}}],"collection":[{"href":"https:\/\/ricovape.com\/hu\/wp-json\/wp\/v2\/product"}],"about":[{"href":"https:\/\/ricovape.com\/hu\/wp-json\/wp\/v2\/types\/product"}],"replies":[{"embeddable":true,"href":"https:\/\/ricovape.com\/hu\/wp-json\/wp\/v2\/comments?post=10305"}],"wp:featuredmedia":[{"embeddable":true,"href":"https:\/\/ricovape.com\/hu\/wp-json\/wp\/v2\/media\/7046"}],"wp:attachment":[{"href":"https:\/\/ricovape.com\/hu\/wp-json\/wp\/v2\/media?parent=10305"}],"wp:term":[{"taxonomy":"product_brand","embeddable":true,"href":"https:\/\/ricovape.com\/hu\/wp-json\/wp\/v2\/product_brand?post=10305"},{"taxonomy":"product_cat","embeddable":true,"href":"https:\/\/ricovape.com\/hu\/wp-json\/wp\/v2\/product_cat?post=10305"},{"taxonomy":"product_tag","embeddable":true,"href":"https:\/\/ricovape.com\/hu\/wp-json\/wp\/v2\/product_tag?post=10305"}],"curies":[{"name":"wp","href":"https:\/\/api.w.org\/{rel}","templated":true}]}}