{"id":6520,"date":"2025-11-03T07:33:55","date_gmt":"2025-11-03T07:33:55","guid":{"rendered":"https:\/\/ricovape.com\/?post_type=product&#038;p=6520"},"modified":"2025-11-11T05:04:40","modified_gmt":"2025-11-11T05:04:40","slug":"jnr-rage-gorilla-55k-dual-mesh-55000-puffs-smart-disposable-vape","status":"publish","type":"product","link":"https:\/\/ricovape.com\/es\/product\/jnr-rage-gorilla-55k-dual-mesh-55000-puffs-smart-disposable-vape\/","title":{"rendered":"JNR Rage Gorilla 55K | dual mesh 55000 puffs smart vape desechable"},"content":{"rendered":"<h2>JNR Rage Gorilla 55K | doble malla 55 000 caladas, pantalla inteligente, vape desechable<\/h2>\n<h3>\u00bfPor qu\u00e9 elegir JNR Rage Gorilla 55K?<\/h3>\n<ul>\n<li>\ud83d\udcaa <strong>55 000 caladas masivas<\/strong> \u2013 Dise\u00f1ado para ofrecer resistencia y un sabor constante hasta la \u00faltima calada.<\/li>\n<li>\u26a1 <strong>Bobina de malla doble<\/strong> \u2013 Disfruta de un sabor m\u00e1s intenso, un vapor m\u00e1s suave y un calentamiento m\u00e1s r\u00e1pido.<\/li>\n<li>\ud83d\udd0b <strong>Bater\u00eda recargable de 950 mAh<\/strong> \u2013 Vapea durante m\u00e1s tiempo con la carga r\u00e1pida Type-C.<\/li>\n<li>\ud83d\udcf1 <strong>Pantalla LED inteligente<\/strong> \u2013 Visualizaci\u00f3n en tiempo real del recuento de caladas y del nivel de bater\u00eda.<\/li>\n<li>\ud83c\udf08 <strong>Amplia gama de sabores<\/strong> \u2013 20 deliciosas opciones, desde mezclas afrutadas hasta heladas.<\/li>\n<li>\ud83d\udca7 <strong>Gran capacidad de 42 ml para l\u00edquido electr\u00f3nico<\/strong> \u2013 No es necesario rellenarlo, solo pura satisfacci\u00f3n.<\/li>\n<li>\ud83d\udcbc Ideal para <strong>distribuci\u00f3n mayorista, tiendas de vapeo o pedidos al por mayor B2B<\/strong>.<\/li>\n<\/ul>\n<p><img data-recalc-dims=\"1\" decoding=\"async\" style=\"max-width: 100%; height: auto; display: block; margin: 0 auto;\" src=\"https:\/\/i0.wp.com\/ricovape.com\/wp-content\/uploads\/2025\/11\/JNR-RAGE-GORILLA-55000-Puffs-Dual-Mesh-Authentic-Disposable-Vape-Low-Nicotine-Bulk-Buy-Wholesale-10-scaled-1.webp?ssl=1\" alt=\"JNR Rage Gorilla 55K \" title=\"\"><\/p>\n<h3>Especificaciones<\/h3>\n<table border=\"1\" cellpadding=\"6\">\n<tbody>\n<tr>\n<td><strong>Recuento aproximado de caladas<\/strong><\/td>\n<td>55,000<\/td>\n<\/tr>\n<tr>\n<td><strong>Capacidad de e-l\u00edquido<\/strong><\/td>\n<td>42 ml<\/td>\n<\/tr>\n<tr>\n<td><strong>Bater\u00eda<\/strong><\/td>\n<td>950 mAh (recargable mediante Type-C)<\/td>\n<\/tr>\n<tr>\n<td><strong>Sistema de bobinas<\/strong><\/td>\n<td>Bobina de malla doble<\/td>\n<\/tr>\n<tr>\n<td><strong>Potencia de nicotina<\/strong><\/td>\n<td>0%, 2%, 5%<\/td>\n<\/tr>\n<tr>\n<td><strong>Pantalla<\/strong><\/td>\n<td>LED inteligente (bater\u00eda y recuento de caladas)<\/td>\n<\/tr>\n<tr>\n<td><strong>Puerto de carga<\/strong><\/td>\n<td>Carga r\u00e1pida Tipo-C<\/td>\n<\/tr>\n<\/tbody>\n<\/table>\n<h3>Sabores disponibles \ud83c\udf53\ud83c\udf4d\ud83c\udf49<\/h3>\n<p>Descubre sabores intensos y jugosos para todos los gustos:<\/p>\n<ul>\n<li><strong>Fresa helada<\/strong> \u2013 Dulzura cl\u00e1sica de bayas con un toque helado.<\/li>\n<li><strong>Cereza Cola<\/strong> \u2013 Un toque efervescente y \u00e1cido de cola con un toque de cereza. \ud83e\udd64<\/li>\n<li><strong>Hielo de sand\u00eda<\/strong> \u2013 Refrescantes sensaciones veraniegas con un toque helado. \ud83c\udf49<\/li>\n<li><strong>Azul Razz Cereza<\/strong> \u2013 Una explosi\u00f3n dulce, \u00e1cida y jugosa en cada calada.<\/li>\n<li><strong>Fresa Kiwi<\/strong> \u2013 Armon\u00eda de frutas tropicales para una satisfacci\u00f3n suave. \ud83c\udf53\ud83e\udd5d<\/li>\n<li><strong>Melocotones jugosos<\/strong> \u2013 Sabor maduro y aterciopelado a melocot\u00f3n que perdura. \ud83c\udf51<\/li>\n<li><strong>Hielo de ar\u00e1ndanos<\/strong> \u2013 Ar\u00e1ndanos intensos equilibrados con frescura helada. \u2744\ufe0f<\/li>\n<li><strong>Mezcla de bayas<\/strong> \u2013 Una dulce mezcla de bayas con notas \u00e1cidas.<\/li>\n<li><strong>Manzana doble<\/strong> \u2013 Manzanas rojas y verdes crujientes con notas dulces. \ud83c\udf4f\ud83c\udf4e<\/li>\n<li><strong>Cereza<\/strong> \u2013 Mezcla afrutada y dulce de cereza y bayas del bosque.<\/li>\n<li><strong>Ar\u00e1ndano Frambuesa Cereza<\/strong> \u2013 Fusi\u00f3n de tres bayas para los amantes de los sabores intensos.<\/li>\n<li><strong>Hielo de fresa y sand\u00eda<\/strong> \u2013 La jugosa dulzura se une al refrescante helado. \u2744\ufe0f<\/li>\n<li><strong>Hielo de kiwi y sand\u00eda<\/strong> \u2013 Un toque \u00e1cido de kiwi sobre una base fresca de mel\u00f3n.<\/li>\n<li><strong>Frambuesa \u00e1cida con ar\u00e1ndanos<\/strong> \u2013 Lo \u00e1cido se combina con lo dulce en esta mezcla picante.<\/li>\n<li><strong>Melocot\u00f3n blanco Razz<\/strong> \u2013 Melocot\u00f3n suave y cremoso con un toque final de frambuesa.<\/li>\n<li><strong>Mango Fruta de la pasi\u00f3n<\/strong> \u2013 Una explosi\u00f3n tropical ex\u00f3tica con un toque \u00e1cido. \ud83e\udd6d<\/li>\n<li><strong>Melocot\u00f3n Mango Sand\u00eda<\/strong> \u2013 Una delicia frutal con m\u00faltiples capas en cada bocado.<\/li>\n<li><strong>Sand\u00eda Chicle<\/strong> \u2013 Sabor divertido, dulce y nost\u00e1lgico. \ud83c\udf6c<\/li>\n<li><strong>Fresa Pl\u00e1tano<\/strong> \u2013 El suave y cremoso pl\u00e1tano se une a la dulce fresa. \ud83c\udf53\ud83c\udf4c<\/li>\n<li><strong>Kiwi, maracuy\u00e1 y guayaba<\/strong> \u2013 Audaz, tropical y vibrante: \u00a1el sue\u00f1o de cualquier amante de los sabores!<\/li>\n<\/ul>\n<h3>Perfecto para<\/h3>\n<p>En <strong>JNR Rage Gorilla 55K<\/strong> Es perfecto para usuarios habituales, amantes del sabor y aficionados a las nubes que buscan potencia duradera y un sabor premium. \ud83d\udca8 A las tiendas y distribuidores de vapeo les encantar\u00e1 su rendimiento fiable, su larga duraci\u00f3n y su impresionante variedad de sabores: una opci\u00f3n ideal para <strong>pedidos al por mayor a granel<\/strong>.<\/p>\n<h3>Preguntas frecuentes \ud83e\uddd0<\/h3>\n<ul>\n<li><strong>P: \u00bfEl JNR Rage Gorilla es recargable?<\/strong><br \/>\nR: \u00a1S\u00ed! Incluye una bater\u00eda de 950 mAh con soporte para carga r\u00e1pida tipo C.<\/li>\n<li><strong>P: \u00bfPuedo comprobar el n\u00famero de caladas y el nivel de bater\u00eda?<\/strong><br \/>\nR: Por supuesto. La pantalla LED inteligente muestra informaci\u00f3n en tiempo real sobre las caladas y la bater\u00eda.<\/li>\n<li><strong>P: \u00bfCu\u00e1ntos sabores hay disponibles?<\/strong><br \/>\nR: M\u00e1s de 15 opciones con mezclas afrutadas y heladas para todos los gustos.<\/li>\n<li><strong>P: \u00bfPara qui\u00e9n es ideal este vaporizador?<\/strong><br \/>\nR: Ideal para uso personal, tiendas de vapeo, distribuidores y mayoristas B2B.<\/li>\n<li><strong>P: \u00bfLa nicotina es opcional?<\/strong><br \/>\nR: S\u00ed, disponible en concentraciones de nicotina 0%, 2% y 5%.<\/li>\n<\/ul>\n<p>\ud83d\ude80 Consigue el <strong>JNR Rage Gorilla 55000 Puffs Vape Desechable<\/strong> \u00a1Pru\u00e9balos hoy mismo y disfruta de una potencia, un sabor y una comodidad sin igual, perfectos tanto para los vapeadores modernos como para los compradores empresariales!<\/p>","protected":false},"excerpt":{"rendered":"<p>\ud83d\udd25 \u00a1La potencia se une al sabor! El <strong>JNR Rage Gorilla 55000 Puffs Vape Desechable<\/strong> ofrece nubes enormes, caladas ultrasuaves y un rendimiento duradero, perfecto tanto para los amantes del vapeo como para los compradores al por mayor. \ud83d\udca8<\/p>","protected":false},"featured_media":6550,"comment_status":"open","ping_status":"closed","template":"","meta":[],"product_brand":[100],"product_cat":[97,139,78,89],"product_tag":[153,154,130,155,156,157],"class_list":{"0":"post-6520","1":"product","2":"type-product","3":"status-publish","4":"has-post-thumbnail","6":"product_brand-jnr","7":"product_cat-60000-puffs-disposable-vape","8":"product_cat-cheap-rechargeable-disposable-vapes","9":"product_cat-dual-mesh-vapes","10":"product_cat-jnr","11":"product_tag-55000-puffs-disposable-vape","12":"product_tag-best-disposable-vapes","13":"product_tag-dual-mesh-coil-vape","14":"product_tag-jnr-rage-gorilla-55k","15":"product_tag-rechargeable-long-lasting-vape","16":"product_tag-smart-screen-vape-device","18":"first","19":"instock","20":"shipping-taxable","21":"purchasable","22":"product-type-variable","23":"has-default-attributes"},"jetpack_sharing_enabled":true,"tiered_pricing_type":"fixed","tiered_pricing_fixed_rules":{"30":9.6899999999999995026200849679298698902130126953125,"50":7.95999999999999996447286321199499070644378662109375,"100":7.3499999999999996447286321199499070644378662109375,"200":6.980000000000000426325641456060111522674560546875,"400":6.480000000000000426325641456060111522674560546875},"tiered_pricing_product_settings":{"layout":"default","base_unit_name":{"singular":null,"plural":null},"default_variation":null},"tiered_pricing_minimum_quantity":10,"tiered_pricing_roles_data":[],"tiered_pricing_percentage_rules":[],"tiered_pricing_maximum_quantity":null,"tiered_pricing_quantity_step":"10","_links":{"self":[{"href":"https:\/\/ricovape.com\/es\/wp-json\/wp\/v2\/product\/6520","targetHints":{"allow":["GET"]}}],"collection":[{"href":"https:\/\/ricovape.com\/es\/wp-json\/wp\/v2\/product"}],"about":[{"href":"https:\/\/ricovape.com\/es\/wp-json\/wp\/v2\/types\/product"}],"replies":[{"embeddable":true,"href":"https:\/\/ricovape.com\/es\/wp-json\/wp\/v2\/comments?post=6520"}],"wp:featuredmedia":[{"embeddable":true,"href":"https:\/\/ricovape.com\/es\/wp-json\/wp\/v2\/media\/6550"}],"wp:attachment":[{"href":"https:\/\/ricovape.com\/es\/wp-json\/wp\/v2\/media?parent=6520"}],"wp:term":[{"taxonomy":"product_brand","embeddable":true,"href":"https:\/\/ricovape.com\/es\/wp-json\/wp\/v2\/product_brand?post=6520"},{"taxonomy":"product_cat","embeddable":true,"href":"https:\/\/ricovape.com\/es\/wp-json\/wp\/v2\/product_cat?post=6520"},{"taxonomy":"product_tag","embeddable":true,"href":"https:\/\/ricovape.com\/es\/wp-json\/wp\/v2\/product_tag?post=6520"}],"curies":[{"name":"wp","href":"https:\/\/api.w.org\/{rel}","templated":true}]}}