{"id":165628,"date":"2026-04-17T12:35:26","date_gmt":"2026-04-17T12:35:26","guid":{"rendered":"https:\/\/ricovape.com\/product\/bang-legend-150k-150000-inhalaciones-6-sabores-en-1-vape-duradero-de-multiples-sabores-y-desechable\/"},"modified":"2026-04-19T19:42:25","modified_gmt":"2026-04-19T19:42:25","slug":"bang-legend-150k","status":"publish","type":"product","link":"https:\/\/ricovape.com\/es\/producto\/bang-legend-150k\/","title":{"rendered":"Bang Legend 150K | 150000 inhalaciones, 6 sabores en 1, vape duradero, de m\u00faltiples sabores y desechable"},"content":{"rendered":"<h2>Vaporizador desechable inteligente de m\u00faltiples sabores Bang Legend 150K 6 en 1: 150 000 inhalaciones\ud83d\udca8\ud83d\udd25<\/h2>\n<h3>\ud83d\udc8e \u00bfPor qu\u00e9 elegir Bang Legend 150K Puffs?<\/h3>\n<ul>\n<li>\ud83d\udca8 <strong>Enorme 150.000 inhalaciones:<\/strong> Uno de los vaporizadores desechables de mayor duraci\u00f3n del mercado, perfecto para sesiones prolongadas.<\/li>\n<li>\ud83c\udf9b\ufe0f <strong>6 modos de sabor:<\/strong> \u00a1Elija entre A, B, C o mezcle A+B, A+C, B+C para vivir una aventura de sabor personalizada en cada calada! \ud83d\udd04<\/li>\n<li>\ud83e\uddc3 <strong>Tres tanques de aceite:<\/strong> Cada tanque contiene una mezcla \u00fanica, lo que le brinda versatilidad y variedad de sabores inigualables.<\/li>\n<li>\ud83c\udf08 <strong>Pantalla LED inteligente:<\/strong> muestra los niveles de bater\u00eda y e-l\u00edquido, manteni\u00e9ndote en control total en todo momento.<\/li>\n<li>\u2699\ufe0f <strong>Tecnolog\u00eda de bobina de malla:<\/strong> produce un sabor m\u00e1s rico, aspiraciones m\u00e1s suaves y un rendimiento de vapor constante.<\/li>\n<li>\ud83d\udd0b <strong>Bater\u00eda recargable tipo C de 850mAh:<\/strong> Carga r\u00e1pida y potencia duradera para uso intensivo.<\/li>\n<li>\ud83c\udfea <strong>Listo para venta al por mayor:<\/strong> Viene en paquetes de 10, ideales para tiendas de vapeo, distribuidores y compradores B2B a granel.<\/li>\n<li>\u2728 <strong>Dise\u00f1o premium:<\/strong> La construcci\u00f3n elegante, la funcionalidad inteligente y el s\u00f3lido rendimiento lo hacen destacar en cualquier vitrina.<\/li>\n<\/ul>\n<h3>\u2699\ufe0f Especificaciones<\/h3>\n<tr>\n<td><strong>Fuerza de la nicotina<\/strong><\/td>\n<td>2 % \/ 3 % \/ 5 %<\/td>\n<\/tr>\n<tr>\n<td><strong>Recuento de bocanadas<\/strong><\/td>\n<td>Hasta 150.000 inhalaciones. Gran capacidad de e-l\u00edquido de 66mL<\/td>\n<\/tr>\n<tr>\n<td><strong>Modos de sabor<\/strong><\/td>\n<td>A, B, C, A+B, A+C, B+C<\/td>\n<\/tr>\n<tr>\n<td><strong>Tanques de aceite<\/strong><\/td>\n<td>3 tanques independientes<\/td>\n<\/tr>\n<tr>\n<td><strong>Tipo de bobina<\/strong><\/td>\n<td>Bobina de malla<\/td>\n<\/tr>\n<tr>\n<td><strong>Capacidad de la bater\u00eda<\/strong><\/td>\n<td>850mAh recargable<\/td>\n<\/tr>\n<tr>\n<td><strong>Pantalla<\/strong><\/td>\n<td>Pantalla LED inteligente<\/td>\n<\/tr>\n<tr>\n<td><strong>Puerto de carga<\/strong><\/td>\n<td>Tipo C<\/td>\n<\/tr>\n<tr>\n<td><strong>Embalaje<\/strong><\/td>\n<td>10 unidades por paquete<\/td>\n<\/tr>\n<\/tbody>\n<\/table>\n<h3>\ud83c\udf53 Sabores disponibles<\/h3>\n<p>Con <strong>12 grupos de sabores premium<\/strong>, cada uno de los cuales ofrece 6 combinaciones creativas, Bang Legend 150K garantiza que cada inhalaci\u00f3n sea una nueva aventura. \ud83d\ude0b<\/p>\n<ul>\n<li>\ud83c\udf51 <strong>Serie Melocot\u00f3n:<\/strong> Melocot\u00f3n Hielo \/ Mango Melocot\u00f3n \/ Ar\u00e1ndano Melocot\u00f3n \/ Melocot\u00f3n Hielo Mango Melocot\u00f3n \/ Melocot\u00f3n Hielo Ar\u00e1ndano Melocot\u00f3n \/ Mango Melocot\u00f3n Ar\u00e1ndano Melocot\u00f3n<\/li>\n<li>\ud83c\udf4d <strong>Serie Pi\u00f1a:<\/strong> Hielo de pi\u00f1a \/ Pi\u00f1a coco \/ Kiwi Hielo de pi\u00f1a \/ Hielo de pi\u00f1a Pi\u00f1a Coco \/ Hielo de pi\u00f1a Kiwi Hielo de pi\u00f1a \/ Pi\u00f1a Coco Kiwi Hielo de pi\u00f1a<\/li>\n<li>\ud83c\udf47 <strong>Serie de uvas:<\/strong> Hielo de uva \/ Chicle de uva \/ Uvas de frambuesa \/ Hielo de uva Chicle de uva \/ Hielo de uva Uvas de frambuesa \/ Chicle de uva Uvas de frambuesa<\/li>\n<li>\ud83c\udf49 <strong>Serie de sand\u00eda:<\/strong> Sand\u00eda con hielo \/ Sand\u00eda con bayas \/ Fresa Sand\u00eda \/ Sand\u00eda con hielo Sand\u00eda con bayas \/ Sand\u00eda con hielo Fresa Sand\u00eda \/ Sand\u00eda con bayas Fresa Sand\u00eda<\/li>\n<li>\ud83e\uded0 <strong>Serie de ar\u00e1ndanos:<\/strong> Ar\u00e1ndano helado \/ Ar\u00e1ndano frambuesa \/ Ar\u00e1ndano Ar\u00e1ndano Cereza \/ Ar\u00e1ndano helado Ar\u00e1ndano Frambuesa \/ Ar\u00e1ndano helado Ar\u00e1ndano Ar\u00e1ndano Cereza \/ Ar\u00e1ndano Frambuesa Ar\u00e1ndano Ar\u00e1ndano Cereza<\/li>\n<li>\ud83c\udf4c <strong>Serie Banana:<\/strong> Pl\u00e1tano Helado \/ Fresa Pl\u00e1tano \/ \u00c1cido C\u00edtrico Naranja \/ Pl\u00e1tano Helado Fresa Pl\u00e1tano \/ Pl\u00e1tano Helado \u00c1cido C\u00edtrico Naranja \/ Fresa Pl\u00e1tano \u00c1cido C\u00edtrico Naranja<\/li>\n<li>\ud83c\udf4f <strong>Serie Apple:<\/strong> Manzana helada \/ Manzana uva \/ Ar\u00e1ndano uva \/ Manzana helada Manzana uva \/ Manzana helada Ar\u00e1ndano uva \/ Manzana uva Ar\u00e1ndano uva<\/li>\n<li>\ud83e\udd6d <strong>Serie Mango:<\/strong> Mango Ice \/ Melocot\u00f3n Mango Sand\u00eda \/ Osito de goma \/ Mango Ice Melocot\u00f3n Mango Sand\u00eda \/ Mango Ice Osito de goma \/ Melocot\u00f3n Mango Sand\u00eda Osito de goma<\/li>\n<li>\ud83c\udf52 <strong>Serie Cherry:<\/strong> Hielo de cereza \/ Frutos del bosque mixtos \/ Cola roja \/ Hielo de cerezas Frutos del bosque mixtos \/ Cola roja helado de cerezas \/ Cola roja de frutos rojos mixtos<\/li>\n<li>\u26a1 <strong>Serie Energ\u00eda:<\/strong> Red Bull \/ Watermelon Bubble Gum \/ Love 66 \/ Red Bull Watermelon Bubble Gum \/ Red Bull Love 66 \/ Watermelon Bubble Gum Love 66<\/li>\n<li>\ud83c\udf53 <strong>Serie Fresa:<\/strong> Hielo de fresa \/ Kiwi de fresa \/ Lichi de fresa \/ Hielo de fresa Kiwi de fresa \/ Hielo de fresa Lichi de fresa \/ Lichi de fresa \/ Kiwi de fresa Lichi de fresa<\/li>\n<li>\ud83e\udd5d <strong>Serie Passion:<\/strong> Maracuy\u00e1 apasionado \/ Lima guayaba \/ Lim\u00f3n maracuy\u00e1 \/ Lima maracuy\u00e1 Lima apasionado \/ Maracuy\u00e1 apasionado Lim\u00f3n maracuy\u00e1 \/ Lima guayaba Maracuy\u00e1 Lim\u00f3n<\/li>\n<\/ul>\n<h3>\ud83d\udcac Preguntas frecuentes<\/h3>\n<p><strong>P:<\/strong> \u00bfCu\u00e1ntas inhalaciones puedo obtener de un dispositivo Bang Legend?<br \/>\n<strong>R:<\/strong> Cada dispositivo proporciona hasta <strong>150 000 inhalaciones<\/strong>, dise\u00f1ado para una satisfacci\u00f3n a largo plazo. \ud83d\udd0b<\/p>\n<p><strong>P:<\/strong> \u00bfC\u00f3mo cambio los modos de sabor?<br \/>\n<strong>A:<\/strong> Simplemente gire la boquilla para cambiar <strong>A, B, C, A+B, A+C o B+C<\/strong>: \u00a1disfrute de m\u00faltiples mezclas en segundos! \ud83d\udd04<\/p>\n<p><strong>P:<\/strong> \u00bfEl dispositivo es recargable?<br \/>\n<strong>R:<\/strong> \u00a1S\u00ed! Incluye una <strong>bater\u00eda de 850mAh<\/strong> con soporte de <strong>carga r\u00e1pida tipo C<\/strong>. \u26a1<\/p>\n<p><strong>P:<\/strong> \u00bfPuedo ver los niveles de bater\u00eda y de e-l\u00edquido?<br \/>\n<strong>R:<\/strong> La <strong>pantalla inteligente LED<\/strong> muestra ambos indicadores en tiempo real. \ud83c\udf08<\/p>\n<p><strong>P:<\/strong> \u00bfEsto es adecuado para la venta al por mayor o al por menor?<br \/>\n<strong>R:<\/strong> \u00a1Definitivamente! El <strong>embalaje de 10 unidades por paquete<\/strong> est\u00e1 optimizado para <strong>distribuci\u00f3n mayorista, lineales minoristas y ventas a granel B2B<\/strong>. \ud83c\udfea<\/p>\n<h3>\ud83c\udf0d Perfecto para<\/h3>\n<p>El <strong>vaporizador desechable Bang Legend 150K<\/strong> es ideal para <strong>usuarios habituales, entusiastas de los sabores y distribuidores de vaporizadores<\/strong> que buscan un <strong>dispositivo premium de alta capacidad<\/strong>. Con <strong>6 modos de sabor, tanques de aceite triples y una pantalla LED inteligente<\/strong>, es una verdadera potencia para <strong>tiendas de vapeo, mayoristas y minoristas en l\u00ednea europeos<\/strong>. \ud83d\udca8\ud83d\udd25<\/p>\n","protected":false},"excerpt":{"rendered":"<p>Descubra el siguiente nivel de vapeo con el <strong>vapeo desechable Bang Legend 150K Puffs<\/strong>, que cuenta con <strong>6 modos de sabor<\/strong>, <strong>gran capacidad de e-l\u00edquido de 66mL<\/strong>, <strong>tanques de aceite triples<\/strong> y una <strong>pantalla LED inteligente<\/strong>. \u00a1Dise\u00f1ado para mayoristas, cazadores de sabores y vapeadores serios que desean el m\u00e1ximo sabor y resistencia! \u26a1<\/p>\n","protected":false},"featured_media":6551,"comment_status":"open","ping_status":"closed","template":"","meta":[],"product_brand":[],"product_cat":[778,349,1389,1619,1423,1457,1560,1208],"product_tag":[2180,1127,1269,1350,1382,1415],"class_list":{"0":"post-165628","1":"product","2":"type-product","3":"status-publish","4":"has-post-thumbnail","6":"product_cat-100k-sopla-vape-disponible","7":"product_cat-bang","8":"product_cat-vapes-desechables-en-alemania","9":"product_cat-vapes-desechables-en-espana","10":"product_cat-vapes-desechables-en-hungria","11":"product_cat-vapes-desechables-en-italia","12":"product_cat-vapes-desechables-en-polonia","13":"product_cat-vapes-desechables-recargables-baratos","14":"product_tag-6-sabores-en-1-vaporizador","15":"product_tag-mejores-vaporizadores-desechables","16":"product_tag-vaporizador-de-150000-bocanadas","17":"product_tag-vaporizador-desechable-bang-legend-150k","18":"product_tag-vaporizador-inteligente-de-larga-duracion","19":"product_tag-venta-al-por-major-vaporizador-recargable","21":"first","22":"instock","23":"shipping-taxable","24":"purchasable","25":"product-type-variable","26":"has-default-attributes"},"jetpack_sharing_enabled":true,"tiered_pricing_type":"fixed","tiered_pricing_fixed_rules":{"30":9.3300000000000000710542735760100185871124267578125,"50":7.519999999999999573674358543939888477325439453125,"100":6.87000000000000010658141036401502788066864013671875,"200":6.3499999999999996447286321199499070644378662109375,"400":5.70000000000000017763568394002504646778106689453125},"tiered_pricing_product_settings":{"layout":"default","base_unit_name":{"singular":null,"plural":null},"default_variation":null},"tiered_pricing_minimum_quantity":10,"tiered_pricing_roles_data":[],"tiered_pricing_percentage_rules":[],"tiered_pricing_maximum_quantity":null,"tiered_pricing_quantity_step":"10","_links":{"self":[{"href":"https:\/\/ricovape.com\/es\/wp-json\/wp\/v2\/product\/165628","targetHints":{"allow":["GET"]}}],"collection":[{"href":"https:\/\/ricovape.com\/es\/wp-json\/wp\/v2\/product"}],"about":[{"href":"https:\/\/ricovape.com\/es\/wp-json\/wp\/v2\/types\/product"}],"replies":[{"embeddable":true,"href":"https:\/\/ricovape.com\/es\/wp-json\/wp\/v2\/comments?post=165628"}],"wp:featuredmedia":[{"embeddable":true,"href":"https:\/\/ricovape.com\/es\/wp-json\/wp\/v2\/media\/6551"}],"wp:attachment":[{"href":"https:\/\/ricovape.com\/es\/wp-json\/wp\/v2\/media?parent=165628"}],"wp:term":[{"taxonomy":"product_brand","embeddable":true,"href":"https:\/\/ricovape.com\/es\/wp-json\/wp\/v2\/product_brand?post=165628"},{"taxonomy":"product_cat","embeddable":true,"href":"https:\/\/ricovape.com\/es\/wp-json\/wp\/v2\/product_cat?post=165628"},{"taxonomy":"product_tag","embeddable":true,"href":"https:\/\/ricovape.com\/es\/wp-json\/wp\/v2\/product_tag?post=165628"}],"curies":[{"name":"wp","href":"https:\/\/api.w.org\/{rel}","templated":true}]}}