{"id":165242,"date":"2026-04-17T12:20:37","date_gmt":"2026-04-17T12:20:37","guid":{"rendered":"https:\/\/ricovape.com\/product\/bang-legend-120k-120000-inhalaciones-5-en-1-vape-desechable-a-granel-ajustable-de-multiples-sabores\/"},"modified":"2026-04-18T11:32:24","modified_gmt":"2026-04-18T11:32:24","slug":"bang-legend-120k","status":"publish","type":"product","link":"https:\/\/ricovape.com\/es\/producto\/bang-legend-120k\/","title":{"rendered":"Bang Legend 120K | 120000 inhalaciones, 5 en 1, vape desechable a granel, ajustable, de m\u00faltiples sabores"},"content":{"rendered":"<h2>\u00bfPor qu\u00e9 elegir Bang Legend 120K?<\/h2>\n<ul>\n<li>\ud83d\udca8 <strong>Recuento masivo de caladas:<\/strong> hasta 120 000 caladas para una satisfacci\u00f3n duradera.<\/li>\n<li>\ud83c\udfa8 <strong>Modos de sabor 5 en 1:<\/strong> cambia f\u00e1cilmente entre 5 sabores para disfrutar de una variedad infinita de sabores.<\/li>\n<li>\ud83d\udd0b <strong>Bater\u00eda recargable de 850mAh:<\/strong> Rendimiento confiable y constante.<\/li>\n<li>\u26a1 <strong>Sistema de bobinas de malla:<\/strong> 5* bobinas de malla brindan un sabor intenso y ricas nubes de vapor.<\/li>\n<li>\ud83d\udcfa <strong>Pantalla LED inteligente:<\/strong> comprueba la duraci\u00f3n de la bater\u00eda, el recuento de caladas y el modo de sabor en cualquier momento.<\/li>\n<li>\ud83d\udd0c <strong>Carga tipo C:<\/strong> Carga r\u00e1pida y eficiente para usuarios en movimiento.<\/li>\n<li>\ud83d\udce6 <strong>Embalaje listo para venta al por mayor:<\/strong> 10 unidades por paquete, ideal para tiendas y distribuidores de vapeo.<\/li>\n<li>\ud83c\udf0d <strong>Amplia gama de sabores:<\/strong> 12 juegos de sabores m\u00faltiples (m\u00e1s de 60 nombres de sabores \u00fanicos) para satisfacer a diversos clientes.<\/li>\n<\/ul>\n<h3>Especificaciones<\/h3>\n<table>\n<tr>\n<td><strong>Fuerza de la nicotina<\/strong><\/td>\n<td>2 % \/ 3 % \/ 5 %<\/td>\n<\/tr>\n<tr>\n<td><strong>Recuento de bocanadas<\/strong><\/td>\n<td>Hasta 120.000<\/td>\n<\/tr>\n<tr>\n<td><strong>Modos de sabor<\/strong><\/td>\n<td>5 sabores ajustables<\/td>\n<\/tr>\n<tr>\n<td><strong>Tanque de aceite<\/strong><\/td>\n<td>5 tanques<\/td>\n<\/tr>\n<tr>\n<td><strong>Capacidad l\u00edquida<\/strong><\/td>\n<td>50mL<\/td>\n<\/tr>\n<tr>\n<td><strong>Bater\u00eda<\/strong><\/td>\n<td>850mAh recargable<\/td>\n<\/tr>\n<tr>\n<td><strong>Bobina<\/strong><\/td>\n<td>5*bobinas de malla<\/td>\n<\/tr>\n<tr>\n<td><strong>Pantalla LED<\/strong><\/td>\n<td>S\u00ed (bater\u00eda, recuento de bocanadas, modo de sabor)<\/td>\n<\/tr>\n<tr>\n<td><strong>Puerto de carga<\/strong><\/td>\n<td>Tipo C<\/td>\n<\/tr>\n<tr>\n<td><strong>Embalaje<\/strong><\/td>\n<td>10 unidades\/paquete<\/td>\n<\/tr>\n<tr>\n<td><strong>Sabores<\/strong><\/td>\n<td>12 juegos de sabores m\u00faltiples (consulte la lista completa a continuaci\u00f3n)<\/td>\n<\/tr>\n<\/tbody>\n<\/table>\n<h3>Sabores<\/h3>\n<p>\ud83c\udf53 A continuaci\u00f3n se muestran los 12 conjuntos de sabores m\u00faltiples incluidos en Bang Legend 120K. Cada juego contiene 5 sabores (5 tanques\/5 modos) para que los clientes puedan cambiar sobre la marcha.<\/p>\n<ol>\n<li><strong>Set 1:<\/strong> Bebida Energ\u00e9tica &amp; Ar\u00e1ndano Cereza &amp; Manzana Uva &amp; Sand\u00eda Dragon Fruit &amp; Mamba<\/li>\n<li><strong>Set 2:<\/strong> Bebida Energ\u00e9tica &amp; Hielo de Melocot\u00f3n &amp; Hielo de Mango &amp; Ar\u00e1ndano Uva &amp; Grosella Negra<\/li>\n<li><strong>Set 3:<\/strong> Ar\u00e1ndano Frambuesa y Melocot\u00f3n Mango Sand\u00eda y Cereza Coca-Cola y Uva Mora Helado y Mango Melocot\u00f3n Albaricoque<\/li>\n<li><strong>Set 4:<\/strong> Ar\u00e1ndano, Frambuesa, Drag\u00f3n Negro, Hielo, Caramelo Arco\u00edris, Hielo Fuji y Sand\u00eda, Melocot\u00f3n Agrio<\/li>\n<li><strong>Set 5:<\/strong> Hielo de Ar\u00e1ndano y Kiwi Maracuy\u00e1 Guayaba y Mel\u00f3n Triple y Melocot\u00f3n Pi\u00f1a y Beso Apasionado<\/li>\n<li><strong>Set 6:<\/strong> Hielo de ar\u00e1ndano y sand\u00eda, chicle y manzana agria, frambuesa y fruta de loto, mango, mel\u00f3n y maracuy\u00e1, kiwi, lima<\/li>\n<li><strong>Set 7:<\/strong> Helado de sand\u00eda y frutos rojos variados, manzana, pera, ar\u00e1ndano, menta y horario de verano<\/li>\n<li><strong>Set 8:<\/strong> Sand\u00eda Helado &amp; Fresa Mango &amp; Cereza California &amp; Ar\u00e1ndano Melocot\u00f3n Hielo &amp; Bayas Cool<\/li>\n<li><strong>Set 9:<\/strong> Fresa, Sand\u00eda, Hielo de Uva, Mojito Rojo, Hielo de Pl\u00e1tano y Lima Lim\u00f3n<\/li>\n<li><strong>Set 10:<\/strong> Fresa Sand\u00eda y Mel\u00f3n Manzana y Cola Hielo y Mango Melocot\u00f3n y Amor 66<\/li>\n<li><strong>Set 11:<\/strong> Fresa, Kiwi, Fresa, Pl\u00e1tano, Lichi, Hielo, Sand\u00eda, Bayas y Maracuy\u00e1, Mango<\/li>\n<li><strong>Set 12:<\/strong> Fresa, Kiwi, Ar\u00e1ndano, Sand\u00eda, Dulce de osito, Chicle de ar\u00e1ndanos y Mango agrio, Pi\u00f1a<\/li>\n<\/ol>\n<h3>Preguntas frecuentes<\/h3>\n<p><strong>P: \u00bfCu\u00e1nto dura Bang Legend 120K?<\/strong><br \/>\nR: Con hasta 120.000 caladas y una bater\u00eda recargable de 850mAh, puede durar desde varias semanas hasta meses, seg\u00fan el uso y el cambio de modo. La pantalla LED ayuda a controlar la vida restante.<\/p>\n<p><strong>P: \u00bfC\u00f3mo funcionan los 5 modos de sabor?<\/strong><br \/>\nR: El dispositivo tiene 5 tanques\/modos separados. Utilice el interruptor de modo (como se describe en el manual del usuario) para alternar instant\u00e1neamente entre los sabores cargados.<\/p>\n<p><strong>P: \u00bfEste dispositivo es recargable?<\/strong><br \/>\nR: S\u00ed, utiliza un puerto de carga tipo C para una carga r\u00e1pida y confiable.<\/p>\n<p><strong>P: \u00bfSe pueden personalizar los niveles de nicotina?<\/strong><br \/>\nR: Los pedidos est\u00e1n disponibles con una concentraci\u00f3n de nicotina del 2%, 3% o 5%. Elija seg\u00fan las preferencias del mercado\/regional y las restricciones legales.<\/p>\n<p><strong>P: \u00bfPuedo comprar al por mayor?<\/strong><br \/>\nR: S\u00ed. El paquete es de 10 unidades por paquete, lo que lo hace ideal para exhibici\u00f3n minorista o distribuci\u00f3n mayorista en tiendas de vapeo y tiendas en l\u00ednea.<\/p>\n<p><strong>P: \u00bfPara qui\u00e9n es mejor este producto?<\/strong><br \/>\nR: Usuarios habituales, cazadores de sabores, propietarios de tiendas de vapeo y distribuidores que necesitan un desechable de alta capacidad, listo para vender al por mayor, con una amplia variedad de sabores.<\/p>\n<p>\u00a0<\/p>\n<p><strong>Bang Legend 120K<\/strong> est\u00e1 dise\u00f1ado para mercados de gran demanda: un gran n\u00famero de caladas, cinco modos de sabor ajustables y un extenso cat\u00e1logo de sabores lo convierten en la mejor opci\u00f3n para los grandes usuarios y buscadores de sabores. \ud83c\udfaf Las tiendas de vapeo y los mayoristas apreciar\u00e1n el empaque de 10 paquetes listo para la venta al por menor y su gran atractivo en los estantes. Abastecerse y ofrecer a los clientes un vaporizador desechable vers\u00e1til y duradero que los haga volver. \ud83d\ude80<\/p>\n","protected":false},"excerpt":{"rendered":"<p>\ud83d\udd25El vaporizador desechable Bang Legend 120K te ofrece <strong>120 000 caladas<\/strong>, <strong>5 sabores ajustables<\/strong> y una <strong>potente bater\u00eda recargable<\/strong>: perfecto para cazadores de sabores, usuarios habituales y compradores mayoristas.<\/p>\n","protected":false},"featured_media":128201,"comment_status":"open","ping_status":"closed","template":"","meta":[],"product_brand":[],"product_cat":[778,349,1389,1619,1423,1457,1560,1208],"product_tag":[1127],"class_list":{"0":"post-165242","1":"product","2":"type-product","3":"status-publish","4":"has-post-thumbnail","6":"product_cat-100k-sopla-vape-disponible","7":"product_cat-bang","8":"product_cat-vapes-desechables-en-alemania","9":"product_cat-vapes-desechables-en-espana","10":"product_cat-vapes-desechables-en-hungria","11":"product_cat-vapes-desechables-en-italia","12":"product_cat-vapes-desechables-en-polonia","13":"product_cat-vapes-desechables-recargables-baratos","14":"product_tag-mejores-vaporizadores-desechables","16":"first","17":"outofstock","18":"shipping-taxable","19":"purchasable","20":"product-type-variable","21":"has-default-attributes"},"jetpack_sharing_enabled":true,"tiered_pricing_type":"fixed","tiered_pricing_fixed_rules":{"30":11.300000000000000710542735760100185871124267578125,"50":8.269999999999999573674358543939888477325439453125,"100":8.019999999999999573674358543939888477325439453125,"200":7.410000000000000142108547152020037174224853515625,"400":7.04000000000000003552713678800500929355621337890625},"tiered_pricing_product_settings":{"layout":"default","base_unit_name":{"singular":null,"plural":null},"default_variation":null},"tiered_pricing_minimum_quantity":10,"tiered_pricing_roles_data":[],"tiered_pricing_percentage_rules":[],"tiered_pricing_maximum_quantity":null,"tiered_pricing_quantity_step":"10","_links":{"self":[{"href":"https:\/\/ricovape.com\/es\/wp-json\/wp\/v2\/product\/165242","targetHints":{"allow":["GET"]}}],"collection":[{"href":"https:\/\/ricovape.com\/es\/wp-json\/wp\/v2\/product"}],"about":[{"href":"https:\/\/ricovape.com\/es\/wp-json\/wp\/v2\/types\/product"}],"replies":[{"embeddable":true,"href":"https:\/\/ricovape.com\/es\/wp-json\/wp\/v2\/comments?post=165242"}],"wp:featuredmedia":[{"embeddable":true,"href":"https:\/\/ricovape.com\/es\/wp-json\/wp\/v2\/media\/128201"}],"wp:attachment":[{"href":"https:\/\/ricovape.com\/es\/wp-json\/wp\/v2\/media?parent=165242"}],"wp:term":[{"taxonomy":"product_brand","embeddable":true,"href":"https:\/\/ricovape.com\/es\/wp-json\/wp\/v2\/product_brand?post=165242"},{"taxonomy":"product_cat","embeddable":true,"href":"https:\/\/ricovape.com\/es\/wp-json\/wp\/v2\/product_cat?post=165242"},{"taxonomy":"product_tag","embeddable":true,"href":"https:\/\/ricovape.com\/es\/wp-json\/wp\/v2\/product_tag?post=165242"}],"curies":[{"name":"wp","href":"https:\/\/api.w.org\/{rel}","templated":true}]}}