{"id":44504,"date":"2025-07-07T09:20:50","date_gmt":"2025-07-07T09:20:50","guid":{"rendered":"https:\/\/stage.jrfer.com\/product\/%f0%9f%8e%81-geheimnisvolle-einweg-vape-box-aromen-auspacken-spas-freischalten-%f0%9f%92%a8\/"},"modified":"2026-04-07T03:13:38","modified_gmt":"2026-04-07T03:13:38","slug":"mystery-disposable-vape-box","status":"publish","type":"product","link":"https:\/\/ricovape.com\/de\/produkt\/mystery-disposable-vape-box\/","title":{"rendered":"\ud83c\udf81 Geheimnisvolle Einweg-Vape-Box \u2013 Aromen auspacken, Spa\u00df freischalten! \ud83d\udca8"},"content":{"rendered":"<p>Bereiten Sie sich auf ein aufregendes Abenteuer mit unserer <strong>Mystery Einweg-Vape-Box<\/strong> vor, bei der jedes Auspacken eine entz\u00fcckende \u00dcberraschung ist. Im Inneren finden Sie eine sorgf\u00e4ltig zusammengestellte Auswahl an Einweg-Vaporizern mit Geschmacksrichtungen, die von erfrischenden Klassikern bis hin zu kr\u00e4ftigen, exotischen Mischungen reichen. \ud83c\udf53\ud83c\udf4d\ud83e\udd6d<\/p>\n<p>Ob Sie ein neugieriger Anf\u00e4nger oder ein erfahrener Dampfer sind, diese Box ist so konzipiert, dass Sie mit jedem Zug r\u00e4tseln und l\u00e4cheln k\u00f6nnen. Jedes Ger\u00e4t wird aus unseren meistverkauften Produkten ausgew\u00e4hlt und gibt Ihnen einen Vorgeschmack auf neue und beliebte Modelle, die Sie vielleicht noch nie zuvor ausprobiert haben. \ud83c\udf08<\/p>\n<p><strong>Wenn Sie besondere Anforderungen an Nikotin haben, teilen Sie uns dies bitte vor der Bestellung mit.<\/strong><\/p>\n<h3>\ud83d\udce6 Was ist in der Box?<\/h3>\n<p>Jede Mystery Box enth\u00e4lt <strong>10 Premium-Einweg-Vapes<\/strong>, die zuf\u00e4llig aus den Topmodellen in unserem Shop ausgew\u00e4hlt werden. Sie k\u00f6nnten \u00dcberraschungen finden wie:<\/p>\n<ul>\n<li><a href=\"https:\/\/ricovape.com\/de\/produkt\/waspe-40k-twins-40000-puffs\/\">WASPE 40K Twins \u2013 40.000 Z\u00fcge<\/a><\/li>\n<li><a href=\"https:\/\/ricovape.com\/de\/produkt\/waspe-100k-4-in-1-100-000-puffs-bulk-einweg-vape-mit-vier-geschmacksrichtungen\/\">WASPE 100K 4-in-1 \u2013 100.000 Z\u00fcge<\/a><\/li>\n<li><a href=\"https:\/\/ricovape.com\/de\/produkt\/randm-tornado-15k-15000-puffs-big-cloud-mesh-coil-bulk-einweg-vaporizer\/\">RandM Tornado \u2013 15.000 Z\u00fcge<\/a><\/li>\n<li>Bang King 30K Doppelgeschmack<\/li>\n<li>RandM Tornado 9000<\/li>\n<\/ul>\n<p>\u2026und noch viel mehr! Mit <strong>\u00fcber 100 einzigartigen Geschmacksrichtungen<\/strong> in unserem Sortiment ist jede Schachtel ein Abenteuer. \ud83e\ude84<\/p>\n<h3>\ud83d\uded2 Kaufanweisungen<\/h3>\n<ul>\n<li><strong>Alle Verk\u00e4ufe sind endg\u00fcltig<\/strong> \u2013 keine R\u00fcckerstattung oder Umtausch, es sei denn, es liegt ein Qualit\u00e4tsproblem vor.<\/li>\n<li><strong>Kostenloser Versand<\/strong> f\u00fcr jede Mystery Box-Bestellung.<\/li>\n<li><strong>Altersvoraussetzung:<\/strong> Sie m\u00fcssen in Ihrem Land das gesetzliche Mindestalter f\u00fcr das Rauchen erreicht haben.<\/li>\n<li>Mit Ihrer Bestellung stimmen Sie diesen Allgemeinen Gesch\u00e4ftsbedingungen zu.<\/li>\n<\/ul>\n<h3>\ud83d\ude9a Versandinformationen<\/h3>\n<p>Wir arbeiten mit vertrauensw\u00fcrdigen Spediteuren wie UPS, DHL, FedEx und DPD zusammen, um eine sichere und schnelle Lieferung zu gew\u00e4hrleisten.<\/p>\n<ul>\n<li><strong>Europa:<\/strong> Lieferung innerhalb von 12\u201315 Tagen.<\/li>\n<li><strong>Vereinigte Staaten:<\/strong> Kommt normalerweise in 10 Tagen an.<\/li>\n<li><strong>Tracking:<\/strong> Echtzeit-Updates verf\u00fcgbar.<\/li>\n<\/ul>\n<p>Keine Sorgen um den Zoll \u2705 \u2013 wir k\u00fcmmern uns um die Zollabwicklung und <strong>100 % unserer Produkte passieren den Zoll<\/strong>. Keine zus\u00e4tzlichen Steuergeb\u00fchren!<\/p>\n<h2>\u2753 FAQ \u2013 H\u00e4ufig gestellte Fragen<\/h2>\n<h4>1. Kann ich meine Geschmacksrichtungen ausw\u00e4hlen?<\/h4>\n<p>Nein \u2013 der Spa\u00df an der Mystery Box ist die \u00dcberraschung! Sie erhalten eine Mischung unserer beliebtesten und aufregendsten Optionen.<\/p>\n<h4>2. Wie viele Vapes sind in einer Box enthalten?<\/h4>\n<p>Jede Mystery Box enth\u00e4lt <strong>10 Einweg-Vaporizer<\/strong>, sorgf\u00e4ltig verpackt und versiegelt.<\/p>\n<h4>3. Handelt es sich dabei um Originalprodukte?<\/h4>\n<p>Ja! \u2705 Alle Produkte sind authentisch und stammen direkt von vertrauensw\u00fcrdigen Herstellern.<\/p>\n<h4>4. Ist Nikotin enthalten?<\/h4>\n<p>Die meisten unserer Ger\u00e4te enthalten Nikotin. Wenn Sie jedoch einen besonderen Bedarf haben, teilen Sie uns dies bitte vor der Bestellung mit.<\/p>\n<h4>5. Versenden Sie weltweit?<\/h4>\n<p>Derzeit versenden wir haupts\u00e4chlich in die USA, nach Europa und in ausgew\u00e4hlte L\u00e4nder. Bitte \u00fcberpr\u00fcfen Sie die Versandverf\u00fcgbarkeit an der Kasse.<\/p>\n<h2>\ud83d\udd25 Warum sollten Sie sich f\u00fcr die Mystery Vape Box entscheiden?<\/h2>\n<ul>\n<li>\ud83c\udf89 Endlose Spannung \u2013 entdecken Sie jedes Mal neue Geschmacksrichtungen.<\/li>\n<li>\ud83d\udca8 Riesige Z\u00fcge \u2013 von 9.000 bis 100.000 Z\u00fcge!<\/li>\n<li>\ud83d\udee1\ufe0f 100 % authentische und sichere Produkte.<\/li>\n<li>\ud83d\ude80 Schneller, kostenloser Versand mit Tracking-Updates.<\/li>\n<li>\ud83c\udf0d Zollabfertigung \u2013 keine versteckten Geb\u00fchren.<\/li>\n<\/ul>\n<p>\ud83d\udc49 Bereit f\u00fcr ein aufregendes Vape-Abenteuer? Lassen Sie sich das nicht entgehen \u2013 bestellen Sie noch heute Ihre <strong>Mystery Einweg-Vape-Box<\/strong>!<\/p>\n<p>.tier-pricing-summary-table {display:none !important}<br \/>\n.tier-pricing-summary-table {display:none !important}<\/p>\n","protected":false},"excerpt":{"rendered":"<p>\ud83c\udf81 Entdecken Sie eine Box voller \u00dcberraschungen! Jede <strong>Mystery Einweg-Vape-Box<\/strong> ist vollgepackt mit aufregenden Geschmacksrichtungen, erstklassigen Z\u00fcgen und endlosen Vape-Abenteuern. Perfekt f\u00fcr alle, die den Nervenkitzel der \u00dcberraschung lieben! \ud83d\ude80<\/p>\n","protected":false},"featured_media":1527,"comment_status":"open","ping_status":"closed","template":"","meta":[],"product_brand":[],"product_cat":[1220],"product_tag":[],"class_list":{"0":"post-44504","1":"product","2":"type-product","3":"status-publish","4":"has-post-thumbnail","6":"product_cat-einweg-vapes-in-europa","8":"first","9":"instock","10":"sale","11":"shipping-taxable","12":"purchasable","13":"product-type-simple"},"jetpack_sharing_enabled":true,"tiered_pricing_type":"fixed","tiered_pricing_fixed_rules":[],"tiered_pricing_product_settings":{"layout":"default","base_unit_name":{"singular":null,"plural":null},"default_variation":null},"tiered_pricing_minimum_quantity":null,"tiered_pricing_roles_data":[],"tiered_pricing_percentage_rules":[],"tiered_pricing_maximum_quantity":null,"tiered_pricing_quantity_step":null,"_links":{"self":[{"href":"https:\/\/ricovape.com\/de\/wp-json\/wp\/v2\/product\/44504","targetHints":{"allow":["GET"]}}],"collection":[{"href":"https:\/\/ricovape.com\/de\/wp-json\/wp\/v2\/product"}],"about":[{"href":"https:\/\/ricovape.com\/de\/wp-json\/wp\/v2\/types\/product"}],"replies":[{"embeddable":true,"href":"https:\/\/ricovape.com\/de\/wp-json\/wp\/v2\/comments?post=44504"}],"wp:featuredmedia":[{"embeddable":true,"href":"https:\/\/ricovape.com\/de\/wp-json\/wp\/v2\/media\/1527"}],"wp:attachment":[{"href":"https:\/\/ricovape.com\/de\/wp-json\/wp\/v2\/media?parent=44504"}],"wp:term":[{"taxonomy":"product_brand","embeddable":true,"href":"https:\/\/ricovape.com\/de\/wp-json\/wp\/v2\/product_brand?post=44504"},{"taxonomy":"product_cat","embeddable":true,"href":"https:\/\/ricovape.com\/de\/wp-json\/wp\/v2\/product_cat?post=44504"},{"taxonomy":"product_tag","embeddable":true,"href":"https:\/\/ricovape.com\/de\/wp-json\/wp\/v2\/product_tag?post=44504"}],"curies":[{"name":"wp","href":"https:\/\/api.w.org\/{rel}","templated":true}]}}