{"id":41617,"date":"2025-07-07T09:21:14","date_gmt":"2025-07-07T09:21:14","guid":{"rendered":"https:\/\/stage.jrfer.com\/product\/bang-e-shisha-kopf-42k-42000-zuge-goldener-shisha-einweg-vaporizer-mit-led-und-typ-c-aufladung\/"},"modified":"2026-04-07T13:14:46","modified_gmt":"2026-04-07T13:14:46","slug":"bang-e-shisha-head-42000-puffs","status":"publish","type":"product","link":"https:\/\/ricovape.com\/de\/produkt\/bang-e-shisha-head-42000-puffs\/","title":{"rendered":"Bang E-Shisha Kopf 42K | 42000 Z\u00fcge goldener Shisha-Einweg-Vaporizer mit LED und Typ-C-Aufladung"},"content":{"rendered":"<h2>Warum sollten Sie sich f\u00fcr Bang E-Shisha Head 42K entscheiden?<\/h2>\n<ul>\n<li><strong>Massive 42.000 Z\u00fcge:<\/strong> Extrem lange Lebensdauer f\u00fcr maximalen Wert \ud83d\udd25<\/li>\n<li><strong>Akku:<\/strong> 1000 mAh mit Typ-C-Schnellladung \u26a1<\/li>\n<li><strong>Triple Mesh Coil:<\/strong> Sanfter Dampf, reichhaltiger Geschmack und konstante Leistung \ud83c\udf2c\ufe0f<\/li>\n<li><strong>Gold-Finish-Design:<\/strong> Stilvoll, elegant und hochwertig aussehend \u2728<\/li>\n<li><strong>LED-Anzeige:<\/strong> Echtzeit-Zug- und Batterie\u00fcberwachung \ud83d\udcca<\/li>\n<li><strong>Kompakt und tragbar:<\/strong> Leicht zu transportieren f\u00fcr Reisen oder den t\u00e4glichen Gebrauch \ud83c\udf92<\/li>\n<li><strong>Gro\u00dfer E-Liquid-Tank:<\/strong> 30 ml Premium-Saft f\u00fcr l\u00e4ngeren Genuss \ud83c\udf79<\/li>\n<li><strong>Gro\u00dfhandelsfreundlich:<\/strong> Produkt mit hoher Nachfrage f\u00fcr Vape-Shops und H\u00e4ndler \ud83d\udce6<\/li>\n<\/ul>\n<h3>Spezifikationen<\/h3>\n<tbody>\n<tr>\n<td><strong>Puffanzahl:<\/strong><\/td>\n<td>Bis zu 42.000 Z\u00fcge<\/td>\n<\/tr>\n<tr>\n<td><strong>Batterie:<\/strong><\/td>\n<td>1000 mAh wiederaufladbar (Typ-C-Aufladung)<\/td>\n<\/tr>\n<tr>\n<td><strong>E-Liquid-Kapazit\u00e4t:<\/strong><\/td>\n<td>30 ml vorgef\u00fcllt<\/td>\n<\/tr>\n<tr>\n<td><strong>Spulentyp:<\/strong><\/td>\n<td>Dreifach fortschrittliche Mesh-Spulen<\/td>\n<\/tr>\n<tr>\n<td><strong>Anzeige:<\/strong><\/td>\n<td>LED-Bildschirm f\u00fcr Puff- und Batteriestand<\/td>\n<\/tr>\n<tr>\n<td><strong>Design:<\/strong><\/td>\n<td>Goldveredelt, kompakt, tragbar<\/td>\n<\/tr>\n<tr>\n<td><strong>Typ:<\/strong><\/td>\n<td>Einwegartikel, keine Wartung<\/td>\n<\/tr>\n<tr>\n<td><strong>Geschmacksrichtungen:<\/strong><\/td>\n<td>Gro\u00dfe Auswahl an fruchtigen und minzigen Mischungen<\/td>\n<\/tr>\n<\/tbody>\n<\/table>\n<h3>Geschmacksoptionen<\/h3>\n<p>Genie\u00dfen Sie eine k\u00fchne Auswahl an <strong>Bang E-Shisha Head 42K-Geschmacksrichtungen<\/strong> \u2013 zusammengestellt f\u00fcr jeden Geschmack:<\/p>\n<ul>\n<li><strong>Minze:<\/strong> Klassische eisig-k\u00fchle Frische \u2744\ufe0f\ud83c\udf3f<\/li>\n<li><strong>Blaubeerminze:<\/strong> S\u00fc\u00dfe Blaubeere mit erfrischender Minze \ud83e\uded0\ud83c\udf3f<\/li>\n<li><strong>Doppelte \u00c4pfel:<\/strong> Eine knackige Mischung aus roten und gr\u00fcnen \u00c4pfeln \ud83c\udf4f\ud83c\udf4e<\/li>\n<li><strong>Pfirsicheis:<\/strong> Saftiger Pfirsich mit einem frostigen Kick \ud83c\udf51\u2744\ufe0f<\/li>\n<li><strong>Blaubeer-Himbeere:<\/strong> Eine w\u00fcrzig-s\u00fc\u00dfe Beerenmischung \ud83e\uded0\ud83c\udf53<\/li>\n<li><strong>Blaubeereis:<\/strong> Gefrorener Blaubeergenuss \ud83e\uded0\u2744\ufe0f<\/li>\n<li><strong>Blaubeerpfirsich:<\/strong> Saftiger Pfirsich trifft auf s\u00fc\u00dfe Blaubeere \ud83e\uded0\ud83c\udf51<\/li>\n<li><strong>Wassermelone:<\/strong> Erfrischende und saftige Wassermelone \ud83c\udf49<\/li>\n<li><strong>Erdbeer-Wassermelone:<\/strong> Perfekte Mischung aus Erdbeere und Melone \ud83c\udf53\ud83c\udf49<\/li>\n<li><strong>Erdbeer-Litschi:<\/strong> Exotische Litschi mit s\u00fc\u00dfer Erdbeere \ud83c\udf53\ud83e\udd6d<\/li>\n<li><strong>Traubenminze:<\/strong> Kr\u00e4ftiger Traubengeschmack mit einem k\u00fchlenden Minzgeschmack \ud83c\udf47\ud83c\udf3f<\/li>\n<li><strong>Gemischte Fr\u00fcchte:<\/strong> Ein tropischer Cocktail voller fruchtiger K\u00f6stlichkeiten \ud83c\udf4d\ud83c\udf4a\ud83c\udf53<\/li>\n<\/ul>\n<h3>Perfekt f\u00fcr Vielnutzer und Gro\u00dfabnehmer<\/h3>\n<p>Der <strong>Bang E-Shisha Head 42K<\/strong> ist f\u00fcr <strong>Shisha-Liebhaber, Geschmacksj\u00e4ger und Vape-Shops<\/strong> gemacht, die einen <strong>langlebigen, stilvollen und zuverl\u00e4ssigen Einwegartikel<\/strong> ben\u00f6tigen. Mit seiner <strong>Premium-Konstruktion, der Triple-Mesh-Spule und der breiten Geschmackspalette<\/strong> ist es eine ausgezeichnete Wahl f\u00fcr den <strong>Gro\u00dfvertrieb und B2B-K\u00e4ufer<\/strong>. \ud83d\ude80<\/p>\n<h3>FAQ<\/h3>\n<ul>\n<li><strong>Wie lange h\u00e4lt es?<\/strong><br \/>\nBis zu 42.000 Spr\u00fchst\u00f6\u00dfe \u2013 je nach Nutzung wochenlang haltbar.<\/li>\n<li><strong>Ist es wiederaufladbar?<\/strong><br \/>\nJa, es verf\u00fcgt \u00fcber einen 1000-mAh-Akku mit Typ-C-Aufladung.<\/li>\n<li><strong>Muss ich es nachf\u00fcllen oder warten?<\/strong><br \/>\nNein, es ist ein vollst\u00e4ndiger Einwegartikel mit einem gro\u00dfen vorgef\u00fcllten Tank.<\/li>\n<li><strong>Was macht es einzigartig?<\/strong><br \/>\nDas Gold-Finish-Design, die LED-Puff-Anzeige und die Triple-Mesh-Spule heben es von herk\u00f6mmlichen Einwegartikeln ab.<\/li>\n<li><strong>Ist es f\u00fcr den Gro\u00dfhandel geeignet?<\/strong><br \/>\nJa! Mit seiner gro\u00dfen Anzahl an Z\u00fcgen, dem erstklassigen Design und den Geschmacksoptionen ist es bei E-Zigaretten-Shops und H\u00e4ndlern sehr gefragt.<\/li>\n<\/ul>\n","protected":false},"excerpt":{"rendered":"<p>Der <strong>Bang E-Shisha-Kopf 42K<\/strong> \ud83d\udca8 liefert bis zu <strong>42.000 Z\u00fcge<\/strong>, ein erstklassiges <strong>goldenes Design<\/strong>, eine LED-Zuganzeige und einen leistungsstarken wiederaufladbaren Akku \u2013 perfekt f\u00fcr <strong>H\u00e4ndler, Gro\u00dfh\u00e4ndler und starke Shisha-Liebhaber<\/strong>.<\/p>\n","protected":false},"featured_media":1550,"comment_status":"open","ping_status":"closed","template":"","meta":[],"product_brand":[],"product_cat":[612,345],"product_tag":[],"class_list":{"0":"post-41617","1":"product","2":"type-product","3":"status-publish","4":"has-post-thumbnail","6":"product_cat-40000-zuge-einweg-vape","7":"product_cat-bang","9":"first","10":"instock","11":"shipping-taxable","12":"purchasable","13":"product-type-variable","14":"has-default-attributes"},"jetpack_sharing_enabled":true,"tiered_pricing_type":"fixed","tiered_pricing_fixed_rules":{"30":8.3900000000000005684341886080801486968994140625,"50":7.53000000000000024868995751603506505489349365234375,"100":6.79000000000000003552713678800500929355621337890625,"200":6.4199999999999999289457264239899814128875732421875,"400":5.86000000000000031974423109204508364200592041015625},"tiered_pricing_product_settings":{"layout":"default","base_unit_name":{"singular":null,"plural":null},"default_variation":null},"tiered_pricing_minimum_quantity":10,"tiered_pricing_roles_data":[],"tiered_pricing_percentage_rules":[],"tiered_pricing_maximum_quantity":null,"tiered_pricing_quantity_step":"10","_links":{"self":[{"href":"https:\/\/ricovape.com\/de\/wp-json\/wp\/v2\/product\/41617","targetHints":{"allow":["GET"]}}],"collection":[{"href":"https:\/\/ricovape.com\/de\/wp-json\/wp\/v2\/product"}],"about":[{"href":"https:\/\/ricovape.com\/de\/wp-json\/wp\/v2\/types\/product"}],"replies":[{"embeddable":true,"href":"https:\/\/ricovape.com\/de\/wp-json\/wp\/v2\/comments?post=41617"}],"wp:featuredmedia":[{"embeddable":true,"href":"https:\/\/ricovape.com\/de\/wp-json\/wp\/v2\/media\/1550"}],"wp:attachment":[{"href":"https:\/\/ricovape.com\/de\/wp-json\/wp\/v2\/media?parent=41617"}],"wp:term":[{"taxonomy":"product_brand","embeddable":true,"href":"https:\/\/ricovape.com\/de\/wp-json\/wp\/v2\/product_brand?post=41617"},{"taxonomy":"product_cat","embeddable":true,"href":"https:\/\/ricovape.com\/de\/wp-json\/wp\/v2\/product_cat?post=41617"},{"taxonomy":"product_tag","embeddable":true,"href":"https:\/\/ricovape.com\/de\/wp-json\/wp\/v2\/product_tag?post=41617"}],"curies":[{"name":"wp","href":"https:\/\/api.w.org\/{rel}","templated":true}]}}