{"id":41428,"date":"2026-04-06T14:35:00","date_gmt":"2026-04-06T14:35:00","guid":{"rendered":"https:\/\/stage.jrfer.com\/product\/poco-fr80k-einzelverdampfer-mit-vierfacher-netzspule-80-000-zuge-4-in-1\/"},"modified":"2026-04-07T10:43:41","modified_gmt":"2026-04-07T10:43:41","slug":"poco-fr80k-einzelverdampfer-mit-vierfacher-netzspule-80-000-zuge-4-in-1","status":"publish","type":"product","link":"https:\/\/ricovape.com\/de\/produkt\/poco-fr80k-einzelverdampfer-mit-vierfacher-netzspule-80-000-zuge-4-in-1\/","title":{"rendered":"POCO FR80K | Einzelverdampfer mit vierfacher Netzspule, 80.000 Z\u00fcge, 4 in 1"},"content":{"rendered":"<h2>\ud83d\udd25 Perch\u00e9 scegliere i puff POCO FR 80000?<\/h2>\n<ul>\n<li>\ud83d\udca8 <strong>Enorme 80.000 Boccats:<\/strong> Progettate f\u00fcr einen kurzen Termin, ideal f\u00fcr Vaper und Rivenditori Pesanti.<\/li>\n<li>\ud83c\udfa8 <strong>4 Gusti in 1 Vaporizzazione:<\/strong> Erweitern Sie m\u00fchelos vier Premium-Gusti f\u00fcr eine unendliche Vielfalt.<\/li>\n<li>\u26a1 <strong>Sistema di bobine a quattro maglie:<\/strong> 4 bobine a maglie che migliorano il sapore forniscono ein morbide dampf und ein gusto ricco.<\/li>\n<li>\ud83d\udd0b <strong>Abnehmbarer 650-mAh-Akku:<\/strong> Der schnelle Akku von Typ C garantiert eine kosteneffiziente Leistung bis zum letzten Tag.<\/li>\n<li>\ud83e\uddc3 <strong>E-Liquid-Kapazit\u00e4t von 60 ml:<\/strong> Gro\u00dfz\u00fcgiges Liquidvolumen f\u00fcr ein ultralanges Vergn\u00fcgen.<\/li>\n<li>\ud83d\udda5\ufe0f <strong>Kompatibles und langlebiges Design:<\/strong> Es passt sich perfekt dem Man\u00f6ver an und ist f\u00fcr die Dauer mit einer soliden Struktur ausgestattet.<\/li>\n<li>\ud83c\udff7\ufe0f <strong>F\u00fcr den gesamten Verkauf gilt:<\/strong> 10 St\u00fcck pro Packung, ideal f\u00fcr Kauf- und Vertriebsgesch\u00e4fte.<\/li>\n<\/ul>\n<p><img data-recalc-dims=\"1\" decoding=\"async\" style=\"max-width: 100%;display: blocco\" src=\"https:\/\/i0.wp.com\/aiviouvapes.com\/wp-content\/uploads\/2025\/11\/1111.jpg?ssl=1\" alt=\"POCO FR 80K\" title=\"\"><br \/>\n<img data-recalc-dims=\"1\" decoding=\"async\" src=\"https:\/\/i0.wp.com\/aiviouvapes.com\/wp-content\/uploads\/2025\/11\/2222.jpg?ssl=1\" alt=\"POCO FR 80K\" title=\"\"><\/p>\n<p>\u00a0<\/p>\n<h2>\u2699\ufe0f Spezifisch<\/h2>\n<tr>\n<td><strong>Conteggio dei soffi<\/strong><\/td>\n<td>80.000 Boccate<\/td>\n<\/tr>\n<tr>\n<td><strong>Kapazit\u00e4t der Fl\u00fcssigkeit<\/strong><\/td>\n<td>60 ml<\/td>\n<\/tr>\n<tr>\n<td><strong>Potenza della nicotina<\/strong><\/td>\n<td>5 %<\/td>\n<\/tr>\n<tr>\n<td><strong>Batterie<\/strong><\/td>\n<td>650 mAh wiederverwendbar<\/td>\n<\/tr>\n<tr>\n<td><strong>Porta di Ricarica<\/strong><\/td>\n<td>Digitalisieren mit C<\/td>\n<\/tr>\n<tr>\n<td><strong>Tipo di bobina<\/strong><\/td>\n<td>Bobina a quattro maglie (x4)<\/td>\n<\/tr>\n<tr>\n<td><strong>Abmessungen des Ger\u00e4ts<\/strong><\/td>\n<td>100,5 \u00d7 42 \u00d7 44 mm<\/td>\n<\/tr>\n<tr>\n<td><strong>Imballaggio<\/strong><\/td>\n<td>10 Pezzi pro Scatola da esposizione<\/td>\n<\/tr>\n<h2>\ud83c\udf53 Collezione di sapori<\/h2>\n<p>Pr\u00fcfen Sie das <strong>4-in-1-Aromasystem<\/strong> von POCO FR, das f\u00fcr fl\u00fcssige und ausgeglichene \u00dcbertragungen sorgt. Diese Kombination bietet eine einzigartige Mischung aus leckeren Fr\u00fcchten, Gew\u00fcrzen und S\u00fc\u00dfigkeiten, um jeden Gaumen zu erfreuen. \ud83d\ude0b\ud83d\udc47<\/p>\n<ul>\n<li><b>1.<\/b>Fragola Lampone Ciliegia \u2013 Litchi All&#8217;anguria \u2013 Fragola Mirtillo \u2013 Torta Alla Banana<\/li>\n<li><b>2.<\/b>Fragola Anguria \u2013 Fragola Lampone Kiwi \u2013 Ananas Mela \u2013 Ciliegia Mirtillo Rosso<\/li>\n<li><b>3.<\/b>Mirtillo Fragola \u2013 Uva Mirtillo Rosso Pesca \u2013 Bevanda Energetica \u2013 Mirtillo Anguria<\/li>\n<li><b>4.<\/b>Limonata al lampone e mirtillo \u2013 Kiwi alla fragola \u2013 Mango alla fragola \u2013 Frutti di bosco<\/li>\n<li><b>5.<\/b>Fragola Ciliegia \u2013 Lampone Anguria \u2013 Mirtillo Ciliegia Cola \u2013 Mango Ananas<\/li>\n<li><b>6.<\/b>Ciliegia Pesca Limone \u2013 Menta fresca \u2013 Gomma da masticare all&#8217;anguria \u2013 Ghiaccio all&#8217;uva<\/li>\n<li><b>7.<\/b>Mirtillo rosso \u2013 Fragola-Banane \u2013 Mirtillo lampone ciliegia \u2013 Mirtillo Kiwi<\/li>\n<li><b>8.<\/b>Ghiaccio di anguria \u2013 Ananas Cocco \u2013 Pesca Mango Anguria \u2013 Ciliegia Pesca Limone<\/li>\n<li><b>9.<\/b>Uva Fragola \u2013 Mela Pesca \u2013 Fragola Anguria \u2013 Fragola Black Ice Dragon Fruit<\/li>\n<li><b>10.<\/b>Lampone acido al mirtillo \u2013 Ghiaccio all&#8217;ananas al kiwi \u2013 Ciliegia all&#8217;uva \u2013 Uva all&#8217;aloe<\/li>\n<li><strong>11.<\/strong>Fragola Lampone \u2013 Limone Limette \u2013 Mirtillo Black Ice \u2013 Frutto della passione Kiwi Guave<\/li>\n<li><strong>12.<\/strong>Beeren-Kirsch-Limette \u2013 Mela Acida \u2013 Caramella morbida alla pesca e mirtillo \u2013 Cola alla fragola<\/li>\n<li><strong>13.<\/strong>Fragola al frutto del Drago di ghiaccio nero \u2013 Ghiaccio all&#8217;anguria \u2013 Ghiaccio al mirtillo \u2013 Ghiaccio alla pesca<\/li>\n<li><strong>14.<\/strong>Mela Acida \u2013 Lime di Anguria \u2013 Litchi di Anguria e Lampone \u2013 Cola alla Fragola<\/li>\n<li><strong>15.<\/strong>Aloe Uva \u2013 Lampone Pesca Limette \u2013 Pesca Mango Anguria \u2013 Coca Cola<\/li>\n<\/ul>\n<h2>\ud83d\udcac H\u00e4ufig gestellte Fragen (FAQ)<\/h2>\n<p><strong>D:<\/strong> Wie lange dauert ein POCO FR 80000?<br \/>\n<strong>R:<\/strong> Mit einer Masse von 80.000 Boccaten k\u00f6nnen Sie innerhalb einer Sekunde Ihrer Abiturienten in der Schule verschiedene Stunden verbringen.<\/p>\n<p><strong>D:<\/strong> Posso ricaricarlo?<br \/>\n<strong>R:<\/strong> S\u00ec! Der 650-mAh-Akku ist vom Typ C erh\u00e4ltlich und garantiert eine effiziente Stromversorgung f\u00fcr die Verwendung am Zielort.<\/p>\n<p><strong>D:<\/strong> Include pi\u00f9 gusti?<br \/>\n<strong>R:<\/strong> Assolutamente: ogni dispositivo include quattro gusti distinti tra cui puoi passare in qualsiasisi momento!<\/p>\n<p><strong>D:<\/strong> Warum ist dieses Ger\u00e4t besser geeignet?<br \/>\n<strong>R:<\/strong> Perfetto for <strong>Vapers Accaniti, Amanti Degli Aroma<\/strong> und <strong>All&#8217;ingrosso<\/strong> che cercano prestazioni premium e soddisfazione duratura.<\/p>\n<h2>\ud83d\ude80 Perfetto per<\/h2>\n<p>Der Dampfer in den USA und der Kauf eines 4-in-1-Poco FR 80K ist eine hochqualitative Wahl f\u00fcr Rivenditor, Verdampferhandel und Vertrieb, die die Saftvielfalt, den Druck und die Praxis sch\u00e4tzen. Ideal f\u00fcr den Einsatz in Europa und f\u00fcr die Kunden, die ein Cloud-Potenzial mit einem Minimum an Wartungsaufwand w\u00fcnschen. \ud83c\udf2c\ufe0f\ud83d\udc8e<\/p>\n","protected":false},"excerpt":{"rendered":"<p>Besorgen Sie sich den <strong>Vape in den USA und erhalten Sie POCO FR 80000 Puffs<\/strong>, f\u00fcr <strong>4 Ladungen in 1 Ger\u00e4t<\/strong>, einen aufladbaren C-Akku mit 650 mAh und eine vierfach verbesserte Technologie f\u00fcr ein einzigartiges Dampferlebnis definitiv und lange Zeit. Perfekt f\u00fcr den Verkauf, alles in allem in ganz Europa! \ud83c\udf0d\ud83d\udca8<\/p>\n","protected":false},"featured_media":6675,"comment_status":"open","ping_status":"closed","template":"","meta":[],"product_brand":[],"product_cat":[1360,1435,1541,1594,1400,1734],"product_tag":[],"class_list":{"0":"post-41428","1":"product","2":"type-product","3":"status-publish","4":"has-post-thumbnail","6":"product_cat-einweg-vapes-in-deutschland","7":"product_cat-einweg-vapes-in-italien","8":"product_cat-einweg-vapes-in-polen","9":"product_cat-einweg-vapes-in-spanien","10":"product_cat-einweg-vapes-in-ungarn","11":"product_cat-poco","13":"first","14":"outofstock","15":"shipping-taxable","16":"product-type-variable","17":"has-default-attributes"},"jetpack_sharing_enabled":true,"tiered_pricing_type":"fixed","tiered_pricing_fixed_rules":[],"tiered_pricing_product_settings":{"layout":"default","base_unit_name":{"singular":null,"plural":null},"default_variation":null},"tiered_pricing_minimum_quantity":null,"tiered_pricing_roles_data":[],"tiered_pricing_percentage_rules":[],"tiered_pricing_maximum_quantity":null,"tiered_pricing_quantity_step":null,"_links":{"self":[{"href":"https:\/\/ricovape.com\/de\/wp-json\/wp\/v2\/product\/41428","targetHints":{"allow":["GET"]}}],"collection":[{"href":"https:\/\/ricovape.com\/de\/wp-json\/wp\/v2\/product"}],"about":[{"href":"https:\/\/ricovape.com\/de\/wp-json\/wp\/v2\/types\/product"}],"replies":[{"embeddable":true,"href":"https:\/\/ricovape.com\/de\/wp-json\/wp\/v2\/comments?post=41428"}],"wp:featuredmedia":[{"embeddable":true,"href":"https:\/\/ricovape.com\/de\/wp-json\/wp\/v2\/media\/6675"}],"wp:attachment":[{"href":"https:\/\/ricovape.com\/de\/wp-json\/wp\/v2\/media?parent=41428"}],"wp:term":[{"taxonomy":"product_brand","embeddable":true,"href":"https:\/\/ricovape.com\/de\/wp-json\/wp\/v2\/product_brand?post=41428"},{"taxonomy":"product_cat","embeddable":true,"href":"https:\/\/ricovape.com\/de\/wp-json\/wp\/v2\/product_cat?post=41428"},{"taxonomy":"product_tag","embeddable":true,"href":"https:\/\/ricovape.com\/de\/wp-json\/wp\/v2\/product_tag?post=41428"}],"curies":[{"name":"wp","href":"https:\/\/api.w.org\/{rel}","templated":true}]}}