{"id":36252,"date":"2025-09-05T08:06:20","date_gmt":"2025-09-05T08:06:20","guid":{"rendered":"https:\/\/stage.jrfer.com\/product\/waspe-100k-4-in-1-100-000-puffs-bulk-einweg-vape-mit-vier-geschmacksrichtungen\/"},"modified":"2026-04-07T12:06:11","modified_gmt":"2026-04-07T12:06:11","slug":"waspe-100k-4-in-1-100000-puffs-quad-flavor-bulk-disposable-vape","status":"publish","type":"product","link":"https:\/\/ricovape.com\/de\/produkt\/waspe-100k-4-in-1-100000-puffs-quad-flavor-bulk-disposable-vape\/","title":{"rendered":"WASPE 100K 4-in-1 100.000 Puffs | Bulk-Einweg-Vape mit vier Geschmacksrichtungen"},"content":{"rendered":"<h2>Warum sollten Sie sich f\u00fcr WASPE 100K 4-in-1 entscheiden?<\/h2>\n<ul>\n<li><strong>Un\u00fcbertroffene Hauchanzahl:<\/strong> Riesige <strong>100.000 Z\u00fcge<\/strong> f\u00fcr eine extrem lange Anwendung \ud83d\udd25<\/li>\n<li><strong>4-in-1-Geschmackssystem:<\/strong> Wechseln Sie sofort zwischen <strong>4 Geschmacksrichtungen<\/strong>, ohne die Ger\u00e4te auszutauschen \ud83c\udf49\ud83c\udf53\ud83e\udd6d\ud83c\udf52<\/li>\n<li><strong>Quad Mesh Coil (1,0 \u03a9):<\/strong> Sanfter Dampf, kr\u00e4ftiger Geschmack und jedes Mal gleichm\u00e4\u00dfige Z\u00fcge \ud83d\udca8<\/li>\n<li><strong>Wiederaufladbarer 650-mAh-Akku:<\/strong> Zuverl\u00e4ssige Stromversorgung mit <strong>Typ-C-Schnellladung<\/strong> \u26a1<\/li>\n<li><strong>Riesiges 56 ml E-Liquid:<\/strong> Vorgef\u00fcllt f\u00fcr langanhaltenden Genuss \u2714\ufe0f<\/li>\n<li><strong>Nikotinoptionen:<\/strong> W\u00e4hlen Sie 0 %, 2 % oder 5 %, passend zu jeder Pr\u00e4ferenz \ud83d\udeac\u27a1\ufe0f\ud83d\udca8<\/li>\n<li><strong>Kompakt und tragbar:<\/strong> Taschenfreundliche Gr\u00f6\u00dfe mit <strong>142 g leichtem Aufbau<\/strong> \ud83d\udcf1<\/li>\n<li><strong>Gro\u00dfhandelsbereit:<\/strong> Ein Verkaufsschlager f\u00fcr Einzelh\u00e4ndler und Gro\u00dfh\u00e4ndler, die Massenprodukte auf Lager haben m\u00f6chten \ud83d\udce6<\/li>\n<\/ul>\n<h3>Spezifikationen<\/h3>\n<tbody>\n<tr>\n<td><strong>Puffanzahl:<\/strong><\/td>\n<td>Bis zu 100.000<\/td>\n<\/tr>\n<tr>\n<td><strong>Geschmacksrichtungen:<\/strong><\/td>\n<td>4-in-1 umschaltbare Geschmacksrichtungen<\/td>\n<\/tr>\n<tr>\n<td><strong>Spule:<\/strong><\/td>\n<td>1,0 \u03a9 Quad-Mesh-Spule<\/td>\n<\/tr>\n<tr>\n<td><strong>E-Liquid-Kapazit\u00e4t:<\/strong><\/td>\n<td>56 ml<\/td>\n<\/tr>\n<tr>\n<td><strong>Batterie:<\/strong><\/td>\n<td>650 mAh wiederaufladbar<\/td>\n<\/tr>\n<tr>\n<td><strong>Aufladen:<\/strong><\/td>\n<td>Typ-C-Schnellladung<\/td>\n<\/tr>\n<tr>\n<td><strong>Nikotinst\u00e4rken:<\/strong><\/td>\n<td>0 %, 2 %, 5 %<\/td>\n<\/tr>\n<tr>\n<td><strong>Abmessungen:<\/strong><\/td>\n<td>47 \u00d7 47 \u00d7 118 mm<\/td>\n<\/tr>\n<tr>\n<td><strong>Gewicht:<\/strong><\/td>\n<td>142 g<\/td>\n<\/tr>\n<tr>\n<td><strong>Gro\u00dfhandelsverpackung:<\/strong><\/td>\n<td>Gro\u00dfbestellung m\u00f6glich<\/td>\n<\/tr>\n<\/tbody>\n<\/table>\n<h3>Geschmacksauswahl<\/h3>\n<p>Der <strong>WASPE 100K 4-in-1<\/strong> bietet ein aufregendes <strong>Quad-Geschmackssystem<\/strong>, das Ihnen vier einzigartige Geschmackserlebnisse in einem Ger\u00e4t bietet \ud83c\udf08. Beliebte Mischungen sind:<\/p>\n<ul>\n<li><strong>Wassermeloneneis, Erdbeer-Kiwi, Himbeer-Wassermelone, Zitronen-Limette<\/strong> \u2013 Erfrischende Fruchtkombination mit pikantem Abgang.<\/li>\n<li><strong>Erdbeer-Wassermelone, MR.Blue, Grape Ice, Rainbow Candy<\/strong> \u2013 S\u00fc\u00dfe, eisige und von S\u00fc\u00dfigkeiten inspirierte Mischung.<\/li>\n<li><strong>Red Bull Ice, Banana Ice, Pineapple Coconut Ice, Triple Mango Ice<\/strong> \u2013 Tropische und energiegeladene Fusionen.<\/li>\n<li><strong>Erdbeer-Himbeer-Kirsche, Crazy Cherry Ice, Blue Cherry Ice, Cola Ice<\/strong> \u2013 Fruchtiger Sprudel mit Kirschgeschmack.<\/li>\n<li><strong>Erdbeer-Banane, Erdbeer-Red Bull, Erdbeer-Mango, rosa Limonade<\/strong> \u2013 ein Paradies f\u00fcr Erdbeerliebhaber.<\/li>\n<li><strong>Blueberry Ice, Black Knight, Strawberry Ice, Strawberry Watermelon<\/strong> \u2013 S\u00fc\u00dfe, kr\u00e4ftige und eisige Fruchtschichten.<\/li>\n<li><strong>Kirsch-Cola-Eis, Erdbeer-Kirsch-Eis, Erdbeer-Cola-Eis, Erdbeer-Wassermelonen-Kaugummi<\/strong> \u2013 kohlens\u00e4urehaltige und bonbons\u00fc\u00dfe Mischungen.<\/li>\n<li><strong>Juicy Peach Ice, Tropical Fruit, Fruit Blast, Peach Berry<\/strong> \u2013 Saftige und exotisch fruchtige Explosion.<\/li>\n<li><strong>Traubeneis, Erdbeer-Kiwi, Erdbeer-Himbeer-Kirsche, Black Knight<\/strong> \u2013 Kr\u00e4ftige Trauben- und Beerenmischung.<\/li>\n<li><strong>Gemischte Beeren, doppeltes Apfeleis, Blaubeer-Himbeere, Blaubeerhonig<\/strong> \u2013 s\u00fc\u00df, sauer und honigsatt.<\/li>\n<li><strong>Strawberry Red Bull, Strawberry Watermelon Bubblegum, Red Bull Ice, Cherry Cola Ice<\/strong> \u2013 Energy-Drink-Twist mit fruchtigen S\u00fc\u00dfigkeiten.<\/li>\n<li><strong>Blaubeer-Himbeere, Blaubeer-Limonade, gemischte Beeren, Traubenhonig-Eis<\/strong> \u2013 Beerenreich mit einem erfrischenden Limonaden-Abgang.<\/li>\n<\/ul>\n<h3>Perfekt f\u00fcr Einzel- und Gro\u00dfhandel<\/h3>\n<p>Der <strong>WASPE 100K 4-in-1<\/strong> wurde f\u00fcr <strong>starke Dampfer, Geschmacksliebhaber, Vape-Shops und H\u00e4ndler<\/strong> entwickelt. Mit seinem <strong>Vierfach-Geschmackswechsel<\/strong>, der enormen Anzahl von <strong>100.000 Z\u00fcgen<\/strong> und der <strong>gro\u00dfhandelsfertigen Verpackung<\/strong> ist es darauf ausgelegt, einzelne Benutzer zufrieden zu stellen und gleichzeitig den Wiederverkaufswert zu maximieren.<\/p>\n<h3>FAQ<\/h3>\n<ul>\n<li><strong>Wie viele Geschmacksrichtungen sind in einem Ger\u00e4t?<\/strong><br \/>\nJede Einheit enth\u00e4lt 4 umschaltbare Geschmacksrichtungen.<\/li>\n<li><strong>Ist es wiederaufladbar?<\/strong><br \/>\nJa, es verf\u00fcgt \u00fcber einen wiederaufladbaren 650-mAh-Akku mit Typ-C-Aufladung.<\/li>\n<li><strong>Wie viele Z\u00fcge pro Ger\u00e4t?<\/strong><br \/>\nBis zu 100.000 Z\u00fcge je nach Nutzung.<\/li>\n<li><strong>Welche Nikotinst\u00e4rken gibt es?<\/strong><br \/>\n0 %, 2 % und 5 % f\u00fcr alle Vorlieben.<\/li>\n<li><strong>Ist es Gro\u00dfhandelsfreundlich?<\/strong><br \/>\nJa, die Verpackung und der Preis sind perfekt f\u00fcr H\u00e4ndler und Vape-Shops.<\/li>\n<li><strong>Wer sollte es kaufen?<\/strong><br \/>\nIdeal f\u00fcr Vielnutzer, Geschmacksj\u00e4ger, Einzel- und Gro\u00dfh\u00e4ndler, die einen erstklassigen Einweg-Vaporizer suchen.<\/li>\n<\/ul>\n","protected":false},"excerpt":{"rendered":"<p>Der <strong>WASPE 100K 4-in-1<\/strong> \ud83d\udca8 ist ein Einweg-Vaporizer mit gro\u00dfer Kapazit\u00e4t, der bis zu <strong>100.000 Z\u00fcge<\/strong> mit 4 Geschmacksrichtungen in einem Ger\u00e4t bietet. Perfekt f\u00fcr Vape-Shops, H\u00e4ndler und Vieldampfer, die maximale Vielfalt und Langlebigkeit suchen.<\/p>\n","protected":false},"featured_media":5636,"comment_status":"open","ping_status":"closed","template":"","meta":[],"product_brand":[],"product_cat":[390],"product_tag":[],"class_list":{"0":"post-36252","1":"product","2":"type-product","3":"status-publish","4":"has-post-thumbnail","6":"product_cat-waspe","8":"first","9":"instock","10":"shipping-taxable","11":"purchasable","12":"product-type-variable","13":"has-default-attributes"},"jetpack_sharing_enabled":true,"tiered_pricing_type":"fixed","tiered_pricing_fixed_rules":{"30":9.6300000000000007815970093361102044582366943359375,"50":7.9000000000000003552713678800500929355621337890625,"100":7.6500000000000003552713678800500929355621337890625,"200":6.9900000000000002131628207280300557613372802734375,"400":6.54000000000000003552713678800500929355621337890625},"tiered_pricing_product_settings":{"layout":"default","base_unit_name":{"singular":null,"plural":null},"default_variation":null},"tiered_pricing_minimum_quantity":10,"tiered_pricing_roles_data":[],"tiered_pricing_percentage_rules":[],"tiered_pricing_maximum_quantity":null,"tiered_pricing_quantity_step":"10","_links":{"self":[{"href":"https:\/\/ricovape.com\/de\/wp-json\/wp\/v2\/product\/36252","targetHints":{"allow":["GET"]}}],"collection":[{"href":"https:\/\/ricovape.com\/de\/wp-json\/wp\/v2\/product"}],"about":[{"href":"https:\/\/ricovape.com\/de\/wp-json\/wp\/v2\/types\/product"}],"replies":[{"embeddable":true,"href":"https:\/\/ricovape.com\/de\/wp-json\/wp\/v2\/comments?post=36252"}],"wp:featuredmedia":[{"embeddable":true,"href":"https:\/\/ricovape.com\/de\/wp-json\/wp\/v2\/media\/5636"}],"wp:attachment":[{"href":"https:\/\/ricovape.com\/de\/wp-json\/wp\/v2\/media?parent=36252"}],"wp:term":[{"taxonomy":"product_brand","embeddable":true,"href":"https:\/\/ricovape.com\/de\/wp-json\/wp\/v2\/product_brand?post=36252"},{"taxonomy":"product_cat","embeddable":true,"href":"https:\/\/ricovape.com\/de\/wp-json\/wp\/v2\/product_cat?post=36252"},{"taxonomy":"product_tag","embeddable":true,"href":"https:\/\/ricovape.com\/de\/wp-json\/wp\/v2\/product_tag?post=36252"}],"curies":[{"name":"wp","href":"https:\/\/api.w.org\/{rel}","templated":true}]}}