{"id":35993,"date":"2025-07-07T09:21:14","date_gmt":"2025-07-07T09:21:14","guid":{"rendered":"https:\/\/stage.jrfer.com\/product\/mrvi-df-40k-dual-flavour-40-000-zuge-einweg-vaporizer-mit-dual-mesh-spule\/"},"modified":"2026-04-07T13:09:53","modified_gmt":"2026-04-07T13:09:53","slug":"mrvi-df-40000-puffs","status":"publish","type":"product","link":"https:\/\/ricovape.com\/de\/produkt\/mrvi-df-40000-puffs\/","title":{"rendered":"MRVI DF 40K Dual Flavour | 40.000 Z\u00fcge Einweg-Vaporizer mit Dual-Mesh-Spule"},"content":{"rendered":"<h2>Warum sollten Sie sich f\u00fcr MRVI DF 40K entscheiden?<\/h2>\n<ul>\n<li><strong>Enorme Zuganzahl:<\/strong> Bis zu 40.000 Z\u00fcge f\u00fcr wochenlanges Dampfen \ud83d\udd25<\/li>\n<li><strong>Dual Mesh Coil:<\/strong> Reichhaltiger Geschmack, sanfter Throat Hit und dichter Dampf \ud83c\udf2c\ufe0f<\/li>\n<li><strong>Dual Flavour Combos:<\/strong> 2-in-1-Geschmackserlebnis in jedem Ger\u00e4t \ud83c\udf53\ud83e\udd6d\ud83c\udf49<\/li>\n<li><strong>Wiederaufladbarer Akku:<\/strong> 850 mAh Kapazit\u00e4t mit Typ-C-Schnellladung \u26a1<\/li>\n<li><strong>Gro\u00dfer Safttank:<\/strong> 40 ml, vorgef\u00fcllt mit Premium-E-Liquid \ud83c\udf79<\/li>\n<li><strong>Nikotinoptionen:<\/strong> W\u00e4hlen Sie zwischen 2 % oder 5 % tabakfreiem Nikotin \ud83d\udcaf<\/li>\n<li><strong>Kompakt und ergonomisch:<\/strong> Taschenfreundliches Design f\u00fcr den Einsatz unterwegs \ud83d\udee9\ufe0f<\/li>\n<li><strong>Gro\u00dfhandelsfertig:<\/strong> Verpackt zu 10 St\u00fcck pro Display-Box, ideal f\u00fcr H\u00e4ndler \ud83d\udce6<\/li>\n<\/ul>\n<h3>Spezifikationen<\/h3>\n<tbody>\n<tr>\n<td><strong>Puffkapazit\u00e4t:<\/strong><\/td>\n<td>Bis zu 40.000 Z\u00fcge<\/td>\n<\/tr>\n<tr>\n<td><strong>E-Liquid-Kapazit\u00e4t:<\/strong><\/td>\n<td>40 ml<\/td>\n<\/tr>\n<tr>\n<td><strong>Batterie:<\/strong><\/td>\n<td>850 mAh wiederaufladbar (Typ-C-Aufladung)<\/td>\n<\/tr>\n<tr>\n<td><strong>Spulentyp:<\/strong><\/td>\n<td>Dual-Mesh-Spule<\/td>\n<\/tr>\n<tr>\n<td><strong>Nikotinst\u00e4rken:<\/strong><\/td>\n<td>2 % oder 5 %<\/td>\n<\/tr>\n<tr>\n<td><strong>Aktivierung:<\/strong><\/td>\n<td>Zum Aktivieren einatmen, keine Tasten<\/td>\n<\/tr>\n<tr>\n<td><strong>Ger\u00e4tegr\u00f6\u00dfe:<\/strong><\/td>\n<td>92*41*19mm (kompakt und ergonomisch)<\/td>\n<\/tr>\n<tr>\n<td><strong>Gro\u00dfhandelspaket:<\/strong><\/td>\n<td>10 St\u00fcck pro Display-Box<\/td>\n<\/tr>\n<\/tbody>\n<\/table>\n<h3>Geschmacksoptionen<\/h3>\n<p>Der <strong>MRVI DF 40K<\/strong> bringt den Geschmack mit <strong>Kombinationen mit zwei Geschmacksrichtungen<\/strong> in jedem Ger\u00e4t auf die n\u00e4chste Stufe \u2013 doppelt so viel Geschmack, doppelt so viel Spa\u00df! \ud83c\udf89<\/p>\n<ul>\n<li><strong>Blaubeer-Wassermelone und Erdbeer-Mango:<\/strong> Eine fruchtige Explosion aus Beeren, Melone und tropischer S\u00fc\u00dfe \ud83c\udf53\ud83c\udf49\ud83e\udd6d<\/li>\n<li><strong>Wassermeloneneis und Regenbogenbonbons:<\/strong> K\u00fchle Melonenfrische mit einem s\u00fc\u00dfen Bonbon-Touch \ud83c\udf49\ud83c\udf6c\u2744\ufe0f<\/li>\n<li><strong>Red Bull &amp; Coffee Ice:<\/strong> Energiegeladene Mischung aus kohlens\u00e4urehaltigem Red Bull und Eiskaffee \u2615\u26a1<\/li>\n<li><strong>Ananas-Kokosnuss und rosa Limonade:<\/strong> Tropisches Paradies mit einem Zitrus-Kick \ud83c\udf4d\ud83e\udd65\ud83c\udf4b<\/li>\n<li><strong>Triple Berry Ice &amp; Black Currant Ice:<\/strong> Beerenmischung mit eisigem Abgang \ud83e\uded0\ud83c\udf53\u2744\ufe0f<\/li>\n<li><strong>Pfirsich-Mango und saurer Apfel:<\/strong> Saftige S\u00fc\u00dfe, ausgeglichen mit s\u00e4uerlichem gr\u00fcnen Apfel \ud83c\udf51\ud83e\udd6d\ud83c\udf4f<\/li>\n<li><strong>Black Dragon Ice &amp; Blueberry Cranberry:<\/strong> Kr\u00e4ftige und erfrischende Mischung aus exotischen dunklen Fr\u00fcchten und w\u00fcrzigen Beeren \ud83d\udc09\ud83e\uded0<\/li>\n<li><strong>Erdbeer-Kiwi- und Traubeneis:<\/strong> S\u00fc\u00df-s\u00e4uerliches Fruchtduo mit frostigem Trauben-Abgang \ud83c\udf53\ud83e\udd5d\ud83c\udf47<\/li>\n<\/ul>\n<h3>Perfekt f\u00fcr Vape-Liebhaber und Gro\u00dfk\u00e4ufer<\/h3>\n<p>Der <strong>MRVI DF 40K<\/strong> wurde f\u00fcr <strong>starke Dampfer, Geschmacksliebhaber und Ladenbesitzer<\/strong> entwickelt, die ein Ger\u00e4t ben\u00f6tigen, das <strong>gro\u00dfe Puffkapazit\u00e4t, erstklassigen Geschmack und eine Gro\u00dfhandelsverpackung<\/strong> vereint. Mit der Innovation in zwei Geschmacksrichtungen und der reibungslosen Leistung ist es die erste Wahl sowohl f\u00fcr <strong>B2C- als auch f\u00fcr B2B-M\u00e4rkte<\/strong>. \ud83d\udce6\ud83d\udd25<\/p>\n<h3>FAQ<\/h3>\n<ul>\n<li><strong>Wie lange h\u00e4lt MRVI DF 40K?<\/strong><br \/>\nBis zu 40.000 Z\u00fcge, je nach Verwendungsstil.<\/li>\n<li><strong>Ist es wiederaufladbar?<\/strong><br \/>\nJa, mit einem 850-mAh-Akku und Typ-C-Schnellladung.<\/li>\n<li><strong>Verwendet es Schaltfl\u00e4chen?<\/strong><br \/>\nNein, es wird zur einfachen Anwendung durch Inhalation aktiviert.<\/li>\n<li><strong>Was macht es einzigartig?<\/strong><br \/>\nDas <strong>Dual-Flavor-System<\/strong>, die <strong>Dual-Mesh-Spule<\/strong> und das <strong>intelligente, kompakte Design<\/strong> zeichnen ihn aus.<\/li>\n<li><strong>Ist es f\u00fcr den Gro\u00dfhandel geeignet?<\/strong><br \/>\nJa! Es wird in 10er-Displayboxen geliefert, ideal f\u00fcr H\u00e4ndler und E-Zigaretten-Einzelh\u00e4ndler.<\/li>\n<\/ul>\n","protected":false},"excerpt":{"rendered":"<p class=\"\" data-start=\"97\" data-end=\"366\">Der <strong>MRVI DF 40K<\/strong> \ud83d\udca8 liefert bis zu <strong>40.000 sanfte Z\u00fcge<\/strong> mit Dual-Geschmackskombinationen, Dual-Mesh-Spulen und einem wiederaufladbaren Akku \u2013 perfekt f\u00fcr <strong>Gro\u00dfh\u00e4ndler, Vape-Shops und Vielnutzer<\/p>\n","protected":false},"featured_media":1576,"comment_status":"open","ping_status":"closed","template":"","meta":[],"product_brand":[],"product_cat":[612,1077,1704,1115],"product_tag":[],"class_list":{"0":"post-35993","1":"product","2":"type-product","3":"status-publish","4":"has-post-thumbnail","6":"product_cat-40000-zuge-einweg-vape","7":"product_cat-dual-mesh-vapes","8":"product_cat-mrvi","9":"product_cat-vapes-mit-zwei-geschmacksrichtungen","11":"first","12":"instock","13":"shipping-taxable","14":"purchasable","15":"product-type-variable","16":"has-default-attributes"},"jetpack_sharing_enabled":true,"tiered_pricing_type":"fixed","tiered_pricing_fixed_rules":{"100":6.11000000000000031974423109204508364200592041015625,"200":5.4900000000000002131628207280300557613372802734375,"400":5.17999999999999971578290569595992565155029296875},"tiered_pricing_product_settings":{"layout":"default","base_unit_name":{"singular":null,"plural":null},"default_variation":null},"tiered_pricing_minimum_quantity":50,"tiered_pricing_roles_data":[],"tiered_pricing_percentage_rules":[],"tiered_pricing_maximum_quantity":null,"tiered_pricing_quantity_step":"10","_links":{"self":[{"href":"https:\/\/ricovape.com\/de\/wp-json\/wp\/v2\/product\/35993","targetHints":{"allow":["GET"]}}],"collection":[{"href":"https:\/\/ricovape.com\/de\/wp-json\/wp\/v2\/product"}],"about":[{"href":"https:\/\/ricovape.com\/de\/wp-json\/wp\/v2\/types\/product"}],"replies":[{"embeddable":true,"href":"https:\/\/ricovape.com\/de\/wp-json\/wp\/v2\/comments?post=35993"}],"wp:featuredmedia":[{"embeddable":true,"href":"https:\/\/ricovape.com\/de\/wp-json\/wp\/v2\/media\/1576"}],"wp:attachment":[{"href":"https:\/\/ricovape.com\/de\/wp-json\/wp\/v2\/media?parent=35993"}],"wp:term":[{"taxonomy":"product_brand","embeddable":true,"href":"https:\/\/ricovape.com\/de\/wp-json\/wp\/v2\/product_brand?post=35993"},{"taxonomy":"product_cat","embeddable":true,"href":"https:\/\/ricovape.com\/de\/wp-json\/wp\/v2\/product_cat?post=35993"},{"taxonomy":"product_tag","embeddable":true,"href":"https:\/\/ricovape.com\/de\/wp-json\/wp\/v2\/product_tag?post=35993"}],"curies":[{"name":"wp","href":"https:\/\/api.w.org\/{rel}","templated":true}]}}