{"id":33335,"date":"2025-07-07T09:21:14","date_gmt":"2025-07-07T09:21:14","guid":{"rendered":"https:\/\/stage.jrfer.com\/product\/bang-blaze-4-in-1-60000-puffs-einweg-vape-mit-multi-geschmack-schalter-fur-den-groshandel\/"},"modified":"2026-04-07T13:04:06","modified_gmt":"2026-04-07T13:04:06","slug":"bang-blaze-4-in-1-60000","status":"publish","type":"product","link":"https:\/\/ricovape.com\/de\/produkt\/bang-blaze-4-in-1-60000\/","title":{"rendered":"Bang Blaze 4-in-1 60000 Puffs | Einweg-Vape mit Multi-Geschmack-Schalter f\u00fcr den Gro\u00dfhandel"},"content":{"rendered":"<h2>Warum sollten Sie sich f\u00fcr Bang Blaze 4-in-1 60000 Puffs entscheiden?<\/h2>\n<ul>\n<li><strong>60.000 Z\u00fcge:<\/strong> Extra lange Lebensdauer bedeutet weniger Austausch und besseres Preis-Leistungs-Verh\u00e4ltnis \ud83d\udd25<\/li>\n<li><strong>4-in-1-Geschmackswechsel:<\/strong> Wechseln Sie sofort zwischen vier einzigartigen Geschmacksrichtungen in einem Ger\u00e4t \ud83c\udf49\ud83c\udf52\ud83c\udf4a<\/li>\n<li><strong>60 ml vorgef\u00fclltes E-Liquid:<\/strong> Riesiger Tank f\u00fcr l\u00e4ngere Sitzungen ohne Nachf\u00fcllen \ud83e\udd64<\/li>\n<li><strong>Intelligentes digitales Display:<\/strong> Batterie- und E-Liquid-Tracking in Echtzeit \ud83d\udcca<\/li>\n<li><strong>Wiederaufladbarer Akku:<\/strong> 650 mAh Typ-C-Schnellladung sorgt daf\u00fcr, dass Sie auch unterwegs mit Strom versorgt sind \u26a1<\/li>\n<li><strong>1,0 \u03a9 Mesh Coil:<\/strong> Sanfter Dampf, kr\u00e4ftiger Geschmack und gleichm\u00e4\u00dfige Wolken \ud83c\udf2c\ufe0f<\/li>\n<li><strong>Nikotinoptionen:<\/strong> Erh\u00e4ltlich in 0 %, 2 %, 3 % oder 5 %, um allen Bed\u00fcrfnissen gerecht zu werden \ud83d\udcaf<\/li>\n<li><strong>Gro\u00dfhandelsfreundlich:<\/strong> Entwickelt f\u00fcr Gesch\u00e4fte, H\u00e4ndler und Gro\u00dfabnehmer \ud83d\udce6<\/li>\n<\/ul>\n<h3>Spezifikationen<\/h3>\n<tbody>\n<tr>\n<td><strong>Puffkapazit\u00e4t:<\/strong><\/td>\n<td>Bis zu 60.000 Z\u00fcge<\/td>\n<\/tr>\n<tr>\n<td><strong>E-Liquid-Kapazit\u00e4t:<\/strong><\/td>\n<td>60 ml vorgef\u00fcllt<\/td>\n<\/tr>\n<tr>\n<td><strong>Batterie:<\/strong><\/td>\n<td>650 mAh wiederaufladbar (Typ-C-Schnellladung)<\/td>\n<\/tr>\n<tr>\n<td><strong>Spule:<\/strong><\/td>\n<td>1,0-\u03a9-Mesh-Spule<\/td>\n<\/tr>\n<tr>\n<td><strong>Nikotinst\u00e4rken:<\/strong><\/td>\n<td>0 %, 2 %, 3 %, 5 %<\/td>\n<\/tr>\n<tr>\n<td><strong>Anzeige:<\/strong><\/td>\n<td>Intelligenter digitaler Bildschirm (\u00d6l- und Batteriestand)<\/td>\n<\/tr>\n<tr>\n<td><strong>Geschmacksrichtungen pro Ger\u00e4t:<\/strong><\/td>\n<td>4 Geschmacksrichtungen vorinstalliert (jederzeit wechseln)<\/td>\n<\/tr>\n<\/tbody>\n<\/table>\n<h3>Geschmacksoptionen<\/h3>\n<p>Jedes <strong>Bang Blaze 4-in-1<\/strong>-Ger\u00e4t ist mit <strong>vier verschiedenen Geschmacksrichtungen<\/strong> ausgestattet, sodass Ihnen nie langweilig wird \ud83c\udf89. Hier sind die leckeren Kombinationen:<\/p>\n<ul>\n<li><strong>Wassermeloneneis \/ Blaubeerminze \/ Fuji-Eis \/ Limettenromantik:<\/strong> K\u00fchl, fruchtig und erfrischend \ud83c\udf49\ud83e\uded0\ud83c\udf4b<\/li>\n<li><strong>Wassermeloneneis \/ Blaubeerkirsche \/ Sommerzeit \/ Saure Mango-Ananas:<\/strong> Tropische S\u00fc\u00dfe mit einem sauren Kick \ud83c\udfdd\ufe0f<\/li>\n<li><strong>Blaubeereis \/ Pfirsicheis \/ Regenbogen-S\u00fc\u00dfigkeit \/ Zitronen-Sauer-Orange:<\/strong> Fruchtig, s\u00fc\u00df und w\u00fcrzig in einem \ud83c\udf6c\ud83c\udf51\ud83c\udf4b<\/li>\n<li><strong>Blaubeereis \/ Pfirsich-Mango-Wassermelone \/ Leidenschaftlicher Kuss \/ Melonen-Apfel:<\/strong> Saftige exotische Mischungen \ud83c\udf4e\ud83e\udd6d\ud83c\udf49<\/li>\n<li><strong>Blaubeer-Himbeere \/ Gemischte Beere \/ Kalifornische Kirsche \/ Passionsfrucht-Mango:<\/strong> Beerenexplosion mit tropischen Akzenten \ud83e\uded0\ud83c\udf52\ud83e\udd6d<\/li>\n<li><strong>Blaubeer-Himbeere \/ Traubeneis \/ Beereneis \/ Aloe-Mango-Melone:<\/strong> Frische Frucht mit eisiger Geschmeidigkeit \u2744\ufe0f\ud83c\udf47<\/li>\n<li><strong>Energie-Trinken \/ Erdbeerbanane \/ Mango-Pfirsich-Aprikose \/ Passionsfrucht-Kiwi-Limette:<\/strong> Energetisierend und fruchtig \u26a1\ud83c\udf4c\ud83e\udd5d<\/li>\n<li><strong>Energie-Trinken \/ Blaubeer-Wassermelone \/ Saure Apfel-Himbeere \/ Gummib\u00e4rchen:<\/strong> Lustig, spritzig und bonbonartig \ud83c\udf6c\ud83c\udf4f<\/li>\n<li><strong>Erdbeer-Mango \/ Wassermelonen-Kaugummi \/ Roter Mojito \/ Liebe66:<\/strong> Kr\u00e4ftige Fruchtmischungen mit einem minzigen Touch \ud83c\udf53\ud83c\udf49<\/li>\n<li><strong>Erdbeer-Mango \/ Erdbeer-Kiwi \/ Apfeltraube \/ Wassermelonen-Drachenfrucht:<\/strong> Exotische S\u00fc\u00dfe mit erfrischender Atmosph\u00e4re \ud83d\udc09\ud83c\udf47<\/li>\n<li><strong>Erdbeer-Wassermelone \/ Schwarzes Eis \/ Dreizehn Melone \/ Preiselbeere-Traube:<\/strong> Reichhaltige Fruchtmischungen und eisige K\u00fchle \u2744\ufe0f\ud83c\udf47<\/li>\n<li><strong>Erdbeer-Wassermelone \/ Kiwi-Passionsfrucht-Guave \/ Mango-Eis \/ Wassermelone-Sauerpfirsich:<\/strong> S\u00fc\u00df, w\u00fcrzig und tropisch \ud83c\udf51\ud83e\udd6d\ud83e\udd5d<\/li>\n<\/ul>\n<h3>Perfekt f\u00fcr Vielnutzer und Gro\u00dfabnehmer<\/h3>\n<p>Der <strong>Bang Blaze 4-in-1 60000 Puffs<\/strong> ist ideal f\u00fcr <strong>Geschmacksj\u00e4ger, Vieldampfer, Vape-Shops und Gro\u00dfh\u00e4ndler<\/strong>. Mit <strong>der enormen Puffkapazit\u00e4t, dem Komfort mehrerer Geschmacksrichtungen und den intelligenten Funktionen<\/strong> bietet dieses Ger\u00e4t einen un\u00fcbertroffenen Wert und eine un\u00fcbertroffene Attraktivit\u00e4t f\u00fcr den Kunden. \ud83d\udce6\ud83d\udd25<\/p>\n<h3>FAQ<\/h3>\n<ul>\n<li><strong>Wie viele Geschmacksrichtungen sind in einem Ger\u00e4t?<\/strong><br \/>\nJedes Ger\u00e4t verf\u00fcgt \u00fcber 4 vorinstallierte Geschmacksrichtungen, die Sie jederzeit wechseln k\u00f6nnen.<\/li>\n<li><strong>Ist es wiederaufladbar?<\/strong><br \/>\nJa, mit einem 650-mAh-Akku und Typ-C-Schnellladung.<\/li>\n<li><strong>Wie lange h\u00e4lt es?<\/strong><br \/>\nBis zu 60.000 Z\u00fcge, abh\u00e4ngig von Ihrem Dampfstil.<\/li>\n<li><strong>Welche Nikotinst\u00e4rken gibt es?<\/strong><br \/>\nW\u00e4hlen Sie je nach Wunsch zwischen 0 %, 2 %, 3 % oder 5 %.<\/li>\n<li><strong>Ist es f\u00fcr den Gro\u00dfhandel geeignet?<\/strong><br \/>\nJa! Entwickelt f\u00fcr Gro\u00dfverpackungen und hohe Nachfrage \u2013 perfekt f\u00fcr Einzelh\u00e4ndler und Gro\u00dfh\u00e4ndler.<\/li>\n<\/ul>\n","protected":false},"excerpt":{"rendered":"<p>Der <strong>Bang Blaze 4-in-1 60000 Puffs<\/strong> \ud83d\udca8 bietet <strong>eine enorme Puffkapazit\u00e4t, 4-in-1-Geschmacksumschaltung und ein intelligentes Display<\/strong> \u2013 perfekt f\u00fcr Vape-Shops, H\u00e4ndler und Vielnutzer, die Leistung in gro\u00dfen Mengen w\u00fcnschen.<\/p>\n","protected":false},"featured_media":1582,"comment_status":"open","ping_status":"closed","template":"","meta":[],"product_brand":[],"product_cat":[687,345],"product_tag":[],"class_list":{"0":"post-33335","1":"product","2":"type-product","3":"status-publish","4":"has-post-thumbnail","6":"product_cat-60000-zuge-einweg-vape","7":"product_cat-bang","9":"first","10":"instock","11":"shipping-taxable","12":"purchasable","13":"product-type-variable","14":"has-default-attributes"},"jetpack_sharing_enabled":true,"tiered_pricing_type":"fixed","tiered_pricing_fixed_rules":{"30":8.7599999999999997868371792719699442386627197265625,"50":7.53000000000000024868995751603506505489349365234375,"100":6.79000000000000003552713678800500929355621337890625,"200":6.4199999999999999289457264239899814128875732421875,"400":5.86000000000000031974423109204508364200592041015625},"tiered_pricing_product_settings":{"layout":"default","base_unit_name":{"singular":null,"plural":null},"default_variation":null},"tiered_pricing_minimum_quantity":10,"tiered_pricing_roles_data":[],"tiered_pricing_percentage_rules":[],"tiered_pricing_maximum_quantity":null,"tiered_pricing_quantity_step":"10","_links":{"self":[{"href":"https:\/\/ricovape.com\/de\/wp-json\/wp\/v2\/product\/33335","targetHints":{"allow":["GET"]}}],"collection":[{"href":"https:\/\/ricovape.com\/de\/wp-json\/wp\/v2\/product"}],"about":[{"href":"https:\/\/ricovape.com\/de\/wp-json\/wp\/v2\/types\/product"}],"replies":[{"embeddable":true,"href":"https:\/\/ricovape.com\/de\/wp-json\/wp\/v2\/comments?post=33335"}],"wp:featuredmedia":[{"embeddable":true,"href":"https:\/\/ricovape.com\/de\/wp-json\/wp\/v2\/media\/1582"}],"wp:attachment":[{"href":"https:\/\/ricovape.com\/de\/wp-json\/wp\/v2\/media?parent=33335"}],"wp:term":[{"taxonomy":"product_brand","embeddable":true,"href":"https:\/\/ricovape.com\/de\/wp-json\/wp\/v2\/product_brand?post=33335"},{"taxonomy":"product_cat","embeddable":true,"href":"https:\/\/ricovape.com\/de\/wp-json\/wp\/v2\/product_cat?post=33335"},{"taxonomy":"product_tag","embeddable":true,"href":"https:\/\/ricovape.com\/de\/wp-json\/wp\/v2\/product_tag?post=33335"}],"curies":[{"name":"wp","href":"https:\/\/api.w.org\/{rel}","templated":true}]}}