{"id":33111,"date":"2026-03-12T04:24:29","date_gmt":"2026-03-12T04:24:29","guid":{"rendered":"https:\/\/stage.jrfer.com\/product\/uzy-crystal-twin-50k-2-in-1-dual-geschmack-50-000-zuge-intelligentes-led-display-40-ml-mega-kapazitat-groshandel\/"},"modified":"2026-04-07T10:55:38","modified_gmt":"2026-04-07T10:55:38","slug":"uzy-crystal-twin-50k-2-in-1-dual-flavor-50000-puffs-smart-led-display-40ml-mega-capacity-wholesale","status":"publish","type":"product","link":"https:\/\/ricovape.com\/de\/produkt\/uzy-crystal-twin-50k-2-in-1-dual-flavor-50000-puffs-smart-led-display-40ml-mega-capacity-wholesale\/","title":{"rendered":"UZY Crystal Twin 50K | 2-in-1-Dual-Geschmack, 50.000 Z\u00fcge, intelligentes LED-Display, 40 ml, Mega-Kapazit\u00e4t, Gro\u00dfhandel"},"content":{"rendered":"<p><strong>UZY Crystal Twin 50000 Puffs Einweg-Vaporizer<\/strong> wurde f\u00fcr Dampfer entwickelt, die mehr Geschmack, mehr Leistung und mehr Komfort w\u00fcnschen. Mit <strong>zwei 20-ml-Tanks<\/strong>, <strong>zwei 0,9-\u03a9-Mesh-Spulen<\/strong> und einem <strong>intelligenten LED-Bildschirm<\/strong> bietet Ihnen dieses Ger\u00e4t bei jedem Zug ein erstklassiges Erlebnis. Wechseln Sie jederzeit zwischen zwei Geschmacksrichtungen und genie\u00dfen Sie wochenlang den ultra-sanften Geschmack. \ud83d\ude80<\/p>\n<h2>Warum sollten Sie sich f\u00fcr UZY Crystal Twin 50K entscheiden?<\/h2>\n<ul>\n<li>\ud83d\udca8 <strong>Massive 50.000 Z\u00fcge<\/strong> f\u00fcr eine extrem lange Anwendung<\/li>\n<li>\ud83c\udf53 <strong>2-in-1-Doppelgeschmackssystem<\/strong> \u2013 wechseln Sie sofort zwischen zwei Geschmacksrichtungen<\/li>\n<li>\ud83d\udd25 <strong>Zwei 0,9-\u03a9-Mesh-Spulen<\/strong> f\u00fcr st\u00e4rkeren Geschmack und sanfteren Dampf<\/li>\n<li>\ud83d\udcfa <strong>Intelligentes LED-Display<\/strong> zeigt den Akku- und E-Liquid-F\u00fcllstand deutlich an<\/li>\n<li>\ud83d\udd0b <strong>850-mAh-Akku<\/strong> mit Typ-C-Schnellladung<\/li>\n<li>\ud83e\uddca <strong>40 ml gro\u00dfe E-Saft-Kapazit\u00e4t<\/strong> (20 ml + 20 ml)<\/li>\n<li>\ud83c\udf2c Erh\u00e4ltlich in den Optionen <strong>2 %, 3 % und 5 % Nikotin<\/strong>\n<li>\ud83d\udc8e Design im Kristallstil, das hochwertig aussieht und bequem in der Hand liegt<\/li>\n<li>\ud83d\uded2 Perfekt f\u00fcr <strong>Einzelhandels-, Gro\u00dfhandels- und Gro\u00dfbestellungen<\/strong><\/li>\n<\/ul>\n<h3>UZY Crystal Twin 50K-Spezifikationen<\/h3>\n<tbody>\n<tr>\n<td><strong>Puffanzahl<\/strong><\/td>\n<td>Bis zu 50.000 Z\u00fcge<\/td>\n<\/tr>\n<tr>\n<td><strong>Aromen<\/strong><\/td>\n<td>Dual-Flavor Switch (2 Geschmacksrichtungen in einem Ger\u00e4t)<\/td>\n<\/tr>\n<tr>\n<td><strong>E-Liquid-Kapazit\u00e4t<\/strong><\/td>\n<td>40 ml (20 ml + 20 ml)<\/td>\n<\/tr>\n<tr>\n<td><strong>Spule<\/strong><\/td>\n<td>0,9 \u03a9 Mesh Coil \u00d7 2<\/td>\n<\/tr>\n<tr>\n<td><strong>Nikotinst\u00e4rke<\/strong><\/td>\n<td>2 % \/ 3 % \/ 5 %<\/td>\n<\/tr>\n<tr>\n<td><strong>Batterie<\/strong><\/td>\n<td>850 mAh wiederaufladbar<\/td>\n<\/tr>\n<tr>\n<td><strong>Aufladen<\/strong><\/td>\n<td>Typ-C-Schnellladung<\/td>\n<\/tr>\n<tr>\n<td><strong>Anzeige<\/strong><\/td>\n<td>Intelligenter LED-Bildschirm<\/td>\n<\/tr>\n<tr>\n<td><strong>Typ verwenden<\/strong><\/td>\n<td>Einweg<\/td>\n<\/tr>\n<\/tbody>\n<\/table>\n<h3>UZY Crystal Twin 50K Verf\u00fcgbare Geschmacksrichtungen<\/h3>\n<ul>\n<li><strong>Blueberry on Ice &amp; Summer Peach Ice<\/strong> \u2013 Eisige Blaubeere trifft auf s\u00fc\u00dfen Pfirsich f\u00fcr eine erfrischende Kombination.<\/li>\n<li><strong>Kiwi-Passionsfrucht-Guave &amp; Blaubeer-Himbeere<\/strong> \u2013 Tropische Explosion gepaart mit Beerens\u00fc\u00dfe.<\/li>\n<li><strong>Erdbeer-Kiwi- und Traubeneis<\/strong> \u2013 Fruchtige Frische mit einem k\u00fchlen Trauben-Kick.<\/li>\n<li><strong>Kiwi-Passionsfrucht, Guave und zwei \u00c4pfel<\/strong> \u2013 Exotische tropische Mischungen mit knackigem Doppelapfel.<\/li>\n<li><strong>Erdbeer-Wassermelone und Zitronen-Limette<\/strong> \u2013 S\u00fc\u00dfe, saftige Mischung, ausgeglichen mit pikanten Zitrusfr\u00fcchten.<\/li>\n<li><strong>Blueberry Raspberry &amp; Cherry Ice<\/strong> \u2013 Sanfte Beeren mit einem k\u00fchlen Kirsch-Abgang.<\/li>\n<li><strong>Erdbeere, Himbeere, Kirsche &amp; Mr Blue<\/strong> \u2013 Dreifache Beerennote trifft auf eine coole, geheimnisvolle Mischung.<\/li>\n<li><strong>Pfirsich-Mango-Ananas &amp; Red Bull<\/strong> \u2013 Tropischer Cocktail mit belebendem Limonadengeschmack.<\/li>\n<li><strong>Wassermeloneneis und gemischte Beeren<\/strong> \u2013 K\u00fchlende Wassermelone gepaart mit der Frische wilder Beeren.<\/li>\n<li><strong>Strawberry Banana &amp; Love 66<\/strong> \u2013 Sanfte cremige Banane + exotischer Shisha-Geschmack.<\/li>\n<\/ul>\n<h3>Perfekt f\u00fcr<\/h3>\n<p>Dieses Ger\u00e4t ist ideal f\u00fcr <strong>starke Dampfer, Geschmacksliebhaber, E-Zigaretten-Ladenbesitzer und Gro\u00dfh\u00e4ndler<\/strong>, die einen hochwertigen, langlebigen Einweg-Vaporizer w\u00fcnschen. Mit gro\u00dfem Geschmack, gro\u00dfem Fassungsverm\u00f6gen und gro\u00dfer Leistung sorgt der UZY Crystal Twin 50K f\u00fcr Zufriedenheit vom ersten bis zum letzten Zug. \ud83d\udca8\ud83d\udd25<\/p>\n<h3>FAQ zu UZY Crystal Twin 50K<\/h3>\n<p><strong>F: Wie lange h\u00e4lt der UZY Crystal Twin 50K?<\/strong><br \/>\nA: Mit bis zu 50.000 Z\u00fcgen kann es je nach Ihren Dampfgewohnheiten Wochen bis Monate dauern.<\/p>\n<p><strong>F: Kann ich dieses Ger\u00e4t aufladen?<\/strong><br \/>\nA: Ja! Es enth\u00e4lt einen wiederaufladbaren 850-mAh-Akku mit Typ-C-Aufladung.<\/p>\n<p><strong>F: Gibt es wirklich zwei Geschmacksrichtungen?<\/strong><br \/>\nA: Ja. Das Ger\u00e4t verf\u00fcgt \u00fcber zwei separate 20-ml-Tanks und zwei Mesh-Spulen, sodass Sie jederzeit die Geschmacksrichtung wechseln k\u00f6nnen.<\/p>\n<p><strong>F: Ist es f\u00fcr den Gro\u00dfhandel geeignet?<\/strong><br \/>\nA: Absolut. Es ist sehr gefragt, langlebig und ideal f\u00fcr Vape-Shops, den Vertrieb und Gro\u00dfbestellungen.<\/p>\n<p><strong>F: Welche Nikotinst\u00e4rken sind verf\u00fcgbar?<\/strong><br \/>\nA: Sie k\u00f6nnen je nach Ihren Marktanforderungen zwischen 2 %, 3 % oder 5 % w\u00e4hlen.<\/p>\n","protected":false},"excerpt":{"rendered":"<p>Genie\u00dfen Sie mit dem UZY Crystal Twin 50K zwei fantastische Geschmacksrichtungen in einem Ger\u00e4t! \ud83d\udca8 Ein langlebiger Einwegartikel f\u00fcr 50.000 Z\u00fcge mit intelligentem LED-Display, Dual-Mesh-Spulen und einer riesigen E-Liquid-Kapazit\u00e4t von 40 ml \u2013 perfekt f\u00fcr Alltagsdampfer und Gro\u00dfk\u00e4ufer.<\/p>\n","protected":false},"featured_media":6676,"comment_status":"open","ping_status":"closed","template":"","meta":[],"product_brand":[],"product_cat":[612,687,1360,1435,1541,1594,1400,1884],"product_tag":[1427,1569,1467,1501,1536],"class_list":{"0":"post-33111","1":"product","2":"type-product","3":"status-publish","4":"has-post-thumbnail","6":"product_cat-40000-zuge-einweg-vape","7":"product_cat-60000-zuge-einweg-vape","8":"product_cat-einweg-vapes-in-deutschland","9":"product_cat-einweg-vapes-in-italien","10":"product_cat-einweg-vapes-in-polen","11":"product_cat-einweg-vapes-in-spanien","12":"product_cat-einweg-vapes-in-ungarn","13":"product_cat-uzy","14":"product_tag-dual-flavour-50k-puffs-vape","15":"product_tag-gro-handel-fur-einweg-vapes-in-gro-en-mengen","16":"product_tag-high-puff-vape-mit-led-anzeige","17":"product_tag-langlebiges-2-in-1-vape-gerat","18":"product_tag-uzy-crystal-twin-50000-einweg-vaporizer","20":"first","21":"instock","22":"shipping-taxable","23":"purchasable","24":"product-type-variable","25":"has-default-attributes"},"jetpack_sharing_enabled":true,"tiered_pricing_type":"fixed","tiered_pricing_fixed_rules":{"30":7.589999999999999857891452847979962825775146484375,"50":6.20999999999999996447286321199499070644378662109375,"100":5.95999999999999996447286321199499070644378662109375,"200":5.589999999999999857891452847979962825775146484375,"400":5.04000000000000003552713678800500929355621337890625},"tiered_pricing_product_settings":{"layout":"default","base_unit_name":{"singular":null,"plural":null},"default_variation":null},"tiered_pricing_minimum_quantity":10,"tiered_pricing_roles_data":[],"tiered_pricing_percentage_rules":[],"tiered_pricing_maximum_quantity":null,"tiered_pricing_quantity_step":"10","_links":{"self":[{"href":"https:\/\/ricovape.com\/de\/wp-json\/wp\/v2\/product\/33111","targetHints":{"allow":["GET"]}}],"collection":[{"href":"https:\/\/ricovape.com\/de\/wp-json\/wp\/v2\/product"}],"about":[{"href":"https:\/\/ricovape.com\/de\/wp-json\/wp\/v2\/types\/product"}],"replies":[{"embeddable":true,"href":"https:\/\/ricovape.com\/de\/wp-json\/wp\/v2\/comments?post=33111"}],"wp:featuredmedia":[{"embeddable":true,"href":"https:\/\/ricovape.com\/de\/wp-json\/wp\/v2\/media\/6676"}],"wp:attachment":[{"href":"https:\/\/ricovape.com\/de\/wp-json\/wp\/v2\/media?parent=33111"}],"wp:term":[{"taxonomy":"product_brand","embeddable":true,"href":"https:\/\/ricovape.com\/de\/wp-json\/wp\/v2\/product_brand?post=33111"},{"taxonomy":"product_cat","embeddable":true,"href":"https:\/\/ricovape.com\/de\/wp-json\/wp\/v2\/product_cat?post=33111"},{"taxonomy":"product_tag","embeddable":true,"href":"https:\/\/ricovape.com\/de\/wp-json\/wp\/v2\/product_tag?post=33111"}],"curies":[{"name":"wp","href":"https:\/\/api.w.org\/{rel}","templated":true}]}}