{"id":32669,"date":"2026-03-12T04:24:30","date_gmt":"2026-03-12T04:24:30","guid":{"rendered":"https:\/\/stage.jrfer.com\/product\/uzy-tornado-30k-rgb-display-mit-zwei-geschmacksrichtungen-30-000-zuge-40-ml-megatank-bulk-einweg-vaporizer\/"},"modified":"2026-04-07T10:52:11","modified_gmt":"2026-04-07T10:52:11","slug":"uzy-tornado-30k-dual-flavor-rgb-display-30000-puffs-40ml-mega-tank-bulk-disposable-vape","status":"publish","type":"product","link":"https:\/\/ricovape.com\/de\/produkt\/uzy-tornado-30k-dual-flavor-rgb-display-30000-puffs-40ml-mega-tank-bulk-disposable-vape\/","title":{"rendered":"UZY Tornado 30K | RGB-Display mit zwei Geschmacksrichtungen, 30.000 Z\u00fcge, 40-ml-Megatank, Bulk-Einweg-Vaporizer"},"content":{"rendered":"<p><strong>UZY Tornado 30000 Puffs<\/strong> bietet Ihnen riesige Wolken, starke Leistung und zwei Geschmacksrichtungen in einem Ger\u00e4t. Mit einem <strong>\u00d6ltank mit zwei Kammern<\/strong>, <strong>einstellbarer Leistung<\/strong>, einer <strong>1,0-\u03a9-Mesh-Spule<\/strong> und einem atemberaubenden <strong>RGD-Display<\/strong> vereint dieses Ger\u00e4t Stil, Technologie und langanhaltende Zufriedenheit. Ideal sowohl f\u00fcr Einzelhandelskunden als auch f\u00fcr Gro\u00dfabnehmer im Gro\u00dfhandel. \ud83d\udd25<\/p>\n<h2>Warum sollten Sie sich f\u00fcr UZY Tornado 30000 entscheiden? \ud83c\udf2a\ufe0f<\/h2>\n<ul>\n<li>\ud83c\udf6d <strong>Dual-Flavor-System<\/strong> \u2013 Wechseln Sie mithilfe des Zweikammertanks sofort zwischen zwei Geschmacksrichtungen.<\/li>\n<li>\ud83d\udcfa <strong>Dynamischer RGD-Bildschirm<\/strong> \u2013 Zeigt deutlich den \u00d6lstand und die Batterieanzeige an.<\/li>\n<li>\ud83d\udca8 <strong>Bis zu 30.000 Z\u00fcge<\/strong> \u2013 Langlebiges Design f\u00fcr ganzt\u00e4giges Dampfen.<\/li>\n<li>\u26a1 <strong>Anpassbare Leistungseinstellungen<\/strong> \u2013 Passen Sie die Intensit\u00e4t jedes Zuges an.<\/li>\n<li>\ud83d\udd0c <strong>Schnellladung vom Typ C<\/strong> \u2013 Angetrieben durch einen wiederaufladbaren 850-mAh-Akku.<\/li>\n<li>\ud83c\udf2c\ufe0f <strong>Single- und Dual-Draw-Modi<\/strong> \u2013 W\u00e4hlen Sie zwischen sanfter oder verst\u00e4rkter Dampfausgabe.<\/li>\n<li>\ud83e\uddca <strong>1,0 \u03a9 Mesh Coil<\/strong> \u2013 Satterer Dampf, sanfterer Geschmack und st\u00e4rkere Geschmacksabgabe.<\/li>\n<li>\ud83e\uddc3 <strong>40 ml E-Liquid-Kapazit\u00e4t<\/strong> \u2013 L\u00e4ngere Sitzungen mit weniger Nachf\u00fcllungen.<\/li>\n<li>\ud83d\udc8e <strong>Premium Build<\/strong> \u2013 Hightech-Look und ergonomischer Griff.<\/li>\n<li>\ud83c\udf0d <strong>Nikotinoptionen: 2 %, 3 %, 5 %<\/strong> \u2013 Geeignet f\u00fcr unterschiedliche Marktbed\u00fcrfnisse.<\/li>\n<\/ul>\n<h3>UZY Tornado 30K-Spezifikationen \ud83d\udcd8<\/h3>\n<\/p>\n<tbody>\n<tr>\n<td><strong>Puffanzahl<\/strong><\/td>\n<td>Bis zu 30.000 Z\u00fcge<\/td>\n<\/tr>\n<tr>\n<td><strong>E-Liquid-Kapazit\u00e4t<\/strong><\/td>\n<td>40 ml (Doppelkammer)<\/td>\n<\/tr>\n<tr>\n<td><strong>Batterie<\/strong><\/td>\n<td>850 mAh wiederaufladbar<\/td>\n<\/tr>\n<tr>\n<td><strong>Ladeanschluss<\/strong><\/td>\n<td>Typ-C-Schnellladung<\/td>\n<\/tr>\n<tr>\n<td><strong>Spulentyp<\/strong><\/td>\n<td>1,0-\u03a9-Mesh-Spule<\/td>\n<\/tr>\n<tr>\n<td><strong>Energieeinstellungen<\/strong><\/td>\n<td>Einstellbare Leistungsabgabe<\/td>\n<\/tr>\n<tr>\n<td><strong>Modi<\/strong><\/td>\n<td>Einzel- und Dual-Zeichnungsmodi<\/td>\n<\/tr>\n<tr>\n<td><strong>Nikotinst\u00e4rke<\/strong><\/td>\n<td>2 %, 3 %, 5 %<\/td>\n<\/tr>\n<tr>\n<td><strong>Bildschirmanzeige<\/strong><\/td>\n<td>Dynamische RGD-Anzeige (\u00d6l- und Batteriestand)<\/td>\n<\/tr>\n<tr>\n<td><strong>Geschmacksoptionen<\/strong><\/td>\n<td>10 Kombinationen mit zwei Geschmacksrichtungen<\/td>\n<\/tr>\n<\/tbody>\n<\/table>\n<h3>UZY Tornado 30K Verf\u00fcgbare Geschmacksrichtungen \ud83c\udf6c\ud83c\udf49\u2744\ufe0f<\/h3>\n<p>Jedes Geschmackspaar liefert ein frisches, vielschichtiges Geschmackserlebnis:<\/p>\n<ul>\n<li>\ud83c\udf49\u2744\ufe0f <strong>Wassermeloneneis &amp; Zitronenlimette<\/strong> \u2013 K\u00fchle Melone mit Zitrusspritzer.<\/li>\n<li>\ud83c\udf52\u2728 <strong>Kohlens\u00e4urehaltiges Kirscheis und Blaubeerzuckerwatte<\/strong> \u2013 S\u00fc\u00dfe S\u00fc\u00dfigkeiten-Variante mit eisigem Kirsch-Sprudel.<\/li>\n<li>\ud83c\udf53\ud83d\udc99 <strong>Erdbeer-Wassermelone &amp; Blaubeer-Himbeere<\/strong> \u2013 Fruchtiger Doppelgenuss.<\/li>\n<li>\u26a1\ud83e\udd6d <strong>Red Bull Eis &amp; Erdbeer-Mango<\/strong> \u2013 Energiegeladene, eisige Mischung trifft auf tropische Mango.<\/li>\n<li>\ud83c\udf51\ud83c\udf4d <strong>Pfirsicheis &amp; Ananas-Mango-Pfirsich<\/strong> \u2013 Sanfter Pfirsich trifft auf tropische S\u00fc\u00dfe.<\/li>\n<li>\ud83c\udf47\u2744\ufe0f <strong>Traubeneis &amp; Erdbeer-Kiwi<\/strong> \u2013 Eisige Traube mit einer w\u00fcrzigen Note.<\/li>\n<li>\ud83c\udf53\ud83c\udf4f <strong>Gemischte Beeren und doppeltes Apfeleis<\/strong> \u2013 Beeren mit erfrischendem Apfeleis.<\/li>\n<li>\ud83d\udc99\ud83c\udf4b <strong>Blau Razz Limonade und Wassermelonen-Kaugummi<\/strong> \u2013 S\u00fc\u00df, sauer und lustig.<\/li>\n<li>\ud83c\udf51\ud83c\udf49 <strong>Pfirsich, Beere und Wassermelone, Mango-Pfirsich<\/strong> \u2013 Vielschichtige Fruchtexplosion.<\/li>\n<li>\ud83e\uded0\ud83d\udc09 <strong>Blaubeereis und Schwarzdracheneis<\/strong> \u2013 Tief eisige Intensit\u00e4t.<\/li>\n<\/ul>\n<h3>Perfekt f\u00fcr \u2714\ufe0f<\/h3>\n<p>Schwere Dampfer, Geschmacksj\u00e4ger, E-Zigaretten-Shop-Besitzer, Online-Wiederverk\u00e4ufer und Gro\u00dfh\u00e4ndler, die ein zuverl\u00e4ssiges, leistungsstarkes Einwegger\u00e4t f\u00fcr zwei Geschmacksrichtungen mit enormer Zugzahl und starker Kundenattraktivit\u00e4t ben\u00f6tigen.<\/p>\n<p>Insgesamt ist <strong>UZY Tornado 30000<\/strong> ein erstklassiger Einweg-Vaporizer mit zwei Geschmacksrichtungen, der f\u00fcr Benutzer entwickelt wurde, die langanhaltende Leistung, einstellbare Leistung und kr\u00e4ftigen Geschmack verlangen. Mit seinem fortschrittlichen RGD-Display, der gro\u00dfen Kapazit\u00e4t von 40 ml, der Mesh-Spule und der enormen Lebensdauer von 30.000 Z\u00fcgen ist es die perfekte Wahl f\u00fcr Vielnutzer, E-Zigaretten-L\u00e4den und Gro\u00dfh\u00e4ndler, die auf der Suche nach einem meistverkauften Ger\u00e4t sind.<\/p>\n<h3>FAQ \u2753<\/h3>\n<p><strong>F: Wie lange h\u00e4lt der UZY Tornado 30000?<\/strong><br \/>\nA: Je nach Nutzungsart bis zu 30.000 Z\u00fcge \u2013 genug f\u00fcr viele Tage regelm\u00e4\u00dfigen Dampfens.<\/p>\n<p><strong>F: Kann ich zwischen den beiden Geschmacksrichtungen wechseln?<\/strong><br \/>\nA: Ja! Mit dem Zweikammertank k\u00f6nnen Sie zwei Geschmacksrichtungen in einem Ger\u00e4t genie\u00dfen.<\/p>\n<p><strong>F: Ist es wiederaufladbar?<\/strong><br \/>\nA: Ja, es nutzt Typ-C-Schnellladung f\u00fcr eine stabile Stromversorgung.<\/p>\n<p><strong>F: Ist der Bildschirm in Echtzeit?<\/strong><br \/>\nA: Das dynamische RGD-Display zeigt in Echtzeit den \u00d6lstand f\u00fcr beide Tanks sowie den Batteriestatus an.<\/p>\n<p><strong>F: Ist es f\u00fcr den Gro\u00dfhandel geeignet?<\/strong><br \/>\nA: Absolut \u2013 die hohe Puffanzahl, das erstklassige Design und die starke Marktnachfrage machen es perfekt f\u00fcr Gro\u00dfbestellungen.<\/p>\n<p><strong>F: Welche Nikotinst\u00e4rken sind verf\u00fcgbar?<\/strong><br \/>\nA: 2 %, 3 % und 5 %, je nach Markt und Vorschriften.<\/p>\n","protected":false},"excerpt":{"rendered":"<p>UZY Tornado 30000 Puffs bietet Ihnen riesige Wolken, starke Leistung und zwei Geschmacksrichtungen in einem Ger\u00e4t. Mit einem \u00d6ltank mit zwei Kammern, einstellbarer Leistung, einer 1,0-\u03a9-Mesh-Spule und einem atemberaubenden RGD-Display vereint dieses Ger\u00e4t Stil, Technologie und langanhaltende Zufriedenheit. Ideal sowohl f\u00fcr Einzelhandelskunden als auch f\u00fcr Gro\u00dfabnehmer im Gro\u00dfhandel. \ud83d\udd25 Warum sollten Sie sich f\u00fcr UZY [&hellip;]<\/p>\n","protected":false},"featured_media":6687,"comment_status":"open","ping_status":"closed","template":"","meta":[],"product_brand":[],"product_cat":[563,1360,1435,1541,1594,1400,1884],"product_tag":[1599,2194,1670,1634,1702],"class_list":{"0":"post-32669","1":"product","2":"type-product","3":"status-publish","4":"has-post-thumbnail","6":"product_cat-30000-zuge-einweg-vape","7":"product_cat-einweg-vapes-in-deutschland","8":"product_cat-einweg-vapes-in-italien","9":"product_cat-einweg-vapes-in-polen","10":"product_cat-einweg-vapes-in-spanien","11":"product_cat-einweg-vapes-in-ungarn","12":"product_cat-uzy","13":"product_tag-30000-zuge-rgd-bildschirm-vape","14":"product_tag-einweg-vape-fur-den-grosshandel","15":"product_tag-einweg-vape-mit-zwei-geschmacksrichtungen","16":"product_tag-lieferant-von-massenverdampfern","17":"product_tag-uzy-tornado-30000-e-zigarette","19":"first","20":"instock","21":"shipping-taxable","22":"purchasable","23":"product-type-variable","24":"has-default-attributes"},"jetpack_sharing_enabled":true,"tiered_pricing_type":"fixed","tiered_pricing_fixed_rules":{"1000":5.37000000000000010658141036401502788066864013671875},"tiered_pricing_product_settings":{"layout":"default","base_unit_name":{"singular":null,"plural":null},"default_variation":null},"tiered_pricing_minimum_quantity":1000,"tiered_pricing_roles_data":[],"tiered_pricing_percentage_rules":[],"tiered_pricing_maximum_quantity":null,"tiered_pricing_quantity_step":"10","_links":{"self":[{"href":"https:\/\/ricovape.com\/de\/wp-json\/wp\/v2\/product\/32669","targetHints":{"allow":["GET"]}}],"collection":[{"href":"https:\/\/ricovape.com\/de\/wp-json\/wp\/v2\/product"}],"about":[{"href":"https:\/\/ricovape.com\/de\/wp-json\/wp\/v2\/types\/product"}],"replies":[{"embeddable":true,"href":"https:\/\/ricovape.com\/de\/wp-json\/wp\/v2\/comments?post=32669"}],"wp:featuredmedia":[{"embeddable":true,"href":"https:\/\/ricovape.com\/de\/wp-json\/wp\/v2\/media\/6687"}],"wp:attachment":[{"href":"https:\/\/ricovape.com\/de\/wp-json\/wp\/v2\/media?parent=32669"}],"wp:term":[{"taxonomy":"product_brand","embeddable":true,"href":"https:\/\/ricovape.com\/de\/wp-json\/wp\/v2\/product_brand?post=32669"},{"taxonomy":"product_cat","embeddable":true,"href":"https:\/\/ricovape.com\/de\/wp-json\/wp\/v2\/product_cat?post=32669"},{"taxonomy":"product_tag","embeddable":true,"href":"https:\/\/ricovape.com\/de\/wp-json\/wp\/v2\/product_tag?post=32669"}],"curies":[{"name":"wp","href":"https:\/\/api.w.org\/{rel}","templated":true}]}}