{"id":28513,"date":"2025-09-11T12:58:17","date_gmt":"2025-09-11T12:58:17","guid":{"rendered":"https:\/\/stage.jrfer.com\/product\/bangbox-80k-3-in-1-80000-puffs-mega-einweg-vape-mit-drei-geschmacksrichtungen\/"},"modified":"2026-04-07T11:52:10","modified_gmt":"2026-04-07T11:52:10","slug":"bangbox-80k-3-in-1-80000-puffs-triple-flavor-bulk-disposable-vape","status":"publish","type":"product","link":"https:\/\/ricovape.com\/de\/produkt\/bangbox-80k-3-in-1-80000-puffs-triple-flavor-bulk-disposable-vape\/","title":{"rendered":"BANGBOX 80K 3-in-1 80000 Puffs | Mega-Einweg-Vape mit drei Geschmacksrichtungen"},"content":{"rendered":"<h2>Warum sollten Sie sich f\u00fcr BANGBOX 80K entscheiden?<\/h2>\n<ul>\n<li>\ud83d\udca8 <strong>Ultrahohe Puffanzahl:<\/strong> Bis zu 80.000 Z\u00fcge pro Ger\u00e4t \u2013 gebaut f\u00fcr langanhaltende Zufriedenheit.<\/li>\n<li>\ud83d\udd0b <strong>Leistungsstarker Akku:<\/strong> 17350 850-mAh-Akku aus reinem Kobalt mit 5-A-Entladung f\u00fcr konstante Leistung.<\/li>\n<li>\ud83c\udfaf <strong>Triple Flavour Pods:<\/strong> Wechseln Sie jederzeit die Geschmacksrichtung mit dem 3-in-1-Pod-System \u2013 keine Geschmackserm\u00fcdung mehr!<\/li>\n<li>\ud83d\udcca <strong>Smart Display:<\/strong> Batterie- und E-Liquid-F\u00fcllstandsanzeigen, damit Ihnen nie unerwartet die Energie ausgeht.<\/li>\n<li>\u26a1 <strong>Schnellladung:<\/strong> Typ-C-Schnellladung \u2013 mehr Zeit beim Dampfen, weniger Zeit beim Warten.<\/li>\n<li>\ud83d\uded2 <strong>Gro\u00dfhandelsbereit:<\/strong> Perfekt f\u00fcr Vape-Shops und B2B-K\u00e4ufer, die nach Gro\u00dfmengenoptionen suchen.<\/li>\n<\/ul>\n<h3>Spezifikationen<\/h3>\n<table border=\"1\" cellpadding=\"5\">\n<tbody>\n<tr>\n<td><strong>Puffanzahl<\/strong><\/td>\n<td>Bis zu 80.000 Z\u00fcge<\/td>\n<\/tr>\n<tr>\n<td><strong>Batterie<\/strong><\/td>\n<td>17350-850 mAh reines Kobalt, 5 A Entladung<\/td>\n<\/tr>\n<tr>\n<td><strong>E-Liquid-Kapazit\u00e4t<\/strong><\/td>\n<td>60 ml vorgef\u00fcllt<\/td>\n<\/tr>\n<tr>\n<td><strong>Spule<\/strong><\/td>\n<td>Dreifachmaschenspule mit 0,8 \u03a9<\/td>\n<\/tr>\n<tr>\n<td><strong>Geschmackssystem<\/strong><\/td>\n<td>3-in-1-Pods mit dreifachem Geschmack<\/td>\n<\/tr>\n<tr>\n<td><strong>Indikatoren<\/strong><\/td>\n<td>Anzeige des Batterie- und E-Liquid-F\u00fcllstands<\/td>\n<\/tr>\n<tr>\n<td><strong>Aufladen<\/strong><\/td>\n<td>Typ-C-Schnellladung<\/td>\n<\/tr>\n<tr>\n<td><strong>Nikotinst\u00e4rke<\/strong><\/td>\n<td>0 % \/ 2 % \/ 3 % \/ 5 %<\/td>\n<\/tr>\n<tr>\n<td><strong>Verpackung<\/strong><\/td>\n<td>Gro\u00dfhandelsbereit<\/td>\n<\/tr>\n<\/tbody>\n<\/table>\n<h3>Verf\u00fcgbare Geschmacksrichtungen \ud83c\udf6d<\/h3>\n<ul>\n<li>\ud83c\udf53\ud83c\udf4c Erdbeer-Banane &amp; Himbeer-Wassermelone &amp; Liebe 666<\/li>\n<li>\ud83e\udd6d\ud83c\udf51 Tropische Fr\u00fcchte &amp; Erdbeer-Wassermelone &amp; Zitronenpfirsich<\/li>\n<li>\ud83c\udf53\ud83e\udd64 Erdbeer-Vanille-Cola &amp; saurer Apfel-Himbeer &amp; Zitronen-Limette<\/li>\n<li>\ud83c\udf47\ud83c\udf53 Double Grape &amp; Strawberry Mango &amp; Blueberry Sour Raspberry Ice<\/li>\n<li>\ud83c\udf49\u2744\ufe0f Wassermeloneneis &amp; Erdbeereis &amp; Dreifachmelone<\/li>\n<li>\ud83e\udd64\ud83c\udf49 Zitronen-Cola-Soda &amp; Wassermelonengummi &amp; Black Dragon Ice<\/li>\n<li>\ud83c\udf53\ud83e\uded0 Triple Berry Ice &amp; Mango Peach &amp; Strawberry Kiwi<\/li>\n<li>\ud83c\udf53\ud83c\udf4d Erdbeereis &amp; Erdbeer-Wassermelone &amp; Ananas-Mango-Pfirsich<\/li>\n<li>\ud83e\udd65\ud83c\udf53 Ananas-Kokosnuss- und Erdbeereis und Blue Razz Ice<\/li>\n<li>\ud83c\udf4b\ud83e\udd6d Zitronen-Limetten- und Mango-Pfirsich-Wassermelonen- und Blaubeereis<\/li>\n<li>\ud83c\udf49\u26a1 Wassermeloneneis &amp; Red Bull &amp; Erdbeer-Kiwi<\/li>\n<li>\ud83c\udf53\ud83e\udd6d Erdbeer-Kiwi &amp; saure Mango-Ananas &amp; Erdbeer-Red Bull<\/li>\n<\/ul>\n<h3>Perfekt f\u00fcr<\/h3>\n<p>Dieses Ger\u00e4t ist ideal f\u00fcr Vieldampfer, Geschmacksj\u00e4ger, Vape-Shops und den Gro\u00dfhandel. Gro\u00dfe K\u00e4ufer k\u00f6nnen sich dank der gro\u00dfen Anzahl an Puffs und den erstklassigen Geschmacksrichtungen \u00fcber eine einfache Bevorratung und zufriedene Kunden freuen. \ud83c\udfea\ud83d\udce6<\/p>\n<h3>FAQ \ud83e\udd14<\/h3>\n<p><strong>F: Wie lange h\u00e4lt eine BANGBOX 80K?<\/strong><br \/>\nA: Mit bis zu 80.000 Z\u00fcgen kann es je nach Nutzung Wochen oder sogar Monate halten.<\/p>\n<p><strong>F: Kann ich es aufladen?<\/strong><br \/>\nA: Ja! Es verf\u00fcgt \u00fcber eine Schnellladefunktion vom Typ C, sodass Sie ohne lange Ausfallzeiten weiter dampfen k\u00f6nnen.<\/p>\n<p><strong>F: Gibt es nikotinfreie Optionen?<\/strong><br \/>\nA: Auf jeden Fall \u2013 Sie k\u00f6nnen zwischen 0 %, 2 %, 3 % oder 5 % Nikotinst\u00e4rke w\u00e4hlen.<\/p>\n<p><strong>F: Ist das gut f\u00fcr Vape-Shops?<\/strong><br \/>\nA: Ja \u2013 es ist f\u00fcr die Gro\u00dfhandelsverpackung konzipiert und perfekt f\u00fcr B2B-Kunden.<\/p>\n<p><strong>F: Wie wechsle ich die Geschmacksrichtungen?<\/strong><br \/>\nA: Tauschen Sie einfach zwischen den 3-in-1-Pads mit dreifachem Geschmack aus \u2013 kein Chaos, kein Nachf\u00fcllen.<\/p>\n<p>\ud83d\ude80 Machen Sie sich bereit, einen der <strong>Einweg-Vaporizer mit der h\u00f6chsten Zuganzahl<\/strong> auf dem Markt zu kaufen. BANGBOX 80K bietet enorme Kapazit\u00e4t, erstklassige Verarbeitung und unglaubliche Aromen \u2013 eine perfekte Wahl f\u00fcr Wiederverk\u00e4ufer und Vape-Liebhaber gleicherma\u00dfen!<\/p>\n","protected":false},"excerpt":{"rendered":"<p>\ud83d\udd25 Erleben Sie <strong>80.000 massive Z\u00fcge<\/strong> mit drei Geschmacksrichtungen in einem Ger\u00e4t \u2013 perfekt f\u00fcr Vape-Liebhaber, Vielnutzer und Gro\u00dfk\u00e4ufer! \ud83d\ude80<\/p>\n","protected":false},"featured_media":5883,"comment_status":"open","ping_status":"closed","template":"","meta":[],"product_brand":[],"product_cat":[345,1921],"product_tag":[],"class_list":{"0":"post-28513","1":"product","2":"type-product","3":"status-publish","4":"has-post-thumbnail","6":"product_cat-bang","7":"product_cat-neu","9":"first","10":"instock","11":"shipping-taxable","12":"purchasable","13":"product-type-variable","14":"has-default-attributes"},"jetpack_sharing_enabled":true,"tiered_pricing_type":"fixed","tiered_pricing_fixed_rules":{"30":8.6400000000000005684341886080801486968994140625,"50":6.910000000000000142108547152020037174224853515625,"100":6.6699999999999999289457264239899814128875732421875,"200":6.04999999999999982236431605997495353221893310546875,"400":5.7400000000000002131628207280300557613372802734375},"tiered_pricing_product_settings":{"layout":"default","base_unit_name":{"singular":null,"plural":null},"default_variation":null},"tiered_pricing_minimum_quantity":10,"tiered_pricing_roles_data":[],"tiered_pricing_percentage_rules":[],"tiered_pricing_maximum_quantity":null,"tiered_pricing_quantity_step":"10","_links":{"self":[{"href":"https:\/\/ricovape.com\/de\/wp-json\/wp\/v2\/product\/28513","targetHints":{"allow":["GET"]}}],"collection":[{"href":"https:\/\/ricovape.com\/de\/wp-json\/wp\/v2\/product"}],"about":[{"href":"https:\/\/ricovape.com\/de\/wp-json\/wp\/v2\/types\/product"}],"replies":[{"embeddable":true,"href":"https:\/\/ricovape.com\/de\/wp-json\/wp\/v2\/comments?post=28513"}],"wp:featuredmedia":[{"embeddable":true,"href":"https:\/\/ricovape.com\/de\/wp-json\/wp\/v2\/media\/5883"}],"wp:attachment":[{"href":"https:\/\/ricovape.com\/de\/wp-json\/wp\/v2\/media?parent=28513"}],"wp:term":[{"taxonomy":"product_brand","embeddable":true,"href":"https:\/\/ricovape.com\/de\/wp-json\/wp\/v2\/product_brand?post=28513"},{"taxonomy":"product_cat","embeddable":true,"href":"https:\/\/ricovape.com\/de\/wp-json\/wp\/v2\/product_cat?post=28513"},{"taxonomy":"product_tag","embeddable":true,"href":"https:\/\/ricovape.com\/de\/wp-json\/wp\/v2\/product_tag?post=28513"}],"curies":[{"name":"wp","href":"https:\/\/api.w.org\/{rel}","templated":true}]}}