{"id":26585,"date":"2025-07-07T09:21:41","date_gmt":"2025-07-07T09:21:41","guid":{"rendered":"https:\/\/stage.jrfer.com\/product\/okso-zauberspiegel-50k-50-000-zuge-rgb-einweg-vape-mit-hochglanzpoliertem-finish\/"},"modified":"2026-04-07T12:56:49","modified_gmt":"2026-04-07T12:56:49","slug":"okso-magic-mirror-50000","status":"publish","type":"product","link":"https:\/\/ricovape.com\/de\/produkt\/okso-magic-mirror-50000\/","title":{"rendered":"OKSO Zauberspiegel 50K | 50.000 Z\u00fcge RGB-Einweg-Vape mit hochglanzpoliertem Finish"},"content":{"rendered":"<h2>Warum sollten Sie sich f\u00fcr OKSO Magic Mirror 50K entscheiden?<\/h2>\n<ul>\n<li><strong>Riesige 50.000 Z\u00fcge:<\/strong> Lang anhaltende Sitzungen mit weniger Ersetzungen \ud83d\udd25<\/li>\n<li><strong>Dual Mesh Coil:<\/strong> Sanfter Dampf, reichhaltiger Geschmack und dichte Wolken \ud83c\udf2c\ufe0f<\/li>\n<li><strong>40 ml vorgef\u00fclltes E-Liquid:<\/strong> Zuverl\u00e4ssige, langfristige Verwendung \ud83d\udca7<\/li>\n<li><strong>Nikotinoptionen:<\/strong> 0 %, 2 %, 3 % und 5 % f\u00fcr unterschiedliche Bed\u00fcrfnisse \ud83d\udc4d<\/li>\n<li><strong>850-mAh-Akku:<\/strong> Mit Typ-C-Schnellladung \ud83d\udd0b<\/li>\n<li><strong>Spiegelglanz + RGB-Beleuchtung:<\/strong> Stilvoll und auff\u00e4llig \ud83c\udf08<\/li>\n<li><strong>LED-Anzeige:<\/strong> Zug- und Batterieverfolgung in Echtzeit \ud83d\udcca<\/li>\n<li><strong>Kindersicherung:<\/strong> Sichereres Design f\u00fcr ein sicheres Gef\u00fchl \ud83d\udd12<\/li>\n<li><strong>Gro\u00dfhandelsbereit:<\/strong> Gro\u00dfverpackung, ideal f\u00fcr B2B-K\u00e4ufer \ud83d\udce6<\/li>\n<\/ul>\n<h3>Spezifikationen<\/h3>\n<tbody>\n<tr>\n<td><strong>Puffkapazit\u00e4t:<\/strong><\/td>\n<td>Bis zu 50.000 Z\u00fcge<\/td>\n<\/tr>\n<tr>\n<td><strong>E-Liquid-Kapazit\u00e4t:<\/strong><\/td>\n<td>40 ml<\/td>\n<\/tr>\n<tr>\n<td><strong>Batterie:<\/strong><\/td>\n<td>850 mAh wiederaufladbar, Typ-C-Aufladung<\/td>\n<\/tr>\n<tr>\n<td><strong>Spulentyp:<\/strong><\/td>\n<td>Dual-Mesh-Spule<\/td>\n<\/tr>\n<tr>\n<td><strong>Nikotinoptionen:<\/strong><\/td>\n<td>0 %, 2 %, 3 %, 5 %<\/td>\n<\/tr>\n<tr>\n<td><strong>Design:<\/strong><\/td>\n<td>Spiegelglanz mit RGB-LED-Effekten<\/td>\n<\/tr>\n<tr>\n<td><strong>Anzeige:<\/strong><\/td>\n<td>LED-Batterie und Puff-Tracker<\/td>\n<\/tr>\n<tr>\n<td><strong>Sicherheit:<\/strong><\/td>\n<td>Eingebaute Kindersicherung<\/td>\n<\/tr>\n<\/tbody>\n<\/table>\n<h3>Geschmacksauswahl<\/h3>\n<p>Der <strong>OKSO Magic Mirror 50K<\/strong> ist in 10 aufregenden Geschmacksrichtungen erh\u00e4ltlich, die jeweils auf unterschiedliche Geschmacksvorlieben zugeschnitten sind:<\/p>\n<ul>\n<li><strong>Blaues Razz-Eis:<\/strong> W\u00fcrzige blaue Himbeere mit eisiger Frische \ud83e\uded0\u2744\ufe0f<\/li>\n<li><strong>\u00dcppiges Eis:<\/strong> Klassische Wassermelone mit einem frostigen Kick \ud83c\udf49\u2744\ufe0f<\/li>\n<li><strong>Erdbeereis:<\/strong> S\u00fc\u00dfe Erdbeeren gemischt mit Menthol \ud83c\udf53\u2744\ufe0f<\/li>\n<li><strong>Traubeneis:<\/strong> Kr\u00e4ftiger Traubengeschmack mit einem k\u00fchlen Abgang \ud83c\udf47\u2744\ufe0f<\/li>\n<li><strong>LIEBE 66:<\/strong> Exotisch-fruchtige Mischung mit einem Hauch Shisha-Stil \ud83d\udc95<\/li>\n<li><strong>Dame Killa:<\/strong> Tropischer Cocktail-inspirierter Geschmack \ud83c\udf79<\/li>\n<li><strong>Minz-Eis:<\/strong> Reine, erfrischende Minze mit einer k\u00fchlenden Note \ud83c\udf3f\u2744\ufe0f<\/li>\n<li><strong>Erdbeer-Wassermelone:<\/strong> Saftige Kombination aus Erdbeere und Melone \ud83c\udf53\ud83c\udf49<\/li>\n<li><strong>Kiwi-Passionsfrucht:<\/strong> S\u00fc\u00dfes, w\u00fcrziges tropisches Duo \ud83e\udd5d\ud83e\udd6d<\/li>\n<li><strong>Gemischte Beeren:<\/strong> Eine Mischung aus kr\u00e4ftiger Beerens\u00fc\u00dfe \ud83c\udf53\ud83e\uded0\ud83c\udf52<\/li>\n<\/ul>\n<h3>Perfekt f\u00fcr Vielnutzer und Gro\u00dfabnehmer<\/h3>\n<p>Der <strong>OKSO Magic Mirror 50K<\/strong> ist die erste Wahl f\u00fcr <strong>starke Dampfer, Geschmacksliebhaber und Vape-Shop-H\u00e4ndler<\/strong>. Seine lang anhaltende Zugzahl, sein erstklassiges Design und seine vielseitigen Nikotinoptionen machen es zu einer hervorragenden Erg\u00e4nzung f\u00fcr den <strong>Gro\u00dfhandel<\/strong>. \ud83d\udcaf\ud83d\ude80<\/p>\n<h3>FAQ<\/h3>\n<ul>\n<li><strong>Wie lange h\u00e4lt es?<\/strong><br \/>\nMit bis zu 50.000 Spr\u00fchst\u00f6\u00dfen kann es je nach Nutzung mehrere Wochen halten.<\/li>\n<li><strong>Ist es wiederaufladbar?<\/strong><br \/>\nJa, es verf\u00fcgt \u00fcber einen 850-mAh-Akku mit Typ-C-Schnellladung.<\/li>\n<li><strong>Unterst\u00fctzt es nikotinfreies Dampfen?<\/strong><br \/>\nJa, 0 % Nikotin ist neben den St\u00e4rken 2 %, 3 % und 5 % erh\u00e4ltlich.<\/li>\n<li><strong>Was macht es einzigartig?<\/strong><br \/>\nDas Hochglanzfinish, die RGB-Beleuchtung und die Dual-Mesh-Spule zeichnen ihn aus.<\/li>\n<li><strong>Ist es f\u00fcr den Gro\u00dfhandel geeignet?<\/strong><br \/>\nAbsolut. Seine hohe Puffanzahl und Geschmacksvielfalt machen es zu einem starken Verkaufsschlager in Vape-Shops und B2B-M\u00e4rkten.<\/li>\n<\/ul>\n","protected":false},"excerpt":{"rendered":"<p>Der <strong>OKSO Magic Mirror 50K<\/strong> \u2728 liefert <strong>bis zu 50.000 Z\u00fcge<\/strong> mit einer Premium-<strong>Dual-Mesh-Spule<\/strong>, riesigem 40-ml-E-Liquid und einem stilvollen Spiegelfinish mit RGB-Beleuchtung. Perfekt f\u00fcr <strong>Gro\u00dfk\u00e4ufer, H\u00e4ndler und Vielnutzer<\/strong>, die langanhaltende Leistung und kr\u00e4ftige Aromen suchen.<\/p>\n","protected":false},"featured_media":1667,"comment_status":"open","ping_status":"closed","template":"","meta":[],"product_brand":[],"product_cat":[612,1841],"product_tag":[],"class_list":{"0":"post-26585","1":"product","2":"type-product","3":"status-publish","4":"has-post-thumbnail","6":"product_cat-40000-zuge-einweg-vape","7":"product_cat-okso","9":"first","10":"instock","11":"shipping-taxable","12":"purchasable","13":"product-type-variable","14":"has-default-attributes"},"jetpack_sharing_enabled":true,"tiered_pricing_type":"fixed","tiered_pricing_fixed_rules":{"30":9.5,"60":8.9000000000000003552713678800500929355621337890625,"100":8.300000000000000710542735760100185871124267578125,"200":7.9000000000000003552713678800500929355621337890625},"tiered_pricing_product_settings":{"layout":"default","base_unit_name":{"singular":null,"plural":null},"default_variation":null},"tiered_pricing_minimum_quantity":10,"tiered_pricing_roles_data":[],"tiered_pricing_percentage_rules":[],"tiered_pricing_maximum_quantity":null,"tiered_pricing_quantity_step":"10","_links":{"self":[{"href":"https:\/\/ricovape.com\/de\/wp-json\/wp\/v2\/product\/26585","targetHints":{"allow":["GET"]}}],"collection":[{"href":"https:\/\/ricovape.com\/de\/wp-json\/wp\/v2\/product"}],"about":[{"href":"https:\/\/ricovape.com\/de\/wp-json\/wp\/v2\/types\/product"}],"replies":[{"embeddable":true,"href":"https:\/\/ricovape.com\/de\/wp-json\/wp\/v2\/comments?post=26585"}],"wp:featuredmedia":[{"embeddable":true,"href":"https:\/\/ricovape.com\/de\/wp-json\/wp\/v2\/media\/1667"}],"wp:attachment":[{"href":"https:\/\/ricovape.com\/de\/wp-json\/wp\/v2\/media?parent=26585"}],"wp:term":[{"taxonomy":"product_brand","embeddable":true,"href":"https:\/\/ricovape.com\/de\/wp-json\/wp\/v2\/product_brand?post=26585"},{"taxonomy":"product_cat","embeddable":true,"href":"https:\/\/ricovape.com\/de\/wp-json\/wp\/v2\/product_cat?post=26585"},{"taxonomy":"product_tag","embeddable":true,"href":"https:\/\/ricovape.com\/de\/wp-json\/wp\/v2\/product_tag?post=26585"}],"curies":[{"name":"wp","href":"https:\/\/api.w.org\/{rel}","templated":true}]}}