{"id":24231,"date":"2025-07-07T09:21:41","date_gmt":"2025-07-07T09:21:41","guid":{"rendered":"https:\/\/stage.jrfer.com\/product\/okso-shisha-max-40k-40-000-zuge-mesh-coil-einweg-vaporizer-mit-einstellbarer-leistung\/"},"modified":"2026-04-07T12:53:56","modified_gmt":"2026-04-07T12:53:56","slug":"okso-shisha-max-40000","status":"publish","type":"product","link":"https:\/\/ricovape.com\/de\/produkt\/okso-shisha-max-40000\/","title":{"rendered":"OKSO Shisha Max 40K | 40.000 Z\u00fcge Mesh-Coil-Einweg-Vaporizer mit einstellbarer Leistung"},"content":{"rendered":"<h2>Warum sollten Sie sich f\u00fcr OKSO Shisha Max 40K entscheiden?<\/h2>\n<ul>\n<li><strong>40.000 Z\u00fcge:<\/strong> Extra lange Lebensdauer f\u00fcr unterbrechungsfreies Dampfen \ud83d\udd25<\/li>\n<li><strong>0,6 \u03a9 Mesh Coil:<\/strong> Konsistente, reichhaltige und geschmackvolle Z\u00fcge \ud83c\udf2c\ufe0f<\/li>\n<li><strong>36 ml E-Liquid:<\/strong> Gro\u00dfer Tank f\u00fcr langanhaltenden Genuss \ud83d\udca7<\/li>\n<li><strong>Nikotinflexibilit\u00e4t:<\/strong> W\u00e4hlen Sie zwischen 0 %, 2 %, 3 % oder 5 % \ud83d\udc4d<\/li>\n<li><strong>Wiederaufladbarer 800-mAh-Akku:<\/strong> Zuverl\u00e4ssige Stromversorgung mit Typ-C-Aufladung \ud83d\udd0b<\/li>\n<li><strong>LED-Anzeige:<\/strong> Klare Puff- und Batterie\u00fcberwachung \ud83d\udcca<\/li>\n<li><strong>Einstellbare Leistung und Luftstrom:<\/strong> Passen Sie Ihren Vape ganz nach Ihren W\u00fcnschen an \u2699\ufe0f<\/li>\n<li><strong>Kindersicherung:<\/strong> Sicherere Nutzung mit integriertem Schutz \ud83d\udd12<\/li>\n<li><strong>Gro\u00dfhandelsbereit:<\/strong> Ideal f\u00fcr B2B-K\u00e4ufer und Vape-Shops \ud83d\udce6<\/li>\n<\/ul>\n<h3>Spezifikationen<\/h3>\n<tbody>\n<tr>\n<td><strong>Puffkapazit\u00e4t:<\/strong><\/td>\n<td>40.000 Z\u00fcge<\/td>\n<\/tr>\n<tr>\n<td><strong>E-Liquid-Volumen:<\/strong><\/td>\n<td>36 ml vorgef\u00fcllt<\/td>\n<\/tr>\n<tr>\n<td><strong>Spulentyp:<\/strong><\/td>\n<td>0,6 \u03a9 Mesh-Spule<\/td>\n<\/tr>\n<tr>\n<td><strong>Batterie:<\/strong><\/td>\n<td>800 mAh wiederaufladbar, Typ-C-Aufladung<\/td>\n<\/tr>\n<tr>\n<td><strong>Nikotinoptionen:<\/strong><\/td>\n<td>0 %, 2 %, 3 %, 5 %<\/td>\n<\/tr>\n<tr>\n<td><strong>Anzeige:<\/strong><\/td>\n<td>LED-Bildschirm f\u00fcr Batterie- und Puffinformationen<\/td>\n<\/tr>\n<tr>\n<td><strong>Luftstrom und Leistung:<\/strong><\/td>\n<td>Vollst\u00e4ndig anpassbare Einstellungen<\/td>\n<\/tr>\n<tr>\n<td><strong>Sicherheit:<\/strong><\/td>\n<td>Kindersicherungsfunktion<\/td>\n<\/tr>\n<\/tbody>\n<\/table>\n<h3>Geschmacksauswahl<\/h3>\n<p>Die <strong>OKSO Shisha Max 40K<\/strong> ist in einer kr\u00e4ftigen Mischung aus klassischen und exotischen Geschmacksrichtungen erh\u00e4ltlich, um jeden Geschmacksvorlieben gerecht zu werden:<\/p>\n<ul>\n<li><strong>Zwei Apfel:<\/strong> Ein Shisha-Klassiker mit knackiger Apfels\u00fc\u00dfe \ud83c\udf4f\ud83c\udf4e<\/li>\n<li><strong>Trauben-Minze:<\/strong> Saftige Trauben, ausgeglichen mit k\u00fchler Minze \ud83c\udf47\ud83c\udf3f<\/li>\n<li><strong>Kirschfest:<\/strong> S\u00fc\u00dfer und w\u00fcrziger Kirschgeschmack \ud83c\udf52<\/li>\n<li><strong>Pfirsicheis:<\/strong> Saftiger Pfirsich mit eisiger Erfrischung \ud83c\udf51\u2744\ufe0f<\/li>\n<li><strong>Magische Liebe:<\/strong> Exotisch-fruchtige Mischung mit einem Hauch Shisha-Stil \ud83d\udc95<\/li>\n<li><strong>Erdbeerpunsch:<\/strong> S\u00fc\u00dfe Erdbeere mit kr\u00e4ftigem Abgang \ud83c\udf53\ud83e\udd4a<\/li>\n<li><strong>Blaues Razz-Eis:<\/strong> W\u00fcrzige blaue Himbeere mit einem eisigen Kick \ud83e\uded0\u2744\ufe0f<\/li>\n<li><strong>\u00dcppiges Eis:<\/strong> S\u00fc\u00dfe Wassermelone mit k\u00fchlendem Menthol \ud83c\udf49\u2744\ufe0f<\/li>\n<li><strong>Erdbeer-Wassermelone:<\/strong> Saftige Erdbeer-Melonen-Kombination \ud83c\udf53\ud83c\udf49<\/li>\n<li><strong>Beeren-Minze:<\/strong> Gemischte Beeren mit frischer Minz-Balance \ud83c\udf53\ud83e\uded0\ud83c\udf3f<\/li>\n<\/ul>\n<h3>Perfekt f\u00fcr Vielnutzer und den Gro\u00dfhandel<\/h3>\n<p>Die <strong>OKSO Shisha Max 40K<\/strong> ist f\u00fcr <strong>starke Dampfer, Geschmacksj\u00e4ger und Vape-Shop-Wiederverk\u00e4ufer<\/strong> konzipiert. Mit seiner <strong>hohen Zugzahl, der Premium-Spulentechnologie und den vielseitigen Nikotinoptionen<\/strong> eignet es sich hervorragend f\u00fcr <strong>Gro\u00dfbestellungen und den Gro\u00dfhandelsvertrieb<\/strong>. \ud83d\ude80\ud83d\udcaf<\/p>\n<h3>FAQ<\/h3>\n<ul>\n<li><strong>Wie lange h\u00e4lt ein Ger\u00e4t?<\/strong><br \/>\nBis zu 40.000 Z\u00fcge je nach Nutzungsgewohnheiten.<\/li>\n<li><strong>Ist es wiederaufladbar?<\/strong><br \/>\nJa, es wird mit einem wiederaufladbaren 800-mAh-Akku und Typ-C-Ladefunktion geliefert.<\/li>\n<li><strong>Kann ich ohne Nikotin dampfen?<\/strong><br \/>\nJa, es ist mit 0 % Nikotin sowie mit 2 %, 3 % und 5 % erh\u00e4ltlich.<\/li>\n<li><strong>Hat es einen einstellbaren Luftstrom?<\/strong><br \/>\nJa, Sie k\u00f6nnen sowohl den Luftstrom als auch die Leistung f\u00fcr ein individuelles Erlebnis anpassen.<\/li>\n<li><strong>Ist es gut f\u00fcr Gro\u00dfhandelsk\u00e4ufer?<\/strong><br \/>\nAbsolut, seine hohe Puffanzahl und Geschmacksvielfalt machen es ideal f\u00fcr Vape-Shops und H\u00e4ndler.<\/li>\n<\/ul>\n","protected":false},"excerpt":{"rendered":"<p>Die <strong>OKSO Shisha Max 40K<\/strong> \ud83d\udca8 liefert <strong>40.000 Z\u00fcge<\/strong> sanften Geschmacks mit einer <strong>0,6-\u03a9-Mesh-Spule<\/strong>, 36 ml Premium-Saft und einstellbaren Einstellungen. Perfekt f\u00fcr <strong>Gro\u00dfh\u00e4ndler, Vape-Shops und Vielnutzer<\/strong>, die zuverl\u00e4ssige Langzeitleistung suchen.<\/p>\n","protected":false},"featured_media":1737,"comment_status":"open","ping_status":"closed","template":"","meta":[],"product_brand":[],"product_cat":[612,1841],"product_tag":[],"class_list":{"0":"post-24231","1":"product","2":"type-product","3":"status-publish","4":"has-post-thumbnail","6":"product_cat-40000-zuge-einweg-vape","7":"product_cat-okso","9":"first","10":"instock","11":"shipping-taxable","12":"purchasable","13":"product-type-variable","14":"has-default-attributes"},"jetpack_sharing_enabled":true,"tiered_pricing_type":"fixed","tiered_pricing_fixed_rules":{"30":7.62999999999999989341858963598497211933135986328125,"50":5.9000000000000003552713678800500929355621337890625,"100":5.28000000000000024868995751603506505489349365234375,"200":4.910000000000000142108547152020037174224853515625,"400":4.480000000000000426325641456060111522674560546875},"tiered_pricing_product_settings":{"layout":"default","base_unit_name":{"singular":null,"plural":null},"default_variation":null},"tiered_pricing_minimum_quantity":10,"tiered_pricing_roles_data":[],"tiered_pricing_percentage_rules":[],"tiered_pricing_maximum_quantity":null,"tiered_pricing_quantity_step":"10","_links":{"self":[{"href":"https:\/\/ricovape.com\/de\/wp-json\/wp\/v2\/product\/24231","targetHints":{"allow":["GET"]}}],"collection":[{"href":"https:\/\/ricovape.com\/de\/wp-json\/wp\/v2\/product"}],"about":[{"href":"https:\/\/ricovape.com\/de\/wp-json\/wp\/v2\/types\/product"}],"replies":[{"embeddable":true,"href":"https:\/\/ricovape.com\/de\/wp-json\/wp\/v2\/comments?post=24231"}],"wp:featuredmedia":[{"embeddable":true,"href":"https:\/\/ricovape.com\/de\/wp-json\/wp\/v2\/media\/1737"}],"wp:attachment":[{"href":"https:\/\/ricovape.com\/de\/wp-json\/wp\/v2\/media?parent=24231"}],"wp:term":[{"taxonomy":"product_brand","embeddable":true,"href":"https:\/\/ricovape.com\/de\/wp-json\/wp\/v2\/product_brand?post=24231"},{"taxonomy":"product_cat","embeddable":true,"href":"https:\/\/ricovape.com\/de\/wp-json\/wp\/v2\/product_cat?post=24231"},{"taxonomy":"product_tag","embeddable":true,"href":"https:\/\/ricovape.com\/de\/wp-json\/wp\/v2\/product_tag?post=24231"}],"curies":[{"name":"wp","href":"https:\/\/api.w.org\/{rel}","templated":true}]}}