{"id":21748,"date":"2026-03-12T04:24:32","date_gmt":"2026-03-12T04:24:32","guid":{"rendered":"https:\/\/stage.jrfer.com\/product\/bang-leader-85k-3-in-1-dreifachgeschmack-85-000-zuge-70-ml-einweg-vaporizer-in-grosen-mengen\/"},"modified":"2026-04-07T10:17:38","modified_gmt":"2026-04-07T10:17:38","slug":"bang-leader-85k-3-in-1-triple-flavor-85000-puffs-70ml-bulk-disposable-vape","status":"publish","type":"product","link":"https:\/\/ricovape.com\/de\/produkt\/bang-leader-85k-3-in-1-triple-flavor-85000-puffs-70ml-bulk-disposable-vape\/","title":{"rendered":"Bang Leader 85K | 3-in-1-Dreifachgeschmack, 85.000 Z\u00fcge, 70 ml, Einweg-Vaporizer in gro\u00dfen Mengen"},"content":{"rendered":"<p>Wir stellen den <strong>Bang Leader 85000 Puffs<\/strong> vor, einen bahnbrechenden Einweg-Vaporizer, der f\u00fcr diejenigen entwickelt wurde, die mehr verlangen. Dies ist nicht nur ein Standard-Vaporizer; Es ist ein Kraftpaket mit hoher Kapazit\u00e4t, das auf Langlebigkeit und Zufriedenheit ausgelegt ist. Mit einem atemberaubenden <strong>70-ml-E-Liquid-Reservoir<\/strong> und einem robusten <strong>850-mAh-Akku<\/strong> sorgt dieses Ger\u00e4t daf\u00fcr, dass Sie mehr Zeit mit dem Dampfen verbringen und sich weniger Sorgen machen m\u00fcssen, dass Ihnen das Liquid ausgeht. \ud83d\udd0b\u2728<\/p>\n<p>Das herausragende Merkmal ist das innovative <strong>3-in-1-Geschmackssystem<\/strong>. Gelangweilt vom gleichen Geschmack? Wechseln Sie einfach die Einstellungen, um drei verschiedene Premium-Geschmacksrichtungen in einem einzigen Ger\u00e4t zu genie\u00dfen! Ausgestattet mit einer <strong>1,0-\u03a9-Mesh-Spule<\/strong> liefert es vom ersten bis zum letzten Zug gleichm\u00e4\u00dfigen, sanften und satten Dampf. Perfekt f\u00fcr <strong>Vape-Shop-Besitzer<\/strong>, die auf der Suche nach einem hei\u00df verkauften Artikel sind, oder f\u00fcr Vieldampfer, die ein gutes Preis-Leistungs-Verh\u00e4ltnis suchen. \ud83c\udfc6\ud83d\udce6<\/p>\n<h3>\ud83c\udf1f Warum Bang Leader 85000 w\u00e4hlen?<\/h3>\n<ul>\n<li><strong>\ud83d\udd04 3-in-1-Geschmackstechnologie:<\/strong> Genie\u00dfen Sie drei verschiedene Geschmacksrichtungen in einem kompakten Ger\u00e4t. Wechseln Sie sofort nach Lust und Laune!<\/li>\n<li><strong>\ud83d\udca7 Riesige Kapazit\u00e4t von 70 ml:<\/strong> Eine der gr\u00f6\u00dften Kapazit\u00e4ten auf dem Markt, unterst\u00fctzt unglaubliche 85.000 Z\u00fcge.<\/li>\n<li><strong>\u26a1 Typ-C-Akku:<\/strong> Durch schnelles Aufladen \u00fcber den Typ-C-Anschluss ist Ihr 850-mAh-Akku immer einsatzbereit.<\/li>\n<li><strong>\u2601\ufe0f Fortschrittliche Mesh-Spule:<\/strong> Die 1,0-\u03a9-Widerstands-Mesh-Spule garantiert eine verbesserte Geschmacksreinheit und eine dicke Wolkenproduktion.<\/li>\n<li><strong>\ud83c\udf9a\ufe0f Flexible Nikotinoptionen:<\/strong> Erh\u00e4ltlich in 0 %, 2 %, 3 % und 5 %, um den Vorlieben jedes Kunden gerecht zu werden.<\/li>\n<\/ul>\n<h3>\ud83d\udcca Spezifikationen des Bang Leader 85K<\/h3>\n<thead>\n<tr>\n<th align=\"left\">Funktion<\/th>\n<th align=\"left\">Details<\/th>\n<\/tr>\n<\/thead>\n<tbody>\n<tr>\n<td><strong>Puffanzahl<\/strong><\/td>\n<td>Bis zu 85.000 Z\u00fcge<\/td>\n<\/tr>\n<tr>\n<td><strong>E-Liquid-Kapazit\u00e4t<\/strong><\/td>\n<td>70 ml<\/td>\n<\/tr>\n<tr>\n<td><strong>Geschmackssystem<\/strong><\/td>\n<td>3-in-1-Dreifach-Geschmacksumschalter<\/td>\n<\/tr>\n<tr>\n<td><strong>Batterie<\/strong><\/td>\n<td>850 mAh (wiederaufladbar)<\/td>\n<\/tr>\n<tr>\n<td><strong>Aufladen<\/strong><\/td>\n<td>Typ-C-Anschluss<\/td>\n<\/tr>\n<tr>\n<td><strong>Spule<\/strong><\/td>\n<td>1,0-\u03a9-Mesh-Spule<\/td>\n<\/tr>\n<tr>\n<td><strong>Nikotinst\u00e4rke<\/strong><\/td>\n<td>0 % (0 mg), 2 % (20 mg), 3 % (30 mg), 5 % (50 mg)<\/td>\n<\/tr>\n<\/tbody>\n<\/table>\n<h3>\ud83c\udf6d Bang Leader 85.000 Geschmackskombinationen (3 Geschmacksrichtungen pro Ger\u00e4t)<\/h3>\n<p>Jedes Bang Leader-Ger\u00e4t ist vollgepackt mit drei k\u00f6stlichen Geschmacksrichtungen. W\u00e4hlen Sie Ihren Lieblingsmix:<\/p>\n<ul>\n<li>\ud83c\udf4c <strong>Mischung 1:<\/strong> Bananeneis \/ Erdbeer-Wassermelone \/ Gummib\u00e4rchen<\/li>\n<li>\ud83d\udc09 <strong>Mischung 2:<\/strong> schwarzes Dracheneis \/ Marshmallow \/ Sommertraum<\/li>\n<li>\ud83e\uded0 <strong>Mischung 3:<\/strong> Blaubeereis \/ blaues Raz \/ Duftende Birne<\/li>\n<li>\ud83c\udf4d <strong>Mischung 4:<\/strong> Kirsch-Preiselbeere \/ Pfirsich-Mango \/ Ananas<\/li>\n<li>\ud83e\udd64 <strong>Mischung 5:<\/strong> Cola-Eis \/ Apfel-Pfirsich \/ Rosa Limonade<\/li>\n<li>\ud83e\udd5d <strong>Mischung 6:<\/strong> Traubeneis \/ Erdbeer-Kiwi \/ Passionsfrucht Guave<\/li>\n<li>\ud83d\udc9c <strong>Mix 7:<\/strong> Liebe 666 \/ Blaubeer-Himbeere \/ vimto<\/li>\n<li>\ud83c\udf79 <strong>Mischung 8:<\/strong> Gemischte Fr\u00fcchte \/ Mojito-Pfirsich \/ Blaubeer-Himbeere<\/li>\n<li>\ud83c\udf53 <strong>Mischung 9:<\/strong> Ananaseis \/ Erdbeerroter Bulle \/ gemischte Beeren<\/li>\n<li>\ud83c\udf4e <strong>Mischung 10:<\/strong> Rotes Apfeleis \/ Himbeer-Wassermelone \/ Aloe-Traube<\/li>\n<li>\ud83c\udf66 <strong>Mischung 11:<\/strong> roter Bulle \/ Blaubeer-Wassermelone \/ Erdbeereis<\/li>\n<li>\ud83c\udf4a <strong>Mischung 12:<\/strong> Erdbeereis \/ Zitronenorange \/ Wassermelonen-Kaugummi<\/li>\n<li>\ud83c\udf4c <strong>Mischung 13:<\/strong> Erdbeer-Himbeere \/ schwarze Johannisbeere \/ Erdbeerbanane<\/li>\n<li>\ud83c\udf52 <strong>Mischung 14:<\/strong> Erdbeerwassermelone \/ Kirschkoks \/ Erdbeercreme<\/li>\n<li>\ud83e\udd6d <strong>Mischung 15:<\/strong> Wassermeloneneis \/ Mango-Pfirsich \/ Orangenlimonade<\/li>\n<\/ul>\n<p><strong>Bang Leader 85000 Puffs<\/strong> setzt einen neuen Standard f\u00fcr Einweg-Vapes. Es ist perfekt geeignet f\u00fcr <strong>starke Benutzer<\/strong>, die Komfort ohne Kompromisse w\u00fcnschen, und <strong>Geschmacksj\u00e4ger<\/strong>, die Abwechslung lieben. F\u00fcr <strong>Einzelh\u00e4ndler und Gro\u00dfh\u00e4ndler<\/strong> ist dieses leistungsstarke Ger\u00e4t mit mehreren Geschmacksrichtungen ein Muss auf Lager und lockt Kunden an, die auf der Suche nach dem besten Preis-Leistungs-Verh\u00e4ltnis und der neuesten Technologie sind. R\u00fcsten Sie Ihr Inventar noch heute auf! \ud83d\ude80\ud83d\uded2<\/p>\n<h3>\u2753 H\u00e4ufig gestellte Fragen (FAQ)<\/h3>\n<p><strong>F: Wie wechsle ich die Geschmacksrichtungen beim Bang Leader 85K?<\/strong><br \/>\nA: Das Ger\u00e4t verf\u00fcgt \u00fcber einen einfachen Schaltmechanismus, der es Ihnen erm\u00f6glicht, zwischen den drei separaten Fl\u00fcssigkeitstanks im Inneren umzuschalten. \ud83d\udd00<\/p>\n<p><strong>F: Ist der Akku wiederaufladbar?<\/strong><br \/>\nA: Ja! Im Lieferumfang ist ein 850-mAh-Akku enthalten, der problemlos mit einem Standard-Typ-C-Ladekabel aufgeladen werden kann. \ud83d\udd0c<\/p>\n<p><strong>F: Ist dieses Produkt f\u00fcr den Gro\u00dfhandel geeignet?<\/strong><br \/>\nA: Absolut. Das einzigartige 3-in-1-Verkaufsargument und die hohe Anzahl an Z\u00fcgen machen es zu einem sehr attraktiven Produkt f\u00fcr B2B-K\u00e4ufer und Vape-Shops. \ud83c\udfed<\/p>\n<p><strong>F: Wie lange halten 85.000 Z\u00fcge?<\/strong><br \/>\nA: Mit 70 ml Fl\u00fcssigkeit kann dieses Ger\u00e4t je nach Ihren Nutzungsgewohnheiten mehrere Wochen halten, was es \u00e4u\u00dferst kosteng\u00fcnstig macht. \ud83d\uddd3\ufe0f<\/p>\n","protected":false},"excerpt":{"rendered":"<p>Unglaubliche 85.000 Z\u00fcge, 3-in-1-Geschmacksumschaltung und 70 ml Fassungsverm\u00f6gen! Der Bang Leader 85K ist der ultimative langlebige wiederaufladbare E-Zigaretten-Verdampfer f\u00fcr Gro\u00dfh\u00e4ndler und Geschmacksj\u00e4ger. \ud83c\udf2c\ufe0f\ud83d\udca8<\/p>\n","protected":false},"featured_media":6804,"comment_status":"open","ping_status":"closed","template":"","meta":[],"product_brand":[],"product_cat":[755,687,345],"product_tag":[490,517,544,571,2168],"class_list":{"0":"post-21748","1":"product","2":"type-product","3":"status-publish","4":"has-post-thumbnail","6":"product_cat-100k-puffs-einweg-vaporizer","7":"product_cat-60000-zuge-einweg-vape","8":"product_cat-bang","9":"product_tag-3-in-1-geschmacks-vape","10":"product_tag-85-000-spruhsto-e-einwegartikel","11":"product_tag-bang-leader-85000-zuge","12":"product_tag-bang-vape-gro-handel","13":"product_tag-wiederaufladbarer-vape","15":"first","16":"instock","17":"shipping-taxable","18":"purchasable","19":"product-type-variable","20":"has-default-attributes"},"jetpack_sharing_enabled":true,"tiered_pricing_type":"fixed","tiered_pricing_fixed_rules":{"30":9.07000000000000028421709430404007434844970703125,"50":7.519999999999999573674358543939888477325439453125,"100":7,"200":6.61000000000000031974423109204508364200592041015625,"400":5.8300000000000000710542735760100185871124267578125},"tiered_pricing_product_settings":{"layout":"default","base_unit_name":{"singular":null,"plural":null},"default_variation":null},"tiered_pricing_minimum_quantity":10,"tiered_pricing_roles_data":[],"tiered_pricing_percentage_rules":[],"tiered_pricing_maximum_quantity":null,"tiered_pricing_quantity_step":"10","_links":{"self":[{"href":"https:\/\/ricovape.com\/de\/wp-json\/wp\/v2\/product\/21748","targetHints":{"allow":["GET"]}}],"collection":[{"href":"https:\/\/ricovape.com\/de\/wp-json\/wp\/v2\/product"}],"about":[{"href":"https:\/\/ricovape.com\/de\/wp-json\/wp\/v2\/types\/product"}],"replies":[{"embeddable":true,"href":"https:\/\/ricovape.com\/de\/wp-json\/wp\/v2\/comments?post=21748"}],"wp:featuredmedia":[{"embeddable":true,"href":"https:\/\/ricovape.com\/de\/wp-json\/wp\/v2\/media\/6804"}],"wp:attachment":[{"href":"https:\/\/ricovape.com\/de\/wp-json\/wp\/v2\/media?parent=21748"}],"wp:term":[{"taxonomy":"product_brand","embeddable":true,"href":"https:\/\/ricovape.com\/de\/wp-json\/wp\/v2\/product_brand?post=21748"},{"taxonomy":"product_cat","embeddable":true,"href":"https:\/\/ricovape.com\/de\/wp-json\/wp\/v2\/product_cat?post=21748"},{"taxonomy":"product_tag","embeddable":true,"href":"https:\/\/ricovape.com\/de\/wp-json\/wp\/v2\/product_tag?post=21748"}],"curies":[{"name":"wp","href":"https:\/\/api.w.org\/{rel}","templated":true}]}}