{"id":20906,"date":"2025-10-21T03:02:24","date_gmt":"2025-10-21T03:02:24","guid":{"rendered":"https:\/\/stage.jrfer.com\/product\/uwin-tornado-triple-60k-puffs-3-in-1-wiederaufladbarer-vape-mit-einstellbarem-geschmack\/"},"modified":"2026-04-07T11:35:02","modified_gmt":"2026-04-07T11:35:02","slug":"uwin-tornado-triple-60k-puffs-3-in-1-adjustable-flavor-rechargeable-vape","status":"publish","type":"product","link":"https:\/\/ricovape.com\/de\/produkt\/uwin-tornado-triple-60k-puffs-3-in-1-adjustable-flavor-rechargeable-vape\/","title":{"rendered":"Uwin Tornado Triple 60K Puffs | 3-in-1 wiederaufladbarer Vape mit einstellbarem Geschmack"},"content":{"rendered":"<h2>Uwin Tornado Triple 60K Puffs \ud83d\udca8 | 3-in-1 wiederaufladbarer Vape mit einstellbarem Geschmack<\/h2>\n<h3>\ud83c\udf1f Warum Uwin Tornado Triple 60K w\u00e4hlen?<\/h3>\n<ul>\n<li>\ud83d\udd25 <strong>3 anpassbare Geschmacksrichtungen<\/strong> \u2013 Wechseln Sie jederzeit und \u00fcberall zwischen 3 integrierten Geschmacksrichtungen.<\/li>\n<li>\ud83d\udca8 <strong>Massive 60.000 Z\u00fcge<\/strong> \u2013 Verl\u00e4ngerte Dampflebensdauer f\u00fcr Vielnutzer und Geschmacksliebhaber.<\/li>\n<li>\u26a1 <strong>Triple Mesh Coil<\/strong> \u2013 Liefert gleichm\u00e4\u00dfigeren Dampf und eine st\u00e4rkere Geschmacksabgabe.<\/li>\n<li>\ud83d\udd0b <strong>Wiederaufladbarer Akku (650 mAh)<\/strong> \u2013 Langlebig mit Typ-C-Schnellladung.<\/li>\n<li>\ud83d\udcfa <strong>LED-Bildschirmanzeige<\/strong> \u2013 Zeigt den Batterie- und E-Liquid-F\u00fcllstand deutlich an.<\/li>\n<li>\ud83d\udca7 <strong>3 \u00d6ltanks<\/strong> \u2013 Jeder ist einer Geschmacksrichtung zugeordnet, um einen reinen, sauberen Geschmackswechsel zu erm\u00f6glichen.<\/li>\n<li>\ud83c\udf08 <strong>Nikotinoptionen<\/strong> \u2013 W\u00e4hlen Sie je nach Wunsch zwischen 2 %, 3 % oder 5 % Nikotin.<\/li>\n<\/ul>\n<h3>\u2699\ufe0f Spezifikationen<\/h3>\n<tbody>\n<tr>\n<td><strong>Puffanzahl<\/strong><\/td>\n<td>Bis zu 60.000 Z\u00fcge<\/td>\n<\/tr>\n<tr>\n<td><strong>Nikotinst\u00e4rke<\/strong><\/td>\n<td>2 % \/ 3 % \/ 5 %<\/td>\n<\/tr>\n<tr>\n<td><strong>Geschmacksmodi<\/strong><\/td>\n<td>3 einstellbare Geschmacksrichtungen<\/td>\n<\/tr>\n<tr>\n<td><strong>\u00d6ltank<\/strong><\/td>\n<td>3 separate Tanks<\/td>\n<\/tr>\n<tr>\n<td><strong>Batterie<\/strong><\/td>\n<td>650 mAh wiederaufladbar<\/td>\n<\/tr>\n<tr>\n<td><strong>Spule<\/strong><\/td>\n<td>Triple-Mesh-Spule<\/td>\n<\/tr>\n<tr>\n<td><strong>LED-Bildschirm<\/strong><\/td>\n<td>Ja<\/td>\n<\/tr>\n<tr>\n<td><strong>Ladeanschluss<\/strong><\/td>\n<td>Typ-C<\/td>\n<\/tr>\n<tr>\n<td><strong>Verpackung<\/strong><\/td>\n<td>10 St\u00fcck\/Packung<\/td>\n<\/tr>\n<\/tbody>\n<\/table>\n<h3>\ud83c\udf6d Geschmackskombinationen<\/h3>\n<ol>\n<li>Kirscheis \u2022 Erdbeer-Red Bull \u2022 Blaubeer-Himbeere<\/li>\n<li>Blaubeereis \u2022 Erdbeer-Wassermelone \u2022 Erdbeer-Himbeer-Kirsch-Eis<\/li>\n<li>Rosa Limonade \u2022 Vanilleeis \u2022 Erdbeer-Himbeer-Bonbon<\/li>\n<li>Erdbeer-Kiwi \u2022 Love 66 (Passionsfruchtmelone) \u2022 Blue Razz Ice<\/li>\n<li>Zitrone Limette \u2022 Erdbeer-Banane \u2022 Gemischte Fr\u00fcchte<\/li>\n<li>Wassermeloneneis \u2022 Cola-Eis \u2022 Mr Blue<\/li>\n<li>Sommer-Pfirsich-Eis \u2022 Blaubeer-Himbeere \u2022 Erdbeer-Red Bull<\/li>\n<li>Kiwi-Passionsfrucht-Guave \u2022 Pfirsich-Mango \u2022 Himbeer-Wassermelone<\/li>\n<li>Red Bull \u2022 Kirscheis \u2022 Zitronenlimette<\/li>\n<li>Erdbeereis \u2022 Sommerpfirsicheis \u2022 Traubeneis<\/li>\n<li>Gemischte Beeren \u2022 Drachenfruchteis \u2022 Erdbeer-Wassermelonen-Kaugummi<\/li>\n<li>Kirsch-Cola \u2022 Erdbeer-Vanille-Cola \u2022 Weintraube<\/li>\n<\/ol>\n<h3>\ud83d\udcac FAQ<\/h3>\n<p><strong>F: Wie wechsle ich die Geschmacksrichtungen?<\/strong><br \/>\nA: Schalten Sie einfach den Geschmacksw\u00e4hler um, um zwischen den drei eingebauten Tanks zu wechseln.<\/p>\n<p><strong>F: Kann ich es aufladen?<\/strong><br \/>\nA: Ja! Der Tornado Triple verf\u00fcgt \u00fcber einen wiederaufladbaren 650-mAh-Typ-C-Akku.<\/p>\n<p><strong>F: F\u00fcr wen ist es?<\/strong><br \/>\nA: Perfekt f\u00fcr Geschmacksj\u00e4ger, Vieldampfer und Benutzer, die Abwechslung in einem Ger\u00e4t w\u00fcnschen.<\/p>\n<p>\u00a0<\/p>\n<p><strong>Uwin Tornado Triple 60K<\/strong> ist mehr als nur ein Einweg-Vaporizer \u2013 es ist Ihr pers\u00f6nliches Geschmackslabor in einem Ger\u00e4t im Taschenformat. Entwickelt f\u00fcr langanhaltende Leistung, kr\u00e4ftigen Geschmack und flexiblen Einsatz, ist es ideal sowohl f\u00fcr Einzelanwender als auch f\u00fcr Einzelhandelsgesch\u00e4fte in ganz Europa.<\/p>\n","protected":false},"excerpt":{"rendered":"<p>Entdecken Sie den <strong>Uwin Tornado Triple 60K<\/strong> \u2013 einen leistungsstarken 3-in-1-Einweg-Vaporizer mit bis zu 60.000 Z\u00fcgen, Triple-Mesh-Spule und umschaltbaren Geschmacksmodi. Genie\u00dfen Sie sanften Dampf, lange Akkulaufzeit und kr\u00e4ftigen Geschmack bei jedem Zug.<\/p>\n","protected":false},"featured_media":6320,"comment_status":"open","ping_status":"closed","template":"","meta":[],"product_brand":[],"product_cat":[379,1921],"product_tag":[],"class_list":{"0":"post-20906","1":"product","2":"type-product","3":"status-publish","4":"has-post-thumbnail","6":"product_cat-uwin","7":"product_cat-neu","9":"first","10":"instock","11":"shipping-taxable","12":"purchasable","13":"product-type-variable","14":"has-default-attributes"},"jetpack_sharing_enabled":true,"tiered_pricing_type":"fixed","tiered_pricing_fixed_rules":{"30":9.1400000000000005684341886080801486968994140625,"50":7.410000000000000142108547152020037174224853515625,"100":6.79000000000000003552713678800500929355621337890625,"200":6.29999999999999982236431605997495353221893310546875,"400":5.86000000000000031974423109204508364200592041015625},"tiered_pricing_product_settings":{"layout":"default","base_unit_name":{"singular":null,"plural":null},"default_variation":null},"tiered_pricing_minimum_quantity":10,"tiered_pricing_roles_data":[],"tiered_pricing_percentage_rules":[],"tiered_pricing_maximum_quantity":null,"tiered_pricing_quantity_step":"10","_links":{"self":[{"href":"https:\/\/ricovape.com\/de\/wp-json\/wp\/v2\/product\/20906","targetHints":{"allow":["GET"]}}],"collection":[{"href":"https:\/\/ricovape.com\/de\/wp-json\/wp\/v2\/product"}],"about":[{"href":"https:\/\/ricovape.com\/de\/wp-json\/wp\/v2\/types\/product"}],"replies":[{"embeddable":true,"href":"https:\/\/ricovape.com\/de\/wp-json\/wp\/v2\/comments?post=20906"}],"wp:featuredmedia":[{"embeddable":true,"href":"https:\/\/ricovape.com\/de\/wp-json\/wp\/v2\/media\/6320"}],"wp:attachment":[{"href":"https:\/\/ricovape.com\/de\/wp-json\/wp\/v2\/media?parent=20906"}],"wp:term":[{"taxonomy":"product_brand","embeddable":true,"href":"https:\/\/ricovape.com\/de\/wp-json\/wp\/v2\/product_brand?post=20906"},{"taxonomy":"product_cat","embeddable":true,"href":"https:\/\/ricovape.com\/de\/wp-json\/wp\/v2\/product_cat?post=20906"},{"taxonomy":"product_tag","embeddable":true,"href":"https:\/\/ricovape.com\/de\/wp-json\/wp\/v2\/product_tag?post=20906"}],"curies":[{"name":"wp","href":"https:\/\/api.w.org\/{rel}","templated":true}]}}