{"id":20437,"date":"2025-07-07T09:20:26","date_gmt":"2025-07-07T09:20:26","guid":{"rendered":"https:\/\/stage.jrfer.com\/product\/bang-king-20000-puffs-led-anzeige-25-ml-bulk-einweg-vape\/"},"modified":"2026-04-07T13:54:04","modified_gmt":"2026-04-07T13:54:04","slug":"bang-king-20000-puffs","status":"publish","type":"product","link":"https:\/\/ricovape.com\/de\/produkt\/bang-king-20000-puffs\/","title":{"rendered":"Bang King 20000 Puffs | LED-Anzeige 25 ml Bulk-Einweg-Vape"},"content":{"rendered":"<h2>Warum sollten Sie sich f\u00fcr Bang King 20000 entscheiden?<\/h2>\n<ul>\n<li><strong>Erweiterte Puffkapazit\u00e4t:<\/strong> Bis zu 20.000 Z\u00fcge f\u00fcr unschlagbare Langlebigkeit \ud83d\udd25<\/li>\n<li><strong>Riesiger Safttank:<\/strong> 25 ml E-Liquid-Kapazit\u00e4t f\u00fcr weniger Nachf\u00fcllen \ud83d\udca7<\/li>\n<li><strong>Mehrere Nikotinoptionen:<\/strong> W\u00e4hlen Sie je nach Bedarf 0 %, 2 %, 3 % oder 5 % \u2705<\/li>\n<li><strong>Zuverl\u00e4ssiger Akku:<\/strong> 650 mAh mit Typ-C-Schnellladung \ud83d\udd0b<\/li>\n<li><strong>Mesh-Spulenleistung:<\/strong> 0,8-\u03a9-Spule f\u00fcr satten Geschmack und sanften Dampf \ud83c\udf2c\ufe0f<\/li>\n<li><strong>LED-Anzeige:<\/strong> Zug- und Batterieverfolgung in Echtzeit \ud83d\udcca<\/li>\n<li><strong>Gro\u00dfhandelsbereit:<\/strong> Perfekte Spezifikationen f\u00fcr Gesch\u00e4fte und H\u00e4ndler \ud83d\udce6<\/li>\n<\/ul>\n<h3>Spezifikationen<\/h3>\n<tbody>\n<tr>\n<td><strong>Puffanzahl:<\/strong><\/td>\n<td>Bis zu 20.000 Z\u00fcge<\/td>\n<\/tr>\n<tr>\n<td><strong>E-Liquid-Kapazit\u00e4t:<\/strong><\/td>\n<td>25 ml<\/td>\n<\/tr>\n<tr>\n<td><strong>Batterie:<\/strong><\/td>\n<td>650 mAh wiederaufladbar<\/td>\n<\/tr>\n<tr>\n<td><strong>Aufladen:<\/strong><\/td>\n<td>Typ-C-Schnellladung<\/td>\n<\/tr>\n<tr>\n<td><strong>Nikotinoptionen:<\/strong><\/td>\n<td>0 %, 2 %, 3 %, 5 %<\/td>\n<\/tr>\n<tr>\n<td><strong>Spule:<\/strong><\/td>\n<td>0,8-\u03a9-Mesh-Spule<\/td>\n<\/tr>\n<tr>\n<td><strong>Anzeige:<\/strong><\/td>\n<td>LED-Bildschirm f\u00fcr Batterie- und Puffanzahl<\/td>\n<\/tr>\n<\/tbody>\n<\/table>\n<h3>Geschmacksauswahl<\/h3>\n<p>Genie\u00dfen Sie <strong>16 fantastische Geschmacksrichtungen<\/strong> f\u00fcr jeden Geschmack \u2013 von eisig k\u00fchl bis fruchtig s\u00fc\u00df \ud83c\udf53\ud83c\udf47\u2744\ufe0f:<\/p>\n<ul>\n<li><strong>Minze:<\/strong> Klassische erfrischende K\u00e4lte \ud83c\udf3f\u2744\ufe0f<\/li>\n<li><strong>Erdbeer-Litschi:<\/strong> S\u00fc\u00df und exotisch \ud83c\udf53\ud83e\udd6d<\/li>\n<li><strong>Erdbeer-Kiwi:<\/strong> Perfekte Fruchtmischung \ud83c\udf53\ud83e\udd5d<\/li>\n<li><strong>Erdbeer-Wassermelone:<\/strong> Saftig und erfrischend \ud83c\udf53\ud83c\udf49<\/li>\n<li><strong>Red Bull:<\/strong> Energetisierender Geschmacksschub \u26a1\ud83e\udd64<\/li>\n<li><strong>Gemischte Fr\u00fcchte:<\/strong> Tropische Fruchtexplosion \ud83c\udf4d\ud83c\udf4e\ud83c\udf4a<\/li>\n<li><strong>Blaubeereis:<\/strong> S\u00fc\u00dfe Beere mit eisigem Abgang \ud83e\uded0\u2744\ufe0f<\/li>\n<li><strong>Blaubeer-Himbeere:<\/strong> Herbes und s\u00fc\u00dfes Beeren-Duo \ud83e\uded0\ud83c\udf47<\/li>\n<li><strong>Blaubeer-Wassermelone:<\/strong> Erfrischende Beeren-Melonen-Mischung \ud83e\uded0\ud83c\udf49<\/li>\n<li><strong>Traubeneis:<\/strong> Saftige Traube mit k\u00fchlem Ausatmen \ud83c\udf47\u2744\ufe0f<\/li>\n<li><strong>Pfirsicheis:<\/strong> Glatter Pfirsich mit eisigem Rand \ud83c\udf51\u2744\ufe0f<\/li>\n<li><strong>Wassermelone:<\/strong> Pure Sommers\u00fc\u00dfe \ud83c\udf49<\/li>\n<li><strong>Himbeer-Wassermelone:<\/strong> W\u00fcrzige und saftige Mischung \ud83c\udf53\ud83c\udf49<\/li>\n<li><strong>Erdbeer-Mango:<\/strong> S\u00fc\u00dfer tropischer Genuss \ud83c\udf53\ud83e\udd6d<\/li>\n<li><strong>Doppelter Apfel:<\/strong> Klassischer Shisha-inspirierter Apfel \ud83c\udf4f\ud83c\udf4e<\/li>\n<li><strong>Mango-Pfirsich-Wassermelone:<\/strong> Exotische Dreifachfrucht-Fusion \ud83e\udd6d\ud83c\udf51\ud83c\udf49<\/li>\n<\/ul>\n<h3>Perfekt f\u00fcr Vielnutzer und den Gro\u00dfhandel<\/h3>\n<p>Der <strong>Bang King 20000<\/strong> ist f\u00fcr <strong>starke Dampfer, Geschmacksj\u00e4ger und Vape-H\u00e4ndler<\/strong> konzipiert. Mit seiner enormen Zugzahl, den einstellbaren Nikotinoptionen und einer gro\u00dfen Auswahl an Geschmacksrichtungen ist dieses Ger\u00e4t sowohl f\u00fcr den pers\u00f6nlichen Gebrauch als auch f\u00fcr den Vertrieb in gro\u00dfem Ma\u00dfstab ideal.<\/p>\n<h3>FAQ<\/h3>\n<ul>\n<li><strong>Wie viele Z\u00fcge pro Ger\u00e4t?<\/strong><br \/>\nJede Einheit liefert bis zu 20.000 Z\u00fcge.<\/li>\n<li><strong>Ist es wiederaufladbar?<\/strong><br \/>\nJa, es verf\u00fcgt \u00fcber einen 650-mAh-Akku mit Typ-C-Aufladung.<\/li>\n<li><strong>Welche Nikotinmengen sind verf\u00fcgbar?<\/strong><br \/>\nW\u00e4hlen Sie zwischen den Optionen 0 %, 2 %, 3 % und 5 % Nikotin.<\/li>\n<li><strong>Hat es ein Display?<\/strong><br \/>\nJa, der LED-Bildschirm zeigt die Akkulaufzeit und die Anzahl der Z\u00fcge an.<\/li>\n<li><strong>Wer sollte das kaufen?<\/strong><br \/>\nIdeal f\u00fcr <strong>starke Benutzer, E-Zigaretten-Shops und Gro\u00dfh\u00e4ndler<\/strong>.<\/li>\n<\/ul>\n","protected":false},"excerpt":{"rendered":"<p>Der <strong>Bang King 20000<\/strong> \ud83d\udca8 bietet riesige <strong>20.000 Z\u00fcge<\/strong>, einen riesigen <strong>25-ml-E-Liquid-Tank<\/strong> und ein intelligentes <strong>LED-Display<\/strong> \u2013 perfekt f\u00fcr Vape-Enthusiasten, Gesch\u00e4fte und Gro\u00dfh\u00e4ndler.<\/p>\n","protected":false},"featured_media":1189,"comment_status":"open","ping_status":"closed","template":"","meta":[],"product_brand":[],"product_cat":[508,345,856,1009,1077,822,1290,1466,1669,1360,1220,1323,1435,1502,1256,1541,1572,1632,1594,1400,1044,399,894],"product_tag":[],"class_list":{"0":"post-20437","1":"product","2":"type-product","3":"status-publish","4":"has-post-thumbnail","6":"product_cat-20000-zuge-einweg-vape","7":"product_cat-bang","8":"product_cat-big-puffs-vapes","9":"product_cat-digitale-box-vapes","10":"product_cat-dual-mesh-vapes","11":"product_cat-einweg-vape-typen","12":"product_cat-einweg-vapes-in-belgien","13":"product_cat-einweg-vapes-in-den-niederlanden","14":"product_cat-einweg-vapes-in-der-schweiz","15":"product_cat-einweg-vapes-in-deutschland","16":"product_cat-einweg-vapes-in-europa","17":"product_cat-einweg-vapes-in-frankreich","18":"product_cat-einweg-vapes-in-italien","19":"product_cat-einweg-vapes-in-norwegen","20":"product_cat-einweg-vapes-in-osterreich","21":"product_cat-einweg-vapes-in-polen","22":"product_cat-einweg-vapes-in-portugal","23":"product_cat-einweg-vapes-in-schweden","24":"product_cat-einweg-vapes-in-spanien","25":"product_cat-einweg-vapes-in-ungarn","26":"product_cat-smart-screen-vapes","27":"product_cat-verschiedene-puffs-von-einweg-vapes","28":"product_cat-wiederaufladbare-vapes","30":"first","31":"instock","32":"shipping-taxable","33":"purchasable","34":"product-type-variable","35":"has-default-attributes"},"jetpack_sharing_enabled":true,"tiered_pricing_type":"fixed","tiered_pricing_fixed_rules":{"30":6.29000000000000003552713678800500929355621337890625,"50":5.42999999999999971578290569595992565155029296875,"100":4.69000000000000039079850466805510222911834716796875,"200":4.44000000000000039079850466805510222911834716796875,"400":3.890000000000000124344978758017532527446746826171875},"tiered_pricing_product_settings":{"layout":"default","base_unit_name":{"singular":null,"plural":null},"default_variation":null},"tiered_pricing_minimum_quantity":10,"tiered_pricing_roles_data":[],"tiered_pricing_percentage_rules":[],"tiered_pricing_maximum_quantity":null,"tiered_pricing_quantity_step":"10","_links":{"self":[{"href":"https:\/\/ricovape.com\/de\/wp-json\/wp\/v2\/product\/20437","targetHints":{"allow":["GET"]}}],"collection":[{"href":"https:\/\/ricovape.com\/de\/wp-json\/wp\/v2\/product"}],"about":[{"href":"https:\/\/ricovape.com\/de\/wp-json\/wp\/v2\/types\/product"}],"replies":[{"embeddable":true,"href":"https:\/\/ricovape.com\/de\/wp-json\/wp\/v2\/comments?post=20437"}],"wp:featuredmedia":[{"embeddable":true,"href":"https:\/\/ricovape.com\/de\/wp-json\/wp\/v2\/media\/1189"}],"wp:attachment":[{"href":"https:\/\/ricovape.com\/de\/wp-json\/wp\/v2\/media?parent=20437"}],"wp:term":[{"taxonomy":"product_brand","embeddable":true,"href":"https:\/\/ricovape.com\/de\/wp-json\/wp\/v2\/product_brand?post=20437"},{"taxonomy":"product_cat","embeddable":true,"href":"https:\/\/ricovape.com\/de\/wp-json\/wp\/v2\/product_cat?post=20437"},{"taxonomy":"product_tag","embeddable":true,"href":"https:\/\/ricovape.com\/de\/wp-json\/wp\/v2\/product_tag?post=20437"}],"curies":[{"name":"wp","href":"https:\/\/api.w.org\/{rel}","templated":true}]}}