{"id":19200,"date":"2025-10-21T03:02:24","date_gmt":"2025-10-21T03:02:24","guid":{"rendered":"https:\/\/stage.jrfer.com\/product\/vopk-vier-geschmacksrichtungen-80k-puffs-4-in-1-wiederaufladbarer-vape-mit-einstellbarem-geschmack\/"},"modified":"2026-04-07T11:28:04","modified_gmt":"2026-04-07T11:28:04","slug":"vopk-four-flavors-80k-puffs-4-in-1-adjustable-flavor-rechargeable-vape","status":"publish","type":"product","link":"https:\/\/ricovape.com\/de\/produkt\/vopk-four-flavors-80k-puffs-4-in-1-adjustable-flavor-rechargeable-vape\/","title":{"rendered":"Vopk Vier Geschmacksrichtungen 80K Puffs | 4-in-1 wiederaufladbarer Vape mit einstellbarem Geschmack"},"content":{"rendered":"<h2>Vopk Four Flavours 80K Puffs \ud83d\udca8 | 4-in-1 wiederaufladbarer Vape mit einstellbarem Geschmack<\/h2>\n<h3>\ud83d\udd25 Warum Vopk Four Flavors 80K w\u00e4hlen?<\/h3>\n<ul>\n<li>\ud83c\udf08 <strong>4 anpassbare Geschmacksrichtungen<\/strong> \u2013 Wechseln Sie einfach zwischen vier integrierten Tanks f\u00fcr ununterbrochene Abwechslung.<\/li>\n<li>\ud83d\udca8 <strong>Massive 80.000 Z\u00fcge<\/strong> \u2013 Gebaut f\u00fcr wochenlangen Dampfgenuss.<\/li>\n<li>\u26a1 <strong>0,9 \u03a9 Mesh Coil<\/strong> \u2013 Liefert ultra-sanften Dampf und authentischen Geschmack.<\/li>\n<li>\ud83d\udd0b <strong>Wiederaufladbarer 650-mAh-Akku<\/strong> \u2013 Schnelles Laden \u00fcber Typ-C sorgt f\u00fcr konstante Leistung.<\/li>\n<li>\ud83d\udda5\ufe0f <strong>LED-Anzeige<\/strong> \u2013 Echtzeit-Leistungs- und E-Liquid-F\u00fcllstandsanzeige.<\/li>\n<li>\ud83d\udc8e <strong>Premium-Konstruktion<\/strong> \u2013 Schlankes Design, leistungsstarker Luftstrom und langlebige Materialien.<\/li>\n<li>\ud83c\udf0d <strong>Nikotinoptionen<\/strong> \u2013 Erh\u00e4ltlich in 2 % und 5 %, ideal f\u00fcr EU- und UK-M\u00e4rkte.<\/li>\n<\/ul>\n<h3>\u2699\ufe0f Spezifikationen<\/h3>\n<tbody>\n<tr>\n<td><strong>Puffanzahl<\/strong><\/td>\n<td>Bis zu 80.000<\/td>\n<\/tr>\n<tr>\n<td><strong>Nikotinst\u00e4rke<\/strong><\/td>\n<td>2 % \/ 5 %<\/td>\n<\/tr>\n<tr>\n<td><strong>Geschmacksmodi<\/strong><\/td>\n<td>4 einstellbar<\/td>\n<\/tr>\n<tr>\n<td><strong>Batterie<\/strong><\/td>\n<td>650 mAh wiederaufladbar<\/td>\n<\/tr>\n<tr>\n<td><strong>Spule<\/strong><\/td>\n<td>0,9-\u03a9-Mesh-Spule<\/td>\n<\/tr>\n<tr>\n<td><strong>LED-Anzeige<\/strong><\/td>\n<td>Ja<\/td>\n<\/tr>\n<tr>\n<td><strong>Ladeanschluss<\/strong><\/td>\n<td>USB Typ-C<\/td>\n<\/tr>\n<tr>\n<td><strong>Verpackung<\/strong><\/td>\n<td>10 St\u00fcck\/Packung<\/td>\n<\/tr>\n<\/tbody>\n<\/table>\n<h3>\ud83c\udf6d Geschmackskombinationen<\/h3>\n<ol>\n<li>Wassermelonen-Eis \u2022 Dreifach-Melonen-Eis \u2022 Blue Razz-Eis \u2022 Erdbeereis<\/li>\n<li>Blaubeer-Himbeere \u2022 Fuji-Eis \u2022 Gemischte Beeren \u2022 Blaubeer-Kokos-Bonbon<\/li>\n<li>Erdbeer-Wassermelone \u2022 Preiselbeere-Traube \u2022 Mango-Eis \u2022 Erdbeer-Himbeer-Bonbon<\/li>\n<li>Red Bull-Eis \u2022 Passionsfrucht-Kiwi-Limette \u2022 Saurer Apfel-Himbeer \u2022 Erdbeer-Wassermelonen-Kaugummi<\/li>\n<li>Blaubeereis \u2022 Pfirsich-Mango-Wassermelone \u2022 Melonen-Apfel \u2022 Sprudelndes Kirscheis<\/li>\n<li>Erdbeer-Mango \u2022 Erdbeer-Kiwi \u2022 Wassermelone-Drachenfrucht \u2022 Gummib\u00e4rchen<\/li>\n<li>Liebe 66 \u2022 Himbeer-Wassermelone \u2022 Erdbeer-Himbeer-Kirsche \u2022 Kirschbonbon-Eis<\/li>\n<li>Erdbeer-Banane \u2022 Ananas-Kokos-Eis \u2022 Mango-Pfirsich-Aprikose \u2022 Aloe-Mango-Melone<\/li>\n<li>Regenbogenbonbons \u2022 Pfirsicheis \u2022 Zitronen-Sauer-Orange \u2022 Preiselbeere-Zitrone<\/li>\n<li>Kiwi-Passionsfrucht-Guave \u2022 Erdbeer-Kirsche \u2022 Trauben-Eis \u2022 Erdbeer-Bonbon<\/li>\n<\/ol>\n<h3>\ud83d\udcac FAQ<\/h3>\n<p><strong>F:<\/strong> Wie wechsle ich die Geschmacksrichtungen?<br \/>\n<strong>A:<\/strong> Durch Drehen des Mundst\u00fccks k\u00f6nnen Sie zwischen 4 verschiedenen Geschmacksrichtungen wechseln.<\/p>\n<p><strong>F:<\/strong> Ist der Vopk 80K wiederaufladbar?<br \/>\n<strong>A:<\/strong> Ja, es verf\u00fcgt \u00fcber einen Typ-C-Ladeanschluss f\u00fcr schnelles und bequemes Aufladen.<\/p>\n<p><strong>F:<\/strong> F\u00fcr wen ist das?<br \/>\n<strong>A:<\/strong> Ideal f\u00fcr Geschmacksliebhaber, Gelegenheitsdampfer und alle, die vier Erlebnisse in einem Ger\u00e4t w\u00fcnschen.<\/p>\n<p>\u00a0<\/p>\n<p><strong>Vopk Four Flavours 80K<\/strong> ist Ihr ultimatives 4-in-1-Vape-System \u2013 langlebig, aromatisch und perfekt f\u00fcr den pers\u00f6nlichen Gebrauch und den Einzelhandel. Genie\u00dfen Sie ununterbrochenen Geschmacksgenuss mit diesem hochwertigen Einweg-Vaporizer mit hoher Kapazit\u00e4t.<\/p>\n","protected":false},"excerpt":{"rendered":"<p>Erleben Sie die Kraft des Geschmacks mit dem <strong>Vopk 80K 4-in-1-Einweg-Vaporizer<\/strong> \u2013 bis zu 80.000 Z\u00fcge, 4 umschaltbare Geschmacksrichtungen, Mesh-Spule und wiederaufladbarer Akku. Entwickelt f\u00fcr sanfte Z\u00fcge, starken Geschmack und langanhaltenden Dampfspa\u00df!<\/p>\n","protected":false},"featured_media":6333,"comment_status":"open","ping_status":"closed","template":"","meta":[],"product_brand":[],"product_cat":[366,1921],"product_tag":[],"class_list":{"0":"post-19200","1":"product","2":"type-product","3":"status-publish","4":"has-post-thumbnail","6":"product_cat-vopk","7":"product_cat-neu","9":"first","10":"instock","11":"shipping-taxable","12":"purchasable","13":"product-type-variable","14":"has-default-attributes"},"jetpack_sharing_enabled":true,"tiered_pricing_type":"fixed","tiered_pricing_fixed_rules":{"30":9.5099999999999997868371792719699442386627197265625,"50":7.78000000000000024868995751603506505489349365234375,"100":7.160000000000000142108547152020037174224853515625,"200":6.6699999999999999289457264239899814128875732421875,"400":5.9900000000000002131628207280300557613372802734375},"tiered_pricing_product_settings":{"layout":"default","base_unit_name":{"singular":null,"plural":null},"default_variation":null},"tiered_pricing_minimum_quantity":10,"tiered_pricing_roles_data":[],"tiered_pricing_percentage_rules":[],"tiered_pricing_maximum_quantity":null,"tiered_pricing_quantity_step":"10","_links":{"self":[{"href":"https:\/\/ricovape.com\/de\/wp-json\/wp\/v2\/product\/19200","targetHints":{"allow":["GET"]}}],"collection":[{"href":"https:\/\/ricovape.com\/de\/wp-json\/wp\/v2\/product"}],"about":[{"href":"https:\/\/ricovape.com\/de\/wp-json\/wp\/v2\/types\/product"}],"replies":[{"embeddable":true,"href":"https:\/\/ricovape.com\/de\/wp-json\/wp\/v2\/comments?post=19200"}],"wp:featuredmedia":[{"embeddable":true,"href":"https:\/\/ricovape.com\/de\/wp-json\/wp\/v2\/media\/6333"}],"wp:attachment":[{"href":"https:\/\/ricovape.com\/de\/wp-json\/wp\/v2\/media?parent=19200"}],"wp:term":[{"taxonomy":"product_brand","embeddable":true,"href":"https:\/\/ricovape.com\/de\/wp-json\/wp\/v2\/product_brand?post=19200"},{"taxonomy":"product_cat","embeddable":true,"href":"https:\/\/ricovape.com\/de\/wp-json\/wp\/v2\/product_cat?post=19200"},{"taxonomy":"product_tag","embeddable":true,"href":"https:\/\/ricovape.com\/de\/wp-json\/wp\/v2\/product_tag?post=19200"}],"curies":[{"name":"wp","href":"https:\/\/api.w.org\/{rel}","templated":true}]}}