{"id":19005,"date":"2026-03-12T04:24:32","date_gmt":"2026-03-12T04:24:32","guid":{"rendered":"https:\/\/stage.jrfer.com\/product\/bang-leader-stoll-100k-4-in-1-100-000-zuge-34-ml-wiederaufladbar-massen-einweg-vaporizer\/"},"modified":"2026-04-07T10:11:18","modified_gmt":"2026-04-07T10:11:18","slug":"bang-leader-stoll-100k-4-in-1-100000-puffs-34ml-rechargeable-bulk-disposable-vape","status":"publish","type":"product","link":"https:\/\/ricovape.com\/de\/produkt\/bang-leader-stoll-100k-4-in-1-100000-puffs-34ml-rechargeable-bulk-disposable-vape\/","title":{"rendered":"BANG LEADER STOLL 100K | 4-in-1 100.000 Z\u00fcge, 34 ml, wiederaufladbar, Massen-Einweg-Vaporizer"},"content":{"rendered":"<h2>\ud83d\udd25 Warum sollten Sie sich f\u00fcr den BANG LEADER STOLL 100K entscheiden?<\/h2>\n<p>Sind Sie auf der Suche nach einem E-Zigaretten, der ewig h\u00e4lt und Abwechslung in einem Ger\u00e4t bietet? Der <strong>BANG LEADER STOLL 100K<\/strong> ist ein Game-Changer f\u00fcr Vape-Shops und H\u00e4ndler. Es kombiniert hohe Leistung mit dem Spa\u00df, den Geschmack sofort zu wechseln.<\/p>\n<ul>\n<li><strong>\ud83e\udd2f Satte 100.000 Z\u00fcge:<\/strong> Verabschieden Sie sich vom st\u00e4ndigen Austauschen! Dieses Biest bietet bis zu 100.000 Spr\u00fchst\u00f6\u00dfe und ist damit einer der langlebigsten Einwegartikel auf dem Markt. Perfekt f\u00fcr Kunden, die einen Mehrwert w\u00fcnschen.<\/li>\n<li><strong>\ud83d\udd04 4-in-1-Geschmackssystem:<\/strong> Warum sich mit einem Geschmack zufrieden geben? Dieses Ger\u00e4t enth\u00e4lt <strong>4 verschiedene Geschmacksrichtungen<\/strong> in einer einzigen Einheit. Wechseln Sie m\u00fchelos zwischen ihnen, um Ihren Gaumen zu begeistern.<\/li>\n<li><strong>\ud83d\udd0b Leistungsstark und schnell aufladen:<\/strong> Ausgestattet mit einem robusten <strong>850-mAh-Akku<\/strong> und einem Typ-C-Schnellladeanschluss erreichen Sie in nur etwa 30 Minuten wieder die volle Leistung.<\/li>\n<li><strong>\ud83e\udde0 Intelligentes Digitaldisplay:<\/strong> Keine Ratespiele mehr! Der integrierte Bildschirm zeigt die Akkulaufzeit und den E-Liquid-F\u00fcllstand deutlich in Echtzeit an.<\/li>\n<li><strong>\u2601\ufe0f Quad-Mesh-Coil-Technologie:<\/strong> Die 1,0-\u03a9-Mesh-Coil sorgt daf\u00fcr, dass jeder Zug vom ersten bis zum letzten Zug sanft, satt und gleichm\u00e4\u00dfig ist.<\/li>\n<li><strong>\ud83d\udcbc Bereit f\u00fcr den Gro\u00dfhandel:<\/strong> Wir unterst\u00fctzen OEM\/ODM-Branding. Dieses Ger\u00e4t ist leicht (148 g) und stapelbar, wodurch es sich perfekt f\u00fcr den Massenversand und die Pr\u00e4sentation im Einzelhandel eignet.<\/li>\n<\/ul>\n<h2>\ud83d\udee0\ufe0f BANG LEADER STOLL 100K Spezifikationen<\/h2>\n<tbody>\n<tr>\n<td width=\"30%\"><strong>Puffanzahl<\/strong><\/td>\n<td>100.000 Z\u00fcge (ca.)<\/td>\n<\/tr>\n<tr>\n<td><strong>Geschmackskonfiguration<\/strong><\/td>\n<td>4 Geschmacksrichtungen in 1 Ger\u00e4t (umschaltbar)<\/td>\n<\/tr>\n<tr>\n<td><strong>Batteriekapazit\u00e4t<\/strong><\/td>\n<td>850 mAh (wiederaufladbar)<\/td>\n<\/tr>\n<tr>\n<td><strong>Ladeanschluss<\/strong><\/td>\n<td>Typ-C (Schnellladung)<\/td>\n<\/tr>\n<tr>\n<td><strong>Spulentyp<\/strong><\/td>\n<td>1,0 \u03a9 Mesh Coil (Quad Core)<\/td>\n<\/tr>\n<tr>\n<td><strong>Nikotinoptionen<\/strong><\/td>\n<td>0 %, 2 %, 3 %, 5 %<\/td>\n<\/tr>\n<tr>\n<td><strong>Funktionen<\/strong><\/td>\n<td>Smart Screen Display, Luftstromsteuerung<\/td>\n<\/tr>\n<tr>\n<td><strong>Gewicht<\/strong><\/td>\n<td>148g<\/td>\n<\/tr>\n<\/tbody>\n<\/table>\n<h2>\ud83c\udf49 BANG LEADER STOLL 100.000 Geschmacksoptionen (4-in-1-Kombinationen)<\/h2>\n<p>Der BANG LEADER STOLL 100K bietet spannende Kombinationen. Jedes Ger\u00e4t ist mit 4 Premium-Geschmacksrichtungen ausgestattet. Hier sind die beliebten Mischungen, die in Gro\u00dfbestellungen erh\u00e4ltlich sind:<\/p>\n<ul>\n<li><strong>Kombination A:<\/strong> Zitronenlimette, Wassermeloneneis, schwarzes Dracheneis, Drachenfrucht<\/li>\n<li><strong>Kombination B:<\/strong> Erdbeere, Love 666, Vanille-Cola, Zitronenpfirsich<\/li>\n<li><strong>Kombination C:<\/strong> Erdbeer-Himbeere, Kirscheis, Traubeneis, Traubenexplosion<\/li>\n<li><strong>Kombination D:<\/strong> Litschi-Eis, Pfirsichbeere, Kiwis, Passua-Frucht-Guave<\/li>\n<li><strong>Kombination E:<\/strong> Wassermeloneneis, Erdbeer-Mango, Blaubeereis, prickelnde Kirsche<\/li>\n<li><strong>Kombination F:<\/strong> Erdbeer-Wassermelone, Kirsch-Cola, saftiges Pfirsicheis, Grapefruit-Erfrischer<\/li>\n<li><strong>Kombination G:<\/strong> Zitronenlimette, Erdbeereis, Himbeerwassermelone, prickelnde Kirsche<\/li>\n<li><strong>Kombination H:<\/strong> Rosa Limonade, Kiwi-Passionsfrucht-Guave, Pfirsichbeere, Erdbeer-Banane<\/li>\n<li><strong>Kombination I:<\/strong> Erdbeer-Mango, Blue Razz Limonade, Vanilleeis, Sour Triple Berry<\/li>\n<li><strong>Kombination J:<\/strong> Gemischte Beeren, Kirsch-Zitrone, Erdbeer-Kiwi, Erdbeer-Wassermelonen-Kaugummi<\/li>\n<li><strong>Combo K:<\/strong> Mojito, Monster Mango, Lady Killer, Pink Lemonade<\/li>\n<\/ul>\n<h2>\ud83d\udce6 Perfekt f\u00fcr H\u00e4ndler und Vielnutzer<\/h2>\n<p>Der <strong>BANG LEADER STOLL 100K<\/strong> ist f\u00fcr den modernen Markt konzipiert. F\u00fcr <strong>Vape-Shops<\/strong> fliegt dieses Produkt aus den Regalen, weil es mit seinem 4-in-1-Design das Problem der \u201eGeschmackserm\u00fcdung\u201c l\u00f6st. F\u00fcr <strong>Gro\u00dfh\u00e4ndler<\/strong> bedeuten die robuste Bauweise und die hohe Anzahl an Z\u00fcgen weniger Retouren und eine h\u00f6here Kundenzufriedenheit. Ganz gleich, ob Ihre Kunden auf der Suche nach Geschmacksrichtungen sind oder einfach nur ein zuverl\u00e4ssiges Ger\u00e4t f\u00fcr den t\u00e4glichen Gebrauch ben\u00f6tigen, dieser Verdampfer liefert erstklassige Qualit\u00e4t zu einem wettbewerbsf\u00e4higen Gro\u00dfpreis.<\/p>\n<h2>\u2753 H\u00e4ufig gestellte Fragen (FAQ)<\/h2>\n<p><strong>F: Wie wechsle ich zwischen den 4 Geschmacksrichtungen?<\/strong><br \/>\nA: Es ist super einfach! Das Ger\u00e4t verf\u00fcgt \u00fcber einen einfachen Umschaltmechanismus, mit dem Sie sofort zwischen den vier geladenen Geschmacksrichtungen wechseln k\u00f6nnen, sodass Sie jederzeit einen frischen Geschmack erhalten.<\/p>\n<p><strong>F: Ist der Akku wiederaufladbar?<\/strong><br \/>\nA: Ja! Es wird mit einem 850-mAh-Akku und einem Typ-C-Anschluss geliefert. Sie k\u00f6nnen es schnell aufladen und so sicherstellen, dass Sie auch den letzten Tropfen E-Liquid verbrauchen.<\/p>\n<p><strong>F: Wo kann ich den BANG LEADER STOLL 100K in gro\u00dfen Mengen kaufen?<\/strong><br \/>\nA: Hier sind Sie richtig! Wir sind eine f\u00fchrende Online-Gro\u00dfhandelsplattform. Wir bieten die besten Preise f\u00fcr Gro\u00dfbestellungen mit schnellen Versandoptionen f\u00fcr H\u00e4ndler.<\/p>\n<p><strong>F: Welche Nikotinst\u00e4rken sind verf\u00fcgbar?<\/strong><br \/>\nA: Wir gehen auf alle Vorlieben ein. Sie k\u00f6nnen dieses Ger\u00e4t in den St\u00e4rken 0 % (nikotinfrei), 2 %, 3 % oder 5 % bestellen.<\/p>\n","protected":false},"excerpt":{"rendered":"<p><em>Erleben Sie die Revolution des Dampfens mit dem BANG LEADER STOLL 100K! Mit einer riesigen Kapazit\u00e4t von 100.000 Z\u00fcgen, einem einzigartigen 4-in-1-Geschmackssystem und einem intelligenten Display ist dies die ultimative Wahl f\u00fcr Gro\u00dfabnehmer und Vielnutzer, die Komfort und Abwechslung suchen.\ud83d\ude80 <\/em><\/p>\n","protected":false},"featured_media":6813,"comment_status":"open","ping_status":"closed","template":"","meta":[],"product_brand":[],"product_cat":[755,345],"product_tag":[599,637,673,2052,707],"class_list":{"0":"post-19005","1":"product","2":"type-product","3":"status-publish","4":"has-post-thumbnail","6":"product_cat-100k-puffs-einweg-vaporizer","7":"product_cat-bang","8":"product_tag-100-000-zuge-einweg-vape","9":"product_tag-4-in-1-vape-mit-mehreren-geschmacksrichtungen","10":"product_tag-bang-leader-stoll-100k","11":"product_tag-gro-handel-fur-einweg-vapes","12":"product_tag-wiederaufladbarer-mesh-coil-vape","14":"first","15":"instock","16":"shipping-taxable","17":"purchasable","18":"product-type-variable","19":"has-default-attributes"},"jetpack_sharing_enabled":true,"tiered_pricing_type":"fixed","tiered_pricing_fixed_rules":{"30":9.7200000000000006394884621840901672840118408203125,"50":7.910000000000000142108547152020037174224853515625,"100":7.6500000000000003552713678800500929355621337890625,"200":7,"400":6.480000000000000426325641456060111522674560546875},"tiered_pricing_product_settings":{"layout":"default","base_unit_name":{"singular":null,"plural":null},"default_variation":null},"tiered_pricing_minimum_quantity":10,"tiered_pricing_roles_data":[],"tiered_pricing_percentage_rules":[],"tiered_pricing_maximum_quantity":null,"tiered_pricing_quantity_step":"10","_links":{"self":[{"href":"https:\/\/ricovape.com\/de\/wp-json\/wp\/v2\/product\/19005","targetHints":{"allow":["GET"]}}],"collection":[{"href":"https:\/\/ricovape.com\/de\/wp-json\/wp\/v2\/product"}],"about":[{"href":"https:\/\/ricovape.com\/de\/wp-json\/wp\/v2\/types\/product"}],"replies":[{"embeddable":true,"href":"https:\/\/ricovape.com\/de\/wp-json\/wp\/v2\/comments?post=19005"}],"wp:featuredmedia":[{"embeddable":true,"href":"https:\/\/ricovape.com\/de\/wp-json\/wp\/v2\/media\/6813"}],"wp:attachment":[{"href":"https:\/\/ricovape.com\/de\/wp-json\/wp\/v2\/media?parent=19005"}],"wp:term":[{"taxonomy":"product_brand","embeddable":true,"href":"https:\/\/ricovape.com\/de\/wp-json\/wp\/v2\/product_brand?post=19005"},{"taxonomy":"product_cat","embeddable":true,"href":"https:\/\/ricovape.com\/de\/wp-json\/wp\/v2\/product_cat?post=19005"},{"taxonomy":"product_tag","embeddable":true,"href":"https:\/\/ricovape.com\/de\/wp-json\/wp\/v2\/product_tag?post=19005"}],"curies":[{"name":"wp","href":"https:\/\/api.w.org\/{rel}","templated":true}]}}