{"id":18378,"date":"2026-03-12T04:24:34","date_gmt":"2026-03-12T04:24:34","guid":{"rendered":"https:\/\/stage.jrfer.com\/product\/uwin-digital-box-68k-intelligenter-led-bildschirm-68-000-zuge-einweg-vaporizer-mit-hoher-kapazitat\/"},"modified":"2026-04-07T09:22:20","modified_gmt":"2026-04-07T09:22:20","slug":"uwin-digital-box-68k-smart-led-screen-68000-puffs-high-capacity-bulk-disposable-vape","status":"publish","type":"product","link":"https:\/\/ricovape.com\/de\/produkt\/uwin-digital-box-68k-smart-led-screen-68000-puffs-high-capacity-bulk-disposable-vape\/","title":{"rendered":"UWIN DIGITAL BOX 68K | Intelligenter LED-Bildschirm, 68.000 Z\u00fcge, Einweg-Vaporizer mit hoher Kapazit\u00e4t"},"content":{"rendered":"<p><!-- Kurze SEO-Beschreibung --><\/p>\n<p><!-- Produkttitel --><\/p>\n<p><!-- Produktbeschreibung in Langform --><\/p>\n<p>Die <strong>Uwin Digital Box 68K<\/strong> wurde f\u00fcr Benutzer entwickelt, die <strong>maximale Z\u00fcge, starken Geschmack und intelligente Steuerung<\/strong> in einem leistungsstarken Einweg-Vaporizer w\u00fcnschen.<br \/>\nMit unglaublichen <strong>68.000 Z\u00fcgen<\/strong> und einem <strong>klaren digitalen LED-Bildschirm<\/strong> ist dieses Ger\u00e4t darauf ausgelegt, l\u00e4nger zu halten, sich schneller zu verkaufen und sowohl Privatkunden als auch Gro\u00dfhandelsk\u00e4ufer zu beeindrucken. \ud83d\ude80<\/p>\n<p>Sein modernes Box-Design liegt gut in der Hand, w\u00e4hrend das intelligente Display den Akku- und Nutzungsstatus in Echtzeit anzeigt \u2013 kein Raten, keine \u00dcberraschungen.<br \/>\nF\u00fcr Vape-L\u00e4den, H\u00e4ndler und Gro\u00dfabnehmer ist die Uwin Digital Box 68K ein zuverl\u00e4ssiges, margenstarkes Produkt, f\u00fcr das die Kunden gerne wiederkommen. \ud83d\udcbc<\/p>\n<h2>Warum sollten Sie sich f\u00fcr die Uwin Digital Box 68K entscheiden?<\/h2>\n<ul>\n<li>\ud83d\udca8 Massive <strong>68.000 Z\u00fcge<\/strong> f\u00fcr den Langzeitgebrauch<\/li>\n<li>\ud83d\udcdf <strong>Intelligenter LED-Digitalbildschirm<\/strong> zeigt Akku und Verbrauch deutlich an<\/li>\n<li>\ud83d\udd0b Akku mit hoher Kapazit\u00e4t f\u00fcr l\u00e4ngere Leistung<\/li>\n<li>\ud83d\udd25 Sanfter Zug mit stabiler Dampfabgabe<\/li>\n<li>\ud83c\udf53 10 beliebte Geschmacksrichtungen, die sich im Einzelhandel schnell verkaufen<\/li>\n<li>\ud83d\udce6 Perfekt f\u00fcr <strong>Gro\u00dfbestellungen und den Gro\u00dfhandelsvertrieb<\/strong><\/li>\n<li>\ud83c\udfea Ausgezeichnete Wahl f\u00fcr Vape-Shops, Wiederverk\u00e4ufer und Distributoren<\/li>\n<\/ul>\n<h2>Spezifikationen der Uwin Digital Box 68K<\/h2>\n<p><Tabelle><\/p>\n<tbody>\n<tr>\n<th>Funktion<\/th>\n<th>Details<\/th>\n<\/tr>\n<tr>\n<td>Puffanzahl<\/td>\n<td>Ungef\u00e4hr 68.000 Z\u00fcge \ud83d\udca8<\/td>\n<\/tr>\n<tr>\n<td>Modell<\/td>\n<td>Uwin Digital Box 68K<\/td>\n<\/tr>\n<tr>\n<td>Anzeige<\/td>\n<td>Intelligenter LED-Digitalbildschirm<\/td>\n<\/tr>\n<tr>\n<td>Batterie<\/td>\n<td>Akku mit hoher Kapazit\u00e4t \ud83d\udd0b<\/td>\n<\/tr>\n<tr>\n<td>Spulentyp<\/td>\n<td>Fortschrittliche Mesh-Spule f\u00fcr sanften Geschmack<\/td>\n<\/tr>\n<tr>\n<td>Nikotinst\u00e4rke<\/td>\n<td>0 % \/ 2 % \/ 3 % \/ 5 % Optionen verf\u00fcgbar<\/td>\n<\/tr>\n<tr>\n<td>Paket<\/td>\n<td>Gro\u00dfhandelspackungen verf\u00fcgbar<\/td>\n<\/tr>\n<\/tbody>\n<\/table>\n<p><img data-recalc-dims=\"1\" loading=\"lazy\" decoding=\"async\" class=\"alignnone size-full wp-image-102537\" src=\"https:\/\/i0.wp.com\/aiviouvapes.com\/wp-content\/uploads\/2026\/01\/UWIN-DIGITAL-BOX-68K-2.jpg?resize=1536%2C1536&#038;ssl=1\" alt=\"\" width=\"1536\" height=\"1536\" title=\"\"><\/p>\n<h2>Uwin Digital Box 68K verf\u00fcgbare Geschmacksrichtungen<\/h2>\n<ul>\n<li><strong>Blaubeer-Himbeere<\/strong> \u2013 S\u00fc\u00dfe Blaubeeren gemischt mit w\u00fcrziger Himbeere \ud83c\udf47<\/li>\n<li><strong>Erdbeer-Wassermelone<\/strong> \u2013 Saftige Wassermelone mit reifer Erdbeers\u00fc\u00dfe \ud83c\udf49<\/li>\n<li><strong>Wassermeloneneis<\/strong> \u2013 Frische Wassermelone mit eisiger K\u00fchle \u2744\ufe0f<\/li>\n<li><strong>Cherry Ice<\/strong> \u2013 Kr\u00e4ftiger Kirschgeschmack mit einem kalten Hauch \ud83c\udf52<\/li>\n<li><strong>Kiwi-Passionsfrucht-Guave<\/strong> \u2013 Tropische Mischung voller heller und exotischer Noten \ud83e\udd5d<\/li>\n<li><strong>Sommerpfirsich-Eis<\/strong> \u2013 Sanfter Pfirsich mit einer erfrischenden, eisigen Note \ud83c\udf51<\/li>\n<li><strong>Erdbeer-Kiwi<\/strong> \u2013 Klassische s\u00fc\u00df-saure Fruchtkombination \ud83c\udf53<\/li>\n<li><strong>Mixed Berry<\/strong> \u2013 Eine reichhaltige Mischung aus Waldbeeren \ud83e\uded0<\/li>\n<li><strong>Mr Blue<\/strong> \u2013 Cooler, geheimnisvoller Beerengeschmack mit einem frischen Abgang \ud83d\udc99<\/li>\n<li><strong>Red Bull<\/strong> \u2013 Inspiriert vom Energy-Drink-Geschmack f\u00fcr einen kr\u00e4ftigen Kick \u26a1<\/li>\n<\/ul>\n<p>Die <strong><a href=\"https:\/\/aiviouvapes.com\/product-category\/uwin\/\" target=\"_blank\" rel=\"noopener\">Uwin<\/a> Digital Box 68K<\/strong> ist perfekt f\u00fcr <strong>starke Benutzer<\/strong>, die weniger Ersatzteile ben\u00f6tigen,<br \/>\n<strong>Geschmacksj\u00e4ger<\/strong>, die reichhaltigen Geschmack genie\u00dfen, und <strong>Vape-L\u00e4den<\/strong>, die nach einem stark nachgefragten Produkt suchen.<br \/>\nEs ist auch eine ausgezeichnete Option f\u00fcr den <strong>Gro\u00dfhandel und Massenvertrieb<\/strong> und sorgt f\u00fcr starke Wiederholungsverk\u00e4ufe und Kundenzufriedenheit.<\/p>\n<h2>FAQ<\/h2>\n<p><strong>F: Wie lange h\u00e4lt die Uwin Digital Box 68K?<\/strong><br \/>\nA: Mit bis zu 68.000 Z\u00fcgen kann es je nach Nutzungsgewohnheiten Wochen oder sogar l\u00e4nger halten.<\/p>\n<p><strong>F: Was zeigt der LED-Bildschirm?<\/strong><br \/>\nA: Der LED-Bildschirm zeigt den Akkuladestand und den Nutzungsstatus an und erleichtert so die Verwaltung.<\/p>\n<p><strong>F: Ist dieses Produkt f\u00fcr Gro\u00dfhandelsk\u00e4ufer geeignet?<\/strong><br \/>\nA: Ja, es ist f\u00fcr den Gro\u00dfeinkauf konzipiert und daher ideal f\u00fcr Vape-Shops und H\u00e4ndler.<\/p>\n<p><strong>F: Muss es aufgeladen werden?<\/strong><br \/>\nA: Ja, das Ger\u00e4t verf\u00fcgt \u00fcber einen wiederaufladbaren Akku, um die hohe Puffanzahl zu unterst\u00fctzen.<\/p>\n<p><strong>F: Sind gemischte Geschmacksrichtungen in Gro\u00dfbestellungen erh\u00e4ltlich?<\/strong><br \/>\nA: Ja, im Gro\u00dfhandel sind Packungen mit zuf\u00e4llig gemischten Geschmacksrichtungen erh\u00e4ltlich.<\/p>\n","protected":false},"excerpt":{"rendered":"<p>Die Uwin Digital Box 68K wurde f\u00fcr Benutzer entwickelt, die maximale Z\u00fcge, starken Geschmack und intelligente Steuerung in einem leistungsstarken Einweg-Vaporizer w\u00fcnschen. Mit unglaublichen 68.000 Z\u00fcgen und einem klaren digitalen LED-Bildschirm ist dieses Ger\u00e4t darauf ausgelegt, l\u00e4nger zu halten, sich schneller zu verkaufen und sowohl Privatkunden als auch Gro\u00dfhandelsk\u00e4ufer zu beeindrucken. \ud83d\ude80 Sein modernes Box-Design [&hellip;]<\/p>\n","protected":false},"featured_media":6932,"comment_status":"open","ping_status":"closed","template":"","meta":[],"product_brand":[],"product_cat":[687,379],"product_tag":[836,804,769,1089],"class_list":{"0":"post-18378","1":"product","2":"type-product","3":"status-publish","4":"has-post-thumbnail","6":"product_cat-60000-zuge-einweg-vape","7":"product_cat-uwin","8":"product_tag-60-000-zuge-verdampfen","9":"product_tag-gro-handel-fur-vape-gerate","10":"product_tag-massen-einweg-vaporizer","11":"product_tag-smart-screen-vape","13":"first","14":"instock","15":"shipping-taxable","16":"purchasable","17":"product-type-variable","18":"has-default-attributes"},"jetpack_sharing_enabled":true,"tiered_pricing_type":"fixed","tiered_pricing_fixed_rules":{"30":8.5600000000000004973799150320701301097869873046875,"50":6.87000000000000010658141036401502788066864013671875,"100":6.3499999999999996447286321199499070644378662109375,"200":5.70000000000000017763568394002504646778106689453125,"400":5.37999999999999989341858963598497211933135986328125},"tiered_pricing_product_settings":{"layout":"default","base_unit_name":{"singular":null,"plural":null},"default_variation":null},"tiered_pricing_minimum_quantity":10,"tiered_pricing_roles_data":[],"tiered_pricing_percentage_rules":[],"tiered_pricing_maximum_quantity":null,"tiered_pricing_quantity_step":"10","_links":{"self":[{"href":"https:\/\/ricovape.com\/de\/wp-json\/wp\/v2\/product\/18378","targetHints":{"allow":["GET"]}}],"collection":[{"href":"https:\/\/ricovape.com\/de\/wp-json\/wp\/v2\/product"}],"about":[{"href":"https:\/\/ricovape.com\/de\/wp-json\/wp\/v2\/types\/product"}],"replies":[{"embeddable":true,"href":"https:\/\/ricovape.com\/de\/wp-json\/wp\/v2\/comments?post=18378"}],"wp:featuredmedia":[{"embeddable":true,"href":"https:\/\/ricovape.com\/de\/wp-json\/wp\/v2\/media\/6932"}],"wp:attachment":[{"href":"https:\/\/ricovape.com\/de\/wp-json\/wp\/v2\/media?parent=18378"}],"wp:term":[{"taxonomy":"product_brand","embeddable":true,"href":"https:\/\/ricovape.com\/de\/wp-json\/wp\/v2\/product_brand?post=18378"},{"taxonomy":"product_cat","embeddable":true,"href":"https:\/\/ricovape.com\/de\/wp-json\/wp\/v2\/product_cat?post=18378"},{"taxonomy":"product_tag","embeddable":true,"href":"https:\/\/ricovape.com\/de\/wp-json\/wp\/v2\/product_tag?post=18378"}],"curies":[{"name":"wp","href":"https:\/\/api.w.org\/{rel}","templated":true}]}}