{"id":174445,"date":"2026-04-17T11:48:30","date_gmt":"2026-04-17T11:48:30","guid":{"rendered":"https:\/\/ricovape.com\/product\/fihp-60k-triple-3-in-1-60-000-zuge-einweg-vaporizer-mit-drei-geschmacksrichtungen\/"},"modified":"2026-04-18T13:22:20","modified_gmt":"2026-04-18T13:22:20","slug":"fihp-60k-triple","status":"publish","type":"product","link":"https:\/\/ricovape.com\/de\/produkt\/fihp-60k-triple\/","title":{"rendered":"FIHP 60K Triple 3-in-1 | 60.000 Z\u00fcge Einweg-Vaporizer mit drei Geschmacksrichtungen"},"content":{"rendered":"<h2>FIHP 60K Triple 3-in-1<\/h2>\n<p>Der <strong>FIHP 60K Triple 3-in-1<\/strong> ist ein 3-in-1-Einweg-Vaporizer mit intelligentem Display, der f\u00fcr Einzelh\u00e4ndler und Gro\u00dfhandelsk\u00e4ufer entwickelt wurde, die eine praktische, leicht verst\u00e4ndliche Produktseite w\u00fcnschen. Es kombiniert 60.000 Spr\u00fchst\u00f6\u00dfe, 54mL, Dual Mesh und Smart Display, um Kunden ein Ger\u00e4t mit klarerer Positionierung und st\u00e4rkerer Regalattraktivit\u00e4t zu bieten.<\/p>\n<h2>Warum dieses Produkt w\u00e4hlen<\/h2>\n<ul>\n<li><strong>Bis zu 60.000 Z\u00fcge<\/strong> f\u00fcr ein langlebigeres Ger\u00e4t, das sich leicht in Gro\u00dfhandelskatalogen positionieren l\u00e4sst.<\/li>\n<li><strong>54mL E-Liquid-Kapazit\u00e4t<\/strong> zur Unterst\u00fctzung einer l\u00e4ngeren Nutzung und weniger Ger\u00e4tewechsel.<\/li>\n<li><strong>3-in-1<\/strong>-Format f\u00fcr Kunden, die Geschmacksvielfalt in einem Ger\u00e4t w\u00fcnschen.<\/li>\n<li><strong>Dual Mesh<\/strong> f\u00fcr eine gleichm\u00e4\u00dfigere Geschmacksabgabe und eine gleichm\u00e4\u00dfigere Dampfproduktion.<\/li>\n<li><strong>Smart Display<\/strong>, um den Batterie- oder E-Liquid-Status auf einen Blick besser verst\u00e4ndlich zu machen.<\/li>\n<li><strong>850mAh<\/strong>, damit das Ger\u00e4t f\u00fcr den wiederholten t\u00e4glichen Gebrauch praktisch bleibt.<\/li>\n<li><strong>2 % \/ 5 % Nikotinoptionen<\/strong>, um unterschiedlichen Markt- und Kundenanforderungen gerecht zu werden.<\/li>\n<\/ul>\n<h2>Spezifikationen<\/h2>\n<table>\n<tbody>\n<tr>\n<td><strong>Produktname<\/strong><\/td>\n<td>FIHP 60K Triple 3-in-1<\/td>\n<\/tr>\n<tr>\n<td><strong>Puffanzahl<\/strong><\/td>\n<td>Bis zu 60.000 Z\u00fcge<\/td>\n<\/tr>\n<tr>\n<td><strong>E-Liquid-Kapazit\u00e4t<\/strong><\/td>\n<td>54mL<\/td>\n<\/tr>\n<tr>\n<td><strong>Batterie<\/strong><\/td>\n<td>850mAh<\/td>\n<\/tr>\n<tr>\n<td><strong>Spule<\/strong><\/td>\n<td>Dual Mesh<\/td>\n<\/tr>\n<tr>\n<td><strong>Nikotinst\u00e4rke<\/strong><\/td>\n<td>2 % \/ 5 %<\/td>\n<\/tr>\n<tr>\n<td><strong>Anzeige<\/strong><\/td>\n<td>Smart Display<\/td>\n<\/tr>\n<tr>\n<td><strong>Format<\/strong><\/td>\n<td>3-in-1<\/td>\n<\/tr>\n<\/tbody>\n<\/table>\n<h2>Geschmacksoptionen<\/h2>\n<p>FIHP 60K Triple 3-in-1 ist in 6 Geschmacksrichtungen erh\u00e4ltlich, darunter bringen Sie Ihr Einweg-Vape-Erlebnis mit dem FIHP 60000 Triple 3-in-1 auf ein neues Niveau. Dieses Kraftpaket liefert unglaubliche 60.000 Z\u00fcge, unterst\u00fctzt durch einen 54-ml-E-Liquid-Tank mit hoher Kapazit\u00e4t und Dual-Mesh-Spulen f\u00fcr unschlagbare Geschmacks- und Wolkenproduktion. Mit drei rotierenden Geschmacksrichtungen in einem schlanken Ger\u00e4t, einem LED-Smart-Display und schnellem Aufladen vom Typ C ist es die ultimative Wahl f\u00fcr Geschmacksj\u00e4ger.<\/p>\n<ul>\n<li>Bringen Sie Ihr Einweg-Vape-Erlebnis mit dem FIHP 60000 Triple 3-in-1 auf ein neues Niveau. Dieses Kraftpaket liefert unglaubliche 60.000 Z\u00fcge, unterst\u00fctzt durch einen 54-ml-E-Liquid-Tank mit hoher Kapazit\u00e4t und Dual-Mesh-Spulen f\u00fcr unschlagbare Geschmacks- und Wolkenproduktion. Mit drei rotierenden Geschmacksrichtungen in einem eleganten Ger\u00e4t<\/li>\n<li>Ein LED-Smart-Display<\/li>\n<li>Und schnelles Aufladen \u00fcber Type-C<\/li>\n<li>Es ist die ultimative Wahl f\u00fcr Geschmacksj\u00e4ger<\/li>\n<li>Starke Benutzer<\/li>\n<li>Und seri\u00f6se Wiederverk\u00e4ufer. \ud83d\udd25<\/li>\n<\/ul>\n<h2>Einzelhandel und Gro\u00dfhandel<\/h2>\n<p><strong>FIHP 60K Triple 3-in-1<\/strong> eignet sich am besten f\u00fcr Vape-Shops, H\u00e4ndler und Wiederverk\u00e4uferkataloge, die eine spezifikationsorientierte Produktseite ohne F\u00fcllmaterial ben\u00f6tigen. Die st\u00e4rksten Verkaufsargumente sind das Ger\u00e4teformat, die Schlagzeilenfunktionen und die einfachere Eingrenzung im Gro\u00dfhandel f\u00fcr K\u00e4ufer, die \u00e4hnliche SKUs vergleichen.<\/p>\n<h2>FAQ<\/h2>\n<h3>Wie viele Z\u00fcge bietet der FIHP 60K Triple 3-in-1?<\/h3>\n<p>Der FIHP 60K Triple 3-in-1 wird mit bis zu 60.000 Z\u00fcgen aufgef\u00fchrt, je nach Nutzungsstil und Auswahl Variation.<\/p>\n<h3>Ist der FIHP 60K Triple 3-in-1 wiederaufladbar?<\/h3>\n<p>Ja. Es verbraucht 850mAh, um die wiederholte Verwendung zu unterst\u00fctzen, bis das E-Liquid aufgebraucht ist.<\/p>\n<h3>Welche Nikotinst\u00e4rken sind verf\u00fcgbar?<\/h3>\n<p>Dieses Produkt wird mit 2 % \/ 5 % Nikotinoptionen angeboten, abh\u00e4ngig von der ausgew\u00e4hlten Variante und dem Zielmarkt.<\/p>\n<h3>Welche Funktionen zeichnen das FIHP 60K Triple 3-in-1 aus?<\/h3>\n<p>Zu den wichtigsten Verkaufsargumenten geh\u00f6ren Dual Mesh, Smart Display und 3-in-1, wodurch sich das Ger\u00e4t in Einzelhandelsregalen und in H\u00e4ndlerkatalogen leichter erkl\u00e4ren l\u00e4sst.<\/p>\n<h3>Wie viele Geschmacksoptionen sind verf\u00fcgbar?<\/h3>\n<p>Auf der Seite sind 6 Geschmacksoptionen aufgef\u00fchrt, und die genaue Auswahl h\u00e4ngt von der gew\u00e4hlten Variante und dem aktuellen Lagerbestand ab.<\/p>\n<h3>Ist das FIHP 60K Triple 3-in-1 f\u00fcr Gro\u00dfhandelsbestellungen geeignet?<\/h3>\n<p>Ja. Der FIHP 60K Triple 3-in-1 ist f\u00fcr Vape-Shops, Wiederverk\u00e4ufer und Distributoren konzipiert, die eine klare, spezifikationsorientierte Produktseite f\u00fcr Gro\u00dfbestellungen w\u00fcnschen.<\/p>\n","protected":false},"excerpt":{"rendered":"<p>FIHP 60K Triple 3-in-1 bietet bis zu 60.000 Z\u00fcge, 54mL, 850mAh, Dual Mesh, Smart Display mit 2 %\/5 % Nikotinoptionen. Eine saubere Wahl f\u00fcr Einzelhandelsregale, H\u00e4ndlerkataloge und Gro\u00dfbestellungen von Einweg-Vapes.<\/p>\n","protected":false},"featured_media":3838,"comment_status":"open","ping_status":"closed","template":"","meta":[],"product_brand":[],"product_cat":[687,856,1009,822,1290,1466,1669,1360,1220,1323,1435,1502,1256,1541,1572,1632,1594,1400,1865,1044,399],"product_tag":[],"class_list":{"0":"post-174445","1":"product","2":"type-product","3":"status-publish","4":"has-post-thumbnail","6":"product_cat-60000-zuge-einweg-vape","7":"product_cat-big-puffs-vapes","8":"product_cat-digitale-box-vapes","9":"product_cat-einweg-vape-typen","10":"product_cat-einweg-vapes-in-belgien","11":"product_cat-einweg-vapes-in-den-niederlanden","12":"product_cat-einweg-vapes-in-der-schweiz","13":"product_cat-einweg-vapes-in-deutschland","14":"product_cat-einweg-vapes-in-europa","15":"product_cat-einweg-vapes-in-frankreich","16":"product_cat-einweg-vapes-in-italien","17":"product_cat-einweg-vapes-in-norwegen","18":"product_cat-einweg-vapes-in-osterreich","19":"product_cat-einweg-vapes-in-polen","20":"product_cat-einweg-vapes-in-portugal","21":"product_cat-einweg-vapes-in-schweden","22":"product_cat-einweg-vapes-in-spanien","23":"product_cat-einweg-vapes-in-ungarn","24":"product_cat-fihp","25":"product_cat-smart-screen-vapes","26":"product_cat-verschiedene-puffs-von-einweg-vapes","28":"first","29":"outofstock","30":"shipping-taxable","31":"purchasable","32":"product-type-variable","33":"has-default-attributes"},"jetpack_sharing_enabled":true,"tiered_pricing_type":"fixed","tiered_pricing_fixed_rules":{"2000":9.9000000000000003552713678800500929355621337890625},"tiered_pricing_product_settings":{"layout":"default","base_unit_name":{"singular":null,"plural":null},"default_variation":null},"tiered_pricing_minimum_quantity":1000,"tiered_pricing_roles_data":[],"tiered_pricing_percentage_rules":[],"tiered_pricing_maximum_quantity":null,"tiered_pricing_quantity_step":"10","_links":{"self":[{"href":"https:\/\/ricovape.com\/de\/wp-json\/wp\/v2\/product\/174445","targetHints":{"allow":["GET"]}}],"collection":[{"href":"https:\/\/ricovape.com\/de\/wp-json\/wp\/v2\/product"}],"about":[{"href":"https:\/\/ricovape.com\/de\/wp-json\/wp\/v2\/types\/product"}],"replies":[{"embeddable":true,"href":"https:\/\/ricovape.com\/de\/wp-json\/wp\/v2\/comments?post=174445"}],"wp:featuredmedia":[{"embeddable":true,"href":"https:\/\/ricovape.com\/de\/wp-json\/wp\/v2\/media\/3838"}],"wp:attachment":[{"href":"https:\/\/ricovape.com\/de\/wp-json\/wp\/v2\/media?parent=174445"}],"wp:term":[{"taxonomy":"product_brand","embeddable":true,"href":"https:\/\/ricovape.com\/de\/wp-json\/wp\/v2\/product_brand?post=174445"},{"taxonomy":"product_cat","embeddable":true,"href":"https:\/\/ricovape.com\/de\/wp-json\/wp\/v2\/product_cat?post=174445"},{"taxonomy":"product_tag","embeddable":true,"href":"https:\/\/ricovape.com\/de\/wp-json\/wp\/v2\/product_tag?post=174445"}],"curies":[{"name":"wp","href":"https:\/\/api.w.org\/{rel}","templated":true}]}}