{"id":17173,"date":"2026-03-12T04:24:34","date_gmt":"2026-03-12T04:24:34","guid":{"rendered":"https:\/\/stage.jrfer.com\/product\/bang-leader-stoll-300k-6-in-1-300-000-zuge-wiederaufladbar-massen-einweg-vaporizer\/"},"modified":"2026-04-07T09:12:24","modified_gmt":"2026-04-07T09:12:24","slug":"bang-leader-stoll-300k-6-in-1-300000-puffs-rechargeable-bulk-disposable-vape","status":"publish","type":"product","link":"https:\/\/ricovape.com\/de\/produkt\/bang-leader-stoll-300k-6-in-1-300000-puffs-rechargeable-bulk-disposable-vape\/","title":{"rendered":"BANG LEADER STOLL 300K | 6-in-1 300.000 Z\u00fcge, wiederaufladbar, Massen-Einweg-Vaporizer"},"content":{"rendered":"<p><!-- Kurze SEO-Beschreibung --><\/p>\n<p>Der <strong>BANG LEADER STOLL 300K Einweg-Vaporizer<\/strong> wurde f\u00fcr Power-User und professionelle K\u00e4ufer entwickelt, die mehr Wert in einem Ger\u00e4t w\u00fcnschen.<br \/>\nMit unglaublichen <strong>300.000 Z\u00fcgen<\/strong> und einem innovativen <strong>umschaltbaren 6-in-1-Geschmackssystem<\/strong> bietet dieses Premium-Einwegger\u00e4t lang anhaltende Leistung, Vielfalt und Komfort in einem einzigen Ger\u00e4t. \ud83d\ude80<br \/>\nPerfekt f\u00fcr Vape-H\u00e4ndler, Gro\u00dfh\u00e4ndler und Gesch\u00e4fte, die ein High-End-Produkt mit hohem Gewinn suchen.<\/p>\n<h2>Warum sollten Sie sich f\u00fcr BANG LEADER STOLL 300K entscheiden?<\/h2>\n<ul>\n<li>\ud83d\udd25 Enorme Kapazit\u00e4t von <strong>300.000 Z\u00fcgen<\/strong> \u2013 extrem lange Lebensdauer<\/li>\n<li>\ud83c\udf9b\ufe0f <strong>6-in-1 umschaltbare Geschmacksrichtungen<\/strong> \u2013 sechs Geschmacksrichtungen in einem Ger\u00e4t<\/li>\n<li>\ud83d\udd0b Leistungsstarker <strong>650-mAh-Akku<\/strong> mit Typ-C-Aufladung<\/li>\n<li>\u2601\ufe0f Fortschrittliche <strong>Dual-Mesh-Spule (1,0 \u03a9)<\/strong> f\u00fcr gleichm\u00e4\u00dfige und satte Wolken<\/li>\n<li>\ud83d\udcbc Gro\u00dfpackungen \u2013 ideal f\u00fcr den Gro\u00dfhandel und Vertrieb<\/li>\n<li>\u2728 Solide Verarbeitung mit erstklassiger Haptik f\u00fcr die Pr\u00e4sentation im Einzelhandel<\/li>\n<\/ul>\n<h2>BANG LEADER STOLL 300K Spezifikationen<\/h2>\n<tbody>\n<tr>\n<td><strong>Puffkapazit\u00e4t<\/strong><\/td>\n<td>Bis zu 300.000 Z\u00fcge<\/td>\n<\/tr>\n<tr>\n<td><strong>Geschmackssystem<\/strong><\/td>\n<td>6-in-1 umschaltbares Geschmacksdesign<\/td>\n<\/tr>\n<tr>\n<td><strong>Batterie<\/strong><\/td>\n<td>16350-Akku, 650 mAh wiederaufladbar<\/td>\n<\/tr>\n<tr>\n<td><strong>Aufladen<\/strong><\/td>\n<td>Typ-C-Schnellladung<\/td>\n<\/tr>\n<tr>\n<td><strong>Spule<\/strong><\/td>\n<td>Dual-Mesh-Spule, 1,0 \u03a9<\/td>\n<\/tr>\n<tr>\n<td><strong>Nikotinst\u00e4rke<\/strong><\/td>\n<td>0 % \/ 2 % \/ 3 % \/ 5 % (optional)<\/td>\n<\/tr>\n<tr>\n<td><strong>Gewicht<\/strong><\/td>\n<td>Ca. 140\u00a0g pro Ger\u00e4t<\/td>\n<\/tr>\n<tr>\n<td><strong>Verpacken<\/strong><\/td>\n<td>200 St\u00fcck pro Karton (Gro\u00dfhandel)<\/td>\n<\/tr>\n<\/tbody>\n<\/table>\n<h2>BANG LEADER STOLL 300K Geschmacksoptionen \u2013 6-in-1-Mischungen \ud83c\udf08<\/h2>\n<p>Jedes Ger\u00e4t enth\u00e4lt <strong>sechs verschiedene Geschmacksrichtungen<\/strong> in einer Einheit. Einfach wechseln und jederzeit einen neuen Geschmack genie\u00dfen.<\/p>\n<ul>\n<li><strong>Rote Mischung:<\/strong> Wassermeloneneis, Red Bull, Erdbeer-Kiwi, Blaubeereis, Zitronenlimette, Erdbeer-Wassermelone<\/li>\n<li><strong>Tropische Mischung:<\/strong> Erdbeer-Banane, doppelter Apfel, Himbeer-Wassermelone, saure Mango-Ananas, tropische Frucht, Zitronenpfirsich<\/li>\n<li><strong>Blaue Mischung:<\/strong> Ananas-Kokosnuss, Blauer Razz, gemischte Beeren, Mango-Pfirsich, Blaubeer-Himbeere, Erdbeer-Vanille-Cola<\/li>\n<li><strong>Bonbonmischung:<\/strong> Pfirsichbeere, Dreifachmelone, Traubeneis, Schwarzes Dracheneis, Kohlens\u00e4urehaltiges Kirscheis, Gummib\u00e4rchen<\/li>\n<li><strong>S\u00fc\u00dfe Mischung:<\/strong> Regenbogen-S\u00fc\u00dfigkeit, Kirsch-Cola-Eis, Liebe 666, Mango-Eis, Blaubeer-Zuckerwatte, Pfirsicheis<\/li>\n<li><strong>Frische Mischung:<\/strong> Aloe-Litschi-Eis, rosa Zitrone, Gletschereis, Kiefernnadelminze, schwarzes Johannisbeer-Eis, Wassermelonen-Zitrone<\/li>\n<\/ul>\n<p><img data-recalc-dims=\"1\" loading=\"lazy\" decoding=\"async\" class=\"alignnone size-full wp-image-102547\" src=\"https:\/\/i0.wp.com\/aiviouvapes.com\/wp-content\/uploads\/2026\/01\/BANG-LEADER-STOLL-300K-1.jpg?resize=1028%2C1920&#038;ssl=1\" alt=\"\" width=\"1028\" height=\"1920\" title=\"\"><\/p>\n<h2>F\u00fcr wen ist es?<\/h2>\n<p>Der <strong>BANG LEADER STOLL 300K<\/strong> ist perfekt f\u00fcr <strong>starke Benutzer<\/strong>, die weniger Ersatzteile ben\u00f6tigen,<br \/>\n<strong>Geschmacksj\u00e4ger<\/strong>, die Abwechslung lieben, und <strong>Vape-Shops und Gro\u00dfh\u00e4ndler<\/strong>, die auf der Suche nach Premium sind,<br \/>\nEinwegartikel mit hoher Kapazit\u00e4t, der auff\u00e4llt und sich schnell verkauft. \ud83d\udcbc\u2601\ufe0f<\/p>\n<h2>H\u00e4ufig gestellte Fragen (FAQ)<\/h2>\n<p><strong>F: Wie lade ich den BANG LEADER STOLL 300K auf?<\/strong><br \/>\nA: Verwenden Sie ein beliebiges Standard-Ladekabel vom Typ C. Schlie\u00dfen Sie es an und es wird schnell und sicher aufgeladen.<\/p>\n<p><strong>F: K\u00f6nnen Kunden problemlos die Geschmacksrichtung wechseln?<\/strong><br \/>\nA: Ja \ud83d\udc4d Das Ger\u00e4t verf\u00fcgt \u00fcber ein integriertes Umschaltsystem, das einen sofortigen Wechsel zwischen den 6 Geschmacksrichtungen erm\u00f6glicht.<\/p>\n<p><strong>F: Ist dies f\u00fcr Gro\u00dfhandels- und Gro\u00dfbestellungen geeignet?<\/strong><br \/>\nA: Absolut. Es ist in Kartons zu 200 St\u00fcck verpackt und eignet sich daher ideal f\u00fcr H\u00e4ndler und Vape-Shops.<\/p>\n<p><strong>F: Was macht die Mesh-Spule besser?<\/strong><br \/>\nA: Mesh-Spulen erw\u00e4rmen sich gleichm\u00e4\u00dfig und sorgen f\u00fcr sanftere Z\u00fcge, st\u00e4rkeren Geschmack und gleichm\u00e4\u00dfigeren Dampf.<\/p>\n<p><strong>F: Ist dieses Ger\u00e4t f\u00fcr Anf\u00e4nger geeignet?<\/strong><br \/>\nA: Ja \ud83d\ude0a Es wird per Zug aktiviert, ist einfach zu verwenden und erfordert keine Einrichtung \u2013 wechseln Sie einfach die Geschmacksrichtung und dampfen Sie.<\/p>\n<p>Aktualisieren Sie Ihre Produktpalette mit dem <strong>BANG LEADER STOLL 300K Einweg-Vaporizer<\/strong> \u2014<br \/>\nRiesige Puffs, mehrere Geschmacksrichtungen und ein echter Gro\u00dfhandelswert. \ud83d\uded2\ud83d\udd25<\/p>\n","protected":false},"excerpt":{"rendered":"<p><strong>BANG LEADER STOLL 300K Einweg-Vaporizer<\/strong> mit gewaltigen 300.000 Z\u00fcgen, umschaltbaren 6-in-1-Geschmacksrichtungen, wiederaufladbarer Batterie und Mesh-Spule. Ideal f\u00fcr den Gro\u00dfhandel, Gro\u00dfabnehmer und Vape-Shops.<\/p>\n","protected":false},"featured_media":6941,"comment_status":"open","ping_status":"closed","template":"","meta":[],"product_brand":[],"product_cat":[563,345],"product_tag":[873,915,950,769,611],"class_list":{"0":"post-17173","1":"product","2":"type-product","3":"status-publish","4":"has-post-thumbnail","6":"product_cat-30000-zuge-einweg-vape","7":"product_cat-bang","8":"product_tag-300-000-zuge-verdampfen","9":"product_tag-6-in-1-einweg-vaporizer","10":"product_tag-einweg-vaporizer-im-gro-handel","11":"product_tag-massen-einweg-vaporizer","12":"product_tag-wiederaufladbarer-einweg-vaporizer","14":"first","15":"instock","16":"shipping-taxable","17":"purchasable","18":"product-type-variable","19":"has-default-attributes"},"jetpack_sharing_enabled":true,"tiered_pricing_type":"fixed","tiered_pricing_fixed_rules":{"30":10.2400000000000002131628207280300557613372802734375,"50":8.8100000000000004973799150320701301097869873046875,"100":8.03999999999999914734871708787977695465087890625,"200":7.6500000000000003552713678800500929355621337890625,"400":7.12999999999999989341858963598497211933135986328125},"tiered_pricing_product_settings":{"layout":"default","base_unit_name":{"singular":null,"plural":null},"default_variation":null},"tiered_pricing_minimum_quantity":10,"tiered_pricing_roles_data":[],"tiered_pricing_percentage_rules":[],"tiered_pricing_maximum_quantity":null,"tiered_pricing_quantity_step":"10","_links":{"self":[{"href":"https:\/\/ricovape.com\/de\/wp-json\/wp\/v2\/product\/17173","targetHints":{"allow":["GET"]}}],"collection":[{"href":"https:\/\/ricovape.com\/de\/wp-json\/wp\/v2\/product"}],"about":[{"href":"https:\/\/ricovape.com\/de\/wp-json\/wp\/v2\/types\/product"}],"replies":[{"embeddable":true,"href":"https:\/\/ricovape.com\/de\/wp-json\/wp\/v2\/comments?post=17173"}],"wp:featuredmedia":[{"embeddable":true,"href":"https:\/\/ricovape.com\/de\/wp-json\/wp\/v2\/media\/6941"}],"wp:attachment":[{"href":"https:\/\/ricovape.com\/de\/wp-json\/wp\/v2\/media?parent=17173"}],"wp:term":[{"taxonomy":"product_brand","embeddable":true,"href":"https:\/\/ricovape.com\/de\/wp-json\/wp\/v2\/product_brand?post=17173"},{"taxonomy":"product_cat","embeddable":true,"href":"https:\/\/ricovape.com\/de\/wp-json\/wp\/v2\/product_cat?post=17173"},{"taxonomy":"product_tag","embeddable":true,"href":"https:\/\/ricovape.com\/de\/wp-json\/wp\/v2\/product_tag?post=17173"}],"curies":[{"name":"wp","href":"https:\/\/api.w.org\/{rel}","templated":true}]}}