{"id":16596,"date":"2025-07-07T09:28:38","date_gmt":"2025-07-07T09:28:38","guid":{"rendered":"https:\/\/stage.jrfer.com\/product\/fihp-60k-3-in-1-60000-hauche-rotierender-bulk-einweg-vaporizer-mit-drei-geschmacksrichtungen\/"},"modified":"2026-04-07T10:05:32","modified_gmt":"2026-04-07T10:05:32","slug":"fihp-60k","status":"publish","type":"product","link":"https:\/\/ricovape.com\/de\/produkt\/fihp-60k\/","title":{"rendered":"FIHP 60K 3-in-1 60000 Hauche | Rotierender Bulk-Einweg-Vaporizer mit drei Geschmacksrichtungen"},"content":{"rendered":"<h2>Warum sollten Sie sich f\u00fcr FIHP 60000 Triple 3-in-1 entscheiden?<\/h2>\n<ul>\n<li><strong>Enorme Zuganzahl:<\/strong> Bis zu 60.000 Z\u00fcge \u2013 gebaut f\u00fcr langanhaltende Sitzungen und starke Dampfer \ud83d\udcaf<\/li>\n<li><strong>3-in-1-Geschmacksrotation:<\/strong> Wechseln Sie zwischen drei Geschmacksrichtungen in einem Ger\u00e4t f\u00fcr ununterbrochene Abwechslung \ud83c\udf49\ud83c\udf53\ud83c\udf4d<\/li>\n<li><strong>Leistungsstarker Akku:<\/strong> 850 mAh, wiederaufladbar mit schnellem Typ-C-Ladevorgang \u26a1\ud83d\udd0b<\/li>\n<li><strong>Reichhaltige Geschmacksausgabe:<\/strong> Die Dual-Mesh-Spule (0,9 \u03a9) sorgt jedes Mal f\u00fcr gleichm\u00e4\u00dfige, kr\u00e4ftige und gleichm\u00e4\u00dfige Wolken \ud83c\udf2c\ufe0f<\/li>\n<li><strong>Intelligenter LED-Bildschirm:<\/strong> Einfache \u00d6l- und Batterie\u00fcberwachung f\u00fcr ein problemloses Dampfen \ud83d\udcca<\/li>\n<li><strong>Gro\u00dfverpackung:<\/strong> Entwickelt f\u00fcr H\u00e4ndler und Vape-Shops \u2013 160 St\u00fcck pro Karton \ud83d\udce6<\/li>\n<li><strong>Kompakt und ergonomisch:<\/strong> Schlankes Design, das gut in der Hand liegt, f\u00fcr Komfort und Stil gebaut \ud83d\udc4c<\/li>\n<\/ul>\n<h3>Spezifikationen<\/h3>\n<tbody>\n<tr>\n<td><strong>Puffkapazit\u00e4t:<\/strong><\/td>\n<td>Bis zu 60.000 Z\u00fcge<\/td>\n<\/tr>\n<tr>\n<td><strong>E-Liquid-Kapazit\u00e4t:<\/strong><\/td>\n<td>54 ml (drei Geschmacksrichtungen)<\/td>\n<\/tr>\n<tr>\n<td><strong>Batterie:<\/strong><\/td>\n<td>850 mAh wiederaufladbar (Typ-C)<\/td>\n<\/tr>\n<tr>\n<td><strong>Spulentyp:<\/strong><\/td>\n<td>Dual-Mesh-Spule (0,9 \u03a9)<\/td>\n<\/tr>\n<tr>\n<td><strong>Nikotinst\u00e4rke:<\/strong><\/td>\n<td>2 % \/ 5 %<\/td>\n<\/tr>\n<tr>\n<td><strong>Anzeige:<\/strong><\/td>\n<td>LED-Smart-Screen<\/td>\n<\/tr>\n<tr>\n<td><strong>Design:<\/strong><\/td>\n<td>Kompakt, auff\u00e4llig, ergonomisch<\/td>\n<\/tr>\n<tr>\n<td><strong>Produktgr\u00f6\u00dfe:<\/strong><\/td>\n<td>42\u00d742\u00d7110mm<\/td>\n<\/tr>\n<tr>\n<td><strong>Kartoninformationen:<\/strong><\/td>\n<td>160 St\u00fcck \/ 470\u00d7390\u00d7260mm<\/td>\n<\/tr>\n<\/tbody>\n<\/table>\n<h3>Geschmackskombinationen<\/h3>\n<p>Mit FIHP 60K erhalten Sie nicht nur eine Geschmacksrichtung \u2013 Sie erhalten drei in einem Ger\u00e4t! Hier sind die aufregenden Kombinationen, die auf Sie warten:<\/p>\n<ul>\n<li><strong>Wassermeloneneis \u2022 Red Bull \u2022 Erdbeer-Kiwi:<\/strong> Erfrischende Frucht- und Energy-Drink-Vibes kombiniert f\u00fcr ganzt\u00e4gige Zufriedenheit \ud83c\udf49\ud83e\udd5d\u26a1<\/li>\n<li><strong>Zitrone, Limette, Erdbeere, Wassermelone, Blaubeereis:<\/strong> Ein pikantes, fruchtiges und eisiges Trio \ud83c\udf4b\ud83c\udf53\ud83e\uded0\u2744\ufe0f<\/li>\n<li><strong>Erdbeer-Banane \u2022 Doppelter Apfel \u2022 Himbeer-Wassermelone:<\/strong> S\u00fc\u00dfe, saftige und klassische Mischungen \ud83c\udf53\ud83c\udf4c\ud83c\udf4f<\/li>\n<li><strong>Erdbeer-Kiwi \u2022 Saure Mango-Ananas \u2022 Red Bull:<\/strong> Exotische Fr\u00fcchte mit einem energetischen Touch \ud83e\udd6d\ud83c\udf4d\u26a1<\/li>\n<li><strong>Tropische Fr\u00fcchte \u2022 Erdbeer-Wassermelone \u2022 Zitronenpfirsich:<\/strong> Ein tropisches Paradies in jedem Zug \ud83c\udfdd\ufe0f\ud83c\udf51<\/li>\n<li><strong>Ananas-Kokosnuss \u2022 Blue Razz \u2022 Erdbeer-Banane:<\/strong> S\u00fc\u00dfe, cremige und w\u00fcrzige Schichten \ud83c\udf4d\ud83e\udd65\ud83c\udf4c<\/li>\n<li><strong>Erdbeer-Himbeere \u2022 Dreifache Melone \u2022 Saure Mango-Ananas:<\/strong> Eine fruchtige Explosion mit s\u00fc\u00df-saurem Gleichgewicht \ud83c\udf49\ud83c\udf53<\/li>\n<li><strong>Gemischte Beeren \u2022 Himbeer-Wassermelone \u2022 Mango-Pfirsich:<\/strong> Ein Beeren-trifft-Tropen-Erlebnis \ud83e\uded0\ud83c\udf51<\/li>\n<li><strong>Blaubeer-Himbeere \u2022 Erdbeer-Vanille-Cola \u2022 Zitronen-Limette:<\/strong> Einzigartige Fusion mit Soda-Vibes \ud83e\udd64\ud83c\udf4b<\/li>\n<li><strong>Wassermelonen-Eis \u2022 Pfirsich-Beere \u2022 Dreifache Melone:<\/strong> Erfrischendes Melonen- und Beeren-Trio \ud83c\udf49\ud83c\udf51<\/li>\n<\/ul>\n<h3>Perfekt f\u00fcr Vielkonsumenten, Geschmacksj\u00e4ger und den Gro\u00dfhandel<\/h3>\n<p>Der FIHP 60000 Triple 3-in-1 ist f\u00fcr Benutzer konzipiert, die Vielfalt und Leistung verlangen. Mit seinem Dreifach-Geschmackssystem, der langen Zugzahl und den intelligenten Funktionen ist es ideal f\u00fcr Vielnutzer und Geschmacksliebhaber. E-Zigaretten-L\u00e4den und -H\u00e4ndler werden von der Gro\u00dfverpackung und der hohen Kundenattraktivit\u00e4t begeistert sein. \ud83d\ude80\ud83d\udca8<\/p>\n<h3>FAQ<\/h3>\n<ul>\n<li><strong>Wie viele Z\u00fcge liefert der FIHP 60000?<\/strong><br \/>\nBis zu 60.000 Z\u00fcge f\u00fcr ein langanhaltendes Dampferlebnis.<\/li>\n<li><strong>Kann ich die Geschmacksrichtungen in einem Ger\u00e4t wechseln?<\/strong><br \/>\nJa! Dank des Dreikammer-Designs k\u00f6nnen Sie problemlos zwischen drei Geschmacksrichtungen wechseln.<\/li>\n<li><strong>Hat es einen wiederaufladbaren Akku?<\/strong><br \/>\nJa, es wird mit einem wiederaufladbaren 850-mAh-Akku und Typ-C-Ladefunktion geliefert.<\/li>\n<li><strong>Welche Nikotinst\u00e4rken gibt es?<\/strong><br \/>\nEs ist in den Nikotinst\u00e4rken 2 % und 5 % erh\u00e4ltlich.<\/li>\n<li><strong>Ist es f\u00fcr Gro\u00dfhandelsk\u00e4ufer geeignet?<\/strong><br \/>\nAbsolut! Mit 160 St\u00fcck pro Karton ist es perfekt f\u00fcr Vape-Shops und Gro\u00dfh\u00e4ndler.<\/li>\n<\/ul>\n","protected":false},"excerpt":{"rendered":"<p>Erleben Sie ununterbrochenen Geschmack mit dem 3-in-1-Einweg-Vaporizer FIHP 60000 \ud83d\udca8\ud83d\udd25. Mit einem Dreikammer-Design, bis zu 60.000 Z\u00fcgen und einer reibungslosen Dual-Mesh-Coil-Leistung ist es perfekt f\u00fcr E-Zigaretten-Liebhaber und Gro\u00dfk\u00e4ufer.<\/p>\n","protected":false},"featured_media":3838,"comment_status":"open","ping_status":"closed","template":"","meta":[],"product_brand":[],"product_cat":[687,856,1009,822,1290,1466,1669,1360,1220,1323,1435,1502,1256,1541,1572,1632,1594,1400,1865,1044,399],"product_tag":[],"class_list":{"0":"post-16596","1":"product","2":"type-product","3":"status-publish","4":"has-post-thumbnail","6":"product_cat-60000-zuge-einweg-vape","7":"product_cat-big-puffs-vapes","8":"product_cat-digitale-box-vapes","9":"product_cat-einweg-vape-typen","10":"product_cat-einweg-vapes-in-belgien","11":"product_cat-einweg-vapes-in-den-niederlanden","12":"product_cat-einweg-vapes-in-der-schweiz","13":"product_cat-einweg-vapes-in-deutschland","14":"product_cat-einweg-vapes-in-europa","15":"product_cat-einweg-vapes-in-frankreich","16":"product_cat-einweg-vapes-in-italien","17":"product_cat-einweg-vapes-in-norwegen","18":"product_cat-einweg-vapes-in-osterreich","19":"product_cat-einweg-vapes-in-polen","20":"product_cat-einweg-vapes-in-portugal","21":"product_cat-einweg-vapes-in-schweden","22":"product_cat-einweg-vapes-in-spanien","23":"product_cat-einweg-vapes-in-ungarn","24":"product_cat-fihp","25":"product_cat-smart-screen-vapes","26":"product_cat-verschiedene-puffs-von-einweg-vapes","28":"first","29":"instock","30":"shipping-taxable","31":"purchasable","32":"product-type-variable","33":"has-default-attributes"},"jetpack_sharing_enabled":true,"tiered_pricing_type":"fixed","tiered_pricing_fixed_rules":{"30":8.269999999999999573674358543939888477325439453125,"50":6.54000000000000003552713678800500929355621337890625,"100":5.9199999999999999289457264239899814128875732421875,"200":5.54999999999999982236431605997495353221893310546875,"400":5.12000000000000010658141036401502788066864013671875},"tiered_pricing_product_settings":{"layout":"default","base_unit_name":{"singular":null,"plural":null},"default_variation":null},"tiered_pricing_minimum_quantity":10,"tiered_pricing_roles_data":[],"tiered_pricing_percentage_rules":[],"tiered_pricing_maximum_quantity":null,"tiered_pricing_quantity_step":"10","_links":{"self":[{"href":"https:\/\/ricovape.com\/de\/wp-json\/wp\/v2\/product\/16596","targetHints":{"allow":["GET"]}}],"collection":[{"href":"https:\/\/ricovape.com\/de\/wp-json\/wp\/v2\/product"}],"about":[{"href":"https:\/\/ricovape.com\/de\/wp-json\/wp\/v2\/types\/product"}],"replies":[{"embeddable":true,"href":"https:\/\/ricovape.com\/de\/wp-json\/wp\/v2\/comments?post=16596"}],"wp:featuredmedia":[{"embeddable":true,"href":"https:\/\/ricovape.com\/de\/wp-json\/wp\/v2\/media\/3838"}],"wp:attachment":[{"href":"https:\/\/ricovape.com\/de\/wp-json\/wp\/v2\/media?parent=16596"}],"wp:term":[{"taxonomy":"product_brand","embeddable":true,"href":"https:\/\/ricovape.com\/de\/wp-json\/wp\/v2\/product_brand?post=16596"},{"taxonomy":"product_cat","embeddable":true,"href":"https:\/\/ricovape.com\/de\/wp-json\/wp\/v2\/product_cat?post=16596"},{"taxonomy":"product_tag","embeddable":true,"href":"https:\/\/ricovape.com\/de\/wp-json\/wp\/v2\/product_tag?post=16596"}],"curies":[{"name":"wp","href":"https:\/\/api.w.org\/{rel}","templated":true}]}}